{"id":4642,"date":"2026-01-29T13:20:35","date_gmt":"2026-01-29T05:20:35","guid":{"rendered":"https:\/\/www.hongyitube.com\/?post_type=product&#038;p=4642"},"modified":"2026-01-29T13:20:35","modified_gmt":"2026-01-29T05:20:35","slug":"%cf%8650mm-diameter-high-capacity-236-grams-ml-oval-shaped-pe-soft-tube-packaging-material-container-bottle-hongyi-plastic","status":"publish","type":"product","link":"https:\/\/www.hongyitube.com\/pt\/product\/%cf%8650mm-diameter-high-capacity-236-grams-ml-oval-shaped-pe-soft-tube-packaging-material-container-bottle-hongyi-plastic\/","title":{"rendered":"Di\u00e2metro \u03a650 mm, material de embalagem de tubos moles de PE em forma oval de alta capacidade 236 gramas\/ml - Hongyi Plastic"},"content":{"rendered":"<ol>\n<li>Descri\u00e7\u00e3o do produto<\/li>\n<\/ol>\n<p>&nbsp;<\/p>\n<p>Este produto \u00e9 uma mangueira PE oval de di\u00e2metro de 50 mm com uma capacidade padr\u00e3o de 50g\/ml, uma embalagem ic\u00f4nica projetada para o mercado de meio a alto final que persegue a experi\u00eancia sensorial ultima e est\u00e9tica visual pura. Dispon\u00edvel em tr\u00eas op\u00e7\u00f5es de cor s\u00f3lida de alta satura\u00e7\u00e3o: vermelho apaixonado, roxo misterioso e rosa rom\u00e2ntica, o corpo do tubo est\u00e1 coberto de um \u00fanico \u00f3leo brilhante de textura suave e amig\u00e1vel \u00e0 pele, que \u00e9 delicado e quente para o toque. Informa\u00e7\u00e3o do produto \u00e9 claramente apresentada atrav\u00e9s de tela de seda negra de alto contraste, simples mas poderosa. Ela adota um design altamente integrado e est\u00e1 equipada com uma cobertura vermelha, roxa e rosa em mesma cor que o corpo do tubo, alcan\u00e7ando pureza absoluta e integridade em cor. \u00c9 um sistema de embalagem de n\u00edvel sensorial que integra profundamente emo\u00e7\u00f5es de cores, prazer t\u00e1ctil e funcionalidade simples.<\/p>\n<p>&nbsp;<\/p>\n<ol start=\"2\">\n<li>Material e processo de produto<\/li>\n<\/ol>\n<p>&nbsp;<\/p>\n<ul>\n<li>Substrato corporal de tubos: feito de material composto de PE de alta qualidade e altamente resiliente para garantir ades\u00e3o est\u00e1vel de cores brilhantes e for \u00e7a f\u00edsica para uso a longo prazo.<\/li>\n<li>Processo de Tratamento da Superf\u00edcie: O ponto central \u00e9 a aplica\u00e7\u00e3o de \u00f3leos de verniz texturados sofisticados e favor\u00e1veis \u00e0 pele. Esse revestimento n\u00e3o s\u00f3 d\u00e1 ao corpo do tubo um mat\u00e9 \u00fanico e uma sensa\u00e7\u00e3o de seda, mas tamb\u00e9m tem excelente abra\u00e7\u00e3o, mancha e resist\u00eancia \u00e0s impress\u00f5es digitais, aumentando significativamente a sofistica\u00e7\u00e3o e durabilidade do produto.<\/li>\n<li>Seguran\u00e7a e prote\u00e7\u00e3o ambiental: Todos os materiais cumprem os padr\u00f5es internacionais de seguran\u00e7a dos produtos cosm\u00e9ticos e consumidores (por exemplo, FDA, REACH). O material de PE \u00e9 reciclado, e a aplica\u00e7\u00e3o de verniz ecol\u00f3gico tamb\u00e9m responde \u00e0 tend\u00eancia da produ\u00e7\u00e3o verde.<\/li>\n<li>Componente Matching: A tampa invertida da mesma cor adota um processo de moldagem de inje\u00e7\u00e3o que corresponde \u00e0 cor do tubo, assegurando uma conex\u00e3o de cores inofensiva e refletindo a integridade do design.<\/li>\n<\/ul>\n<p>&nbsp;<\/p>\n<ol start=\"3\">\n<li>Uso recomendado do produto<\/li>\n<\/ol>\n<p>&nbsp;<\/p>\n<p>Ind\u00fastria da beleza e do cuidado da pele<\/p>\n<p>&nbsp;<\/p>\n<ul>\n<li>Ladies Market:<\/li>\n<li>Vermelho: Adequado para pastas cl\u00e1ssicas de lipstick (balm dos l\u00e1bios, balm dos l\u00e1bios e da cheek), ser\u00f5es energ\u00e9ticos ou maquilhagem de edi\u00e7\u00e3o limitada festiva. O vermelho transmite confian\u00e7a, entusiasmo e encanto cl\u00e1ssico, tornando-o a escolha perfeita para criar pe\u00e7as ic\u00f4nicas.<\/li>\n<li>Modelo p\u00farpuro: Perfeitamente combinado com s\u00e9rio anti-envelhecimento, creme de olho luxuoso, balme misterioso de frag\u00e2ncia corporal. O p\u00farpuro simboliza sabedoria, luxo e espiritualidade, atraindo consumidores de alto n\u00edvel que perseguem tecnologia avan\u00e7ada e um sentido de ritual.<\/li>\n<li>Rosa: ideal para cremas h\u00famidas, balmas suaves exfoliantes, balmas vermelhos ou produtos girly. O rosa transmite tenderez, amor e doce, e tem um grande apelo.<\/li>\n<li>Homens s mercado: modelos vermelhos podem ser usados para homens&#8217; s balmas de col\u00f4nia ou bast\u00f5es de contorno que mostram for\u00e7a e individualidade; O modelo roxa escuro \u00e9 adequado para posicionar homens de alto n\u00edvel a s \u00e9rie de cuidados anti-envelhecimento, quebrando o estere\u00f3tipo de cores de g\u00eanero. A textura suave aumenta o prazer de uso.<\/li>\n<li>Crian\u00e7as s mercado: modelos rosa e roxa clara s \u00e3o ideales para crian\u00e7as&#8217; s \u00e3o umidificadores naturais e balmas tranquilizantes. Colores suaves e toques amig\u00e1veis da pele podem trazer um sentido duplo de seguran\u00e7a para pais e crian\u00e7as, e padr\u00f5es de desenhos de tela de seda negra podem acrescentar interesse.<\/li>\n<\/ul>\n<p>&nbsp;<\/p>\n<p>Plastas farmac\u00eauticas<\/p>\n<p>&nbsp;<\/p>\n<ul>\n<li>\u00c9 adequado para produtos que precisam fortalecer o paciente&#8217; s sentimentos psicol\u00f3gicos, como balm tranquilizante de massagem (vermelho\/rosa), balm arom\u00e1tico de aux\u00edlio ao sono (violeta). A textura suave pode melhorar consideravelmente a impress\u00e3o negativa dos pacientes no toque frio da embalagem de engrenagem e melhorar a conformidade com o uso.<\/li>\n<\/ul>\n<p>&nbsp;<\/p>\n<p>Ind\u00fastria de agentes de manuten\u00e7\u00e3o mec\u00e2nica<\/p>\n<p>&nbsp;<\/p>\n<ul>\n<li>Produtos separados de alta qualidade de cuidado de pele de consumidor, como \u00f3leo de cadeia de bicicletas (vermelho representa paix\u00e3o), limpeza de equipamentos de \u00e1udio hi-fi (roxa representa qualidade de som nobre), creme de cuidado de lentes de c\u00e2mera. - Cor s\u00f3lida e embalagens texturados atraem amadores ou profissionais que valorizam est\u00e9tica e experi\u00eancia.<\/li>\n<\/ul>\n<p>&nbsp;<\/p>\n<p>Ind\u00fastria industrial de pigmentos qu\u00edmicos<\/p>\n<p>&nbsp;<\/p>\n<ul>\n<li>Para tubos de pigmento de cor s\u00f3lida de grau artista (por exemplo, vermelho de c\u00e1dmio, violeta de cobalto, rosa rosa). A cor da embalagem pode indicar diretamente a cor do pigmento no tubo, formando um c\u00f3digo visual intuitivo, e a textura suave aumenta o prazer t\u00e1ctil durante o trabalho.<\/li>\n<\/ul>\n<p>&nbsp;<\/p>\n<ol start=\"4\">\n<li>Caracter\u00edsticas do produto<\/li>\n<\/ol>\n<p>&nbsp;<\/p>\n<ul>\n<li>Experi\u00eancia t\u00e1ctil revolucion\u00e1ria: Face suave e polish de textura amig\u00e1vel \u00e0 pele \u00e9 a caracter\u00edstica b\u00e1sica diferenciadora deste produto, que transforma cor visual em emo\u00e7\u00f5es toc\u00e1veis, cria uma raz\u00e3o forte para comprar e usar ponto de mem\u00f3ria de &#8220; seguran\u00e7a confort\u00e1vel e aumenta muito o valor acrescentado emocional do produto.<\/li>\n<li>Extremamente pura cor narrativa: cores vermelha, roxa e rosa altamente saturadas n\u00e3o s\u00e3o misturadas com nenhum gradiente ou padr\u00e3o, transmitindo emo\u00e7\u00f5es e personalidade de marca de maneira mais direta e intensa. O design invertido da mesma cor mant\u00e9m a integridade da cor e tem um forte impacto visual.<\/li>\n<li>A percep\u00e7\u00e3o de luxo de &#8220; grande di\u00e2metro de tubos e pequena capacidade : O di\u00e2metro extra-grande de tubo de 50 mm forma uma rela\u00e7\u00e3o \u00fanica com a capacidade padr\u00e3o de 50 g, que est\u00e1 cheia e cheia na m\u00e3o, visualmente parecendo maior e mais luxoso, subestimando a percep\u00e7\u00e3o custo-efetiva de mangueiras tradicionais.<\/li>\n<li>Design funcional simples e eficiente: O tamp\u00e3o \u00e9 projetado para abertura e fechamento de uma m\u00e3o f\u00e1cil, e a impress\u00e3o da tela de seda negra \u00e9 altamente leit\u00edvel em um fundo de cor s\u00f3lida. O selo da cauda assegura um selo e o design geral remove todos os elementos redundantes.<\/li>\n<\/ul>\n<p>&nbsp;<\/p>","protected":false},"excerpt":{"rendered":"<ol>\n<li>Design corporal de tubos de produto<\/li>\n<\/ol>\n<p>&nbsp;<\/p>\n<ul>\n<li>Aplica\u00e7\u00f5es de psicologia de cores:<\/li>\n<li>Vermelho: a\u00e7\u00e3o, vitalidade, cl\u00e1ssica, amor. Para produtos que requerem decis\u00f5es r\u00e1pidas e geram compras impulsivas.<\/li>\n<li>P\u00farpura: luxo, criatividade, sabedoria, mist\u00e9rio. Para produtos de alto n\u00edvel, inovadores ou com uma hist\u00f3ria espiritual de marca.<\/li>\n<li>Rosa: Gentile, cuidadoso, doce, rom\u00e2ntico. Gentiles, alimentadores ou produtos para jovens mulheres e mercado de beb\u00e9s.<\/li>\n<li>Unidade de textura e vis\u00e3o: A textura de superf\u00edcie suave enfraquece a agress\u00e3o visual de cores s\u00f3lidas, tornando-as v\u00edvidas enquanto n\u00e3o perdem seu alto final e suavidade. A tela de seda negra, como cor neutra, equilibra a vis\u00e3o geral e carrega a informa\u00e7\u00e3o necess\u00e1ria.<\/li>\n<li>Linguagem de modelagem integrada: O corpo do tubo oval e a cobertura de invers\u00e3o da mesma cor constituem uma unidade visual completa, redondada e inclinada, sem nenhum elemento que destrua a pureza de sua cor e a suavidade da forma.<\/li>\n<\/ul>\n<p>&nbsp;<\/p>\n<ol start=\"2\">\n<li>Avantagens do produto<\/li>\n<\/ol>\n<p>&nbsp;<\/p>\n<ul>\n<li>Criar mem\u00f3rias sensoriais profundas e lealdade das marcas: A experi\u00eancia t\u00e1ctil \u00fanica permite que os produtos deixem mem\u00f3rias f\u00edsicas inocentes nas m\u00e3os dos consumidores, e isso &#8220; t\u00edtulo de propriedade de marca t\u00e1ctil \u00e9 um moat que \u00e9 dif\u00edcil de replicar para produtos concorrentes, e \u00e9 f\u00e1cil cultivar lealdade de marcas.<\/li>\n<li>Comunica\u00e7\u00e3o e serializa\u00e7\u00e3o eficientes na prateleira: Bloques s\u00f3lidos fortes s\u00e3o altamente reconhec\u00edveis em ambientes de venda ao retalho. As tr\u00eas cores de vermelho, roxo e rosa podem distinguir claramente diferentes linhas de produtos (como f\u00edos antienvelhecimento, linhas b\u00e1sicas e linhas de maquilhagem), o que \u00e9 conveniente para os consumidores escolher e gerir marcas.<\/li>\n<li>Reencher as necessidades dos mercados estrangeiros para &#8220; simplicidade de alto n\u00edvel  and &#8220; experi\u00eancia primeira : Seu design adequa perfeitamente \u00e0 est\u00e9tica minimalista dos mercados europeus e americanos e \u00e0 busca de detalhes exquisitos no mercado \u00c1sia-Pac\u00edfico, ao mesmo tempo satisfazendo os consumidores mundiais&#8217; o desejo de &#8220; experi\u00eancia emocional al\u00e9m da fun\u00e7\u00e3o.<\/li>\n<li>Apoiar posicionamento claro de marcas e pr\u00e9mio: Cores s\u00f3lidas brilhantes e texturas especiais transmitem diretamente confian\u00e7a de marcas, moda ou posicionamento de alto n\u00edvel, fornecendo uma base s\u00f3lida de pr\u00e9mio para produtos, especialmente adequada para marcas DTC ou marcas tradicionais buscando melhorias de imagem.<\/li>\n<\/ul>\n<p>&nbsp;<\/p>\n<ol start=\"3\">\n<li>Xenarios de uso de produtos<\/li>\n<\/ol>\n<p>&nbsp;<\/p>\n<ul>\n<li>Lojas de cole\u00e7\u00e3o de moda e beleza e contadores de marcas designers: Em Sephora ou lojas independentes de designers, suas fortes cores e texturas podem rapidamente atrair aten\u00e7\u00e3o e se tornar o ponto focal do display.<\/li>\n<li>M\u00e9dia social e marketing de conte\u00fado: \u00c9 muito &#8220; fotog\u00eanico  and &#8220; descritivo (como &#8220;mangueira vermelha de toque velvet&#8221;), que pode facilmente inspirar blogueiros de beleza e KOLs no estilo de vida para desboxar, compartilhar e criar conte\u00fado.<\/li>\n<li>Dois de f\u00e9rias e consumo emocional: Modelos vermelhos s\u00e3o o perfeito envolvimento de presente para Valentino&#8217; s Dia, modelos rosas s \u00e3o adequados para a M\u00e3e&#8217; o Dia ou dons de namorada, e modelos roxo s \u00e3o adequados para dons de luxo. O toque amig\u00e1vel da pele acrescenta a intimidade do presente.<\/li>\n<li>Comodidades de alto n\u00edvel de hotel e spa: Como embalagem para banheiro de alto n\u00edvel de hotel ou produtos de spa, a cor e a textura podem aumentar significativamente a qualidade da experi\u00eancia de convidados e da mem\u00f3ria de marca.<\/li>\n<li>Est\u00fadios de arte e espa\u00e7os de trabalho criativos: Como um pacote para pigmentos ou objetos de cuidado profissional, eles s\u00e3o como obras modernas de arte em seu pr\u00f3prio direito, misturadas harmoniosamente com o ambiente criativo.<\/li>\n<\/ul>","protected":false},"featured_media":4643,"comment_status":"closed","ping_status":"closed","template":"","meta":[],"product_brand":[],"product_cat":[34],"product_tag":[],"class_list":{"0":"post-4642","1":"product","2":"type-product","3":"status-publish","4":"has-post-thumbnail","6":"product_cat-facial-treatment","8":"first","9":"instock","10":"shipping-taxable","11":"purchasable","12":"product-type-simple"},"_links":{"self":[{"href":"https:\/\/www.hongyitube.com\/pt\/wp-json\/wp\/v2\/product\/4642","targetHints":{"allow":["GET"]}}],"collection":[{"href":"https:\/\/www.hongyitube.com\/pt\/wp-json\/wp\/v2\/product"}],"about":[{"href":"https:\/\/www.hongyitube.com\/pt\/wp-json\/wp\/v2\/types\/product"}],"replies":[{"embeddable":true,"href":"https:\/\/www.hongyitube.com\/pt\/wp-json\/wp\/v2\/comments?post=4642"}],"wp:featuredmedia":[{"embeddable":true,"href":"https:\/\/www.hongyitube.com\/pt\/wp-json\/wp\/v2\/media\/4643"}],"wp:attachment":[{"href":"https:\/\/www.hongyitube.com\/pt\/wp-json\/wp\/v2\/media?parent=4642"}],"wp:term":[{"taxonomy":"product_brand","embeddable":true,"href":"https:\/\/www.hongyitube.com\/pt\/wp-json\/wp\/v2\/product_brand?post=4642"},{"taxonomy":"product_cat","embeddable":true,"href":"https:\/\/www.hongyitube.com\/pt\/wp-json\/wp\/v2\/product_cat?post=4642"},{"taxonomy":"product_tag","embeddable":true,"href":"https:\/\/www.hongyitube.com\/pt\/wp-json\/wp\/v2\/product_tag?post=4642"}],"curies":[{"name":"wp","href":"https:\/\/api.w.org\/{rel}","templated":true}]}}