{"id":4632,"date":"2026-01-29T13:15:22","date_gmt":"2026-01-29T05:15:22","guid":{"rendered":"https:\/\/www.hongyitube.com\/?post_type=product&#038;p=4632"},"modified":"2026-01-29T13:15:22","modified_gmt":"2026-01-29T05:15:22","slug":"%cf%8635mm-diametermatte-blue-oval-shaped-pe-soft-tube-packaging-container-hongyi-plastic","status":"publish","type":"product","link":"https:\/\/www.hongyitube.com\/pt\/product\/%cf%8635mm-diametermatte-blue-oval-shaped-pe-soft-tube-packaging-container-hongyi-plastic\/","title":{"rendered":"\u03a635mm di\u00e2metro, recipiente de embalagem de tubos moles de PE em forma oval de matte- Hongyi Plastic"},"content":{"rendered":"<ol>\n<li>Descri\u00e7\u00e3o do produto<\/li>\n<\/ol>\n<p>&nbsp;<\/p>\n<p>Este produto \u00e9 uma mangueira de PE elipsoidal de di\u00e2metro de 35mm, com uma capacidade formal padr\u00e3o de 50g\/ml, projetada para formar a marca&#8217; s ativos visuais ic\u00f4nicos e carregando o principal design de produto. O corpo foi escolhido em um azul profundo, elegante e matted que d\u00e1 uma vibra\u00e7\u00e3o visual constante, profissional e modern a. Como portador central de uma marca a imagem, seu corpo suporta plenamente processos personalizados avan\u00e7ados como offset, seda, toner e etiquetagem, fornecendo marcas com uma tela narrativa completa de cor a detalhe. Funcionalmente, ele est\u00e1 equipado com um descanso plano de 5,2 especifica\u00e7\u00f5es para garantir uma sa\u00edda uniforme e est\u00e1vel de enxerto de alta viscosidade, e \u00e9 acompanhado de um tamp\u00e3o oval de 35 especifica\u00e7\u00f5es em uma variedade de cores moldadas e eletropladadas para alcan\u00e7ar integra\u00e7\u00e3o visual e selagem funcional. Usando processos avan\u00e7ados de pr\u00e9-preenchimento e selagem de calor da cola, os conte\u00fados s\u00e3o frescos e selados seguros, e seus materiais de alta qualidade asseguram que as comprimi\u00e7\u00f5es repetidas a longo prazo n\u00e3o se deformam, o que \u00e9 um sistema de embalagem de grado profissional que combina cores de canto de marca, capacidades profundas de personaliza\u00e7\u00e3o e a pr\u00e1tica de grandes vestidos oficiais.<\/p>\n<p>&nbsp;<\/p>\n<ol start=\"2\">\n<li>Material do produto<\/li>\n<\/ol>\n<p>&nbsp;<\/p>\n<ul>\n<li>O corpo principal do tubo: o uso de material composto de alta densidade, material composto de alta barreira PE, revestimento azul de matte uniforme durable, tratamento de superf\u00edcie para fornecer delicado toque e excelente desempenho anti-arranho, anti-impress\u00e3o digital.<\/li>\n<li>Seguro e sustent\u00e1vel: Todos os materiais cumprem as normas da FDA, da UE e outros materiais internacionais de contato com alimentos e drogas. O pigmento azul cumpre os padr\u00f5es ambientais e a estrutura geral \u00e9 f\u00e1cil de ordenar e reciclar, apoiando a marca&#8217; o compromisso com a sustentabilidade.<\/li>\n<li>Precisi\u00e3o do componente: o socket plano usa um elast\u00f3metro de precis\u00e3o que corresponde perfeitamente \u00e0 boca do tubo; As coberturas s\u00e3o feitas de pl\u00e1sticos de alta for\u00e7a engenhados que suportam finais de superf\u00edcie ricos e asseguram durabilidade e est\u00e9tica.<\/li>\n<\/ul>\n<p>&nbsp;<\/p>\n<ol start=\"3\">\n<li>Uso recomendado do produto<\/li>\n<\/ol>\n<p>&nbsp;<\/p>\n<p>A ind\u00fastria da beleza e do cuidado da pele<\/p>\n<p>&nbsp;<\/p>\n<ul>\n<li>Mulheres s Market: Ideal para embalagem formal para cremas de meio a alto n\u00edvel, lot\u00f5es umidificadores, protetores solares e barreiras pr\u00e9-cosm\u00e9ticas. Matte blue envia um sinal claro de &#8220; conserva\u00e7\u00e3o marinha,&#8221;  &#8220; umidade tecnol\u00f3gica,&#8221;  or &#8220; prote\u00e7\u00e3o profissional,&#8221; atraindo consumidores maduros que buscam ingredientes racionais e efic\u00e1cia est\u00e1vel. O refor\u00e7o do sentido de luxo atrav\u00e9s do processo de tintura pode ser posicionado como a linha de envelhecimento ou umidifica\u00e7\u00e3o do n\u00facleo de uma marca.<\/li>\n<li>Homens s Market: Perfect for men&#8217; a lot\u00e3o de cuidado da pele, umidificador controlado por \u00f3leo e umidificador para seu cabelo facial. Azul \u00e9 uma das cores mais amplamente aceitadas e profissionais no mercado masculino, e pode efetivamente transmitir a imagem da marca de &#8220; limpo,&#8221;  &#8220; efetivo,&#8221;  and &#8220; confi\u00e1vel. &#8221; Com um copo negro revestido ou eletropl\u00e1tico cinzento, \u00e9 mais est\u00e1vel.<\/li>\n<li>Crian\u00e7as s Mercado: Usado como embalagem para crian\u00e7as&#8217; umidificadores, umidificadores especializados para pele sens\u00edvel, e refrescantes produtos de cuidado da pele no ver\u00e3o. Linhas azuis de ceo macaco leves, trazem um senso de seguran\u00e7a, limpeza e tranquilizante, adicionando afinidade personalizando lindas impress\u00f5es de seda ou padr\u00f5es de impress\u00e3o de jet.<\/li>\n<\/ul>\n<p>&nbsp;<\/p>\n<p>Ingredientes m\u00e9dicos<\/p>\n<p>&nbsp;<\/p>\n<ul>\n<li>Usado em produtos que requerem uso a longo prazo, como leite corporal, cremes de repara\u00e7\u00e3o m\u00e9dica, cremes de cuidado diario de dermatite. O azul simboliza o profissionalismo e a confian\u00e7a no campo m\u00e9dico, e a qualidade do mat\u00e9 dilui o sentimento industrial, juntamente com instru\u00e7\u00f5es de medica\u00e7\u00e3o claras personalizadas (impress\u00f5es de seda), que podem melhorar a ades\u00e3o do paciente ao tratamento e confian\u00e7a na marca.<\/li>\n<\/ul>\n<p>&nbsp;<\/p>\n<p>A ind\u00fastria de agentes de manuten\u00e7\u00e3o mec\u00e2nica<\/p>\n<p>&nbsp;<\/p>\n<ul>\n<li>Assemblem gordura multifuncional de alta qualidade, equipamento de precis\u00e3o de limpeza de creme e agentes de manuten\u00e7\u00e3o interior do carro. Azul coberto tem um grande &#8220; design industrial a beleza, que pode melhorar significativamente a imagem profissional e a brandiza\u00e7\u00e3o do produto, fazendo-o destacar em lojas de hardware ou canais profissionais.<\/li>\n<\/ul>\n<p>&nbsp;<\/p>\n<p>Ind\u00fastria industrial de pigmentos qu\u00edmicos<\/p>\n<p>&nbsp;<\/p>\n<ul>\n<li>Para embalagens de capacidade m\u00e9dia para revestimentos de cores padr\u00e3o marcados, adesivos industriais e costeiras profissionais. Os equipamentos de corpo azul podem ser usados como parte de uma empresa&#8217; a cor padr\u00e3o para fortalecer a imagem profissional e promover o reconhecimento das marcas atrav\u00e9s de par\u00e2metros t\u00e9cnicos personalizados e identidade das marcas.<\/li>\n<\/ul>\n<p>&nbsp;<\/p>\n<ol start=\"4\">\n<li>Caracter\u00edsticas do produto<\/li>\n<\/ol>\n<p>&nbsp;<\/p>\n<ul>\n<li>Uma cor de pedra angular de marca ic\u00f4nica: azul aburrido n\u00e3o \u00e9 apenas uma embalagem, mas tamb\u00e9m um ativo de cor de marca que pode ser registrado e instalado. \u00c9 calm a, razo\u00e1vel e confi\u00e1vel, e pode estabelecer um entendimento mental est\u00e1vel de marca atrav\u00e9s de fronteiras culturais e de g\u00eanero.<\/li>\n<li>Adapta\u00e7\u00e3o profunda em toda a cadeia de artesanatos: uma solu\u00e7\u00e3o decorativa completa de plano para est\u00e9reo, de cor para textura. As marcas podem usar impress\u00e3o adesiva para apresentar padr\u00f5es complexos, impress\u00e3o de seda para assegurar a sustentabilidade da mensagem, impress\u00e3o de jet (como prata e azul) para adicionar detalhes de luxo, e rotulagem para satisfazer flexibilidade de pequeno volume, alcan\u00e7ando a unifica\u00e7\u00e3o completa das embalagens e sistema de identifica\u00e7\u00e3o visual das marcas (VIS).<\/li>\n<li>Design pr\u00e1tico do principal uso formal: a capacidade de 50g \u00e9 a especifica\u00e7\u00e3o padr\u00e3o de uso formal do mercado de consumo, que atende \u00e0s expectativas de capacidade dos consumidores no principal produto &#8220; valor pelo dinheiro. &#8221; Flattening the contents ensures that the contents are exhausted and reduces waste.<\/li>\n<li>Estrutura e selagem robustas e confi\u00e1veis: o di\u00e2metro de 35mm proporciona uma excelente presen\u00e7a de gripe e produto, e o processo de selagem da cauda \u00e9 maduro e confi\u00e1vel para assegurar a selagem absoluta durante a vida de seguran\u00e7a.<\/li>\n<\/ul>\n<p>&nbsp;<\/p>","protected":false},"excerpt":{"rendered":"<p>1. Design corporal de produtos<\/p>\n<p>&nbsp;<\/p>\n<ul>\n<li>Posi\u00e7\u00e3o estrat\u00e9gica das cores: Azul \u00e9 reconhecido como &#8220; cor confi\u00e1vel no mercado internacional, e \u00e9 amplamente utilizado nos dom\u00ednios da tecnologia, financeira e medicina. A escolha de matte blue tem como objetivo definir o tom da marca como &#8220; profissional, confi\u00e1vel e inovador. &#8221;<\/li>\n<li>Sistemas modulares personalizados:<\/li>\n<li>M\u00f3dulos de base: um corpo azul unificado e com mat\u00e9ria que cria um forte senso de s\u00e9rie e uma funda\u00e7\u00e3o para identidade de marca.<\/li>\n<li>Informa\u00e7\u00e3o e m\u00f3dulos decorativos: as marcas s\u00e3o livres de combinar artesanato de acordo com a linha de produtos. Por exemplo, linhas de alto n\u00edvel usam impress\u00e3o de calor em grande \u00e1rea, linhas de quadro aberto usam impress\u00e3o adesiva custo-eficaz, e linhas profissionais enfatizam instru\u00e7\u00f5es t\u00e9cnicas claras de impress\u00e3o de seda.<\/li>\n<li>Linguagem de estilo integrada: O corpo do tubo oval \u00e9 ergon\u00f4mico, o fecho arredondado (que, em consequ\u00eancia do contexto, geralmente estende esse design de seguran\u00e7a) torna a forma geral suave e segura, o tamp\u00e3o de 35 polegadas corresponde perfeitamente ao di\u00e2metro do tubo, e a apar\u00eancia \u00e9 harmonizada.<\/li>\n<\/ul>\n<p>&nbsp;<\/p>\n<p>2.Avantagens dos produtos<\/p>\n<p>&nbsp;<\/p>\n<ul>\n<li>Construir uma marca de cor forte: o matte azul \u00fanico est\u00e1 fortemente ligado \u00e0 marca, para que o produto possa ser reconhecido na prateleira sem olhar para o logotipo, e estabelecer uma forte barreira visual.<\/li>\n<li>Obter um alto n\u00edvel de uniformidade da imagem da marca, redu\u00e7\u00e3o de custos e efici\u00eancia: Um organismo b\u00e1sico pode cobrir m\u00faltiplas linhas de produtos desde n\u00edvel de entrada para alto n\u00edvel, de produtos de cuidado da pele para produtos especializados atrav\u00e9s da combina\u00e7\u00e3o de diferentes processos, possibilitando a simplifica\u00e7\u00e3o da cadeia de abastecimento de embalagens e a gest\u00e3o centralizada da vis\u00e3o da marca.<\/li>\n<li>Compare profundamente os mercados de consumo racional estrangeiros: Sua apar\u00eancia profissional e calma \u00e9 altamente compat\u00edvel com a tend\u00eancia racional de consumo que enfatiza ingredientes e efic\u00e1cia, e pode especialmente ganhar o afeto e a confian\u00e7a dos consumidores maduros nos mercados europeus e americanos.<\/li>\n<li>Aumentar o valor e a lealdade dos produtos da coutura: Capacidade s\u00f3lida, toque de alta qualidade e detalhes personalizados se combinam para fortalecer a posi\u00e7\u00e3o da coutura como &#8220; experi\u00eancia de marca b\u00e1sica,&#8221; ajudando a aumentar a lealdade dos clientes e as taxas de repurchase.<\/li>\n<\/ul>\n<p>&nbsp;<\/p>\n<ol start=\"3\">\n<li>Xenarios de uso de produtos<\/li>\n<\/ol>\n<p>&nbsp;<\/p>\n<ul>\n<li>Corridores principais de venda ao retalho: Em farmac\u00eauticas, prateleiras de supermercado, ou lojas especializadas de cuidados de pele, sua imagem azul profissional e est\u00e1vel cria um display claro e cred\u00edvel em um monte de produtos.<\/li>\n<li>Produtos essenciais da loja de marcas e site oficial: Como o principal embalagem formal de produtos da marca&#8217; a loja de experi\u00eancias offline ou a loja oficial de navios-pavilh\u00e3o online, sua textura e detalhes de personaliza\u00e7\u00e3o podem refletir plenamente a for\u00e7a da marca.<\/li>\n<li>Ag\u00eancias profissionais parceiros com farmac\u00eauticas: Como embalagem para produtos recomendados por cl\u00ednicas de dermatologia ou para vendas conjuntas por farmac\u00eauticas, o olhar profissional pode aumentar a confian\u00e7a dos parceiros de canais e a confian\u00e7a dos consumidores.<\/li>\n<li>Aplica\u00e7\u00e3o profissional B2B: Como embalagem OEM\/ODM para produtos industriais e qu\u00edmicos, sua apar\u00eancia pode melhorar a qualidade e profissionalismo gerais do cliente&#8217; s produtos.<\/li>\n<li>Programa de renova\u00e7\u00e3o sustent\u00e1vel: Vendido como &#8220; repelente,&#8221; os consumidores s\u00e3o replenidos em um pacote inicial luxuoso que \u00e9 duradouro e limpo projetado para apoiar perfeitamente padr\u00f5es de consumo ecol\u00f3gicos.<\/li>\n<\/ul>\n<p>&nbsp;<\/p>","protected":false},"featured_media":4635,"comment_status":"closed","ping_status":"closed","template":"","meta":[],"product_brand":[],"product_cat":[15],"product_tag":[],"class_list":{"0":"post-4632","1":"product","2":"type-product","3":"status-publish","4":"has-post-thumbnail","6":"product_cat-artistic-design-plastic-tube","8":"first","9":"instock","10":"shipping-taxable","11":"purchasable","12":"product-type-simple"},"_links":{"self":[{"href":"https:\/\/www.hongyitube.com\/pt\/wp-json\/wp\/v2\/product\/4632","targetHints":{"allow":["GET"]}}],"collection":[{"href":"https:\/\/www.hongyitube.com\/pt\/wp-json\/wp\/v2\/product"}],"about":[{"href":"https:\/\/www.hongyitube.com\/pt\/wp-json\/wp\/v2\/types\/product"}],"replies":[{"embeddable":true,"href":"https:\/\/www.hongyitube.com\/pt\/wp-json\/wp\/v2\/comments?post=4632"}],"wp:featuredmedia":[{"embeddable":true,"href":"https:\/\/www.hongyitube.com\/pt\/wp-json\/wp\/v2\/media\/4635"}],"wp:attachment":[{"href":"https:\/\/www.hongyitube.com\/pt\/wp-json\/wp\/v2\/media?parent=4632"}],"wp:term":[{"taxonomy":"product_brand","embeddable":true,"href":"https:\/\/www.hongyitube.com\/pt\/wp-json\/wp\/v2\/product_brand?post=4632"},{"taxonomy":"product_cat","embeddable":true,"href":"https:\/\/www.hongyitube.com\/pt\/wp-json\/wp\/v2\/product_cat?post=4632"},{"taxonomy":"product_tag","embeddable":true,"href":"https:\/\/www.hongyitube.com\/pt\/wp-json\/wp\/v2\/product_tag?post=4632"}],"curies":[{"name":"wp","href":"https:\/\/api.w.org\/{rel}","templated":true}]}}