{"id":4623,"date":"2026-01-29T13:06:58","date_gmt":"2026-01-29T05:06:58","guid":{"rendered":"https:\/\/www.hongyitube.com\/?post_type=product&#038;p=4623"},"modified":"2026-01-29T13:06:58","modified_gmt":"2026-01-29T05:06:58","slug":"%cf%8635mm-diameter-15-grams-ml-vintage-deep-pink-matte-finish-custom-made-soft-tube-packaging-container-bottle-hongyi-plastic","status":"publish","type":"product","link":"https:\/\/www.hongyitube.com\/pt\/product\/%cf%8635mm-diameter-15-grams-ml-vintage-deep-pink-matte-finish-custom-made-soft-tube-packaging-container-bottle-hongyi-plastic\/","title":{"rendered":"Di\u00e2metro \u03a635mm, 15 gramas\/ml, vintage, rosa profunda, fini\u00e7\u00e3o de mat\u00e9, embalagem\/recipiente\/garrafa de tubo mole feito por personalidade- Hongyi Plastic"},"content":{"rendered":"<ol>\n<li>Descri\u00e7\u00e3o do produto<\/li>\n<\/ol>\n<p>&nbsp;<\/p>\n<p>Este produto \u00e9 uma mangueira de PE elipsoidal de di\u00e2metro de 35 mm, a capacidade padr\u00e3o de 15g\/ml, projetada para a busca da express\u00e3o personalizada e personaliza\u00e7\u00e3o est\u00e9tica avan\u00e7ada da marca e design de consumidor. O corpo usa um rosa escuro vintage \u00fanico e mostra um final de mat\u00e9 de alto n\u00edvel, rico e rico em cor, que combina sabor vintage com moda modern a.  As a &#8220; tela em branco O corpo suporta uma s\u00e9rie completa de processos decorativos personalizados, incluindo offset, seda, impress\u00e3o e rotulagem de jet, oferecendo possibilidades ilimitadas para narrativas de marca. Funcionalmente, ele apresenta um socket de cima plano de 5,2 especifica\u00e7\u00f5es para assegurar uma sa\u00edda uniforme e est\u00e1vel do plaster e pode ser parejado com uma rica variedade de cores moldadas para inje\u00e7\u00e3o e coberturas ovales eletropladadas de 30 para alcan\u00e7ar um equil\u00edbrio perfeito de cores gerais. O design \u00fanico de fechamento arredondado d\u00e1 ao produto um contorno suave e suave. Usando um processo de pr\u00e9-preenchimento, materiais de alta qualidade asseguram que s\u00e3o repetidamente apertados sem deforma\u00e7\u00e3o, e \u00e9 uma plataforma de embalagem de alto n\u00edvel que combina capacidades profundas de personaliza\u00e7\u00e3o, cores emocionais e funcionalidade superior.<\/p>\n<p>&nbsp;<\/p>\n<ol start=\"2\">\n<li>Material do produto<\/li>\n<\/ol>\n<p>&nbsp;<\/p>\n<ul>\n<li>O corpo principal do tubo: o uso de alta qualidade, alta estabilidade de material composto de PE, para garantir a cor uniforme e duradoura do p\u00f3 escuro retro. O processo de tratamento de mat\u00e9 superficial \u00e9 ambientalmente amig\u00e1vel e delicado, fornecendo toque como a pele e anti-deslizante e anti-pegadas digitais eficazes.<\/li>\n<li>Seguran\u00e7a e prote\u00e7\u00e3o ambiental: Todos os materiais cumprem os requisitos regulamentares para cosm\u00e9ticos e embalagens de cuidados cut\u00e2neos nos mercados internacionais principais (por exemplo, UE, Am\u00e9rica do Norte, \u00c1sia Pac\u00edfica) e s\u00e3o seguros e n\u00e3o t\u00f3xicos. O pr\u00f3prio material de PE \u00e9 reciclado, refletindo a tend\u00eancia do consumo sustent\u00e1vel.<\/li>\n<li>Compatibilidade dos componentes: Sockets planos e v\u00e1rias tampas s\u00e3o feitas de materiais de alta qualidade, assegurando selagem de seguran\u00e7a e confiabilidade de servi\u00e7o a longo prazo com o corpo.<\/li>\n<\/ul>\n<p>&nbsp;<\/p>\n<ol start=\"3\">\n<li>Uso recomendado do produto<\/li>\n<\/ol>\n<p>&nbsp;<\/p>\n<p>A ind\u00fastria da beleza e do cuidado da pele<\/p>\n<p>&nbsp;<\/p>\n<ul>\n<li>Mulheres s Mercado: Perfeito para a edi\u00e7\u00e3o limitada vermelhos, brilhos, suplementos de bandeja de cosm\u00e9ticos e amostras de luxo de essenciais. Retro rosa escura \u00e9 uma cor de maquilhagem muito atraente, que pode inspirar diretamente o desejo de comprar. As marcas podem criar itens colet\u00edveis atrav\u00e9s de motivos de ouro personalizados ou ilustra\u00e7\u00f5es de arte.<\/li>\n<li>Homens s mercado: usado para perturbar homens tradicionais os produtos de toner de pele e cosm\u00e9ticos articulados para marcas de fragran\u00e7a. Usando sombras escuras de capas (como negro eletropladado, cinza de matte) e padr\u00f5es simples e abstratos, voc\u00ea pode equilibrar a suavidade do rosa e criar uma imagem de marca confiante e moderna que quebra os limites de g\u00eanero.<\/li>\n<li>Crian\u00e7as s Mercado: Usado como embalagem para crian\u00e7as de alto n\u00edvel&#8217; s cosm\u00e9ticos de cor (como vermelhos de desempenho) e caixas de pele com temas de f\u00e9rias. Os rosas suaves e formas redondadas s\u00e3o inerentemente adequados para crian\u00e7as e podem ser adicionados a sua individualidade e divertido por impress\u00f5es personalizadas de desenhos ou de seda.<\/li>\n<\/ul>\n<p>&nbsp;<\/p>\n<p>Ingredientes m\u00e9dicos<\/p>\n<p>&nbsp;<\/p>\n<ul>\n<li>Aplicados a produtos de sa\u00fade personalizados para o mercado feminino, como cremes de massagem vegetal para aliviar cramps menstruais e cremes de aroma para ajudar o sono e a acalmar. O corpo de tubo rosa retro escuro reduz efetivamente a friura dos medicamentos, e aumenta a afinidade e ades\u00e3o da experi\u00eancia medicamentosa quando combinado com padr\u00f5es ou instru\u00e7\u00f5es quentes personalizados.<\/li>\n<\/ul>\n<p>&nbsp;<\/p>\n<p>A ind\u00fastria de agentes de manuten\u00e7\u00e3o mec\u00e2nica<\/p>\n<p>&nbsp;<\/p>\n<ul>\n<li>Embalagem para mulheres entusiastas do DIY ou produtos espec\u00edficos de cuidado da ind\u00fastria, como m\u00e1quina de coser avan\u00e7ada umidificando \u00f3leo, creme de limpeza de j\u00f3ias, creme de cuidado de pincel artista. A cor \u00fanica pode faz\u00ea-la destacar na embalagem industrial tradicional, atrair segmentos de grupos de consumidores, o Logo personalizado pode fortalecer a identidade profissional da marca.<\/li>\n<\/ul>\n<p>&nbsp;<\/p>\n<p>Ind\u00fastria industrial de pigmentos qu\u00edmicos<\/p>\n<p>&nbsp;<\/p>\n<ul>\n<li>Pigmentos de edi\u00e7\u00e3o limitada para temas espec\u00edficos ou co-produ\u00e7\u00f5es, como &#8220; Vintage Comics Color Lines,&#8221;  &#8220; Barbie Theme Color&#8221; pinturas de tubos. A cor corporal pode ser usada como parte do sistema de cores do produto, juntamente com padr\u00f5es personalizados, e se tornar um produto cultural e criativo altamente t\u00f3pico.<\/li>\n<\/ul>\n<p>&nbsp;<\/p>\n<ol start=\"4\">\n<li>Caracter\u00edsticas do produto<\/li>\n<\/ol>\n<p>&nbsp;<\/p>\n<ul>\n<li>Uma cor emocional ic\u00f4nica: rosa escura vintage \u00e9 uma cor com tens\u00e3o emocional complex a que simultaneamente envia mensagens de nostalgia vintage, poder suave, intelig\u00eancia confiante e alta moda que podem apelar a comunidades est\u00e9ticas espec\u00edficas.<\/li>\n<li>Liberdade de artesanato n\u00e3o paralela: Como ponto de venda central, apoio para impress\u00f5es offset (padr\u00f5es complexos),A combina\u00e7\u00e3o de processos completos de impress\u00f5es de seda (texto duradouro), impress\u00f5es de jet (textura de luxo) e etiquetagem (lote pequeno flex\u00edvel) pode satisfazer qualquer necessidade decorativa de marcas iniciais para marcas internacionais, transformando tudo de embalagem para arte.<\/li>\n<li>Excelente design funcional: O n\u00edlon de topo plano \u00e9 otimizado para cremas, cremas e ratos, fornecendo uma experi\u00eancia de extrus\u00e3o suave, uniforme e f\u00e1cil de controlar; O selo da esquina redonda melhora a seguran\u00e7a geral e a vis\u00e3o suave do produto.<\/li>\n<li>Contraste visual e t\u00e1ctil forte: A textura leve de luz revestida de rosa escura cria um contraste inteligente com o copo claro eletropl\u00e1tido opcional, criando prazer visual na unifica\u00e7\u00e3o.<\/li>\n<\/ul>\n<p>&nbsp;<\/p>","protected":false},"excerpt":{"rendered":"<ol>\n<li>\n<ol>\n<li>Design corporal de produtos<\/li>\n<\/ol>\n<p>&nbsp;<\/p>\n<ul>\n<li>Estrat\u00e9gia de posicionamento de cores: Retro rosa escura n\u00e3o \u00e9 um p\u00f3 ing\u00eanuo, mas uma cor mais estable, inclusiva e cont\u00e1vel que apela tanto ao mercado feminino como a todos os consumidores que apreciam seu valor est\u00e9tico atrav\u00e9s do design &#8220; de desgenderiza\u00e7\u00e3o. &#8221;<\/li>\n<li>Arquitetura de design aberto:<\/li>\n<li>Base: Um tubo unificado e vintage de mat\u00e9 rosa escuro que fornece uma cor forte e consistente de fundo da marca.<\/li>\n<li>Capa de personaliza\u00e7\u00e3o: as marcas s\u00e3o livres para escolher uma combina\u00e7\u00e3o de artesanato. Por exemplo, o logotipo ouro de marca\u00e7\u00e3o quente destaca o luxo, a ilustra\u00e7\u00e3o da arte de impress\u00e3o offset conta a hist\u00f3ria, o texto funcional de impress\u00e3o de tela para garantir clareza.<\/li>\n<li>Linguagem de modelagem global: o di\u00e2metro de 35mm proporciona sentimento completo, capacidade de 15g para assegurar posicionamento delicado, extremidade redondada e corpo de tubo elipsoidal juntos constituem uma form a org\u00e2nica suave, amig\u00e1vel e moderna.<\/li>\n<\/ul>\n<p>&nbsp;<\/p>\n<p>2.Avantagens dos produtos<\/p>\n<p>&nbsp;<\/p>\n<ul>\n<li>A tela final para a express\u00e3o da marca: Devolve completamente a iniciativa de embalagem \u00e0 marca para que possa carregar perfeitamente uma hist\u00f3ria \u00fanica de marca, valores e sistema est\u00e9tico para o maior grau de diferencia\u00e7\u00e3o visual.<\/li>\n<li>Economia comunit\u00e1ria e Marketing de Grupos: O \u00fanico vintage rosa escuro filtra automaticamente e atrai comunidades de consumidores com prefer\u00eancias est\u00e9ticas adequadas (por exemplo, entusiastas vintage, seguidores mil\u00e9nicos), tornando mais f\u00e1cil para as marcas focar suas opera\u00e7\u00f5es de marketing e comunidade.<\/li>\n<li>Apoiar estrat\u00e9gias de alto pr\u00e9mio e limitadas: Customiza\u00e7\u00e3o profunda e cores \u00fanicas tornam-no ideal para produtos de alta unidade, colabora\u00e7\u00f5es de artistas ou cole\u00e7\u00f5es de edi\u00e7\u00f5es temporais limitadas, aumentando significativamente o valor colet\u00edvel e atributos de moeda social dos produtos.<\/li>\n<li>Uma adapta\u00e7\u00e3o inequ\u00edvoca para o modelo DTC (direto ao consumidor): seja lan\u00e7ado atrav\u00e9s de crowdfunding, vendas diretas na marca&#8217; o site, ou campanhas de m\u00eddia social, sua alta personaliza\u00e7\u00e3o e &#8220; fotog\u00eanico caracter\u00edsticas perfeitamente sustentam o caminho de crescimento das marcas emergentes.<\/li>\n<\/ul>\n<p>&nbsp;<\/p>\n<p>3.Xenarios de uso de produtos<\/p>\n<p>&nbsp;<\/p>\n<ul>\n<li>Marcas de designer e marcas independentes lan\u00e7am: A embalagem ideal para perfumeres independentes, marcas de cuidado de pele de nicho ou linhas de designer cosm\u00e9ticos para lan\u00e7ar seu primeiro produto ic\u00f4nico, que pode rapidamente construir reconhecimento de marcas.<\/li>\n<li>Marketing da m\u00eddia social e coopera\u00e7\u00e3o de influ\u00eancia: \u00e9 f\u00e1cil formar uma tempestade visual no Instagram, TikTok e Little Red Book. Brands podem cooperar com KOLs para personalizar padr\u00f5es exclusivos para conduzir a economia de f\u00e3s.<\/li>\n<li>Servi\u00e7os de cadernos de alto n\u00edvel e caixa de subscri\u00e7\u00e3o: cadernos personalizados para anivers\u00e1rios, Valentino&#8217; s Dia ou M\u00e3e&#8217; s Dia, ou inclu\u00eddo em caixas de subscri\u00e7\u00e3o de beleza de alto n\u00edvel com elementos \u00fanicos e personalizados que trazem uma experi\u00eancia surpreendente.<\/li>\n<li>Mostrar uma s\u00e9rie de diferentes designs personalizados da mangueira em um pop-up ou show da ind\u00fastria pode criar um forte array visual e um centro t\u00f3pico.<\/li>\n<li>Marca de produtos f\u00edsicos conjuntos transfronteiri\u00e7os: Como portadora de produtos f\u00edsicos conjuntos transfronteiri\u00e7os de marcas de moda, IP de anima\u00e7\u00e3o, museus e institui\u00e7\u00f5es culturais, sua embalagem faz parte da arte conjunta.<\/li>\n<\/ul>\n<\/li>\n<\/ol>","protected":false},"featured_media":4624,"comment_status":"closed","ping_status":"closed","template":"","meta":[],"product_brand":[],"product_cat":[34],"product_tag":[],"class_list":{"0":"post-4623","1":"product","2":"type-product","3":"status-publish","4":"has-post-thumbnail","6":"product_cat-facial-treatment","8":"first","9":"instock","10":"shipping-taxable","11":"purchasable","12":"product-type-simple"},"_links":{"self":[{"href":"https:\/\/www.hongyitube.com\/pt\/wp-json\/wp\/v2\/product\/4623","targetHints":{"allow":["GET"]}}],"collection":[{"href":"https:\/\/www.hongyitube.com\/pt\/wp-json\/wp\/v2\/product"}],"about":[{"href":"https:\/\/www.hongyitube.com\/pt\/wp-json\/wp\/v2\/types\/product"}],"replies":[{"embeddable":true,"href":"https:\/\/www.hongyitube.com\/pt\/wp-json\/wp\/v2\/comments?post=4623"}],"wp:featuredmedia":[{"embeddable":true,"href":"https:\/\/www.hongyitube.com\/pt\/wp-json\/wp\/v2\/media\/4624"}],"wp:attachment":[{"href":"https:\/\/www.hongyitube.com\/pt\/wp-json\/wp\/v2\/media?parent=4623"}],"wp:term":[{"taxonomy":"product_brand","embeddable":true,"href":"https:\/\/www.hongyitube.com\/pt\/wp-json\/wp\/v2\/product_brand?post=4623"},{"taxonomy":"product_cat","embeddable":true,"href":"https:\/\/www.hongyitube.com\/pt\/wp-json\/wp\/v2\/product_cat?post=4623"},{"taxonomy":"product_tag","embeddable":true,"href":"https:\/\/www.hongyitube.com\/pt\/wp-json\/wp\/v2\/product_tag?post=4623"}],"curies":[{"name":"wp","href":"https:\/\/api.w.org\/{rel}","templated":true}]}}