{"id":4614,"date":"2026-01-29T12:57:54","date_gmt":"2026-01-29T04:57:54","guid":{"rendered":"https:\/\/www.hongyitube.com\/?post_type=product&#038;p=4614"},"modified":"2026-01-29T12:57:54","modified_gmt":"2026-01-29T04:57:54","slug":"%cf%8635mm-diameter-15-grams-ml-retro-orange-yellow-gradient-color-oval-shape-pe-soft-tube-packaging-material-container-bottle-hongyi-plastic","status":"publish","type":"product","link":"https:\/\/www.hongyitube.com\/pt\/product\/%cf%8635mm-diameter-15-grams-ml-retro-orange-yellow-gradient-color-oval-shape-pe-soft-tube-packaging-material-container-bottle-hongyi-plastic\/","title":{"rendered":"Di\u00e2metro \u03a635mm, 15 gramas\/ml, cor gradiente retro-amarelo-laranja, forma oval, material de embalagem de tubos moles PE\/recipiente\/garrafa- Hongyi Plastic"},"content":{"rendered":"<ol>\n<li>Descri\u00e7\u00e3o do produto<\/li>\n<\/ol>\n<p>&nbsp;<\/p>\n<p>Este produto \u00e9 uma mangueira de PE oval de 35 mm grande com um design de contraste \u00fanico com uma excelente capacidade de 15 g\/ml, projetada para criar linhas de produto limitadas ou de alto n\u00edvel com alto reconhecimento, alto valor art\u00edstico e um forte sentido de ritual. O corpo usa um substrato altamente transparente e est\u00e1 coberto de um revestimento brilhante com uma textura \u00fanica, dando um efeito visual tonto, de alto grau e areia. A antiga impress\u00e3o laranja e amarela no topo dos negativos muda de cor, inspirada por pinturas cl\u00e1ssicas e pelo p\u00f4r do sol, e est\u00e1 cheia de atmosfera art\u00edstica quente e nostalgia. A mensagem de texto \u00e9 claramente apresentada em impress\u00f5es cl\u00e1ssicas de seda negra, formando um contraste de cores sem tempo. Funcionalmente, ela utiliza inovativamente um inserimento de 5,2 dimens\u00f5es em cima plano para assegurar que o enxerto de alta viscosidade \u00e9 apertado de forma uniforme, e vem com 30 coberturas ovales em uma variedade de cores moldadas e eletropladadas para alcan\u00e7ar a correspond\u00eancia de estilo. O design \u00fanico de fechamento de \u00e2ngulo redondo torna a linha de cauda suave e suave. Usando um processo de pr\u00e9-preenchimento, o material assegura que \u00e9 repetidamente apertado para n\u00e3o se deformar, e \u00e9 uma embalagem de grau coletivo que incorpora est\u00e9tica da galeria de arte em objetos pr\u00e1ticos cotidianos.<\/p>\n<p>&nbsp;<\/p>\n<ol start=\"2\">\n<li>Material do produto<\/li>\n<\/ol>\n<p>&nbsp;<\/p>\n<ul>\n<li>O corpo principal do tubo: o uso de alta transpar\u00eancia, alta ductilidade de material especial de PE co-extrudido, a superf\u00edcie do processo de tratamento de mat\u00e9 prote\u00e7\u00e3o ambiental e toque h\u00famido e eficaz anti-impress\u00e3o digital.<\/li>\n<li>Seguran\u00e7a e compatibilidade: o material cumpre os padr\u00f5es internacionais de seguran\u00e7a dos produtos cosm\u00e9ticos e consumidores (como FDA, CE), compat\u00edveis com uma vasta gama de conte\u00fados de \u00f3leos essenciais a cremas, estabilidade qu\u00edmica.<\/li>\n<li>Qualidade do componente: O socket plano usa sil\u00edcio ou elast\u00f3metro de alta precis\u00e3o para garantir selagem e produ\u00e7\u00e3o suave; Materiales de cobertura suportam colores ricos e efeitos de eletroplatina\u00e7\u00e3o.<\/li>\n<\/ul>\n<p>&nbsp;<\/p>\n<ol start=\"3\">\n<li>Uso recomendado do produto<\/li>\n<\/ol>\n<p>&nbsp;<\/p>\n<p>A ind\u00fastria da beleza e do cuidado da pele<\/p>\n<p>&nbsp;<\/p>\n<ul>\n<li>Mercado das senhoras: Perfeito para \u00f3leos essenciais de alto n\u00edvel, ess\u00eancias pr\u00e9-maquilhagem, ess\u00eancias de vitamina C ou retinol de alta concentra\u00e7\u00e3o. O design contrastante do di\u00e2metro do tubo grande com a pequena capacidade implica o atributo de luxo do produto &#8220; alta concentra\u00e7\u00e3o, menos e melhor. &#8221; As sombras retrolaranjas transportam gradualmente calor, vitalidade e luxo vintage, perfeitamente adequados ao conceito de &#8220; cura do petr\u00f3leo  or &#8220; ess\u00eancia oura. &#8221; - Nodelhos de topo plano s\u00e3o adequados para controlar a quantidade de \u00f3leos essenciais oleosos ou cremos.<\/li>\n<li>Homens s Mercado: Para uso em roupa de viagem de alto n\u00edvel ap\u00f3s a repara\u00e7\u00e3o de cabelo \u00f3leo, \u00f3leo facial essencial ou creme de textura de col\u00f4nia. Design art\u00edstico apela aos homens modernos que buscam personalidade e gosto em vez de funcionar sozinhos, ajudando marcas a penetrar os homens de alto n\u00edvel&#8217; o mercado de presente.<\/li>\n<li>Crian\u00e7as s Market: Como embalagem para crian\u00e7as de edi\u00e7\u00e3o limitada caixas de cuidado da pele (como \u00f3leo de massagem, protec\u00e7\u00e3o solar leve). Com um tom amarelo-laranja-conto quente e um encerramento redondo do canto, ele est\u00e1 cheia de seguran\u00e7a e cozinha, adequada para f\u00e9rias ou especialidades de anivers\u00e1rio.<\/li>\n<\/ul>\n<p>&nbsp;<\/p>\n<p>Ingredientes m\u00e9dicos<\/p>\n<p>&nbsp;<\/p>\n<ul>\n<li>Usado em aux\u00edlios de aromaterapia (como creme de peppermint para dores de cabe\u00e7a) e em pequenas doses de cremes de repara\u00e7\u00e3o de alto valor (como cuidado de cicatrizes). O design de arte retrogr\u00e1fica pode efetivamente aliviar os pacientes. Tens\u00e3o com drogas e transformar o processo de cuidado em um ritual f\u00edsico e mental tranquilizante. A qualidade transparente do mat\u00e9 torna mais f\u00e1cil observar o conte\u00fado.<\/li>\n<\/ul>\n<p>&nbsp;<\/p>\n<p>A ind\u00fastria de agentes de manuten\u00e7\u00e3o mec\u00e2nica<\/p>\n<p>&nbsp;<\/p>\n<ul>\n<li>Uma experi\u00eancia embalada com movimentos de rel\u00f3gio de pr\u00e9mio petr\u00f3leo, petr\u00f3leo especial de manuten\u00e7\u00e3o para instrumentos musicais, e lot\u00e3o de m\u00f3veis antigos. Sua apar\u00eancia art\u00edstica \u00e9 altamente compat\u00edvel com o contexto de &#8220; manuten\u00e7\u00e3o de precis\u00e3o  and &#8220; manuten\u00e7\u00e3o do patrim\u00f3nio cultural,&#8221; permitindo que os produtos industriais radiem valor humanista e colet\u00edvel.<\/li>\n<\/ul>\n<p>&nbsp;<\/p>\n<p>Ind\u00fastria industrial de pigmentos qu\u00edmicos<\/p>\n<p>&nbsp;<\/p>\n<ul>\n<li>Produtos embalados em tubos para pigmentos de pintura de grado artista, pigmentos de cores vintage limitados e brilhas de metal. A est\u00e9tica vintage da embalagem complementa as propriedades art\u00edsticas do conte\u00fado (pigmentos), e o corpo pode ser usado como uma cole\u00e7\u00e3o ou decora\u00e7\u00e3o da sala de trabalho.<\/li>\n<\/ul>\n<p>&nbsp;<\/p>\n<ol start=\"4\">\n<li>Caracter\u00edsticas do produto<\/li>\n<\/ol>\n<p>&nbsp;<\/p>\n<ul>\n<li>Proporc\u00e3o de tamanho de capacidade disruptiva: Um grande di\u00e2metro de tubo de 35 mm com 15 gramas de capacidade cria uma sensa\u00e7\u00e3o de m\u00e3o e impress\u00e3o visual \u00fanica que \u00e9 cheia, cheia mas luz, aumenta muito a presen\u00e7a e percep\u00e7\u00e3o de valor do produto, e \u00e9 altamente t\u00f3pico.<\/li>\n<li>permeabilidade art\u00edstica \u00fanica de vidro: O processo de vidro transparente d\u00e1 ao tubo uma textura de alto n\u00edvel como vidro de areia, que ambos diminui o conte\u00fado e lhe d\u00e1 um brilho suave, distinguindo-o de todos os tubos de vidro brilhantes ou puros no mercado.<\/li>\n<li>Narativa de cores emocionais quentes: Retro laranja e amarelo s\u00e3o cores progressivamente n\u00e3o neutras, que activamente transmitem sinais emocionais quentes, criativos, otimistas e retro que podem rapidamente construir conex\u00f5es emocionais com os consumidores e formar uma personalidade distinta de marca.<\/li>\n<li>Uma experi\u00eancia precisa de vestir em cima plana: As camadas em cima plana s\u00e3o melhor adaptadas a cremas, cremas e produtos petrol\u00edferos, fornecendo uma cinta constante, uniforme ou vestir em flake que evita os problemas de bloqueio que podem ser causados pelos mamilos, e uma experi\u00eancia de uso suave.<\/li>\n<\/ul>\n<p>&nbsp;<\/p>","protected":false},"excerpt":{"rendered":"<ol>\n<li>Design corporal de produtos<\/li>\n<\/ol>\n<p>&nbsp;<\/p>\n<ul>\n<li>Propor\u00e7\u00f5es dram\u00e1ticas e estilo: O corpo amplo do tubo e pequenas quantidades de ar reservados para o conte\u00fado asseguram que o produto permanece cheio e de p\u00e9 em todos os momentos, e o extremo arredondado refor\u00e7a ainda mais a linguagem de estilo global mole e org\u00e2nico.<\/li>\n<li>N\u00edveis de cor, luz e sombra:<\/li>\n<\/ul>\n<ol>\n<li>A camada inferior: um meio de luz silencioso transparente que fornece um raio suave de luz.<\/li>\n<li>Capa principal: Laranja vintage e amarelo desaparecem, como o sol eterno constru\u00eddo no tubo, e a cor cria um efeito visual fluindo sutil \u00e0 medida que o conte\u00fado se move.<\/li>\n<li>Capa de informa\u00e7\u00e3o: impress\u00f5es de seda negra servem como uma ancora visual est\u00e1vel e cl\u00e1ssica para garantir clareza da informa\u00e7\u00e3o.<\/li>\n<\/ol>\n<ul>\n<li>Balan\u00e7o de estilo global: Os equipamentos art\u00edsticos combinados com capas modernas (metal plated) e vintage (ambre capas) fornecem \u00e0 marca uma paleta de est\u00e9tica que abrange as idades.<\/li>\n<\/ul>\n<p>&nbsp;<\/p>\n<ol start=\"2\">\n<li>Avantagens do produto<\/li>\n<\/ol>\n<p>&nbsp;<\/p>\n<ul>\n<li>Criar uma domina\u00e7\u00e3o de prateleiras e moeda social sem d\u00favida: raz\u00f5es de tamanho e cores \u00fanicos fazem com que seja um foco visual absoluto em canais online e offline. O extremamente &#8220; como o sol a apar\u00eancia pode espontaneamente atrair usu\u00e1rios para compartilhar na m\u00eddia social, conduzindo a propaga\u00e7\u00e3o viral.<\/li>\n<li>Transformar embalagens pr\u00e1ticas em arte emocional: Ela vai al\u00e9m da fun\u00e7\u00e3o de embalagens para se tornar uma cole\u00e7\u00e3o que os consumidores est\u00e3o dispostos a pagar extra por &#8220; est\u00e9tica  and &#8220; sentido de design,&#8221; o poder e lealdade da marca aumentam muito.<\/li>\n<li>Destinadores de nicho de alto n\u00edvel e tend\u00eancia: Este design ousado, naturalmente, apela aos consumidores que est\u00e3o cansados de design em massa e que buscam unicidade e auto-express\u00e3o, e \u00e9 o ve\u00edculo ideal para criar &#8220; influenciador produtos ou cole\u00e7\u00f5es conjuntas de designers.<\/li>\n<li>Oferecer rituais imersivos de abertura e uso: Desde o toque completo da m\u00e3o ao processo de observar a cor fluindo dentro do tubo enquanto voc\u00ea extrai o produto, cada passo \u00e9 ritualizado, profundizando a experi\u00eancia da marca.<\/li>\n<\/ul>\n<p>&nbsp;<\/p>\n<ol start=\"3\">\n<li>Xenarios de uso de produtos<\/li>\n<\/ol>\n<p>&nbsp;<\/p>\n<ul>\n<li>Boutiques de designer e boutiques de beleza de alto n\u00edvel: Em espa\u00e7os de retalho como 10 Corso Como ou Dover Street Market que enfatizam est\u00e9tica e design, este produto se mistura e se torna um destaque.<\/li>\n<li>Museus de arte e lojas de presente do museu: Como embalagem para produtos de cuidado da pele ou objetos criativos (como paletas de cores) associados a exposi\u00e7\u00f5es de arte, eles atuam como uma exposi\u00e7\u00e3o em si mesmos.<\/li>\n<li>Caixas de subscri\u00e7\u00e3o e vendas limitadas: Como um &#8220; um item de celebridade em uma caixa de subscri\u00e7\u00e3o de beleza ou estilo de vida de alto n\u00edvel, ou como um produto limitado para uma marca&#8217; seu anivers\u00e1rio, pode aumentar grandemente a surpresa e o valor de toda a caixa de presente.<\/li>\n<li>Fotografias para criadores de conte\u00fado e blogueiros: Sua apar\u00eancia \u00fanica \u00e9 a perfeita continua\u00e7\u00e3o de vida que naturalmente se encaixa no conte\u00fado da m\u00eddia social sobre vintage, est\u00e9tica e estilo de vida.<\/li>\n<li>Fornecimentos de primeira classe de hotel e companhia a\u00e9rea de alto n\u00edvel: Envasamento especializado de cuidados de pele em banheiros de top hotel ou sacos de lavagem de companhia a\u00e9rea pode aumentar significativamente os pontos de unicidade e mem\u00f3ria da experi\u00eancia da cabina.<\/li>\n<\/ul>\n<p>&nbsp;<\/p>\n<p>&nbsp;<\/p>\n<p>Resumo do valor central: Este produto \u00e9 uma solu\u00e7\u00e3o de embalagem pioneira com &#8220; design de contraste art\u00edstico como um meio perturbador e &#8220; cria\u00e7\u00e3o de valor emocional como seu prop\u00f3sito fundamental. Ela transforma com sucesso a embalagem de consumidor cotidiana em uma miniatura de arte que pode ser mantida em sua m\u00e3o atrav\u00e9s de sua ic\u00f4nica propor\u00e7\u00e3o de capacidade de grande tubo pequena, fini\u00e7\u00e3o transparente \u00fanica de mat\u00e9 e amarelo laranja quente e velho. Ela carrega n\u00e3o apenas produtos, mas hist\u00f3rias, emo\u00e7\u00f5es e proposi\u00e7\u00f5es est\u00e9ticas, e \u00e9 uma arma estrat\u00e9gica que ajuda marcas a quebrar as regras em um mercado global cheio de pessoas, falar diretamente com audi\u00eancias de alto n\u00edvel e construir um forte culto visual.<\/p>","protected":false},"featured_media":4615,"comment_status":"closed","ping_status":"closed","template":"","meta":[],"product_brand":[],"product_cat":[34],"product_tag":[],"class_list":{"0":"post-4614","1":"product","2":"type-product","3":"status-publish","4":"has-post-thumbnail","6":"product_cat-facial-treatment","8":"first","9":"instock","10":"shipping-taxable","11":"purchasable","12":"product-type-simple"},"_links":{"self":[{"href":"https:\/\/www.hongyitube.com\/pt\/wp-json\/wp\/v2\/product\/4614","targetHints":{"allow":["GET"]}}],"collection":[{"href":"https:\/\/www.hongyitube.com\/pt\/wp-json\/wp\/v2\/product"}],"about":[{"href":"https:\/\/www.hongyitube.com\/pt\/wp-json\/wp\/v2\/types\/product"}],"replies":[{"embeddable":true,"href":"https:\/\/www.hongyitube.com\/pt\/wp-json\/wp\/v2\/comments?post=4614"}],"wp:featuredmedia":[{"embeddable":true,"href":"https:\/\/www.hongyitube.com\/pt\/wp-json\/wp\/v2\/media\/4615"}],"wp:attachment":[{"href":"https:\/\/www.hongyitube.com\/pt\/wp-json\/wp\/v2\/media?parent=4614"}],"wp:term":[{"taxonomy":"product_brand","embeddable":true,"href":"https:\/\/www.hongyitube.com\/pt\/wp-json\/wp\/v2\/product_brand?post=4614"},{"taxonomy":"product_cat","embeddable":true,"href":"https:\/\/www.hongyitube.com\/pt\/wp-json\/wp\/v2\/product_cat?post=4614"},{"taxonomy":"product_tag","embeddable":true,"href":"https:\/\/www.hongyitube.com\/pt\/wp-json\/wp\/v2\/product_tag?post=4614"}],"curies":[{"name":"wp","href":"https:\/\/api.w.org\/{rel}","templated":true}]}}