{"id":4604,"date":"2026-01-29T12:50:39","date_gmt":"2026-01-29T04:50:39","guid":{"rendered":"https:\/\/www.hongyitube.com\/?post_type=product&#038;p=4604"},"modified":"2026-01-29T12:50:39","modified_gmt":"2026-01-29T04:50:39","slug":"%cf%8630mm-diameter-40-grams-ml-natural-ingredients-oval-shaped-pe-soft-tube-container-collapsible-dispensing-tube-hongyi-plastic","status":"publish","type":"product","link":"https:\/\/www.hongyitube.com\/pt\/product\/%cf%8630mm-diameter-40-grams-ml-natural-ingredients-oval-shaped-pe-soft-tube-container-collapsible-dispensing-tube-hongyi-plastic\/","title":{"rendered":"\u03a630mm di\u00e2metro, 40 gramas\/ml, ingredientes naturais, recipiente de tubos moles de PE em forma oval, tubo de distribui\u00e7\u00e3o colaps\u00e1vel- Hongyi Plastic"},"content":{"rendered":"<ol>\n<li>Descri\u00e7\u00e3o do produto<\/li>\n<\/ol>\n<p>&nbsp;<\/p>\n<p>Este produto \u00e9 uma mangueira de PE elipsoidal de di\u00e2metro de 30 mm, a capacidade padr\u00e3o de 40g\/ml, sua inspira\u00e7\u00e3o de design pela fus\u00e3o de energia natural e textura de alto n\u00edvel. O torso usa um fundo negro profundo e brilhante como substrato para criar um efeito visual misterioso e avan\u00e7ado como obs\u00eddio. Al\u00e9m disso, atrav\u00e9s de tecnologia de impress\u00e3o de alta defini\u00e7\u00e3o, motivos verdes vivos aloe vera e textos funcionais verdes correspondentes claramente transmitem o ponto de venda central do ingrediente natural. Para melhorar o senso de luxo, a informa\u00e7\u00e3o chave na frente do corpo \u00e9 aplicada em um processo sofisticado de polimento de prata. O inverso garante a legibilidade completa da informa\u00e7\u00e3o com texto branco com alto contraste. O produto \u00e9 padronizado com uma inser\u00e7\u00e3o universal de nozzle branco, e pode ser flex\u00edvel parejado com 30 tipos de cores moldadas para inje\u00e7\u00e3o e um copo oval eletropl\u00e1tado brilhante, alcan\u00e7ando unidade funcional e est\u00e9tica. Processos de pr\u00e9-preenchimento e selagem asseguram conte\u00fados frescos, e seus materiais excepcionais garantem durabilidade quando pressados repetidamente sem deforma\u00e7\u00e3o, tornando-o uma embalagem excepcional que combina afinidade natural com refinamento urbano.<\/p>\n<p>&nbsp;<\/p>\n<ol start=\"2\">\n<li>Material do produto<\/li>\n<\/ol>\n<p>&nbsp;<\/p>\n<ul>\n<li>Material principal: O uso de material composto PE de alta brilho, alta densidade negra, tratamento de ilumina\u00e7\u00e3o de superf\u00edcie n\u00e3o s\u00f3 aumenta a profundidade visual, mas tamb\u00e9m tem excelente resist\u00eancia anti-fouling e scratch.<\/li>\n<li>Seguran\u00e7a e cumprimento: Todos os materiais cumprem padr\u00f5es internacionais para materiais de contato cosm\u00e9tico e farmac\u00eautico (por exemplo, FDA, EU10 \/ 2011) para assegurar compatibilidade segura com o conte\u00fado que cont\u00e9m extratos vegetais ou ingredientes ativos.<\/li>\n<li>Propriedades ambientais: material de PE como pl\u00e1stico reciclado, em conson\u00e2ncia com a iniciativa global de embalagens ambientais do mercado principal, revestimento de luz tamb\u00e9m usa tinta ecol\u00f3gica.<\/li>\n<\/ul>\n<p>&nbsp;<\/p>\n<ol start=\"3\">\n<li>Uso recomendado do produto<\/li>\n<\/ol>\n<p>&nbsp;<\/p>\n<p>A ind\u00fastria da beleza e do cuidado da pele<\/p>\n<p>&nbsp;<\/p>\n<ul>\n<li>Mulheres s Mercado: Perfeito para gelos de aloe vera, gelos de repara\u00e7\u00e3o p\u00f3s-sol, maquilhagem h\u00famido pr\u00e9-creme, e m\u00e1scaras de sono tranquilizantes. O corpo do tubo luminoso negro d\u00e1 aos ingredientes naturais um &#8220; luxo de alto n\u00edvel posi\u00e7\u00e3o, e o padr\u00e3o verde aloe vera comunica intuitivamente o &#8220; pura e tranquilizante efeitos, que podem atrair precisamente consumidores que buscam ingredientes naturais e um sentido de uso ritual.<\/li>\n<li>Homens s Mercado: Para homens s controlam gelas de calma do petr\u00f3leo, gelas de p\u00f3s-rasagem e gelas de refrigera\u00e7\u00e3o esportiva. A cor negra e verde \u00e9 calm a e poderosa, e o padr\u00e3o aloe vera transmite um claro &#8220; tranquilizante e restorativa - fun\u00e7\u00e3o, que atende ao desejo dos consumidores masculinos de &#8220; direto e natural - produtos de cuidado da pele. O projeto de peda\u00e7os faz com que seja f\u00e1cil aplicar exatamente \u00e0 \u00e1rea de rasagem.<\/li>\n<li>Crian\u00e7as s Mercado: Em embalagem para crian\u00e7as leves&#8217; \u00e9 lot\u00e3o de prote\u00e7\u00e3o solar e alivio de mosquito s. O padr\u00e3o aloe vera \u00e9 um s\u00edmbolo universal de seguran\u00e7a natural e pode rapidamente ganhar confian\u00e7a parental. O corpo negro brilhante \u00e9 mais de qualidade do que o desenho puro de caricaturas, e \u00e9 adequado para crian\u00e7as de meio a alto n\u00edvel&#8217; s marcas de cuidado.<\/li>\n<\/ul>\n<p>&nbsp;<\/p>\n<p>Ingredientes m\u00e9dicos<\/p>\n<p>&nbsp;<\/p>\n<ul>\n<li>Para queimaduras leves e cremes escaldados, cremes de repara\u00e7\u00e3o de queimaduras secas da pele, e gelas de grado m\u00e9dico tranquilizantes. Aloe Vera \u00e9 amplamente reconhecida como ingrediente restaurador, e seu padr\u00e3o pode efetivamente reduzir a resist\u00eancia psicol\u00f3gica dos pacientes ao creme. O corpo do tubo luminoso negro mant\u00e9m a imagem profissional e rigorosa dos produtos farmac\u00eauticos.<\/li>\n<\/ul>\n<p>&nbsp;<\/p>\n<p>A ind\u00fastria de agentes de manuten\u00e7\u00e3o mec\u00e2nica<\/p>\n<p>&nbsp;<\/p>\n<ul>\n<li>Instrumento de precis\u00e3o separado de gelas de limpeza, gelas de limpeza de lentes \u00f3pticas, gelas de refrigera\u00e7\u00e3o de equipamentos eletr\u00f4nicos (produtos conceituais). The &#8220; verde-preto o esquema de cores d\u00e1 um senso futurista de tecnologia e natureza, e o padr\u00e3o aloe vera pode associar bem as fun\u00e7\u00f5es de produto de &#8220; limpeza,&#8221;  &#8220; refrigera\u00e7\u00e3o,&#8221;  and &#8220; protegendo,&#8221; - tornando os produtos industriais mais acess\u00edveis.<\/li>\n<\/ul>\n<p>&nbsp;<\/p>\n<p>Ind\u00fastria industrial de pigmentos qu\u00edmicos<\/p>\n<p>&nbsp;<\/p>\n<ul>\n<li>Edi\u00e7\u00e3o limitada ou embalagem de fios de alto alcance para cores industriais para temas espec\u00edficos (como cores conceituais de &#8220;extra\u00e7\u00e3o de plant as&#8221;), adesivos especializados (enfatizando &#8220;liga\u00e7\u00e3o natural&#8221;). Um design visual \u00fanico pode fazer um produto industrial se destacar em um show comercial ou canal profissional e contar uma hist\u00f3ria de marca.<\/li>\n<\/ul>\n<p>&nbsp;<\/p>\n<ol start=\"4\">\n<li>Caracter\u00edsticas do produto<\/li>\n<\/ol>\n<p>&nbsp;<\/p>\n<ul>\n<li>Excelente n\u00edvel visual e textura: preto brilhante, verde vibrante e prata brilhante formam um forte contraste de cor e textura, que \u00e9 extremamente visualmente impactante e de alto alcance nas prateleiras.<\/li>\n<li>comunica\u00e7\u00e3o intuitiva de ingredientes naturais: padr\u00f5es verdes aloe vera s\u00e3o uma linguagem visual global sem tradu\u00e7\u00e3o, que instantaneamente cria uma associa\u00e7\u00e3o clara de &#8220; natural,&#8221;  &#8220; tranquilizante  and &#8220; curando - produtos na mente dos consumidores, reduzindo significativamente os custos de comunica\u00e7\u00e3o.<\/li>\n<li>Um sistema de personaliza\u00e7\u00e3o flex\u00edvel de alto n\u00edvel: Sockets brancos apontados fornecem fun\u00e7\u00f5es precisas, enquanto uma variedade de tampas de inje\u00e7\u00e3o moldados e eletropla\u00e7ados (por exemplo, ouro plateado, verde plateado, preto matte) d\u00e3o \u00e0s marcas a chave para formar diferentes identidades de produtos (luxo, tecnologia, baixa chave).<\/li>\n<li>Capacidade equilibrada e pr\u00e1tica: 40 gramas de capacidade \u00e9 a especifica\u00e7\u00e3o ideal para grandes conjuntos. O comprimento do tubo de 30 mm tem uma forte gripe, que atende tanto ao uso cont\u00ednuo di\u00e1rio como aos limites de limita\u00e7\u00e3o de capacidade para carregar viagens, tornando-o extremamente pr\u00e1tico.<\/li>\n<\/ul>\n<p>&nbsp;<\/p>","protected":false},"excerpt":{"rendered":"<ol>\n<li>Design corporal de produtos<\/li>\n<\/ol>\n<p>&nbsp;<\/p>\n<ul>\n<li>Composi\u00e7\u00e3o visual hier\u00e1rquica:<\/li>\n<\/ul>\n<ol>\n<li>Uma camada de fundo (profunda): Luz negra brilhante estabelece o tom de alto n\u00edvel, misterioso, profissionalismo.<\/li>\n<li>Core layer (Communication): Green aloe vera patterns and texts are the core communicators of function and emotion, clear and straightforward.<\/li>\n<li>Capa de escurid\u00e3o (Luxury): Texto escrito em prata quente, como inscri\u00e7\u00f5es em j\u00f3ias, piscando na luz, aumentando grandemente a qualidade do detalhe e do prazer t\u00e1ctil.<\/li>\n<\/ol>\n<ul>\n<li>L\u00f3gica da distribui\u00e7\u00e3o da informa\u00e7\u00e3o: a atra\u00e7\u00e3o da frente com padr\u00f5es e plataformas de prata para transmitir valores b\u00e1sicos; O contr\u00e1rio cont\u00e9m instru\u00e7\u00f5es detalhadas em texto branco claro para alcan\u00e7ar compartimentaliza\u00e7\u00e3o est\u00e9tica e funcional.<\/li>\n<li>Atrochamento funcional harmonioso: A corda branca do nozzle forma um alinhamento de cores com o texto branco do lado oposto, fazendo o design geral se sentir harmonioso em contraste.<\/li>\n<\/ul>\n<p>&nbsp;<\/p>\n<p>2.Avantagens dos produtos<\/p>\n<p>&nbsp;<\/p>\n<ul>\n<li>Construir rapidamente confian\u00e7a transcultural: Os padr\u00f5es Aloe Vera gozam de alto reconhecimento e popularidade em todo o mundo, ajudando marcas a rapidamente cruzar barreiras culturais e lingu\u00edsticas para construir confian\u00e7a com consumidores baseados em ingredientes naturais.<\/li>\n<li>Achar uma melhoria da marca de &#8220; natural  to &#8220; luxo : Combinando um ingrediente natural comum (aloe vera) com um formato de embalagem de alto n\u00edvel pouco comum (prata preta e brilhante), voc\u00ea pode quebrar com sucesso o &#8220; natural = plano&#8221; Est\u00e9reotipo e suporte um pr\u00e9mio de marca mais elevado.<\/li>\n<li>Um forte contraste entre negro e verde e prata torna extremamente f\u00e1cil identificar e lembrar tanto online como offline. Sua exquisita apar\u00eancia \u00e9 extremamente &#8220; solar&#8221; e pode inspirar os usu\u00e1rios a compartilh\u00e1-la na m\u00eddia social, tornando-se um meio de promo\u00e7\u00e3o gratuito para a marca.<\/li>\n<li>Pot\u00eancia de conto de hist\u00f3rias para aplica\u00e7\u00f5es interind\u00fastrias: Seja que seja s produtos de cuidado da pele ou produtos industriais, aloe vera motifs podem dar um &#8220; gentil, mas eficaz. o ponto de entrada da hist\u00f3ria para um produto, melhorando a marca&#8217; s valor acrescentado emocional.<\/li>\n<\/ul>\n<p>&nbsp;<\/p>\n<ol start=\"3\">\n<li>Xenarios de uso de produtos<\/li>\n<\/ol>\n<p>&nbsp;<\/p>\n<ul>\n<li>lojas org\u00e2nicas de alto n\u00edvel e lojas de alimentos de sa\u00fade: Em Whole Foods ou lojas semelhantes, os temas naturais e texturas de alto n\u00edvel coincidem perfeitamente com os consumidores que est\u00e3o perseguindo um estilo de vida saud\u00e1vel.<\/li>\n<li>Hotels de resorte e spas: Como um item especial em uma sala de hotel de alto n\u00edvel ou spa (como um gel de tanque), o cen\u00e1rio de apar\u00eancia e uso s\u00e3o altamente parecidos, melhorando os convidados&#8217; - experi\u00eancia de f\u00e9rias.<\/li>\n<li>Blogger de beleza s &#8220; parte de ingredientes Recomenda\u00e7\u00e3o: No YouTube ou Instagram, sua embalagem pode intuitivamente mostrar o ponto de venda de &#8220; ingredientes principais de aloe vera,&#8221; - tornando-se um display favorito para blogueiros de partidas de ingredientes.<\/li>\n<li>Dar e - Sets de f\u00e9rias: Perfeito para embalagem para conjuntos de presentes de ver\u00e3o, conjuntos de viagens ou M\u00e3e&#8217; os presentes do dia com um tema claro, natural e cuidadoso.<\/li>\n<li>Dispositivos diferenciados em canais especializados: Quando listados ao lado de in \u00fameros embalagens puramente tecnol\u00f3gicos ou minimalistas em uma farm\u00e1cia ou contador de cuidados cut\u00e2neos especializados, o tema natural pode criar uma diferencia\u00e7\u00e3o distinta que apela aos clientes com necessidades espec\u00edficas.<\/li>\n<\/ul>\n<p>&nbsp;<\/p>\n<p>Resumo do valor central: Este produto \u00e9 uma solu\u00e7\u00e3o de embalagem superior que &#8220; usa ingredientes naturais como pedra angular da comunica\u00e7\u00e3o e textura de luxo como motor de valor. &#8221; Ela usa inteligentemente o s\u00edmbolo visual aloe vera globalmente acordado, combinando brilho obsidiano com um brilhante processo de polimento de prata, para combinar com sucesso os atributos aparentemente contradit\u00f3rios de &#8220; pureza natural  and &#8220; refinamento de alto n\u00edvel. &#8221; N\u00e3o \u00e9 apenas uma embalagem, mas tamb\u00e9m um meio de estabelecer instantaneamente uma conex\u00e3o emocional com os consumidores. Aceleradores de marcas que aumentam significativamente o valor percebido dos produtos s\u00e3o especialmente adequados para marcas de cuidado natural de pele de meio a alto n\u00edvel, marcas farmac\u00eauticas buscando melhorar sua imagem, ou marcas inovadoras buscando dar aos produtos industriais um toque humano.<\/p>","protected":false},"featured_media":4607,"comment_status":"closed","ping_status":"closed","template":"","meta":[],"product_brand":[],"product_cat":[34],"product_tag":[],"class_list":{"0":"post-4604","1":"product","2":"type-product","3":"status-publish","4":"has-post-thumbnail","6":"product_cat-facial-treatment","8":"first","9":"instock","10":"shipping-taxable","11":"purchasable","12":"product-type-simple"},"_links":{"self":[{"href":"https:\/\/www.hongyitube.com\/pt\/wp-json\/wp\/v2\/product\/4604","targetHints":{"allow":["GET"]}}],"collection":[{"href":"https:\/\/www.hongyitube.com\/pt\/wp-json\/wp\/v2\/product"}],"about":[{"href":"https:\/\/www.hongyitube.com\/pt\/wp-json\/wp\/v2\/types\/product"}],"replies":[{"embeddable":true,"href":"https:\/\/www.hongyitube.com\/pt\/wp-json\/wp\/v2\/comments?post=4604"}],"wp:featuredmedia":[{"embeddable":true,"href":"https:\/\/www.hongyitube.com\/pt\/wp-json\/wp\/v2\/media\/4607"}],"wp:attachment":[{"href":"https:\/\/www.hongyitube.com\/pt\/wp-json\/wp\/v2\/media?parent=4604"}],"wp:term":[{"taxonomy":"product_brand","embeddable":true,"href":"https:\/\/www.hongyitube.com\/pt\/wp-json\/wp\/v2\/product_brand?post=4604"},{"taxonomy":"product_cat","embeddable":true,"href":"https:\/\/www.hongyitube.com\/pt\/wp-json\/wp\/v2\/product_cat?post=4604"},{"taxonomy":"product_tag","embeddable":true,"href":"https:\/\/www.hongyitube.com\/pt\/wp-json\/wp\/v2\/product_tag?post=4604"}],"curies":[{"name":"wp","href":"https:\/\/api.w.org\/{rel}","templated":true}]}}