{"id":4600,"date":"2026-01-29T12:30:37","date_gmt":"2026-01-29T04:30:37","guid":{"rendered":"https:\/\/www.hongyitube.com\/?post_type=product&#038;p=4600"},"modified":"2026-01-29T12:30:37","modified_gmt":"2026-01-29T04:30:37","slug":"%cf%8630mm-diameter-46-grams-ml-matte-black-oval-shaped-pe-soft-tube-packaging-material-with-dividers-hongyi-plastic","status":"publish","type":"product","link":"https:\/\/www.hongyitube.com\/pt\/product\/%cf%8630mm-diameter-46-grams-ml-matte-black-oval-shaped-pe-soft-tube-packaging-material-with-dividers-hongyi-plastic\/","title":{"rendered":"Di\u00e2metro \u03a630mm, 46 gramas\/ml, material de embalagem de tubos moles de PE em forma oval com divididores- Hongyi Plastic"},"content":{"rendered":"<ol>\n<li>Descri\u00e7\u00e3o do produto<\/li>\n<\/ol>\n<p>&nbsp;<\/p>\n<p>Este produto \u00e9 uma mangueira de PE elipsoidal de di\u00e2metro de 30 mm com uma capacidade de 46 g\/ml, projetada para mercados de alto n\u00edvel buscando o sentido final de profissionalismo, visibilidade de ingredientes e experi\u00eancia tecnol\u00f3gica. O corpo usa um substrato negro de matte profundo e mostra dois nomes claros de conte\u00fado azul e um bloco de cores funcionais azul prominente atrav\u00e9s de um processo de impress\u00e3o offset de alta precis\u00e3o. O design destaca a janela transparente de 1,5 x 0,6 cm no bloco de cores, que pode observar diretamente o material e o res\u00edduo do conte\u00fado. O topo da janela \u00e9 impresso com slogans promocionais negros, o corpo \u00e9 mostrado com padr\u00f5es e instru\u00e7\u00f5es atrav\u00e9s de impress\u00f5es de seda branca de alto contraste, e a camada de informa\u00e7\u00e3o \u00e9 clara. Funcionalmente, a boca branca apontada \u00e9 padr\u00e3o e pode ser parejada com 30 tipos de cores moldadas para inje\u00e7\u00e3o e um copo oval eletropladado futurista. Usando um pr\u00e9-enchimento e processo final para garantir a selabilidade, o material assegura que \u00e9 repetidamente apertado sem deforma\u00e7\u00e3o, e \u00e9 uma embalagem avan\u00e7ada que combina est\u00e9tica de design industrial, constru\u00e7\u00e3o transparente de confian\u00e7a e controle preciso da dose.<\/p>\n<p>&nbsp;<\/p>\n<ol start=\"2\">\n<li>Material do produto<\/li>\n<\/ol>\n<p>&nbsp;<\/p>\n<ul>\n<li>O corpo principal do tubo: o uso de alta densidade, material composto de PE negro de alta barreira, superf\u00edcie de mat\u00e9 por tratamento especial, textura e resist\u00eancia ao arranho.<\/li>\n<li>Fiestra de seguran\u00e7a: A se\u00e7\u00e3o de janela transparente utiliza material de filme coesivo altamente transparente e resistente ao impacto que seja integrado com o corpo ou suavizamento sem conte\u00fado para garantir nenhum risco de fuga e n\u00e3o afeta a estabilidade do conte\u00fado.<\/li>\n<li>Componentes e Compliance: Todos os componentes (inserimentos, caps) s\u00e3o feitos de materiais de classe alimentar\/droga e cumprem padr\u00f5es internacionais de seguran\u00e7a (por exemplo, FDA, UE). A sele\u00e7\u00e3o geral de material satisfaz os requisitos de durabilidade, compatibilidade e sustentabilidade.<\/li>\n<\/ul>\n<p>&nbsp;<\/p>\n<ol start=\"3\">\n<li>Uso recomendado do produto<\/li>\n<\/ol>\n<p>&nbsp;<\/p>\n<p>A ind\u00fastria da beleza e do cuidado da pele<\/p>\n<p>&nbsp;<\/p>\n<ul>\n<li>Mercado das senhoras: adequado para alta concentra\u00e7\u00e3o VC \/ uma ess\u00eancia de \u00e1lcool, alta protec\u00e7\u00e3o solar f\u00edsica, alta cobertura de m\u00e1scara de mat\u00e9. O corpo negro de tubo silencioso \u00e9 parejado com um logotipo t\u00e9cnico azul para entregar &#8220; de laborat\u00f3rio - sinais de alto desempenho. A janela transparente permite aos consumidores testemunhar o produto s textura (como a riqueza da ess\u00eancia, a liquidez da protec\u00e7\u00e3o solar) e construir um senso de &#8220; transpar\u00eancia dos ingredientes. &#8221;<\/li>\n<li>Homens s Market: Concordo perfeito para serumes profissionais de cuidado da pele, umidificadores de controle do petr\u00f3leo e protetores solares de tecnologia escura para homens. O esquema de cores negra, branca e azul minimalista e linguagem de design industrial s\u00e3o altamente compat\u00edveis com as prefer\u00eancias dos consumidores masculinos para &#8220; racional,&#8221;  &#8220; efetivo  and &#8220; sem redund\u00e2ncia. &#8221; O design da boca afiada torna f\u00e1cil aplicar-se \u00e0 \u00e1rea p\u00f3s-rasagem ou \u00e0 zona T.<\/li>\n<li>Crian\u00e7as s Mercado: embalagem para protetores f\u00edsicos de alta protec\u00e7\u00e3o solar e umidificadores para crian\u00e7as. A janela transparente permite aos pais verificar intuitivamente a condi\u00e7\u00e3o do produto antes de us\u00e1-lo, e o logotipo azul traz paz mental e profissionalismo.<\/li>\n<\/ul>\n<p>&nbsp;<\/p>\n<p>Ingredientes m\u00e9dicos<\/p>\n<p>&nbsp;<\/p>\n<ul>\n<li>Adequado para cremes de pele com receita (como creme de tretinoina), gelas de repara\u00e7\u00e3o p\u00f3s-operat\u00f3ria e cicatrizes. O corpo do tubo negro e o texto profissional azul demonstram a natureza m\u00e9dica s\u00e9ria, a janela transparente permite aos pacientes observar as caracter\u00edsticas e quantidade residual do creme para evitar exaust\u00e3o s\u00fabita, e a boca apontada obt\u00e9m administra\u00e7\u00e3o precisa do medicamento na \u00e1rea afetada para melhorar a conformidade.<\/li>\n<\/ul>\n<p>&nbsp;<\/p>\n<p>A ind\u00fastria de agentes de manuten\u00e7\u00e3o mec\u00e2nica<\/p>\n<p>&nbsp;<\/p>\n<ul>\n<li>Assemblem gorduras termicamente condutivas de alto desempenho, lubrificantes de instrumentos de precis\u00e3o e revestimentos de prote\u00e7\u00e3o de circuitos. A cor negra e azul e o design da janela \u00e9 um &#8220; instrumento de precis\u00e3o industrial o estilo, e o cobertor de prata eletropla\u00e7ado aumenta esse sentimento de tecnologia futurista. A janela mostra a uniformidade do pl\u00e1stico e o quebra atende \u00e0s necessidades de cobertura de precis\u00e3o do mil\u00edmetro.<\/li>\n<\/ul>\n<p>&nbsp;<\/p>\n<p>Ind\u00fastria industrial de pigmentos qu\u00edmicos<\/p>\n<p>&nbsp;<\/p>\n<ul>\n<li>Para pequenas distribui\u00e7\u00f5es de capacidade de pinturas avan\u00e7adas de especialidade em metal, pasta de prata condutiva e resinas especiais de \u00e9poxia. A embalagem preta enfatiza o profissionalismo e mistica do produto, enquanto a janela transparente permite ao espectador apreciar diretamente a rico cor ou material met\u00e1lico, que em si constitui a primeira parte do apelo do produto.<\/li>\n<\/ul>\n<p>&nbsp;<\/p>\n<ol start=\"4\">\n<li>Caracter\u00edsticas do produto<\/li>\n<\/ol>\n<p>&nbsp;<\/p>\n<ul>\n<li>Design visual revolucion\u00e1rio: A janela transparente integrada \u00e9 uma inova\u00e7\u00e3o central que resolve o &#8220; conte\u00fado caixa negra&#8221; o problem a da embalagem escura\/opaca, aumentando consideravelmente a confian\u00e7a dos consumidores e o prazer interativo atrav\u00e9s de um &#8220; ver-ver - abordagem.<\/li>\n<li>Est\u00e9tica t\u00e9cnica e profissional forte: Um sistema de cores brancas, azul e de alta luz t\u00e9cnico, combinado com uma zona funcional clara, cria uma imagem visual calm a, confi\u00e1vel e de ponta avan\u00e7ada que \u00e9 significativamente separada da embalagem comum de produtos de consumo.<\/li>\n<li>Sistema de dosagem e posicionamento de precis\u00e3o: um inserimento de nozzle branco assegura a sa\u00edda precisa e control\u00e1vel de uma pasta de alta viscosidade; Consistindo de blocos de cor claros e partilha de texto, informa\u00e7\u00e3o do produto pode ser instantaneamente recuperada e entendida na prateleira.<\/li>\n<li>Excelente durabilidade e prote\u00e7\u00e3o: di\u00e2metro de 30 mm proporciona boa capacidade de agarramento e conte\u00fado, materiais de alta qualidade asseguram estabilidade f\u00edsica e qu\u00edmica em extrus\u00e3o repetida e diferentes ambientes.<\/li>\n<\/ul>","protected":false},"excerpt":{"rendered":"<ol>\n<li>Design corporal de produtos<\/li>\n<\/ol>\n<p>&nbsp;<\/p>\n<ul>\n<li>Arquitetura da informa\u00e7\u00e3o e mobilidade visual:<\/li>\n<\/ul>\n<ol>\n<li>Informa\u00e7\u00e3o de n\u00edvel 1 (captura de aten\u00e7\u00e3o): Um azul &#8220; nome de conte\u00fado&#8221;  and a &#8220; bloco funcional de cores&#8221; formam um foco visual.<\/li>\n<li>Informa\u00e7\u00e3o de n\u00edvel II (Intera\u00e7\u00e3o e Autentica\u00e7\u00e3o): A janela transparente nos blocos de cores se torna o n\u00facleo da fun\u00e7\u00e3o e experi\u00eancia, com um slogan promocional negro acima.<\/li>\n<li>Informa\u00e7\u00e3o de n\u00edvel 3 (explica\u00e7\u00e3o detalhada): Impresas de seda branca em ambos os lados fornecem descri\u00e7\u00f5es completas de produtos, ingredientes e padr\u00f5es, que s\u00e3o claramente leit\u00edveis em fundos escuros.<\/li>\n<\/ol>\n<ul>\n<li>Psicologia de materiais e cores: negro aburrido simboliza profissionalismo, alta finalidade e benef\u00edcios poderosos; Azul simboliza tecnologia, confian\u00e7a e calma; O branco simboliza pureza e precis\u00e3o. Os tr\u00eas combinam para criar a identidade de cores completa de um &#8220; marca profissional de tecnologia. &#8221;<\/li>\n<li>Contraste e fus\u00e3o dos componentes: nozes brancos e impress\u00f5es de seda branca respondem a formar uma l\u00f3gica de cores internas; A adi\u00e7\u00e3o de uma cor eletropl\u00e1tada ou cobertura de cores contrastante pode criar uma varia\u00e7\u00e3o de linha de produto em um tom unificado.<\/li>\n<\/ul>\n<p>&nbsp;<\/p>\n<ol start=\"2\">\n<li>Avantagens do produto<\/li>\n<\/ol>\n<p>&nbsp;<\/p>\n<ul>\n<li>Construir um senso de confian\u00e7a irrempla\u00e7\u00edvel: A janela transparente \u00e9 o maior diferenciador, e envia um sinal forte de &#8220; confian\u00e7a,&#8221;  &#8220; honestidade,&#8221;  and &#8220; estabilidade de qualidade para os consumidores, o que \u00e9 essencial nos mercados estrangeiros onde prevalecem as circunst\u00e2ncias e o consumo racional.<\/li>\n<li>Forte reconhecimento est\u00e1tico da prateleira e marca: O design visual negro e azul \u00fanico o torna agressivo e memor\u00e1vel em uma prateleira ocupada, rapidamente apelando aos consumidores buscando solu\u00e7\u00f5es eficientes e profissionais.<\/li>\n<li>Ponte entre mercados de consumo e profissional: Linguagem de design que atende aos consumidores - expectativas de produtos eficazes e de alto n\u00edvel, ao mesmo tempo que t\u00eam um aspecto confi\u00e1vel como uma ferramenta profissional \u00e9 o ve\u00edculo ideal para criar &#8220; produtos de consumo de classe profissional  or &#8220; produtos profissionais consumidos. &#8221;<\/li>\n<li>Improved user experience and interactivity: From checking margins and observing texture to precise application, the entire usage process is filled with control and technology interactivity, increasing user satisfaction and brand appreciation.<\/li>\n<\/ul>\n<p>&nbsp;<\/p>\n<ol start=\"3\">\n<li>Xenarios de uso de produtos<\/li>\n<\/ol>\n<p>&nbsp;<\/p>\n<ul>\n<li>Departamentos de drogas de alto n\u00edvel e contadores profissionais de cuidado da pele: Na Sephora, Space NK ou cl\u00ednicas de dermatologia afiliadas, o olhar profissional pode imediatamente ganhar confian\u00e7a nas festas de ingredientes e entusiastas de cuidado da pele experientes.<\/li>\n<li>Szenarios de trabalho profissional e conjuntos de ferramentas: Esta\u00e7\u00f5es de trabalho profissionais para engenheiros, designers e artistas, cuja embalagem \u00e9 integrada com o ambiente de trabalho, representando tanto ferramentas como gosto.<\/li>\n<li>&#8220; Prova f\u00edsica de p\u00e1ginas de detalhe&#8221; em plataformas de com\u00e9rcio electr\u00f3nico: Ao vender online, janelas transparentes podem ser mostradas como pontos fortes de venda de produtos, provar visualmente a textura do produto atrav\u00e9s de imagens e v\u00eddeos, e reduzir retornos devido a erros imaginarios.<\/li>\n<li>Homens buticos s grooming brand stores: offline ou em online specialities stores, eles s \u00e3o projetados para apelar precisamente aos homens modernos que buscam efici\u00eancia e qualidade.<\/li>\n<li>Fais de tecnologia e promo\u00e7\u00e3o de canais profissionais: Como uma amostragem de embalagens para produtos industriais e revestimentos profissionais, seu pr\u00f3prio design pode transmitir a for \u00e7a t\u00e9cnica e posicionamento de alto n\u00edvel da marca.<\/li>\n<\/ul>\n<p>&nbsp;<\/p>\n<p>&nbsp;<\/p>\n<p>Resumo do valor central: Este produto \u00e9 uma solu\u00e7\u00e3o de compara\u00e7\u00e3o de embalagens com &#8220; confian\u00e7a visual como o n\u00facleo da inova\u00e7\u00e3o e &#8220; est\u00e9tica tecnol\u00f3gica profissional como a express\u00e3o. Ela quebra completamente a barreira entre consumidores e conte\u00fado atrav\u00e9s de uma janela inteligente integrada transparente, criando uma nova dimens\u00e3o de comunica\u00e7\u00e3o e confian\u00e7a. Combinado com seu sistema visual negro, azul t\u00e9cnico e forte e preciso, \u00e9 mais do que um recipiente, \u00e9 tamb\u00e9m um ve\u00edculo declarat\u00f3rio para marcas proclamar seus valores de profissionalismo, confian\u00e7a, transpar\u00eancia e efici\u00eancia para mercados maduros em todo o mundo, especialmente para marcas com o objetivo de estabelecer lideran\u00e7a da ind\u00fastria ou perturbar a percep\u00e7\u00e3o de categorias tradicionais.<\/p>","protected":false},"featured_media":4597,"comment_status":"closed","ping_status":"closed","template":"","meta":[],"product_brand":[],"product_cat":[34],"product_tag":[],"class_list":{"0":"post-4600","1":"product","2":"type-product","3":"status-publish","4":"has-post-thumbnail","6":"product_cat-facial-treatment","8":"first","9":"instock","10":"shipping-taxable","11":"purchasable","12":"product-type-simple"},"_links":{"self":[{"href":"https:\/\/www.hongyitube.com\/pt\/wp-json\/wp\/v2\/product\/4600","targetHints":{"allow":["GET"]}}],"collection":[{"href":"https:\/\/www.hongyitube.com\/pt\/wp-json\/wp\/v2\/product"}],"about":[{"href":"https:\/\/www.hongyitube.com\/pt\/wp-json\/wp\/v2\/types\/product"}],"replies":[{"embeddable":true,"href":"https:\/\/www.hongyitube.com\/pt\/wp-json\/wp\/v2\/comments?post=4600"}],"wp:featuredmedia":[{"embeddable":true,"href":"https:\/\/www.hongyitube.com\/pt\/wp-json\/wp\/v2\/media\/4597"}],"wp:attachment":[{"href":"https:\/\/www.hongyitube.com\/pt\/wp-json\/wp\/v2\/media?parent=4600"}],"wp:term":[{"taxonomy":"product_brand","embeddable":true,"href":"https:\/\/www.hongyitube.com\/pt\/wp-json\/wp\/v2\/product_brand?post=4600"},{"taxonomy":"product_cat","embeddable":true,"href":"https:\/\/www.hongyitube.com\/pt\/wp-json\/wp\/v2\/product_cat?post=4600"},{"taxonomy":"product_tag","embeddable":true,"href":"https:\/\/www.hongyitube.com\/pt\/wp-json\/wp\/v2\/product_tag?post=4600"}],"curies":[{"name":"wp","href":"https:\/\/api.w.org\/{rel}","templated":true}]}}