{"id":4569,"date":"2026-01-29T12:09:49","date_gmt":"2026-01-29T04:09:49","guid":{"rendered":"https:\/\/www.hongyitube.com\/?post_type=product&#038;p=4569"},"modified":"2026-01-29T12:09:49","modified_gmt":"2026-01-29T04:09:49","slug":"%cf%8625-diameter-30-grams-ml-fresh-green-oval-shaped-pe-soft-tube-packaging-material-individual-packaging-bottle-hongyi-plastic","status":"publish","type":"product","link":"https:\/\/www.hongyitube.com\/pt\/product\/%cf%8625-diameter-30-grams-ml-fresh-green-oval-shaped-pe-soft-tube-packaging-material-individual-packaging-bottle-hongyi-plastic\/","title":{"rendered":"\u03a625 di\u00e2metro, 30 gramas\/ml, embalagem de tubos moles de PE em forma oval verde fresca, embalagem individual - Hongyi Plastic"},"content":{"rendered":"<ol>\n<li><strong><b> Descri\u00e7\u00e3o do produto<\/b><\/strong><\/li>\n<\/ol>\n<p>&nbsp;<\/p>\n<p>Este produto \u00e9 uma mangueira de PE elipsoidal de di\u00e2metro de 25 mm, a capacidade padr\u00e3o de 30g\/ml, projetada para a busca de textura pura, natural e profissional do design de mercado de alto n\u00edvel. O tubo usa um elegante substrato branco de mat\u00e9 e est\u00e1 coberto de um adesivo verde suave, suave, fresco, gradual e suave, criando uma sensa\u00e7\u00e3o visual naturalmente tranquilizante como uma esp\u00e9cie de plant a. A informa\u00e7\u00e3o do produto \u00e9 claramente apresentada atrav\u00e9s da mesma cor e impress\u00f5es de seda verde suave, alcan\u00e7ando um alto n\u00edvel de uniformidade visual e simplicidade. Funcionalmente, ele est\u00e1 equipado com uma inser\u00e7\u00e3o de nozzle branco e uma cobertura oval moldada de 25 moldes de inje\u00e7\u00e3o verde e suave, que constitui um sistema de revestimento de precis\u00e3o completo. A mangueira usa um processo de fechamento pr\u00e9-enchimento para assegurar o fechamento, e seu material PE de alta qualidade assegura excelente resist\u00eancia, pode ser apertado repetidamente sem deforma\u00e7\u00e3o, e \u00e9 um recipiente de embalagem de grado profissional que combina est\u00e9tica tranquilizante, fun\u00e7\u00e3o precisa e qualidade confi\u00e1vel.<\/p>\n<p>&nbsp;<\/p>\n<ol start=\"2\">\n<li>Material do produto<\/li>\n<\/ol>\n<p>&nbsp;<\/p>\n<ul>\n<li>O corpo principal do tubo: O uso de polietileno de baixa densidade de alta qualidade (PE-LD), com boa estabilidade qu\u00edmica, resist\u00eancia e barreira. A superf\u00edcie do mat\u00e9 \u00e9 especialmente tratada, gosta delicada e \u00e9 prova de impress\u00f5es digitais.<\/li>\n<li>Seguran\u00e7a e cumprimento: Todos os materiais est\u00e3o em conformidade com os regulamentos da UE REACH e da FDA para os produtos cosm\u00e9ticos e embalagens farmac\u00eauticos, assegurando que sejam seguros e compat\u00edveis com os conte\u00fados, n\u00e3o t\u00f3xicos e n\u00e3o irritantes.<\/li>\n<li>Ambientalmente sustent\u00e1vel: o material PE \u00e9 um material amplamente reciclado, e o revestimento de mat\u00e9 \u00e9 tamb\u00e9m um processo ecol\u00f3gico para satisfazer o compromisso das marcas e dos consumidores com o desenvolvimento sustent\u00e1vel.<\/li>\n<\/ul>\n<p>&nbsp;<\/p>\n<ol start=\"3\">\n<li>Uso recomendado do produto<\/li>\n<\/ol>\n<p>&nbsp;<\/p>\n<p>A ind\u00fastria da beleza e do cuidado da pele (isolamento \/ protec\u00e7\u00e3o solar \/ escondido \/ categoria de creme)<\/p>\n<p>&nbsp;<\/p>\n<ul>\n<li>Mulheres s mercado: bloqueadores pr\u00e9-fabricantes (neutralizando as c\u00e9lulas vermelhas), cremas solares tranquilizantes, e umidificadores do conceito vegetal que perfeitamente adaptam o tom verde. O design verde de mat\u00e9 envia uma mensagem de pureza, naturalidade e efic\u00e1cia, apelando precisamente aos consumidores racionais que se preocupam com os ingredientes e sentimento da pele.<\/li>\n<li>Homens s Mercado: Cremes tranquilizantes para homens com pele vermelha ou sens\u00edvel, umidificadores p\u00f3s-exerc\u00edcio, e bast\u00f5es t\u00f3picos de corre\u00e7\u00e3o do tom da pele. A cor simples, profissional e o design oval satisfazem a prefer\u00eancia dos consumidores masculinos para produtos de cuidado cut\u00e2neo com baixa chave e alta efici\u00eancia.<\/li>\n<li>Crian\u00e7as s Mercado: embalagem ideal para crian\u00e7as&#8217; \u00e9 especializada em cremes de al\u00edvio de eczema e prote\u00ednas solares f\u00edsicas. A cor verde suave traz um senso de paz na mente e na natureza, e o design suave da mancha assegura seguran\u00e7a e precis\u00e3o quando se aplica.<\/li>\n<\/ul>\n<p>&nbsp;<\/p>\n<p>Ingredientes m\u00e9dicos<\/p>\n<p>&nbsp;<\/p>\n<ul>\n<li>Usado em cremes t\u00f3picos de acne (como per\u00f3xido de benz\u00f3il), gelos anti-inflamat\u00f3rios vegetais e cremes de manuten\u00e7\u00e3o da pele. O corpo de tubo branco silencioso demonstra limpeza m\u00e9dica e profissionalismo, e o design apontado torna f\u00e1cil aplicar o creme precisamente \u00e0 \u00e1rea afetada, evitando res\u00edduos e contato saud\u00e1vel da pele.<\/li>\n<\/ul>\n<p>&nbsp;<\/p>\n<p>A ind\u00fastria de agentes de manuten\u00e7\u00e3o mec\u00e2nica<\/p>\n<p>&nbsp;<\/p>\n<ul>\n<li>Cremes de limpeza separados para instrumentos \u00f3pticos de precis\u00e3o, isolamento para componentes eletr\u00f4nicos, e cremes de cuidado interior avan\u00e7ado do carro. A fresca qualidade verde e mat\u00e9 suave pode quebrar a sensa\u00e7\u00e3o aburrida de embalagens industriais, criar um &#8220; precis\u00e3o,&#8221;  &#8220; gentil.  and &#8220; profissional a imagem da marca, e a boca apontada atende \u00e0 necessidade de aplica\u00e7\u00e3o precisa.<\/li>\n<\/ul>\n<p>&nbsp;<\/p>\n<p>Ind\u00fastria industrial de pigmentos qu\u00edmicos<\/p>\n<p>&nbsp;<\/p>\n<ul>\n<li>Pigmentos artistas para n\u00fameros espec\u00edficos de cores (como azul Tiffany, verde menta), pinturas de modelo de alto n\u00edvel, e pequenos lotes qu\u00edmicos personalizados. A embalagem verde suave unificada se torna parte da marca&#8217; \u00e9 um ativo de cores e \u00e9 adequado para criar uma s \u00e9rie e linha tem\u00e1tica de produtos profissionais.<\/li>\n<\/ul>\n<p>&nbsp;<\/p>\n<ol start=\"4\">\n<li>Caracter\u00edsticas do produto<\/li>\n<\/ol>\n<p>&nbsp;<\/p>\n<ul>\n<li>Qualidade avan\u00e7ada do matte: Ao contr\u00e1rio de materiais brilhantes comuns, a superf\u00edcie do matte d\u00e1 ao produto uma experi\u00eancia visual e t\u00e1ctil de baixa chave, suave, de alto n\u00edvel, com um sentimento de design mais moderno e menos facilmente rasgado.<\/li>\n<li>Sistema de revestimento de precis\u00e3o integrado: A inser\u00e7\u00e3o do nozzle branco e a boca do tubo s\u00e3o corretamente acompanhadas para alcan\u00e7ar um controle preciso de n\u00edvel mil\u00edmetro, o que \u00e9 especialmente adequado para cen\u00e1rios de aplica\u00e7\u00e3o onde o controle de quantidade local e de pequena \u00e1rea \u00e9 estrito.<\/li>\n<li>Est\u00e9tica monocrom\u00e1tica harmoniosa: Desde formas corporais progressivas, textos de impress\u00e3o de seda a capas brilhantes, a cor \u00e9 estritamente aderida \u00e0 linha verde suave, e a cor \u00e9 altamente uniforme, mostrando a simplicidade e o alto sentido de eleg\u00e2ncia, em conson\u00e2ncia com o principal internacional &#8220; menos \u00e9 mais tend\u00eancia de design.<\/li>\n<li>Constru\u00e7\u00e3o rotunda: o di\u00e2metro elipsoidal de 25 mm proporciona uma melhor capacidade de conte\u00fado e gripe \u00e0 m\u00e3o, material PE de alta qualidade para garantir que a vida de extrus\u00e3o repetida ainda possa manter uma forma crisp.<\/li>\n<\/ul>\n<p><strong><b>\u00a0<\/b><\/strong><\/p>","protected":false},"excerpt":{"rendered":"<ol>\n<li><strong><b> Design corporal de produtos<\/b><\/strong><\/li>\n<\/ol>\n<p>&nbsp;<\/p>\n<ul>\n<li>Forma e sentimento: A se\u00e7\u00e3o oval proporciona uma estabilidade superior de agarramento e um senso de controle, que \u00e9 ergon\u00f4mico, e o di\u00e2metro do tubo grande \u00e9 mais adequado para uma capacidade de 30 g, que parece cheia.<\/li>\n<li>Cor e L\u00edngua Gr\u00e1fica:<\/li>\n<li>Branco amargo - verde progressivo: Branco simboliza pureza e profissionalismo, enquanto verde progressivo transmite o valor emocional da natureza, crescimento, tranquilizante e seguro. A psicologia de cores se aplica com precis\u00e3o.<\/li>\n<li>Transmiss\u00e3o de informa\u00e7\u00e3o de forma escondida: O texto de seda verde suave comunica claramente a mensagem sem destruir a suavidade global do brilho, e o design \u00e9 modesto e bem pensado.<\/li>\n<li>Os componentes s\u00e3o co-projetados: o socket branco apontado eco o tubo branco brilhante, e o tamp\u00e3o verde suave aquecido perfeitamente se mistura com a cor principal do tubo, criando um ciclo fechado completo de visual a funcional.<\/li>\n<\/ul>\n<p>&nbsp;<\/p>\n<ol start=\"2\">\n<li>Avantagens do produto<\/li>\n<\/ol>\n<p>&nbsp;<\/p>\n<ul>\n<li>Posi\u00e7\u00e3o mental forte da marca: A mat\u00e9 \u00fanica e cor verde suave rapidamente estabelece uma associa\u00e7\u00e3o clara de marca de &#8220; natural,&#8221;  &#8220; tranquilizante,&#8221;  &#8220; profissional,&#8221;  &#8220; puro no cora\u00e7\u00e3o dos consumidores, o que \u00e9 altamente reconhec\u00edvel.<\/li>\n<li>Combina\u00e7\u00e3o profunda de funcionalidade e est\u00e9tica: N\u00e3o s\u00f3 \u00e9 a apar\u00eancia superior, o design de socket agudo na verdade aborda os pontos b\u00e1sicos de dor de imprecis\u00e3o no manejo do produto de plaster, actualizando a embalagem para se tornar parte da experi\u00eancia de uso.<\/li>\n<li>Adequado em v\u00e1rios mercados: Sua est\u00e9tica atende ao minimalismo dos mercados europeus e americanos e \u00e0 filosofia refinada do mercado \u00c1sia-Pac\u00edfico, e suas fun\u00e7\u00f5es atendem \u00e0s necessidades do setor profissional, que \u00e9 a ponte ideal entre consumo de massa e mercado profissional.<\/li>\n<li>Melhorar a percep\u00e7\u00e3o do valor do produto: A qualidade do matte e o esquema de cores coordenados podem aumentar significativamente o valor do conte\u00fado, apoiar maiores pre\u00e7os dos produtos, e s\u00e3o adequados para mercados de alto n\u00edvel ou melhorias das marcas.<\/li>\n<\/ul>\n<p>&nbsp;<\/p>\n<p>3.Xenarios de uso de produtos<\/p>\n<p>&nbsp;<\/p>\n<ul>\n<li>Drogas de alto n\u00edvel e lojas org\u00e2nicas: Em canais como Sephora, Boots ou Whole Foods, a linguagem visual pura e natural pode rapidamente atrair gastadores que defendem &#8220; beleza limpa e cuidado cient\u00edfico da pele.<\/li>\n<li>Cl\u00ednicas profissionais e sal\u00f5es de beleza: Como embalagem para produtos recomendados pelos dermatologistas ou para produtos p\u00f3s-operat\u00f3rios de repara\u00e7\u00e3o em sal\u00f5es de beleza especializados, sua apar\u00eancia profissional e limpa aumenta muito a confian\u00e7a dos consumidores.<\/li>\n<li>Boutique Retail &amp; O design \u00fanico se torna um presente exquisito.<\/li>\n<li>Scenarios de trabalho profissional: o artista o est\u00fadio, o engenheiro a caixa de ferramentas, o laborat\u00f3rio a mesa de opera\u00e7\u00e3o, onde o design material preciso e a imagem profissional s \u00e3o perfeitamente integrados.<\/li>\n<li>M\u00e9dia social e marketing digital: A qualidade de mat\u00e9 e cores suaves se expressam perfeitamente na fotografia e v\u00eddeo, tornando f\u00e1cil criar uma atmosfera de alto n\u00edvel, serena em plataformas como Instagram e Little Red Book para promover comunica\u00e7\u00f5es e vendas digitais.<\/li>\n<\/ul>","protected":false},"featured_media":4577,"comment_status":"closed","ping_status":"closed","template":"","meta":[],"product_brand":[],"product_cat":[34],"product_tag":[],"class_list":{"0":"post-4569","1":"product","2":"type-product","3":"status-publish","4":"has-post-thumbnail","6":"product_cat-facial-treatment","8":"first","9":"instock","10":"shipping-taxable","11":"purchasable","12":"product-type-simple"},"_links":{"self":[{"href":"https:\/\/www.hongyitube.com\/pt\/wp-json\/wp\/v2\/product\/4569","targetHints":{"allow":["GET"]}}],"collection":[{"href":"https:\/\/www.hongyitube.com\/pt\/wp-json\/wp\/v2\/product"}],"about":[{"href":"https:\/\/www.hongyitube.com\/pt\/wp-json\/wp\/v2\/types\/product"}],"replies":[{"embeddable":true,"href":"https:\/\/www.hongyitube.com\/pt\/wp-json\/wp\/v2\/comments?post=4569"}],"wp:featuredmedia":[{"embeddable":true,"href":"https:\/\/www.hongyitube.com\/pt\/wp-json\/wp\/v2\/media\/4577"}],"wp:attachment":[{"href":"https:\/\/www.hongyitube.com\/pt\/wp-json\/wp\/v2\/media?parent=4569"}],"wp:term":[{"taxonomy":"product_brand","embeddable":true,"href":"https:\/\/www.hongyitube.com\/pt\/wp-json\/wp\/v2\/product_brand?post=4569"},{"taxonomy":"product_cat","embeddable":true,"href":"https:\/\/www.hongyitube.com\/pt\/wp-json\/wp\/v2\/product_cat?post=4569"},{"taxonomy":"product_tag","embeddable":true,"href":"https:\/\/www.hongyitube.com\/pt\/wp-json\/wp\/v2\/product_tag?post=4569"}],"curies":[{"name":"wp","href":"https:\/\/api.w.org\/{rel}","templated":true}]}}