{"id":4562,"date":"2026-01-29T12:01:59","date_gmt":"2026-01-29T04:01:59","guid":{"rendered":"https:\/\/www.hongyitube.com\/?post_type=product&#038;p=4562"},"modified":"2026-01-29T12:01:59","modified_gmt":"2026-01-29T04:01:59","slug":"%cf%8622diameter-20-grams-ml-oval-shaped-open-ended-design-flexographic-color-changing-ink-blue-purple-yellow-green-pe-soft-tube-packaging-material-container-bottle-hongyi-plastic","status":"publish","type":"product","link":"https:\/\/www.hongyitube.com\/pt\/product\/%cf%8622diameter-20-grams-ml-oval-shaped-open-ended-design-flexographic-color-changing-ink-blue-purple-yellow-green-pe-soft-tube-packaging-material-container-bottle-hongyi-plastic\/","title":{"rendered":"\u03a622di\u00e2metro 20 gramas\/mL de forma oval, de design aberto tinta flexogr\u00e1fica de mudan\u00e7a de cor Azul\/p\u00farpura\/amarelo\/verde PE tubo mole embalagem\/recipiente\/garrafa- Hongyi Plastic"},"content":{"rendered":"<ol>\n<li>Descri\u00e7\u00e3o do produto<\/li>\n<\/ol>\n<p>&nbsp;<\/p>\n<p>Este produto \u00e9 uma mangueira de PE elipsoide de 22 mm de di\u00e2metro posicionada no mercado de alto n\u00edvel, com uma capacidade padr\u00e3o de 20g\/ml. Ele oferece um substrato de luz branco e de alto n\u00edvel brilhante e utiliza tecnologia de impress\u00e3o avan\u00e7ada para apresentar quatro cores gradientes de estilo: azul, p\u00farpura, amarelo e verde. O n\u00facleo do design \u00e9 imprimir novamente calor a mesma cor no fundo do gradiente, apresentar exatamente o logotipo da marca e a barra de cores ao redor, e formar um efeito art\u00edstico visual com grande profundidade e n\u00edvel. Os lados anteriores e posteriores do corpo s\u00e3o marcados com uma elegante impress\u00e3o de seda cinza para garantir que a funcionalidade n\u00e3o perturba a est\u00e9tica geral. O produto \u00e9 normalmente preso com um nozzle colorido que corresponde \u00e0 cor do corpo ou cobertura, e vem com uma cobertura oval de 22 que pode ser sincronizada com cor e impress\u00e3o. Com um design de abertura que facilita o preenchimento eficiente, e um tubo com resist\u00eancia excepcional que assegura que a apertura repetida n\u00e3o se deforma, \u00e9 um material de embalagem superior que combina aplica\u00e7\u00e3o de precis\u00e3o, valor est\u00e9tico e durabilidade.<\/p>\n<p>&nbsp;<\/p>\n<ol start=\"2\">\n<li>Material do produto<\/li>\n<\/ol>\n<p>&nbsp;<\/p>\n<ul>\n<li>Material principal: polietileno de baixa densidade de alta qualidade selecionado (PE-LD), tanto excelente flexibilidade, estabilidade qu\u00edmica como alta transpar\u00eancia (transparente).<\/li>\n<li>Seguran\u00e7a e prote\u00e7\u00e3o ambiental: o material cumpre as normas da FDA dos EU10\/2011 e outras normas internacionais relativas aos materiais de contato com alimentos e drogas, seguros e n\u00e3o t\u00f3xicos. Ao mesmo tempo, materiais de PE podem ser reciclados, em resposta \u00e0 iniciativa econ\u00f4mica global.<\/li>\n<li>Material componente: O teclado do nozzle e a tampa elipsoidal s\u00e3o feitos de moldura de polipropileno (PP) ou PE para inje\u00e7\u00e3o de alimentos, e a correspond\u00eancia segura do corpo do tubo.<\/li>\n<\/ul>\n<p>&nbsp;<\/p>\n<ol start=\"3\">\n<li>Uso recomendado do produto<\/li>\n<\/ol>\n<p>&nbsp;<\/p>\n<p>A ind\u00fastria da beleza e do cuidado da pele (isolamento \/ protec\u00e7\u00e3o solar \/ escondido \/ categoria de creme)<\/p>\n<p>&nbsp;<\/p>\n<ul>\n<li>Mulheres s Mercado: Para cremes de barreira coloridos, protetores solares de alto desempenho e balmas de alta cobertura. O tubo branco \u00e9 gradualmente mudado com azul e roxo, mostrando um senso de tecnologia e puridade; O corpo do tubo transparente \u00e9 sombreado com amarelo e verde, apropriado para o conceito de plantas naturais. Nozzles coloridos facilitam aplica\u00e7\u00e3o local precisa e melhoram a experi\u00eancia de maquilhagem.<\/li>\n<li>Homens s Market: Para cremes de polimento de brilho mais densos, protetores solares esportivos e escondidor de acne-lighting. Azul escuro ou verde escuro \u00e9 progressivamente parejado com o mesmo corset de cor e cobertura para transmitir uma imagem profissional simples e eficiente. O design oval \u00e9 ergon\u00f4mico e f\u00e1cil de operar com uma m\u00e3o.<\/li>\n<li>Crian\u00e7as s Mercado: embalagem ideal para crian\u00e7as&#8217; \u00e9 prote\u00e7\u00e3o solar f\u00edsica e cremas de cor leve. O gradiente amarelo\/verde brilhante est\u00e1 cheio de afinidade, e o design do nozzle circular assegura uso seguro e evita arranhos.<\/li>\n<\/ul>\n<p>&nbsp;<\/p>\n<p>Ingredientes m\u00e9dicos<\/p>\n<p>&nbsp;<\/p>\n<ul>\n<li>\u00c9 adequado para tratamentos t\u00f3picos de cremas (como horm\u00f4nios, antibi\u00f3ticos), gelos de cicatrizes e acne spot. O corpo transparente facilita a observa\u00e7\u00e3o das caracter\u00edsticas do creme. A seringa apontada permite controlar exatamente quantidades para evitar res\u00edduos e infec\u00e7\u00f5es cruzadas, e o design de abertura facilita o preenchimento eficiente dos fabricantes de medicamentos.<\/li>\n<\/ul>\n<p>&nbsp;<\/p>\n<p>A ind\u00fastria de agentes de manuten\u00e7\u00e3o mec\u00e2nica<\/p>\n<p>&nbsp;<\/p>\n<ul>\n<li>Assemblem manteiga condutiva, gordura especial e revestimentos metal \u00fargicos para instrumentos eletr\u00f4nicos de precis\u00e3o. O tubo de cores gradiente e o processo de impress\u00e3o podem aumentar grandemente a imagem da marca de produtos industriais, e o design do nozzle pode ser exatamente pintado para pequenas lacunas ou jun\u00e7\u00f5es para atender \u00e0s necessidades de manuten\u00e7\u00e3o profissional.<\/li>\n<\/ul>\n<p>&nbsp;<\/p>\n<p>Ind\u00fastria industrial de pigmentos qu\u00edmicos<\/p>\n<p>&nbsp;<\/p>\n<ul>\n<li>Para pigmentos artistas de alta satura\u00e7\u00e3o, pinturas modelo, amostras de pintura de efeitos especiais ou pequenos produtos em lotes. O corpo do tubo transparente mostra visualmente cor, o nozzle \u00e9 conveniente para repara\u00e7\u00e3o detalhada ou recupera\u00e7\u00e3o de rastros, e o preenchimento de abertura \u00e9 adaptado a pequenos lotes e m\u00faltiplos modelos de produ\u00e7\u00e3o.<\/li>\n<\/ul>\n<p>&nbsp;<\/p>\n<ol start=\"4\">\n<li>Caracter\u00edsticas do produto<\/li>\n<\/ol>\n<p>&nbsp;<\/p>\n<ul>\n<li>Sistema de distribui\u00e7\u00e3o de controle de precis\u00e3o: inserimentos de nozzle coloridos s\u00e3o o n\u00facleo funcional deste produto, permitindo pintura precisa de n\u00edvel de mil\u00edmetros para todos os cen\u00e1rios que requerem manipula\u00e7\u00e3o fina, o que reduz grandemente os res\u00edduos.<\/li>\n<li>Compatibilidade de preenchimento duplo: O design \u00fanico de abertura e final suporta preenchimento e selagem autom\u00e1ticos eficientes de cauda, adequados para produ\u00e7\u00e3o em massa; Ao mesmo tempo, a frente da escupa \u00e9 f\u00e1cil de usar.<\/li>\n<li>Visual e toque de alto n\u00edvel: impress\u00e3o de cor gradiente combinada com impress\u00e3o de cor id\u00eantica 3-D cria uma textura luxuosa compar\u00e1vel aos cosm\u00e9ticos de alto n\u00edvel, rico em toque, e melhora significativamente o valor acrescentado do produto.<\/li>\n<li>Durabilidade excepcional: A combina\u00e7\u00e3o da estrutura elipsoidal e material de PE de alta qualidade d\u00e1 \u00e0 mangueira uma excelente resist\u00eancia \u00e0 ruptura e rebound, assegurando que o conte\u00fado mant\u00e9m sempre uma apar\u00eancia crisp at\u00e9 esgotado.<\/li>\n<\/ul>","protected":false},"excerpt":{"rendered":"<p><strong><b>\u00a01. Design corporal de produtos<\/b><\/strong><\/p>\n<p>&nbsp;<\/p>\n<ul>\n<li>Forma el\u00edptica ergon\u00f4mica: Diferente dos tubos circulares convencionais, ele fornece uma pegada mais est\u00e1vel e confort\u00e1vel e \u00e9 muito reconhec\u00edvel em exibi\u00e7\u00e3o.<\/li>\n<li>Sistemas de vis\u00e3o multin\u00edveis:<\/li>\n<\/ul>\n<ol>\n<li>Capa Fade: Crie um tom visual suave e moderno.<\/li>\n<li>A mesma camada de impress\u00e3o de cores: Os motivos de marca e barras de cores s\u00e3o ligeiramente elevados atrav\u00e9s do processo de impress\u00e3o, criando um contraste delicado de brilho e um toque tridimensional na luz, refletindo &#8220; luxo de baixa chave. &#8221;<\/li>\n<li>Capa de informa\u00e7\u00e3o funcional: texto de impress\u00e3o gris elegante assegura que a informa\u00e7\u00e3o necess\u00e1ria seja claramente leit\u00edvel, sendo perfeitamente integrada no design geral e n\u00e3o obstru\u00edda.<\/li>\n<\/ol>\n<ul>\n<li>Design sin\u00e9rgico de cores: A cor incorporada no nozzle pode atuar como uma liga\u00e7\u00e3o de cores entre o corpo e o tamp\u00e3o, alcan\u00e7ando uma narrativa de cores completa do corpo \u00e0 sa\u00edda, e o design \u00e9 extremamente hol\u00edstico.<\/li>\n<\/ul>\n<p>&nbsp;<\/p>\n<p>2.Avantagens dos produtos<\/p>\n<p>&nbsp;<\/p>\n<ul>\n<li>Actualizar da embalagem para &#8220; ferramenta de aplica\u00e7\u00e3o&#8221; : O design de um socket pontuado transforma a mangueira de um simples recipiente em um preciso &#8220; aplicando ferramenta,&#8221; abordando os pontos de dor de acesso inconveniente a produtos de creme e criando benef\u00edcios \u00fanicos de experi\u00eancia de usu\u00e1rios.<\/li>\n<li>Express\u00e3o de marca n\u00e3o paralela: A combina\u00e7\u00e3o de pressas de impress\u00e3o e cores gradientes proporciona uma grande tela para marcas que mostram imagens de alto n\u00edvel em espa\u00e7o de embalagem limitado, fortemente apelando aos consumidores estrangeiros conscientes do design.<\/li>\n<li>Uma forte adaptabilidade interind\u00fastria: Um conjunto de linguagem de design e configura\u00e7\u00f5es funcionais abrange sem problemas uma vasta gama de mercados, desde consumo pessoal at\u00e9 ind\u00fastria profissional, maximizando o retorno de seu investimento em molde e design.<\/li>\n<li>Cumplir altos padr\u00f5es globais: De seguran\u00e7a material a exig\u00eancias ambientais, de tend\u00eancias est\u00e9ticas a funcionalidade funcional, ela responde plenamente \u00e0s exig\u00eancias essenciais do consumidor de mercados estrangeiros importantes como Am\u00e9rica do Norte, Europa e \u00c1sia Pac\u00edfica.<\/li>\n<\/ul>\n<p>&nbsp;<\/p>\n<ol start=\"3\">\n<li>Xenarios de uso de produtos<\/li>\n<\/ol>\n<p>&nbsp;<\/p>\n<ul>\n<li>Cuidado pessoal de n\u00edvel profissional: maquilhagem profissional para artistas de maquilhagem, maquilhagem para fitioterapeutas e maquilhagem de campo para engenheiros, cujo design preciso e profissional atende \u00e0s exig\u00eancias estritas dos profissionais.<\/li>\n<li>Canais de alto n\u00edvel de retalho e isentos de impostos: Em cadeias de beleza como Sephora, Douglas ou lojas de aeroporto isentos de impostos, sua apar\u00eancia pode rapidamente sair das prateleiras, atraindo consumidores buscados pela qualidade.<\/li>\n<li>DTC (direto ao consumidor) e com\u00e9rcio electr\u00f3nico: imagens excelentes de produtos e &#8220; aplicado com precis\u00e3o - pontos de venda funcionais em uma marca&#8217; o site ou plataformas como a Amazon podem conduzir efetivamente a convers\u00e3o online e inspirar compartilhamento de caixa aberta.<\/li>\n<li>Exemplares e pacotes de viagem: Como uma pe\u00e7a de sabor ou pacote de viagem para um produto de alto n\u00edvel, seu pr\u00f3prio sentido de alto n\u00edvel refor\u00e7a a percep\u00e7\u00e3o de valor de um produto formal e refor\u00e7a a imagem da marca.<\/li>\n<li>Boutique Industrial Sales: Produtos industriais (como pinturas de modelo de alto n\u00edvel, pomadas de cuidado de instrumentos musicais) para hobbyistas, est\u00fadios e pequenas empresas. Essa embalagem pode efetivamente transmitir seu &#8220; boutique - posicionamento.<\/li>\n<\/ul>","protected":false},"featured_media":4564,"comment_status":"closed","ping_status":"closed","template":"","meta":[],"product_brand":[],"product_cat":[34],"product_tag":[],"class_list":{"0":"post-4562","1":"product","2":"type-product","3":"status-publish","4":"has-post-thumbnail","6":"product_cat-facial-treatment","8":"first","9":"instock","10":"shipping-taxable","11":"purchasable","12":"product-type-simple"},"_links":{"self":[{"href":"https:\/\/www.hongyitube.com\/pt\/wp-json\/wp\/v2\/product\/4562","targetHints":{"allow":["GET"]}}],"collection":[{"href":"https:\/\/www.hongyitube.com\/pt\/wp-json\/wp\/v2\/product"}],"about":[{"href":"https:\/\/www.hongyitube.com\/pt\/wp-json\/wp\/v2\/types\/product"}],"replies":[{"embeddable":true,"href":"https:\/\/www.hongyitube.com\/pt\/wp-json\/wp\/v2\/comments?post=4562"}],"wp:featuredmedia":[{"embeddable":true,"href":"https:\/\/www.hongyitube.com\/pt\/wp-json\/wp\/v2\/media\/4564"}],"wp:attachment":[{"href":"https:\/\/www.hongyitube.com\/pt\/wp-json\/wp\/v2\/media?parent=4562"}],"wp:term":[{"taxonomy":"product_brand","embeddable":true,"href":"https:\/\/www.hongyitube.com\/pt\/wp-json\/wp\/v2\/product_brand?post=4562"},{"taxonomy":"product_cat","embeddable":true,"href":"https:\/\/www.hongyitube.com\/pt\/wp-json\/wp\/v2\/product_cat?post=4562"},{"taxonomy":"product_tag","embeddable":true,"href":"https:\/\/www.hongyitube.com\/pt\/wp-json\/wp\/v2\/product_tag?post=4562"}],"curies":[{"name":"wp","href":"https:\/\/api.w.org\/{rel}","templated":true}]}}