{"id":4551,"date":"2026-01-29T11:04:40","date_gmt":"2026-01-29T03:04:40","guid":{"rendered":"https:\/\/www.hongyitube.com\/?post_type=product&#038;p=4551"},"modified":"2026-01-29T11:04:40","modified_gmt":"2026-01-29T03:04:40","slug":"%cf%8619-tube-with-a-10-gram-ml-capacity-heat-transfer-silk-screening-process-pe-transparent-oval-shaped-soft-tube-hongyi-plastic","status":"publish","type":"product","link":"https:\/\/www.hongyitube.com\/pt\/product\/%cf%8619-tube-with-a-10-gram-ml-capacity-heat-transfer-silk-screening-process-pe-transparent-oval-shaped-soft-tube-hongyi-plastic\/","title":{"rendered":"Tubo \u03a619 com uma capacidade de 10 gramas\/ml, processo de rastreamento de seda de transfer \u00eancia de calor, tubo mole transparente em forma oval PE- Hongyi Plastic"},"content":{"rendered":"<p>1.Descri\u00e7\u00e3o do produto<\/p>\n<p>&nbsp;<\/p>\n<p>Este produto \u00e9 um di\u00e2metro de 19 mm, 10 g\/ml de capacidade de mangueira elipsoidal transparente PE, feita de material de polietileno de alta qualidade alimentar. O corpo \u00e9 apresentado em um sistema de cores de luxo ligeiro como ouro rosa, prata, mar\u00e3o, azul ou ouro atrav\u00e9s de impress\u00e3o completa para criar uma textura visual de alto n\u00edvel. No centro da frente do corpo, um padr\u00e3o circular de impress\u00e3o de seda branca com di\u00e2metro de 20 mm \u00e9 especificamente projetado no topo da camada de tintura. A \u00e1rea circular usa um processo de lattice para mostrar o nome da marca e o logotipo na cor da cor subjacente, criando um contraste de cores \u00fanico e camada tridimensional. As \u00e1reas em branco restantes s\u00e3o complementadas por instru\u00e7\u00f5es de texto de impress\u00e3o branca, e o design geral combina uma est\u00e9tica minimalist a com uma mensagem clara. A mesma cor de inje\u00e7\u00e3o cobertor oval moldado assegura coer\u00eancia visual. Este produto \u00e9 resistente \u00e0 compress\u00e3o e n\u00e3o se deform a, e \u00e9 um recipiente de embalagens de prop\u00f3sito geral multiind\u00fastria que combina um olhar refinado e uma fun\u00e7\u00e3o pr\u00e1tica.<\/p>\n<p>&nbsp;<\/p>\n<p>&nbsp;<\/p>\n<ol start=\"2\">\n<li>Material do produto<\/li>\n<\/ol>\n<p>&nbsp;<\/p>\n<ul>\n<li>Substrato de seguran\u00e7a: O uso de grado alimentar PE (polietileno), n\u00e3o t\u00f3xico, sem gosto, alta estabilidade qu\u00edmica, em conformidade com a FDA, REACH e outros padr\u00f5es internacionais de seguran\u00e7a, adequado para o contato com a pele e todos os tipos de pasta, agente.<\/li>\n<li>Qualidade superior do material: O material \u00e9 flex\u00edvel e resistente, e pode resistir a apertura repetida sem deforma\u00e7\u00e3o ou ruptura permanente, prolongando a vida de embalagem.<\/li>\n<li>Recic\u00e1vel ambiental: o material PE \u00e9 uma vasta gama de materiais reciclables, em conson\u00e2ncia com a tend\u00eancia global de embalagens sustent\u00e1veis, para atender \u00e0s necessidades dos consumidores com forte consci\u00eancia de prote\u00e7\u00e3o ambiental.<\/li>\n<\/ul>\n<p>&nbsp;<\/p>\n<ol start=\"3\">\n<li>Uso Recomendado<\/li>\n<\/ol>\n<p>&nbsp;<\/p>\n<p>A ind\u00fastria da beleza e do cuidado da pele (tomar como exemplos as aulas de isolamento\/primo\/prote\u00e7\u00e3o solar\/escondidor)<\/p>\n<p>&nbsp;<\/p>\n<ul>\n<li>Senhoras: Linhas de ouro rosa e roseta parejadas com tubos ovales revelam eleg\u00e2ncia e estilo, perfeito para embalagens de viagem para pr\u00e9-cremes de maquilhagem de alto n\u00edvel, cremes coloridos e prote\u00ednas solares ou embalagens de edi\u00e7\u00e3o limitadas para melhorar os atributos de presente do produto.<\/li>\n<li>Homens: As linhas azuis de prata e escura mostram simplicidade e tecnologia e s\u00e3o adequadas para prote\u00e7\u00e3o solar aburrida, creme de complex\u00e3o ou polish de barba para encontrar homens&#8217; \u00e9 necessidade de cuidados de baixo impacto.<\/li>\n<li>Crian\u00e7as: Linhas azuis e mar\u00f5es brilhantes combinadas com materiais seguros podem ser usadas em crian\u00e7as a prote\u00e7\u00e3o solar ou cremas de cor leve, e o tubo oval \u00e9 mais f\u00e1cil de agarrar com as m\u00e3os pequenas.<\/li>\n<\/ul>\n<p>&nbsp;<\/p>\n<p>Ingredientes m\u00e9dicos<\/p>\n<p>&nbsp;<\/p>\n<ul>\n<li>Usado para ing\u00eancias t\u00f3picas t\u00f3picas, gelos de repara\u00e7\u00e3o de cicatrizes, etc. As cores prata e azul transmitem um sentimento profissional e limpo, e o tubo transparente facilita a observa\u00e7\u00e3o das caracter\u00edsticas e res\u00edduos do creme.<\/li>\n<\/ul>\n<p>&nbsp;<\/p>\n<p>A ind\u00fastria de agentes de manuten\u00e7\u00e3o mec\u00e2nica<\/p>\n<p>&nbsp;<\/p>\n<ul>\n<li>Para distribui\u00e7\u00e3o de lubrificantes especializados de alto valor e cremes de manuten\u00e7\u00e3o de instrumentos de precis\u00e3o. A grava\u00e7\u00e3o de ouro e prata demonstra profissionalismo e efici\u00eancia, e o corpo transparente pode intuitivamente verificar o estado do agente.<\/li>\n<\/ul>\n<p>&nbsp;<\/p>\n<p>Ind\u00fastria industrial de pigmentos qu\u00edmicos<\/p>\n<p>&nbsp;<\/p>\n<ul>\n<li>Usado na divis\u00e3o de pigmentos de grado artista, adesivos de alto n\u00edvel ou pigmentos de demonstra\u00e7\u00e3o. Diferentes cores de impress\u00e3o podem distinguir uma linha de produto ou sistema de cores, e um design transparente facilita a confirma\u00e7\u00e3o de cores.<\/li>\n<\/ul>\n<p>&nbsp;<\/p>\n<p>&nbsp;<\/p>\n<ol start=\"4\">\n<li>Caracter\u00edsticas do produto<\/li>\n<\/ol>\n<p>&nbsp;<\/p>\n<ul>\n<li>Vis\u00e3o luxuosa: Tecnologia de impress\u00e3o completa traz uma forte textura met\u00e1lica ou de cor pura, melhorando consideravelmente o n\u00edvel de embalagem e o reconhecimento.<\/li>\n<li>Processos de impress\u00e3o combinados: uma combina\u00e7\u00e3o de impress\u00f5es quentes e de seda, especialmente projetos de lattice redondo, para criar foco visual \u00fanico e pontos de mem\u00f3ria de marca.<\/li>\n<li>Alta adaptabilidade: fornecer uma variedade de cores de marca quente e op\u00e7\u00f5es de cores de cobertura, apoiar a correspond\u00eancia de profundidade do sistema da marca VI.<\/li>\n<li>Precisi\u00e3o e pr\u00e1tica: design de 10 ml de pequena capacidade adequado para alto pre\u00e7o unit \u00e1rio, instala\u00e7\u00e3o de ensaios ou produtos de dosagem precisas; O corpo do tubo oval \u00e9 f\u00e1cil de apertar, e a taxa de utiliza\u00e7\u00e3o do conte\u00fado \u00e9 alta.<\/li>\n<\/ul>","protected":false},"excerpt":{"rendered":"<ol>\n<li>Design corporal de produtos<\/li>\n<\/ol>\n<p>&nbsp;<\/p>\n<ul>\n<li>Estilo: A se\u00e7\u00e3o oval tem uma pegada mais \u00fanica do que o tubo circular, \u00e9 mais est\u00e1vel quando mostrada, e \u00e9 visualmente mais refinada e de alto n\u00edvel.<\/li>\n<li>Est\u00e9tica t\u00e9cnica: a impress\u00e3o de p\u00e1gina inteira estabelece o tom e textura de cores gerais; O centro s etiqueta circular, imprimida em seda, \u00e9 como um &#8220; distintivo personalizado,&#8221; O que destaca bem a mensagem da marca, e o processo \u00e9 complexo, e a dificuldade de falsifica\u00e7\u00e3o \u00e9 alta.<\/li>\n<li>Capa\u00e7\u00e3o de informa\u00e7\u00e3o: A principal informa\u00e7\u00e3o da marca \u00e9 real\u00e7ada por um gr\u00e1fico de elimina\u00e7\u00e3o, e o texto detalhado \u00e9 apresentado em impress\u00f5es de seda branca nos espa\u00e7os, assegurando que a informa\u00e7\u00e3o seja claramente leit\u00edvel e a disposi\u00e7\u00e3o \u00e9 limpa e ordenada.<\/li>\n<li>Coincid\u00eancia integrada: A cobertura oval reflete perfeitamente a forma do corpo e a cor da tinta para completar o aspecto geral de alto som.<\/li>\n<\/ul>\n<p>&nbsp;<\/p>\n<ol start=\"2\">\n<li>Avantagens do produto<\/li>\n<\/ol>\n<p>&nbsp;<\/p>\n<ul>\n<li>Enhance significativamente a imagem do produto: A apar\u00eancia ligeiramente impressa faz com que o produto se destaque em prateleiras ou p\u00e1ginas de com\u00e9rcio electr\u00f3nico, e \u00e9 adequado para criar cole\u00e7\u00f5es de alto n\u00edvel ou itens de f\u00e9rias limitados para a marca.<\/li>\n<li>Aplica\u00e7\u00f5es multifuncionais e transversais: De beleza do consumidor para ind\u00fastria profissional, uma embalagem atende \u00e0s necessidades de distribui\u00e7\u00e3o de m\u00faltiplos produtos de alto valor, reduzindo os custos de desenvolvimento e invent\u00e1rio.<\/li>\n<li>Excelente experi\u00eancia do usu\u00e1rio: o tubo oval encaixa na forma da palma e aperta sem esfor\u00e7o; O material transparente - design de pequena capacidade torna a quantidade e a quantidade residual claramente vis\u00edveis, melhorando o controle e a seguran\u00e7a do uso.<\/li>\n<li>Rugged: Material PE assegura boa resist\u00eancia flexural \u00e0 fadiga, assegurando que o produto mant\u00e9m a integridade do pacote durante uso repetido e carregamento.<\/li>\n<li>Consistente com tend\u00eancias internacionais: o design minimalista combinado com a textura met\u00e1lica se conforma com a luz moderna e a est\u00e9tica luxuosa que \u00e9 popular em todo o mundo; Materiales ecol\u00f3gicamente amig\u00e1veis e reciclabilidade satisfazem requisitos de desenvolvimento sustent\u00e1vel.<\/li>\n<\/ul>\n<p>&nbsp;<\/p>\n<ol start=\"3\">\n<li>Xenarios de uso de produtos<\/li>\n<\/ol>\n<p>&nbsp;<\/p>\n<ul>\n<li>Viagens e gostos de beleza de alto n\u00edvel: tornar-se um acess\u00f3rio de moda em uma mulher o saco de m\u00e3o, uma escolha pr\u00e1tica para homens em neg\u00f3cios, ou equipamento port\u00e1til para crian\u00e7a s as sa\u00eddas.<\/li>\n<li>Amostras profissionais e roupa promocional: embalagem ideal para amostras de linha alta para marcas de beleza, embalagens de ensaios de produtos farmac\u00eauticos e amostras de exibi\u00e7\u00e3o qu\u00edmica industrial para melhorar o bom sentimento da experi\u00eancia inicial com uma linda apar\u00eancia.<\/li>\n<li>Mercado de retalho e presente: Aplicado \u00e0s lojas de cole\u00e7\u00e3o de beleza, farmac\u00eauticas de designer, lojas de supermercado, etc., sua exquisita apar\u00eancia tem valor de presente.<\/li>\n<li>Est\u00fadios profissionais e obras: Tubos de pintura em um artista&#8217; Est\u00fadio, sacos especializados de gordura em um engenheiro s caixa de ferramentas, funcional e profissional.<\/li>\n<\/ul>","protected":false},"featured_media":4556,"comment_status":"closed","ping_status":"closed","template":"","meta":[],"product_brand":[],"product_cat":[34],"product_tag":[],"class_list":{"0":"post-4551","1":"product","2":"type-product","3":"status-publish","4":"has-post-thumbnail","6":"product_cat-facial-treatment","8":"first","9":"instock","10":"shipping-taxable","11":"purchasable","12":"product-type-simple"},"_links":{"self":[{"href":"https:\/\/www.hongyitube.com\/pt\/wp-json\/wp\/v2\/product\/4551","targetHints":{"allow":["GET"]}}],"collection":[{"href":"https:\/\/www.hongyitube.com\/pt\/wp-json\/wp\/v2\/product"}],"about":[{"href":"https:\/\/www.hongyitube.com\/pt\/wp-json\/wp\/v2\/types\/product"}],"replies":[{"embeddable":true,"href":"https:\/\/www.hongyitube.com\/pt\/wp-json\/wp\/v2\/comments?post=4551"}],"wp:featuredmedia":[{"embeddable":true,"href":"https:\/\/www.hongyitube.com\/pt\/wp-json\/wp\/v2\/media\/4556"}],"wp:attachment":[{"href":"https:\/\/www.hongyitube.com\/pt\/wp-json\/wp\/v2\/media?parent=4551"}],"wp:term":[{"taxonomy":"product_brand","embeddable":true,"href":"https:\/\/www.hongyitube.com\/pt\/wp-json\/wp\/v2\/product_brand?post=4551"},{"taxonomy":"product_cat","embeddable":true,"href":"https:\/\/www.hongyitube.com\/pt\/wp-json\/wp\/v2\/product_cat?post=4551"},{"taxonomy":"product_tag","embeddable":true,"href":"https:\/\/www.hongyitube.com\/pt\/wp-json\/wp\/v2\/product_tag?post=4551"}],"curies":[{"name":"wp","href":"https:\/\/api.w.org\/{rel}","templated":true}]}}