{"id":4539,"date":"2026-01-29T10:55:23","date_gmt":"2026-01-29T02:55:23","guid":{"rendered":"https:\/\/www.hongyitube.com\/?post_type=product&#038;p=4539"},"modified":"2026-01-29T10:56:24","modified_gmt":"2026-01-29T02:56:24","slug":"%cf%8630mm-tube-diameter-50-grams-ml-pe-square-shoulder-curved-finish-sealed-tube-packaging-material-container-bottle-hongyi-plastic","status":"publish","type":"product","link":"https:\/\/www.hongyitube.com\/pt\/product\/%cf%8630mm-tube-diameter-50-grams-ml-pe-square-shoulder-curved-finish-sealed-tube-packaging-material-container-bottle-hongyi-plastic\/","title":{"rendered":"\u03a630mm tubo di\u00e2metro, 50 gramas\/ml, ombro quadrado de PE, termina\u00e7\u00e3o curva, material de embalagem de tubo selado\/recipiente\/garrafa- Hongyi Plastic"},"content":{"rendered":"<ol>\n<li>Descri\u00e7\u00e3o do produto<\/li>\n<\/ol>\n<p>&nbsp;<\/p>\n<p>Este produto \u00e9 um tubo de di\u00e2metro de 30 mm de mangueira de ombro quadrangular PE com uma capacidade padr\u00e3o de 50 g\/ml. \u00c9 projetado com a filosofia de &#8220; luxo moderno suave e \u00e9 projetado para criar uma imagem de marca de alto n\u00edvel que combina poder autorit\u00e1rio com detalhes humanos. O corpo usa um substrato de mat\u00e9 branco puro e carrega texto funcional apenas com uma impress\u00e3o de seda cinza fria, demonstrando o n\u00facleo racional. O nome da marca e o nome do produto s\u00e3o apresentados em um processo sofisticado de queimadura de ouro, como se fossem inscri\u00e7\u00f5es em um livro de cole\u00e7\u00e3o. Sua estrutura de ombro quadrangular ic\u00f4nica se forma em conjunto com o corpo, dando ao produto um contorno escultural, tridimensional. O projeto inovador de fechamento circular injeta uma curvatura suave e suave na cauda, mostrando tenderez na perseveran\u00e7a. Funcionalmente, est\u00e1 equipado com um inserimento preciso de nozzle apontado, e \u00e9 parejado com uma manga eletropl\u00e1tada com a mesma forma de ombro quadrado para formar uma forma unificada. Usando um material pr\u00e9-preenchimento e um selo de cola, o material \u00e9 superior e suporta aperta\u00e7\u00e3o repetida sem deforma\u00e7\u00e3o.<\/p>\n<p>&nbsp;<\/p>\n<ol start=\"2\">\n<li>Material e artesanato de produtos<\/li>\n<\/ol>\n<p>&nbsp;<\/p>\n<ul>\n<li>Material e estrutura de base corporal do tubo: o uso de alimentos de alta densidade, alimentos de alta resili\u00eancia\/material composto PE de grado farmac\u00eautico, a estrutura quadrada do ombro atrav\u00e9s da inje\u00e7\u00e3o de molde de precis\u00e3o, para assegurar a linha de bordo limpa. O fim circular usa tecnologia especial de selagem de calor, o selo \u00e9 forte, e a linha \u00e9 redonda e livre de espinhas.<\/li>\n<li>Tratamento de superf\u00edcie e impress\u00e3o: uma superf\u00edcie de mat\u00e9 branco com um toque delicado, anti-deslizamento e impress\u00e3o anti-dedo. Impress\u00e3o gris garante uma clareza duradoura da informa\u00e7\u00e3o. O processo de tintura de ouro usa alum\u00ednio eletrol\u00edtico ecol\u00f3gico com uma resist\u00eancia rica \u00e0 cor e abra\u00e7\u00e3o.<\/li>\n<li>Cap\u00edtulo quadrangular eletroplado do ombro: A tampa \u00e9 a mesma linguagem que a linguagem do design do corpo, a superf\u00edcie \u00e9 eletropladada avan\u00e7ada (por exemplo, ouro eletropladado, cromo eletropladado, arma eletroplatina preta), o lustro \u00e9 longo e o selo \u00e9 bom.<\/li>\n<li>Seguran\u00e7a e sustentabilidade: Todos os materiais cumprem as regras de seguran\u00e7a nos mercados internacionais principais. Material de PE reciclado, design minimalista e fechamento de arco reduzem a agress\u00e3o visual e t\u00e1ctil da embalagem.<\/li>\n<\/ul>\n<p>&nbsp;<\/p>\n<ol start=\"3\">\n<li>Uso recomendado do produto<\/li>\n<\/ol>\n<p>&nbsp;<\/p>\n<p>A ind\u00fastria da beleza e do cuidado da pele<\/p>\n<p>&nbsp;<\/p>\n<ul>\n<li>Mulheres mercado s: ideal para ser\u00f5es anti-envelhecimento, cremes de alto desempenho e prote\u00e7\u00e3o solar altamente multiplicada. A combina\u00e7\u00e3o de mat\u00e9 branco e ouro transmitido &#8220; puro luxo,&#8221; O fechamento arredondado melhorou o conforto e a seguran\u00e7a no interior do saco, evitando arranque de outros itens, e a aten\u00e7\u00e3o \u00e0s mulheres foi mostrada em detalhe.<\/li>\n<li>Homens mercado: Para homens produtos de cuidado da pele de alto n\u00edvel, cremes faciais de grau profissional. Os ombros quadrados e a cobertura eletropl\u00e1tada demonstram for\u00e7a e tecnologia, enquanto o fecho redondado equilibra o visual excessivamente r\u00edgido e adiciona um toque de refinamento ao sabor subduzido da elite moderna.<\/li>\n<li>Crian\u00e7as s Market: Flagship product packaging for high-end children&#8217; \u00e9 marca de cuidado da pele. O fim circular e curvo \u00e9 essencial para eliminar os riscos potenciais representados por cantos afiados e proporcionar um toque absoluto seguro, enquanto branco e ouro continuam a percep\u00e7\u00e3o pura e preciosa.<\/li>\n<\/ul>\n<p>&nbsp;<\/p>\n<p>Ingredientes m\u00e9dicos<\/p>\n<p>&nbsp;<\/p>\n<ul>\n<li>Usado em produtos de alta prescri\u00e7\u00e3o dermatol\u00f3gica e s\u00e9rios p\u00f3s-operat\u00f3rios de repara\u00e7\u00e3o. A apar\u00eancia racional e profissional aumenta a confian\u00e7a, e o fim redondo torna o produto mais seguro e mais suave quando passado e tomado nas m\u00e3os de pacientes ou cuidadores, refletindo a humaniza\u00e7\u00e3o do cuidado m\u00e9dico.<\/li>\n<\/ul>\n<p>&nbsp;<\/p>\n<p>A ind\u00fastria de agentes de manuten\u00e7\u00e3o mec\u00e2nica<\/p>\n<p>&nbsp;<\/p>\n<ul>\n<li>Assemblem produtos de cuidado de luxo e lubricantes especiais para instrumentos de precis\u00e3o. O corpo firme e quadrado de ombro com um extremo arcado \u00e9 como um tratamento racionalizado em um instrumento de precis\u00e3o, o que melhora a beleza e o conforto geral da ferramenta enquanto demonstra o profissionalismo.<\/li>\n<\/ul>\n<p>&nbsp;<\/p>\n<p>Ind\u00fastria industrial de pigmentos qu\u00edmicos<\/p>\n<p>&nbsp;<\/p>\n<ul>\n<li>Para pigmentos de cores limitados e adesivos avan\u00e7ados. O design do final arredondado torna a mangueira mais suave ao rodar no artista. \u00e9 um banco de trabalho cheio e torna mais f\u00e1cil conectar outros itens, equilibrar a est\u00e9tica com as necessidades pr\u00e1ticas do est\u00fadio.<\/li>\n<\/ul>\n<p>&nbsp;<\/p>\n<ol start=\"4\">\n<li>Caracter\u00edsticas do produto<\/li>\n<\/ol>\n<p>&nbsp;<\/p>\n<ul>\n<li>Uma filosofia mistura de &#8220; for\u00e7a e beleza : a estrutura quadrangular do ombro representa for\u00e7a, ordem e confian\u00e7a; O fim redondo representa suavidade, seguran\u00e7a e completa\u00e7\u00e3o. Os dois combinam para criar uma personalidade \u00fanica de produto que apela tanto aos consumidores racionais que buscam desempenho e design, como aos usu\u00e1rios emocionais que se preocupam com seguran\u00e7a e experi\u00eancia.<\/li>\n<li>Super artesanato em extrema simplicidade: Em um sistema visual minimalist a, ouro quente e focos circulares s\u00e3o os dois pontos focais que destacam a profundidade da artesanidade. A cor dourada reflete o valor da marca, e o fechamento circular reflete a sofistica\u00e7\u00e3o da ergonomia, que juntos sustentam a qualidade luxuosa.<\/li>\n<li>Controlo da dose de precis\u00e3o em toda a cena: A seringa apontada assegura controle de n\u00edvel de mil\u00edmetros desde o cuidado da pele at\u00e9 o trabalho de precis\u00e3o, enquanto a cauda curva otimiza o conforto ao apertar a cauda, permitindo que o conte\u00fado esgote.<\/li>\n<li>Experi\u00eancia optimizada de seguran\u00e7a e manejo: O extremo arredondado evita completamente os arranhos de sacos ou desconforto de seguran\u00e7a que extremos afiados tradicionais podem causar, tornando o produto mais amig\u00e1vel e mais f\u00e1cil de manejar em qualquer ambiente.<\/li>\n<\/ul>\n<p>&nbsp;<\/p>","protected":false},"excerpt":{"rendered":"<ol>\n<li>Design corporal de produtos<\/li>\n<\/ol>\n<p>&nbsp;<\/p>\n<ul>\n<li>narrativas formadas: De autoridade para afinidade: Design a narrativa virada de cima para baixo &#8211; Um ombro quadrado e uma cobertura eletropl\u00e1tada no topo mostram autoridade e tecnologia; O mat\u00e9 branco e ouro de ouro do corpo revelam pureza e valor; O fim redondado da cauda \u00e9 baseado na seguran\u00e7a, conforto e cumprimento. Esse pensamento racionalizado de design melhora a completa\u00e7\u00e3o global do produto.<\/li>\n<li>Humanizar os detalhes: O fim arredondado n\u00e3o \u00e9 apenas uma escolha de estilo, mas tamb\u00e9m um importante design de experi\u00eancia de usu\u00e1rio. Significa que enquanto a marca est\u00e1 perseguindo est\u00e9tica, ela n\u00e3o ignora todos os pontos de toque do produto em um caso de uso real.<\/li>\n<li>Linguagem familiar sistem\u00e1tica: Mesmo com a adi\u00e7\u00e3o de um elemento de arco, as caracter\u00edsticas corporais dos ombros quadrados e a conjun\u00e7\u00e3o da cobertura eletropladada mant\u00eam um forte reconhecimento familiar. O final circular se torna um ponto de mem\u00f3ria de detalhe ic\u00f4nico para a s\u00e9rie.<\/li>\n<\/ul>\n<p>&nbsp;<\/p>\n<ol start=\"2\">\n<li>Avantagens do produto<\/li>\n<\/ol>\n<p>&nbsp;<\/p>\n<ul>\n<li>Construir uma imagem de marca mais inclusiva e mais quente: Ao manter o tom de autoridade e luxo, a adi\u00e7\u00e3o de um fecho circular transmite a marca&#8217; a preocupa\u00e7\u00e3o pelo usu\u00e1rio, ampliando a marca o espectro emocional e apelando a uma base de consumidores mais ampla.<\/li>\n<li>Significantemente melhora o uso pr\u00e1tico e o carregamento de amizade: aborda os pontos de dor da m\u00e3o aguda esmagando no final da mangueira tradicional, e \u00e9 especialmente adequado para uso em sacos de m\u00e3o de alto n\u00edvel, sacos de maquilhagem, ou sacos corporais, protege outros itens contra danos, e melhora da satisfa\u00e7\u00e3o dos usu\u00e1rios.<\/li>\n<li>Construir barreiras competitivas em detalhe: Quando muitas marcas se focam na frente do corpo, a artesanidade dos detalhes da cauda se torna uma poderosa demonstra\u00e7\u00e3o da marca&#8217; \u00e9 mais al\u00e9m das fronteiras, e pode ganhar elogio em avalia\u00e7\u00e3o profissional e dissemina\u00e7\u00e3o de palavras de boca.<\/li>\n<li>Atende perfeitamente \u00e0 nova defini\u00e7\u00e3o de &#8220; centrado em pessoas; luxo: o luxo moderno est\u00e1 cada vez mais focado em experi\u00eancias \u00edntimas, confort\u00e1veis e exclusivas. O selo circular \u00e9 a incorpora\u00e7\u00e3o f\u00edsica deste &#8220; luxo interior  and &#8220; considera\u00e7\u00e3o pessoal,&#8221; que \u00e9 altamente compat\u00edvel com os valores dos consumidores de alto n\u00edvel.<\/li>\n<\/ul>\n<p>&nbsp;<\/p>\n<ol start=\"3\">\n<li>Xenarios de uso de produtos<\/li>\n<\/ol>\n<p>&nbsp;<\/p>\n<ul>\n<li>Viagens de alto n\u00edvel e neg\u00f3cios: O encerramento arredondado faz com que seja uma grande escolha para os viajantes porque os deixa desconcertados com coisas valiosas como seda e couro em uma mala compact a ou bolsa de luxo.<\/li>\n<li>Almac\u00f5es de m\u00e3e e crian\u00e7a de alto n\u00edvel e cuidados dom\u00e9sticos: Em centros de cuidados de m\u00e3e e crian\u00e7a que enfatizam a seguran\u00e7a e qualidade, o design circular \u00e9 uma prova intuitiva de sua seguran\u00e7a e rapidamente ganha o favor dos pais.<\/li>\n<li>Spas e suprimentos de hotel de alto n\u00edvel: Cada toque de um produto precisa ser perfeito em um ambiente relaxante para os convidados. O toque suave fornecido pelo fim arredondado proporciona uma melhoria sutil na experi\u00eancia geral de cura.<\/li>\n<li>The &#8220; detalhes de vidro de magnifica\u00e7\u00e3o - comercializa\u00e7\u00e3o de produtos de com\u00e9rcio electr\u00f3nico: Na p\u00e1gina de detalhes do produto, o p\u00e9 circular pode ser usado como uma part e focada do &#8220; detalhes de artesanato  and &#8220; design humano,&#8221; efetivamente comunicando a marca tem altos padr\u00f5es atrav\u00e9s de gr\u00e1ficos de contraste ou v\u00eddeos fechados.<\/li>\n<li>D\u00e3o: Como presente, o design circular faz com que o produto se sinta melhor, e o primeiro toque quando tirado da embalagem externa \u00e9 cheio de refina\u00e7\u00e3o e pensamento.<\/li>\n<\/ul>","protected":false},"featured_media":4547,"comment_status":"closed","ping_status":"closed","template":"","meta":[],"product_brand":[],"product_cat":[34],"product_tag":[],"class_list":{"0":"post-4539","1":"product","2":"type-product","3":"status-publish","4":"has-post-thumbnail","6":"product_cat-facial-treatment","8":"first","9":"instock","10":"shipping-taxable","11":"purchasable","12":"product-type-simple"},"_links":{"self":[{"href":"https:\/\/www.hongyitube.com\/pt\/wp-json\/wp\/v2\/product\/4539","targetHints":{"allow":["GET"]}}],"collection":[{"href":"https:\/\/www.hongyitube.com\/pt\/wp-json\/wp\/v2\/product"}],"about":[{"href":"https:\/\/www.hongyitube.com\/pt\/wp-json\/wp\/v2\/types\/product"}],"replies":[{"embeddable":true,"href":"https:\/\/www.hongyitube.com\/pt\/wp-json\/wp\/v2\/comments?post=4539"}],"wp:featuredmedia":[{"embeddable":true,"href":"https:\/\/www.hongyitube.com\/pt\/wp-json\/wp\/v2\/media\/4547"}],"wp:attachment":[{"href":"https:\/\/www.hongyitube.com\/pt\/wp-json\/wp\/v2\/media?parent=4539"}],"wp:term":[{"taxonomy":"product_brand","embeddable":true,"href":"https:\/\/www.hongyitube.com\/pt\/wp-json\/wp\/v2\/product_brand?post=4539"},{"taxonomy":"product_cat","embeddable":true,"href":"https:\/\/www.hongyitube.com\/pt\/wp-json\/wp\/v2\/product_cat?post=4539"},{"taxonomy":"product_tag","embeddable":true,"href":"https:\/\/www.hongyitube.com\/pt\/wp-json\/wp\/v2\/product_tag?post=4539"}],"curies":[{"name":"wp","href":"https:\/\/api.w.org\/{rel}","templated":true}]}}