{"id":4530,"date":"2026-01-29T10:45:30","date_gmt":"2026-01-29T02:45:30","guid":{"rendered":"https:\/\/www.hongyitube.com\/?post_type=product&#038;p=4530"},"modified":"2026-01-29T10:46:41","modified_gmt":"2026-01-29T02:46:41","slug":"30mm-diameter-50-grams-ml-powder-yellow-gradient-matte-finish-square-shoulder-pe-soft-tube-packaging-material-individual-packaging-bottle-hongyi-plastic","status":"publish","type":"product","link":"https:\/\/www.hongyitube.com\/pt\/product\/30mm-diameter-50-grams-ml-powder-yellow-gradient-matte-finish-square-shoulder-pe-soft-tube-packaging-material-individual-packaging-bottle-hongyi-plastic\/","title":{"rendered":"Di\u00e2metro de 30 mm, 50 gramas\/ml, p\u00f3\/gradiente amarelo, acabamento de mat\u00e9, ombro quadrado, material de embalagem de tubos moles PE, embalagem individual - Hongyi Plastic"},"content":{"rendered":"<ol>\n<li>Descri\u00e7\u00e3o do produto<\/li>\n<\/ol>\n<p>&nbsp;<\/p>\n<p>Este produto \u00e9 uma mangueira de ombro quadriangular PE de di\u00e2metro de 30 mm com capacidade padr\u00e3o de 50 g\/ml. \u00c9 um sistema de embalagem integrado projetado para marcas avan\u00e7adas que combinam est\u00e9tica futurista, comunica\u00e7\u00e3o emocional e desempenho profissional. O corpo \u00e9 baseado numa luz branca s\u00f3lida, e a impress\u00e3o rosa vibrante muda de cor, formando um fluxo visual e emocional de suave a brilhante. O logotipo de base apresenta o nome do produto com um processo de impress\u00e3o de prata laser brilhante, criando um efeito din\u00e2mico do arco-\u00edris em luz diferente, colocando o tom t\u00e9cnico. - Inovativamente, as impress\u00f5es de seda cinza e roxa s\u00e3o sistematicamente usadas debaixo do ombro e no lado oposto &#8211; Tr\u00eas filas de slogans promocionais na frente transmitem a mensagem fundamental no formato de t\u00edtulo da revista, enquanto instru\u00e7\u00f5es e par\u00e2metros s\u00e3o claramente mostrados ao contr\u00e1rio, criando uma arquitetura de informa\u00e7\u00e3o que est\u00e1 interligada entre racionalidade e emo\u00e7\u00e3o. A estrutura de ombro quadrangular ic\u00f4nica e o screwdriver de cor eletroplada id\u00eanticos refor\u00e7am o sentimento arquitet\u00f4nico e a integridade do produto, com um socket apontado para controle preciso. O processo inteiro de pr\u00e9-preenchimento e selagem da cola \u00e9 usado, e o material \u00e9 duro e suporta aperta\u00e7\u00e3o repetida sem deforma\u00e7\u00e3o.<\/p>\n<p>&nbsp;<\/p>\n<ol start=\"2\">\n<li>Material e artesanato de produtos<\/li>\n<\/ol>\n<p>&nbsp;<\/p>\n<ul>\n<li>Estrutura corporal do tubo e material de base: material composto de PE de alta for\u00e7a, atrav\u00e9s da moldura de precis\u00e3o para alcan\u00e7ar estrutura angular quadrada do ombro, para assegurar que a forma ap\u00f3s preenchimento direto e est\u00e1vel.<\/li>\n<li>Processos compostos de tratamento de superf\u00edcie:<\/li>\n<li>Impress\u00e3o rosa desaparece: atinge alta satura\u00e7\u00e3o desaparece em um substrato de mat\u00e9 branco, e o mat\u00e9 \u00e9 altamente texturado e resistente \u00e0s impress\u00f5es digitais.<\/li>\n<li>Impress\u00e3o de prata laser: Aluminio eletrol\u00edtico laser especial \u00e9 usado para alcan\u00e7ar um efeito metal impressionante, injetando atra\u00e7\u00e3o futurista e m\u00edstica na marca.<\/li>\n<li>Impress\u00f5es de seda cinzenta e roxa: Usem uma tinta cinzenta e roxa baixo saturada e altamente reconhec\u00edvel para gradualmente contrastar com rosa e amarela para garantir informa\u00e7\u00e3o clara e um estilo unificado.<\/li>\n<li>A cobertura do ombro quadrangular eletroplada: A cobertura responde \u00e0 estrutura corporal, e a superf\u00edcie \u00e9 sujeita a eletroplata\u00e7\u00e3o de alta precis\u00e3o (como prata brilhante, cinza espacial), refor\u00e7ando a textura t\u00e9cnica geral e a selabilidade.<\/li>\n<li>Seguro e sustent\u00e1vel: Todos os materiais cumprem as regras internacionais de seguran\u00e7a (por exemplo, FDA, REACH). Material PE pode ser reciclado, tinta ecol\u00f3gica e processo de cobertura de acordo com padr\u00f5es de produ\u00e7\u00e3o sustent\u00e1veis cada vez mais rigorosos.<\/li>\n<\/ul>\n<p>&nbsp;<\/p>\n<ol start=\"3\">\n<li>Uso recomendado do produto<\/li>\n<\/ol>\n<p>&nbsp;<\/p>\n<p>A ind\u00fastria da beleza e do cuidado da pele<\/p>\n<p>&nbsp;<\/p>\n<ul>\n<li>Mercado das senhoras: perfeito para &#8220; manh\u00e3 C noite A&#8221; - combina\u00e7\u00e3o de ess\u00eancia (dia VC brilhando \/ noite A anti-envelhecimento de \u00e1lcool), maquilhagem antes do leite, creme h\u00famido multifuncional. A cor amarela progressiva proporciona o ritmo da vitalidade do dia e manuten\u00e7\u00e3o da noite, a impress\u00e3o de prata laser destaca a tecnologia dos ingredientes, e um endosc\u00f3pio apontado controla exatamente a quantidade de ingredientes altamente ativos. - As fun\u00e7\u00f5es de separa\u00e7\u00e3o de texto cinza e violeta como declara\u00e7\u00e3o e par\u00e2metro racional para satisfazer as necessidades da parte constitutiva.<\/li>\n<li>Homens s Mercado: Para homens s \u00e9rios faciais multiefeitos, gelas de repara\u00e7\u00e3o esportiva e cremes de cabelo pl\u00e1stico de alto n\u00edvel. A imagem de um homem saud\u00e1vel e tecnol\u00f3gico-sabio foi criada enfatizando uma \u00e1rea amarela em mudan\u00e7a com uma cobertura eletropl\u00e1tica dura e uma estrutura quadrada de ombro. A promo\u00e7\u00e3o cinza-p\u00farpura no ombro aborda os pontos de dor do consumo masculino com slogans simples e poderosos como &#8220; 72 H Hydration Lock. &#8221;<\/li>\n<li>Crian\u00e7as s mercado: embalagem para linhas de cuidado da pele de jovens (como gelos de controle de petr\u00f3leo) e crian\u00e7as&#8217; \u00e9 lot\u00f5es de prote\u00e7\u00e3o solar. A cor gradiente apela a audi\u00eancias mais jovens, o efeito laser acrescenta divertido, e a \u00e1rea de texto cinza e violeta pode imprimir instru\u00e7\u00f5es claras de seguran\u00e7a e \u00edcones divertidos, equilibrar a atratividade com a confian\u00e7a dos pais.<\/li>\n<\/ul>\n<p>&nbsp;<\/p>\n<p>Ingredientes m\u00e9dicos<\/p>\n<p>&nbsp;<\/p>\n<ul>\n<li>\u00c9 adequado para maquilhagem farmac\u00eautica funcional de alto n\u00edvel, como s\u00e9rios complexos de reanima\u00e7\u00e3o \u00e1cida e gelos de repara\u00e7\u00e3o de fatores de crescimento. A cor gradiente e o design laser reduzem o medo da droga e apelam aos usu\u00e1rios mais jovens; O endosc\u00f3pio apontado permite um desmoronamento preciso da \u00e1rea afetada; Os par\u00e2metros detalhados (p.ex. valor pH, concentra\u00e7\u00e3o de atividade) da \u00e1rea cinza-violeta do lado oposto fornecem uma aprova\u00e7\u00e3o profissional e rigorosa da confian\u00e7a.<\/li>\n<\/ul>\n<p>&nbsp;<\/p>\n<p>A ind\u00fastria de agentes de manuten\u00e7\u00e3o mec\u00e2nica<\/p>\n<p>&nbsp;<\/p>\n<ul>\n<li>Empaquetamento de produtos de cuidado de dispositivos inteligentes para a comunidade de fabricantes e geeks, como pasta de limpeza de cabe\u00e7a da impressora 3D, lubricante motor UAV, fluido de manuten\u00e7\u00e3o perif\u00e9rica esportiva. Seu design inspirado em ciberpunk se encaixa bem com este grupo, e as \u00e1reas de par\u00e2metros cinzentos e roxo permitem imprimir diretamente especifica\u00e7\u00f5es t\u00e9cnicas (como viscosidade, condutividade t\u00e9rmica), que \u00e9 tanto est\u00e9tica como profissionalmente projetada.<\/li>\n<\/ul>\n<p>&nbsp;<\/p>\n<p>Ind\u00fastria industrial de pigmentos qu\u00edmicos<\/p>\n<p>&nbsp;<\/p>\n<ul>\n<li>Para efeitos especiais pigmentos (como mudan\u00e7a de temperatura, mudan\u00e7a de luz), pinturas de modelo de alto n\u00edvel e pinturas de projeto industrial. O efeito progressivo e radiante da embalagem \u00e9 uma previs\u00e3o do produto. a s caracter\u00edsticas, e as \u00e1reas de instru\u00e7\u00e3o cinzenta e roxa podem detalhar dados chave como a mistura de propor\u00e7\u00f5es e tempos de cura, que servem como guia de trabalho para usu\u00e1rios profissionais.<\/li>\n<\/ul>\n<p>&nbsp;<\/p>\n<ol start=\"4\">\n<li>Caracter\u00edsticas do produto<\/li>\n<\/ol>\n<p>&nbsp;<\/p>\n<ul>\n<li>Sistemas de comunica\u00e7\u00e3o sensorial em tr\u00eas dimens\u00f5es:<\/li>\n<li>Capa emocional visual (fade rosa): emo\u00e7\u00f5es positivas que inspiram otimismo e vitalidade.<\/li>\n<li>Capa Visual Focus (Laser Silver Burning): Criar pontos din\u00e2micos e misteriosos de apelo tecnol\u00f3gico e mem\u00f3ria.<\/li>\n<li>Capa de racionalidade visual (impress\u00f5es de seda cinzenta e roxa): transmiss\u00e3o clara e calma de informa\u00e7\u00e3o b\u00e1sica e par\u00e2metros profissionais.<\/li>\n<li>Uma form a unidimensional incorporada: O corpo quadrangular do tubo de ombro e o mesmo tipo de cobertura de eletroplata formam um m\u00f3dulo geom\u00e9trico completo e s\u00f3lido, comunicando os atributos do produto de &#8220; ferramentas de precis\u00e3o  and &#8220; objetos do futuro,&#8221; muito al\u00e9m do sentimento barato da mangueira tradicional.<\/li>\n<li>Gest\u00e3o de conte\u00fado de precis\u00e3o: Os afijadores est\u00e3o no n\u00facleo da fun\u00e7\u00e3o, assegurando a entrega precisa, ponto a ponto, de conte\u00fado de alta precis\u00e3o (seja um soro ou um adesivo) com res\u00edduos zero.<\/li>\n<li>Design narrativo orientado para a comunidade: tr\u00eas filas de slogans promocionais cinza e violeta debaixo do ombro, usando a l\u00edngua de t\u00edtulo da revista (por exemplo, The Dawn Serum,&#8221; &#8220;72-Hour Shield&#8221;), f\u00e1cil de citar e espalhar na m\u00eddia social, ajudando as hist\u00f3rias das marcas a tornar virales.<\/li>\n<\/ul>\n<p>&nbsp;<\/p>","protected":false},"excerpt":{"rendered":"<ol>\n<li>Design corporal de produtos<\/li>\n<\/ol>\n<p>&nbsp;<\/p>\n<ul>\n<li>Disposi\u00e7\u00e3o estrat\u00e9gica do sistema de cores:<\/li>\n<li>Gradiente rosa (fundo emocional extenso): cobre o sujeito corporal e \u00e9 respons\u00e1vel pela atra\u00e7\u00e3o de primeira vista e ambiente emocional.<\/li>\n<li>prata radiante (foco do logotipo central): localizada no centro visual, \u00e9 a maior express\u00e3o de luz de uma marca&#8217; \u00e9 senso tecnol\u00f3gico e singularidade.<\/li>\n<li>Vermelho-cinza (vetor de informa\u00e7\u00e3o funcional): distribu\u00eddo nos ombros e no lado oposto, atua como um racional &#8220; voz que dialoga com um sensual fundo  and &#8220; foco para formar uma narrativa completa.<\/li>\n<li>L\u00f3gica funcional para a partilha de informa\u00e7\u00e3o:<\/li>\n<li>Zona A (Zona de Promo\u00e7\u00e3o das Escaladas): Linguagem curta e poderosa como o slogan para comunica\u00e7\u00e3o r\u00e1pida e etiquetagem da m\u00eddia social.<\/li>\n<li>Zona B (Zona de Instru\u00e7\u00e3o na parte de tr\u00e1s): Par\u00e2metros t\u00e9cnicos detalhados e diretrizes de uso para estabelecer confian\u00e7a profissional e conformidade.<\/li>\n<li>Simbolismo da forma: Os ombros quadrados representam ordem, precis\u00e3o e for\u00e7a; A transi\u00e7\u00e3o do arco e a transi\u00e7\u00e3o de cores representam fluxo, energia e mudan\u00e7a. A combina\u00e7\u00e3o dos dois simboliza a marca o equil\u00edbrio perfeito entre tecnologia rigorosa e inova\u00e7\u00e3o din\u00e2mica.<\/li>\n<\/ul>\n<p>&nbsp;<\/p>\n<ol start=\"2\">\n<li>Avantagens do produto<\/li>\n<\/ol>\n<p>&nbsp;<\/p>\n<ul>\n<li>Construir um blockchain&#8221; Um design incorpora cores emotivas que apelam \u00e0s massas, detalhes radiantes tecnol\u00f3gicos que apelam aos entusiastas da cadeia bloqueada, e informa\u00e7\u00e3o param\u00e9trica que construi confian\u00e7a profissional, alcan\u00e7ando um mercado amplo do consumidor m\u00e9dio ao profissional.<\/li>\n<li>Criar embalagens sociais nativos Para a auto-promo\u00e7\u00e3o: beleza radiante, din\u00e2mica, slogans promocionais de t\u00edtulo de revista, e grandes belezas tornam-na naturalmente adequada para ser fotografada e compartilhada em Instagram, TikTok e Red Book, reduzindo grandemente os custos de marketing e melhorando a efici\u00eancia da comunica\u00e7\u00e3o.<\/li>\n<li>Realizar visualiza\u00e7\u00e3o e percep\u00e7\u00e3o do valor do produto: atrav\u00e9s do design, abstrato &#8220; sentido tecnol\u00f3gico,&#8221;  &#8220; alto desempenho,&#8221;  &#8220; profissionalismo \u00e9 traduzido em elementos visuais concretos (prata laser, ombros quadrangulares, tabelas de par\u00e2metros) para que os consumidores possam perceber intuitivamente o valor do produto antes de comprar.<\/li>\n<li>Construir comunica\u00e7\u00e3o ao longo do ciclo de vida do produto: na fase de compra, gradientes e lasers atraem aten\u00e7\u00e3o; Na fase de uso, a compress\u00e3o nasal apertada proporciona uma experi\u00eancia excepcional; Na fase de repurchase ou recomenda\u00e7\u00e3o, o design de par\u00e2metros profissionais consolida a confian\u00e7a. O embalagem desempenha um papel de comunica\u00e7\u00e3o fundamental ao longo da jornada dos usu\u00e1rios.<\/li>\n<\/ul>\n<p>&nbsp;<\/p>\n<ol start=\"3\">\n<li>Xenarios de uso de produtos<\/li>\n<\/ol>\n<p>&nbsp;<\/p>\n<ul>\n<li>Trendy beauty collection stores and tech consumer stores: In a tech retail store like Sephora or B8TA, the design fits seamlessly, appealing to cross-border consumers who seek beauty and effectiveness.<\/li>\n<li>V\u00eddeo de streaming ao vivo e de caixa aberta: Sob ilumina\u00e7\u00e3o ao vivo, o efeito laser produzir\u00e1 uma reflex\u00e3o maravilhosa, que \u00e9 um grande ponto de flash visual para as ancoras mostrarem seus produtos; A \u00e1rea detalhada de par\u00e2metros tamb\u00e9m proporciona uma riqueza de material explicativo para ancoras.<\/li>\n<li>Fais profissionais e semin\u00e1rios da ind\u00fastria: Em feiras de beleza tecnol\u00f3gica ou feiras de design industrial, o produto pode servir como cart\u00e3o de vistas f\u00edsico para a marca&#8217; a for\u00e7a t\u00e9cnica e capacidades de design, atraindo parceiros e m\u00eddia da ind\u00fastria.<\/li>\n<li>Caixa de subscri\u00e7\u00e3o e nome conjunto limitado: Como uma caixa de beleza mensal ou embalagem de produtos co-marcados com marcas tecnol\u00f3gicas e IP de anima\u00e7\u00e3o, sua singularidade e desempenho t\u00f3pico aumentam grandemente a surpresa e o valor da caixa de presente.<\/li>\n<li>Criativos - banco de trabalho e cria\u00e7\u00e3o de conte\u00fado no palco de tr\u00e1s: estar presente no espa\u00e7o de trabalho de um blogueiro de v\u00eddeo, designer gr\u00e1fico ou engenheiro \u00e9 por si mesmo uma declara\u00e7\u00e3o do dono&#8217; s est\u00e9tica e profissionalismo, bem como uma ferramenta pr\u00e1tica de produtividade.<\/li>\n<\/ul>","protected":false},"featured_media":4536,"comment_status":"closed","ping_status":"closed","template":"","meta":[],"product_brand":[],"product_cat":[34],"product_tag":[],"class_list":{"0":"post-4530","1":"product","2":"type-product","3":"status-publish","4":"has-post-thumbnail","6":"product_cat-facial-treatment","8":"first","9":"instock","10":"shipping-taxable","11":"purchasable","12":"product-type-simple"},"_links":{"self":[{"href":"https:\/\/www.hongyitube.com\/pt\/wp-json\/wp\/v2\/product\/4530","targetHints":{"allow":["GET"]}}],"collection":[{"href":"https:\/\/www.hongyitube.com\/pt\/wp-json\/wp\/v2\/product"}],"about":[{"href":"https:\/\/www.hongyitube.com\/pt\/wp-json\/wp\/v2\/types\/product"}],"replies":[{"embeddable":true,"href":"https:\/\/www.hongyitube.com\/pt\/wp-json\/wp\/v2\/comments?post=4530"}],"wp:featuredmedia":[{"embeddable":true,"href":"https:\/\/www.hongyitube.com\/pt\/wp-json\/wp\/v2\/media\/4536"}],"wp:attachment":[{"href":"https:\/\/www.hongyitube.com\/pt\/wp-json\/wp\/v2\/media?parent=4530"}],"wp:term":[{"taxonomy":"product_brand","embeddable":true,"href":"https:\/\/www.hongyitube.com\/pt\/wp-json\/wp\/v2\/product_brand?post=4530"},{"taxonomy":"product_cat","embeddable":true,"href":"https:\/\/www.hongyitube.com\/pt\/wp-json\/wp\/v2\/product_cat?post=4530"},{"taxonomy":"product_tag","embeddable":true,"href":"https:\/\/www.hongyitube.com\/pt\/wp-json\/wp\/v2\/product_tag?post=4530"}],"curies":[{"name":"wp","href":"https:\/\/api.w.org\/{rel}","templated":true}]}}