{"id":4519,"date":"2026-01-29T10:23:51","date_gmt":"2026-01-29T02:23:51","guid":{"rendered":"https:\/\/www.hongyitube.com\/?post_type=product&#038;p=4519"},"modified":"2026-01-29T10:23:51","modified_gmt":"2026-01-29T02:23:51","slug":"%cf%8630mm-diameter-40-grams-ml-skin-colored-matte-pe-square-shoulder-soft-tube-packaging-material-individual-packaging-bottle-hongyi-plastic","status":"publish","type":"product","link":"https:\/\/www.hongyitube.com\/pt\/product\/%cf%8630mm-diameter-40-grams-ml-skin-colored-matte-pe-square-shoulder-soft-tube-packaging-material-individual-packaging-bottle-hongyi-plastic\/","title":{"rendered":"Di\u00e2metro \u03a630mm, 40 gramas\/ml, cor da pele, material de embalagem de tubos moles de ombro PE quadrado, embalagem individual - Hongyi Plastic"},"content":{"rendered":"<ol>\n<li>Descri\u00e7\u00e3o do produto<\/li>\n<\/ol>\n<p>&nbsp;<\/p>\n<p>Este produto \u00e9 uma mangueira de ombro quadriangular PE de di\u00e2metro de 30 mm com uma capacidade de 40 g\/ml. Designada com o conceito de &#8220; for\u00e7a geom\u00e9trica e afinidade cut\u00e2nea,&#8221; Este produto \u00e9 projetado para criar uma marca profissional que combina beleza arquitet\u00f4nica modern a com uma experi\u00eancia de uso superior. O corpo usa um substrato transparente \u00fanico de mat\u00e9 e est\u00e1 coberto de um adesivo leve amarelo da pele, criando uma textura de alta qualidade t\u00e3o suave como satin a de seda e pr\u00f3ximo ao tom da pele. A marca e o nome do produto s\u00e3o elegantemente apresentados com impress\u00f5es claras de seda branca. Sua estrutura de ombro quadrangular ic\u00f4nica quebra o contorno circular dos tubos tradicionais, dando ao produto uma forma geom\u00e9trica distinta. Funcionalmente, ele apresenta um socket preciso picante e uma coroa acr\u00edlica de prata eletroplada com impacto visual, criando uma tens\u00e3o impressionante entre cor de pele suave e metal frio. Usando um material interior pr\u00e9-cheio e um processo de selagem da cola, o material \u00e9 duro e duradouro e suporta apertar repetidamente sem deforma\u00e7\u00e3o.<\/p>\n<p>&nbsp;<\/p>\n<ol start=\"2\">\n<li>Material e artesanato de produtos<\/li>\n<\/ol>\n<p>&nbsp;<\/p>\n<ul>\n<li>Material de base corporal de tubos: uso de alta transpar\u00eancia, alta resili\u00eancia de material de PE de grau alimentar, estrutura quadrada do ombro atrav\u00e9s de uma moldura especial de processo, para garantir bordos afiados e estrutura forte.<\/li>\n<li>Impress\u00e3o amarela e qualidade do matte: Pele amarela \u00e9 alcan\u00e7ada atrav\u00e9s de um processo de impress\u00e3o ecol\u00f3gico, com uma cor uniforme e suave, combinada com um corpo transparente de matte para produzir um efeito cut\u00e2neo semiperme\u00e1vel \u00fanico, um toque delicado e anti-slip.<\/li>\n<li>A cobertura \u00e9 feita de material acr\u00edlico de alta transpar\u00eancia com eletroplatina\u00e7\u00e3o de precis\u00e3o na superf\u00edcie, dando um brilho de prata semelhante ao espelho, uma textura espessa e uma m\u00e3o de abertura e abertura suave, aumentando significativamente o luxo global.<\/li>\n<li>Seguran\u00e7a e prote\u00e7\u00e3o ambiental: Todos os materiais cumprem padr\u00f5es internacionais de seguran\u00e7a como FDA e REACH. Tanto o PE como o acr\u00edlico s\u00e3o materiais reciclables, refletindo a responsabilidade ambiental.<\/li>\n<\/ul>\n<p>&nbsp;<\/p>\n<ol start=\"3\">\n<li>Uso recomendado do produto<\/li>\n<\/ol>\n<p>&nbsp;<\/p>\n<p>A ind\u00fastria da beleza e do cuidado da pele<\/p>\n<p>&nbsp;<\/p>\n<ul>\n<li>Mulheres s Mercado: Perfeito para serumes de alta concentra\u00e7\u00e3o, cremes de olho que lutam contra a pulveriza\u00e7\u00e3o, escondidor de precis\u00e3o antes da maquilhagem, e toner t\u00f3pico. Os tubos amarelos da pele transmitem a associa\u00e7\u00e3o de &#8220; cor personalizada da pele&#8221;  and &#8220; alimento eficiente,&#8221; O design do ombro quadrado demonstra independ\u00eancia e for\u00e7a, as coberturas de mamilos apontadas atendem \u00e0s necessidades locais de aten\u00e7\u00e3o precisa, e a cobertura de prata eletropladada acrescenta um senso de luxo tecnol\u00f3gico.<\/li>\n<li>Homens s Mercado: Para homens s ser\u00f5es especializados, fluidos de crescimento de barba, e cremes t\u00f3picos de contorno. O design angular e quadrado de ombro com uma cobertura de prata eletropladada \u00e9 cheio de estilo industrial moderno, que se encaixa na est\u00e9tica dos homens. O tom amarelo da pele equilibra a masculinidade e adiciona um senso refinado de cuidado da pele de alto n\u00edvel.<\/li>\n<li>Crian\u00e7as s Mercado: Usado como embalagem para crian\u00e7as&#8217; s cremes de repara\u00e7\u00e3o de eczema, cremes de cuidado dos l\u00e1bios, e palitos especiales de prote\u00e7\u00e3o solar. A pele amarela leve parece segura e amig\u00e1vel da pele, a estrutura do ombro quadrado \u00e9 segura e n\u00e3o \u00e9 f\u00e1cil de deslizar, e o design do mamil torna f\u00e1cil para os pais aplicar-se com precis\u00e3o em uma pequena \u00e1rea.<\/li>\n<\/ul>\n<p>&nbsp;<\/p>\n<p>Ingredientes m\u00e9dicos<\/p>\n<p>&nbsp;<\/p>\n<ul>\n<li>Para cremes t\u00f3picos de receita t\u00f3pica (como cremes de ester\u00f3ides), gelos de repara\u00e7\u00e3o de cicatrizes e tratamentos de acne spot. A forma profissional do ombro quadriangular e a tampa de prata eletropla\u00e7ada aumentam a credibilidade e o valor do produto, e a seringa apontada permite a entrega de medicamentos de precis\u00e3o de mil\u00edmetros para evitar res\u00edduos e polui\u00e7\u00e3o.<\/li>\n<\/ul>\n<p>&nbsp;<\/p>\n<p>A ind\u00fastria de agentes de manuten\u00e7\u00e3o mec\u00e2nica<\/p>\n<p>&nbsp;<\/p>\n<ul>\n<li>Assemble componentes eletr\u00f4nicos de precis\u00e3o com adesivos de prata condutivos, adesivos de instrumentos \u00f3pticos e colas de modelo de alto n\u00edvel. Sua forma industrialmente projetada e cobertura de prata eletropla\u00e7ada s\u00e3o altamente compat\u00edveis com os atributos de produtos de alta tecnologia, e seu socket apontado pode ser usado para inclina\u00e7\u00e3o extremamente fina.<\/li>\n<\/ul>\n<p>&nbsp;<\/p>\n<p>Ind\u00fastria industrial de pigmentos qu\u00edmicos<\/p>\n<p>&nbsp;<\/p>\n<ul>\n<li>Para efeitos especiales de cores de metal pigmentos, gelos de j\u00f3ias e suplementos de marcadores de alta precis\u00e3o. O sentimento moderno da embalagem em si e a textura met\u00e1lica da prata eletropl\u00e1tada complementam o tema do conte\u00fado (como lacquer de metal) e s\u00e3o um s\u00edmbolo da qualidade de um est\u00fadio profissional.<\/li>\n<\/ul>\n<p>&nbsp;<\/p>\n<ol start=\"4\">\n<li>Caracter\u00edsticas do produto<\/li>\n<\/ol>\n<p>&nbsp;<\/p>\n<ul>\n<li>Linguagem geom\u00e9trica estrutural revolucion\u00e1ria: O design do ombro quadrado \u00e9 o identificador central deste produto. Ela n\u00e3o s\u00f3 cria uma presen\u00e7a \u00fanica na prateleira, mas tamb\u00e9m proporciona uma pegada mais segura e uma experi\u00eancia visual mais moderna, formando uma separa\u00e7\u00e3o intergeracional da mangueira tradicional.<\/li>\n<li>A dual experi\u00eancia de &#8220; tecnologia de sensa\u00e7\u00e3o da pele : a impress\u00e3o de mat\u00e9 amarelo da pele simula sensa\u00e7\u00e3o de pele de alto n\u00edvel tanto no sentido visual como t\u00e1ctil, transmitindo calor e afeto; A cobertura acr\u00edlica de prata eletroplada representa tecnologia fria e precisa. A colis\u00e3o dos dois cria um car\u00e1ter rico de produto e um sentido de uso ritual.<\/li>\n<li>Sistema funcional at\u00e9 uma precis\u00e3o de milimetro: A seringa apontada \u00e9 otimizada para pequenas doses e aplica\u00e7\u00f5es de alta precis\u00e3o, seja revestimento facial ou adesivo industrial, fornecendo controle n\u00e3o comparado e melhorando grandemente a efici\u00eancia e efic\u00e1cia.<\/li>\n<li>Excelente durabilidade e prote\u00e7\u00e3o do conte\u00fado: A estrutura quadrangular do ombro aumenta a resist\u00eancia \u00e0 press\u00e3o do corpo do tubo, material PE de alta qualidade assegura que o aperto a longo prazo n\u00e3o se deforma, e a cobertura acr\u00edlica de prata eletroplada proporciona boa selagem e resist\u00eancia UV.<\/li>\n<\/ul>","protected":false},"excerpt":{"rendered":"<ol>\n<li>Design corporal de produtos<\/li>\n<\/ol>\n<p>&nbsp;<\/p>\n<ul>\n<li>Simbolismo da forma: Os ombros quadrados simbolizam ordem, for\u00e7a e confiabilidade. Ela quebra a curva suave tradicional da embalagem de produtos de cuidado, introduz uma linguagem de design mais moderna e neutra e alarga os limites da imagem de marca.<\/li>\n<li>A tens\u00e3o dram\u00e1tica de cores e materiais:<\/li>\n<li>Guarda corporal: Pele baixa saturada e quente com um brilho amarelo aburrido, que significa &#8220; natureza humana,&#8221;  &#8220; bondade,&#8221;  and &#8220; a natureza. &#8221;<\/li>\n<li>cobertura: acr\u00edlico de prata altamente refletivo e eletroplado frio, representando &#8220; tecnologia,&#8221;  &#8220; precis\u00e3o  and &#8220; futuro. &#8221;<\/li>\n<li>A combina\u00e7\u00e3o dos dois implica que o produto \u00e9 o ve\u00edculo perfeito para &#8220; humanizando tecnologia  or &#8220; tecnologia que possibilita a natureza. &#8221;<\/li>\n<li>Minimalismo da apresenta\u00e7\u00e3o da informa\u00e7\u00e3o: Apenas a impress\u00e3o branca mais clara e necess\u00e1ria \u00e9 usada em um fundo amarelo, mantendo a pureza visual absoluta, e tornando a pr\u00f3pria estrutura do produto o elemento decorativo prim\u00e1rio.<\/li>\n<\/ul>\n<p>&nbsp;<\/p>\n<p>2.Avantagens dos produtos<\/p>\n<p>&nbsp;<\/p>\n<ul>\n<li>Construir uma identidade estruturada e inevit\u00e1vel da marca: A forma \u00fanica do ombro quadrado \u00e9 altamente visualmente propriet\u00e1ria, ajudando a marca a ser instantaneamente identificada e lembrada entre muitos concorrentes, criando uma forte barreira de design.<\/li>\n<li>Capturar mentes racionais e emocionais do consumidor: utilizar geometria racional, tecnol\u00f3gica e design funcional (snout) para apelar aos consumidores focados na efici\u00eancia e efetividade; Engagem consumidores conscientes de experi\u00eancia e emo\u00e7\u00e3o com cores e texturas sens\u00edveis \u00e0 pele.<\/li>\n<li>Melhor significativamente a percep\u00e7\u00e3o do valor do produto e a capacidade prim\u00e1ria: capas acr\u00edlicas de prata eletropladas e moldes estruturais especiais, muitas vezes associadas a marcas de alto n\u00edvel. Esse design pode aumentar significativamente o conte\u00fado&#8217; s &#8220; luxo  or &#8220; ferramenta profissional atributos, apoiando pre\u00e7os de mercado mais elevados.<\/li>\n<li>Perfeitamente adequado ao &#8220; dirigido pelo design&#8221; o apetite nos mercados estrangeiros: nos mercados europeus, americanos e asi\u00e1tico-pac\u00edficos maduros, os consumidores est\u00e3o dispostos a pagar um pr\u00e9mio por um grande design. O forte senso de design deste produto \u00e9 uma raz\u00e3o importante para comprar, especialmente adequada para modelos conjuntos de marca DTC e designer.<\/li>\n<\/ul>\n<ol start=\"3\">\n<li>Xenarios de uso de produtos<\/li>\n<\/ol>\n<p>&nbsp;<\/p>\n<ul>\n<li>Boticas de beleza de alto n\u00edvel e lojas de design: Em lojas como Aesop ou museus de design, suas caracter\u00edsticas arquitet\u00f4nicas atraem clientes altamente exigentes e se tornam esculturas nas prateleiras.<\/li>\n<li>Cl\u00ednicas de dermatologia profissional e estabelecimentos cosm\u00e9ticos m\u00e9dicos: Como embalagem para produtos especializados para a cadeia hospitalar, sua imagem profissional e precisa aumenta a confian\u00e7a dos m\u00e9dicos e pacientes, e corresponde ao profissionalismo do ambiente m\u00e9dico.<\/li>\n<li>A criativa s banco de trabalho: aparecer nas mesas de arquitetos, engenheiros e artistas como recipientes de adesivos especializados, pigmentos ou produtos de assist\u00eancia de alto n\u00edvel, \u00e9 uma express\u00e3o do propriet\u00e1rio&#8217; o sabor.<\/li>\n<li>O display de &#8220; produtos her\u00f3is em plataformas de com\u00e9rcio electr\u00f3nico: Na marca&#8217; o site oficial ou em plataformas como a Amazon, seu contorno quadrado \u00fanico e cobertor refletivo s \u00e3o muito atrativos na gr\u00e1fica de produtos, o que pode efetivamente melhorar as taxas de clic-through e convers\u00e3o.<\/li>\n<li>Homens bons. s grooming kits: Como embalagem central em homens de alto n\u00edvel s kit de cuidado da pele, o design pode ganhar o favor de consumidores masculinos que valorizam textura e efici\u00eancia.<\/li>\n<\/ul>","protected":false},"featured_media":4526,"comment_status":"closed","ping_status":"closed","template":"","meta":[],"product_brand":[],"product_cat":[34],"product_tag":[],"class_list":{"0":"post-4519","1":"product","2":"type-product","3":"status-publish","4":"has-post-thumbnail","6":"product_cat-facial-treatment","8":"first","9":"instock","10":"shipping-taxable","11":"purchasable","12":"product-type-simple"},"_links":{"self":[{"href":"https:\/\/www.hongyitube.com\/pt\/wp-json\/wp\/v2\/product\/4519","targetHints":{"allow":["GET"]}}],"collection":[{"href":"https:\/\/www.hongyitube.com\/pt\/wp-json\/wp\/v2\/product"}],"about":[{"href":"https:\/\/www.hongyitube.com\/pt\/wp-json\/wp\/v2\/types\/product"}],"replies":[{"embeddable":true,"href":"https:\/\/www.hongyitube.com\/pt\/wp-json\/wp\/v2\/comments?post=4519"}],"wp:featuredmedia":[{"embeddable":true,"href":"https:\/\/www.hongyitube.com\/pt\/wp-json\/wp\/v2\/media\/4526"}],"wp:attachment":[{"href":"https:\/\/www.hongyitube.com\/pt\/wp-json\/wp\/v2\/media?parent=4519"}],"wp:term":[{"taxonomy":"product_brand","embeddable":true,"href":"https:\/\/www.hongyitube.com\/pt\/wp-json\/wp\/v2\/product_brand?post=4519"},{"taxonomy":"product_cat","embeddable":true,"href":"https:\/\/www.hongyitube.com\/pt\/wp-json\/wp\/v2\/product_cat?post=4519"},{"taxonomy":"product_tag","embeddable":true,"href":"https:\/\/www.hongyitube.com\/pt\/wp-json\/wp\/v2\/product_tag?post=4519"}],"curies":[{"name":"wp","href":"https:\/\/api.w.org\/{rel}","templated":true}]}}