{"id":4510,"date":"2026-01-29T10:15:25","date_gmt":"2026-01-29T02:15:25","guid":{"rendered":"https:\/\/www.hongyitube.com\/?post_type=product&#038;p=4510"},"modified":"2026-01-29T10:15:26","modified_gmt":"2026-01-29T02:15:26","slug":"%cf%8635mm-tube-diameter-35-grams-ml-purple-powder-transparent-matte-pe-ultra-thin-tubing-packaging-bottle-hongyi-plastic","status":"publish","type":"product","link":"https:\/\/www.hongyitube.com\/pt\/product\/%cf%8635mm-tube-diameter-35-grams-ml-purple-powder-transparent-matte-pe-ultra-thin-tubing-packaging-bottle-hongyi-plastic\/","title":{"rendered":"Di\u00e2metro de tubo \u03a635mm, 35 gramas\/ml, p\u00f3 roxa, mat\u00e9 transparente PE embalagem de tubos ultra finos - Hongyi Plastic"},"content":{"rendered":"<ol>\n<li>Descri\u00e7\u00e3o do produto<\/li>\n<\/ol>\n<p>&nbsp;<\/p>\n<p>Este produto \u00e9 uma mangueira de 35 mm de di\u00e2metro PE ultra-plana, capacidade de 35g\/ml, \u00e9 projetado para criar uma embalagem transparente, leve e rico de camada est\u00e9tica de design de mercado de alto n\u00edvel exquisita. O corpo \u00e9 feito de um material de mat\u00e9 transparente \u00fanico, que revela a cor subjacente do conte\u00fado em uma bruma, criando uma textura suave e de alta qualidade. Ela apresenta m\u00faltiplos n\u00edveis de informa\u00e7\u00e3o atrav\u00e9s de um processo de impress\u00e3o de seda precisa: a marca e o nome de produto geral s\u00e3o impressos em seda branca para definir um tom claro. A frente \u00e9 decorada com slogans promocionais imprimidos em roxo e roxo, injetando vitalidade suave; Usar impress\u00f5es de seda verde moccal para criar um padr\u00e3o local ou fronteira para adicionar um senso de equil\u00edbrio est\u00e1vel e natural. O lado inverso \u00e9 impresso com seda branca pura para completar a fun\u00e7\u00e3o de explica\u00e7\u00e3o. O produto est\u00e1 equipado com cordas de topo plano para assegurar uma apertura suave de pl\u00e1stico fino e \u00e9 inovativamente parejado com cobertura plana de mat\u00e9 roxo-roxo transparente que \u00e9 da mesma cor que a mensagem promocional da frente, alcan\u00e7ando uma compatibilidade sem cores e textura. Usando um material interior pr\u00e9-preenchimento e um processo de selagem da cola, o material \u00e9 duro e suporta apertura repetida sem deforma\u00e7\u00e3o.<\/p>\n<p>&nbsp;<\/p>\n<ol start=\"2\">\n<li>Material e artesanato de produtos<\/li>\n<\/ol>\n<p>&nbsp;<\/p>\n<ul>\n<li>Substrato corporal do tubo: alta transpar\u00eancia, alta rigidez de material especial de PE, superf\u00edcie do tratamento especial de extin\u00e7\u00e3o, formando uma textura duradoura, de mat\u00e9 quente, sem deslizamento e sem pegadas digitais.<\/li>\n<li>Processo de impress\u00e3o de seda em m\u00faltiplas camadas: O processo decorativo do n\u00facleo \u00e9 impress\u00e3o de seda de precis\u00e3o em m\u00faltiplas cores. Branco como a camada de informa\u00e7\u00e3o b\u00e1sica tem forte ades\u00e3o e alta claridade; Rosa p\u00farpura e verde Mocha s\u00e3o cores enfatizadas que precisam ser exatamente emboscadas, e os requisitos de processo s\u00e3o altos para sublinhar a qualidade.<\/li>\n<li>Capas personalizadas de cor: As capas s\u00e3o moldadas com mat\u00e9rias transparentes de mat\u00e9ria que s\u00e3o da mesma cor (p\u00f3 p\u00farpura) que o corpo&#8217; s termo promocional, alcan\u00e7ando uniformidade perfeita de cor, textura e fun\u00e7\u00e3o, e um design altamente hol\u00edstico.<\/li>\n<li>Seguran\u00e7a e Prote\u00e7\u00e3o Ambiental: Todos os materiais cumprem padr\u00f5es internacionais de seguran\u00e7a para cosm\u00e9ticos e produtos de consumo. Material PE pode ser reciclado, o efeito transparente de mat\u00e9 reduz a quantidade de tinta utilizada, refletindo o conceito de design sustent\u00e1vel.<\/li>\n<\/ul>\n<p>&nbsp;<\/p>\n<ol start=\"3\">\n<li>Uso recomendado do produto<\/li>\n<\/ol>\n<p>&nbsp;<\/p>\n<p>A ind\u00fastria da beleza e do cuidado da pele<\/p>\n<p>&nbsp;<\/p>\n<ul>\n<li>Mulheres s Mercado: Perfeito para umidificadores ligeiros, essenciais pr\u00e9-maquilhagem, cremes de barreiras de cor-renova\u00e7\u00e3o e m\u00e1scaras de rosto tranquilizantes. O corpo de tubo transparente e macado apresenta a pureza do conte\u00fado, a mensagem promocional roxa-violeta transmite doce e amor, o refor\u00e7o verde moccal adiciona um sentido de estabilidade natural, e o design geral \u00e9 suave e conciso. A capacidade de 35 g \u00e9 a especifica\u00e7\u00e3o de ouro para um soro ou um produto de aten\u00e7\u00e3o priorit\u00e1ria.<\/li>\n<li>Homens s Mercado: Para homens \u00e9 refrescar gelos de umidificador, gelos de calma para a parte de tr\u00e1s de sua barba, e produtos de levantamento de rosto com cheiro leve. Ao ajustar a propor\u00e7\u00e3o de p\u00f3 roxa para Mocha verde (como reduzir p\u00f3 roxa e aumentar Mocha Verde), voc\u00ea pode criar uma imagem masculina que \u00e9 refrescante e n\u00e3o fora de estilo. O design de capota ultra plana \u00e9 f\u00e1cil de operar com uma m\u00e3o e \u00e9 adequado para viver rapidamente.<\/li>\n<li>Crian\u00e7as s Mercado: Usado como embalagem para crian\u00e7as&#8217; \u00e9 prote\u00e7\u00e3o solar sensadora de \u00e1gua, engrenagens de estilo divertido, e gelas de limpeza leves. A textura transparente parece segura e inofensiva, a roxa e roxa s\u00e3o crian\u00e7as, o verde Mocha traz um senso de natureza, e o design geral \u00e9 suave e amig\u00e1vel.<\/li>\n<\/ul>\n<p>&nbsp;<\/p>\n<p>Ingredientes m\u00e9dicos<\/p>\n<p>&nbsp;<\/p>\n<ul>\n<li>Usado em gel as transparentes como gel (como gelas acne), gelas extra\u00eddos de al\u00edvio vegetais e gelas de al\u00edvio de dor sensadores de frio. O corpo transparent e de tubo silencioso facilita a observa\u00e7\u00e3o da textura do pl\u00e1stico, roxa e roxa alivia a friura do produto (por exemplo, para crian\u00e7as ou mulheres), e verde moccal associa o conceito de natureza vegetal e aumenta a afinidade.<\/li>\n<\/ul>\n<p>&nbsp;<\/p>\n<p>A ind\u00fastria de agentes de manuten\u00e7\u00e3o mec\u00e2nica<\/p>\n<p>&nbsp;<\/p>\n<ul>\n<li>Lentes \u00f3pticas de precis\u00e3o separadas limpando l\u00edquidos, equipamento eletr\u00f4nico al\u00edvio de calor e s\u00edlico de lubrifica\u00e7\u00e3o transparente. Uma embalagem clara mostra caracter\u00edsticas sem clareza e impurezas, textos profissionais de impress\u00e3o de seda (especialmente a combina\u00e7\u00e3o verde e branca Mocha) transmitem informa\u00e7\u00f5es confi\u00e1veis, e o design ultra-plano torna f\u00e1cil encaixar em conjuntos de ferramentas sofisticados.<\/li>\n<\/ul>\n<p>&nbsp;<\/p>\n<p>Ind\u00fastria industrial de pigmentos qu\u00edmicos<\/p>\n<p>&nbsp;<\/p>\n<ul>\n<li>Produtos embalados em tubos para pigmentos de efeito transl\u00facido, gotas de cristal e \u00f3leos de brilho modelos. O corpo transparente de tubo silenciado pode mostrar a textura \u00fanica do conte\u00fado, e impress\u00f5es de seda personalizadas (p\u00f3-violeta, verde Mocha) podem ser usadas como c\u00f3digos de identifica\u00e7\u00e3o para s\u00e9ries de produtos ou n\u00edveis de desempenho.<\/li>\n<\/ul>\n<p>&nbsp;<\/p>\n<ol start=\"4\">\n<li>Caracter\u00edsticas do produto<\/li>\n<\/ol>\n<p>&nbsp;<\/p>\n<ul>\n<li>Um \u00fanico semi-transparente&#8221; o sistema visual: um tubo silencioso transparente atua como a primeira camada, criando uma sensa\u00e7\u00e3o de luz b\u00e1sica suave; Tr\u00eas camadas de seda branca, roxa e magenta s\u00e3o impressas sobre ela, criando camadas visuais ricas e detalhes exquisitos que s\u00e3o complexos em simplicidade e t\u00eam um alto senso de sofistica\u00e7\u00e3o.<\/li>\n<li>Uma narrativa de cores altamente unificada: Desde a l\u00edngua promocional roxa e roxa na frente do corpo at\u00e9 a cobertura de mat\u00e9 transparente roxa e roxa completamente id\u00eantica e homog\u00eanea, uma sequ\u00eancia cont\u00edgua de cores formas, tornando o design extremamente hol\u00edstico, pensativo e memor\u00e1vel.<\/li>\n<li>Express\u00e3o emocional precisa e equilibrada: A combina\u00e7\u00e3o de rosa roxa (suave, rom\u00e2ntica, energ\u00e9tica) e verde Mocha (natural, calm a, paz mental) atinge um bom equil\u00edbrio entre emocionalidade e raz\u00e3o, vitalidade e calma, atraindo consumidores que valorizam empatia emocional e confian\u00e7a na qualidade.<\/li>\n<li>Experi\u00eancia de uso formal de pequeno volume optimizada: A capacidade de 35 gram as est\u00e1 precisamente posicionada como o &#8220; essen\u00e7a principal  or &#8220; item estrelar especifica\u00e7\u00e3o, e o design de capa ultra-plana fornece uso e portabilidade suficientes ao mesmo tempo que mant\u00e9m o produto&#8217; \u00e9 intelig\u00eancia e sentimento de alto n\u00edvel.<\/li>\n<\/ul>\n<p>&nbsp;<\/p>","protected":false},"excerpt":{"rendered":"<ol>\n<li>Design corporal de produtos<\/li>\n<\/ol>\n<p>&nbsp;<\/p>\n<ul>\n<li>O di\u00e1logo entre material e cor: O material de mat\u00e9 transparente \u00e9 como um filtro de luz suave, permitindo que as impress\u00f5es de seda internas d\u00e3o um efeito distintivo de escurid\u00e3o e gentileza, ao contr\u00e1rio da escurid\u00e3o no fundo branco puro, e tem mais sentimento e profundidade art\u00edsticos.<\/li>\n<li>N\u00edveis de Informa\u00e7\u00e3o e Codifica\u00e7\u00e3o de Cores:<\/li>\n<\/ul>\n<ol>\n<li>Capa de identidade central (branco): Marca e nome do produto para garantir a identifica\u00e7\u00e3o b\u00e1sica.<\/li>\n<li>Capa de comunica\u00e7\u00e3o emocional (p\u00f3 roxa): Palavras promocionais e coberturas de cores formam pontos emocionais fortes e sinais visuais.<\/li>\n<li>Capa de equil\u00edbrio de textura (verde Mocha): Usada como uma fronteira ou elemento gr\u00e1fico para estabilizar o visual e adicionar uma textura natural e confi\u00e1vel.<\/li>\n<li>Capa de explica\u00e7\u00e3o da fun\u00e7\u00e3o (branco): O lado inverso \u00e9 uniformemente branco para garantir que a informa\u00e7\u00e3o seja clara e f\u00e1cil de ler.<\/li>\n<\/ol>\n<ul>\n<li>Forma e abertura: A estrutura ultra-plana combinada com o flap plano n\u00e3o s\u00f3 economiza espa\u00e7o, mas tamb\u00e9m proporciona uma experi\u00eancia de abertura de uma m\u00e3o mais r\u00e1pida e conveniente do que o flap rotante, especialmente para cenas ocupadas dia a dia.<\/li>\n<\/ul>\n<p>&nbsp;<\/p>\n<p>2.Avantagens dos produtos<\/p>\n<p>&nbsp;<\/p>\n<ul>\n<li>Criar uma mem\u00f3ria de marca diferenciada nuanciada: A combina\u00e7\u00e3o de mat\u00e9 transparente \u201c cor-de-violeta \/ impress\u00e3o de magenta \u201c capa id\u00eantica \u00e9 \u00fanica, estabelecendo reconhecimento visual claro em um mercado homog\u00eaneo e moldando a personalidade refinada e quente da marca.<\/li>\n<li>Achar um equil\u00edbrio microsegundo entre fun\u00e7\u00e3o e emo\u00e7\u00e3o: O design comunica informa\u00e7\u00e3o profissional atrav\u00e9s de impress\u00f5es claras de seda e comunica valor emocional atrav\u00e9s de combina\u00e7\u00f5es inteligentes de cores, atendendo \u00e0s duas expectativas dos consumidores estrangeiros que querem produtos que sejam \u00fateis e emocionais.<\/li>\n<li>Fornece um sentido excepcional de abertura e utiliza\u00e7\u00e3o do ritual: Desde ver o tubo suave e transparente, at\u00e9 descobrir o detalhe do flap que ecologiza a cor da mensagem promocional, para recuperar suavemente o produto atrav\u00e9s de um socket plano, o processo inteiro \u00e9 preenchido com o prazer de ser cuidadosamente projetado.<\/li>\n<li>Soporte flex\u00edvel para a expans\u00e3o da linha de produtos: Este sistema de cores (branco \/ p\u00farpura \/ magenta \/ transparente) \u00e9 uma paleta de cores elegante em si mesmo. As marcas podem facilmente desligar sublinhas destinadas a diferentes segmentos de clientes, como mais femininos ou neutros, mudando a rela\u00e7\u00e3o da cor prim\u00e1ria (roxa) ou a sombra (moka verde).<\/li>\n<\/ul>\n<p>&nbsp;<\/p>\n<p>3.Xenarios de uso de produtos<\/p>\n<p>&nbsp;<\/p>\n<ul>\n<li>Cole\u00e7\u00f5es de beleza boutique e lojas de estilo de vida: Em lojas como Credo ou compradores de nichos, seus designs refinados e suaves apelam aos consumidores que valorizam ingredientes e design est\u00e9tica, dando uma textura calm a e de alto n\u00edvel nas prateleiras.<\/li>\n<li>Compartilha &#8220; Est\u00e9tica Stilllife Na m\u00eddia social: Sua textura transl\u00facida, cores suaves e detalhes delicados tornam perfeito material fotogr\u00e1fico de vida morta, facilmente desencadeando partes de &#8220; est\u00e9tica de embalagem  and &#8220; curando coisas boas em Instagram e Red Book.<\/li>\n<li>Viajando diariamente e maquilhagem continuada: O design de flap ultra-plano permite coloc\u00e1-lo sem press\u00e3o em um divisor de sacos de qualquer tamanho, tornando f\u00e1cil aplicar umidificadores ou produtos de toner em qualquer momento durante o dia.<\/li>\n<li>Partes de reserva de alto n\u00edvel para hot\u00e9is e B &amp; Bs: Como parte de sobra especial no banheiro de um B &amp; B ou hotel boutique, o design n\u00e3o \u00e9 extraordin\u00e1rio e pode aumentar o tom global e a experi\u00eancia de vida da sala.<\/li>\n<li>Resaltas em conjuntos de presentes: Como parte de uma caixa de f\u00e9rias ou de um presente familiar, sua apar\u00eancia suave e elegante instantaneamente melhora a textura e o significado gerais do presente.<\/li>\n<\/ul>","protected":false},"featured_media":4514,"comment_status":"closed","ping_status":"closed","template":"","meta":[],"product_brand":[],"product_cat":[34],"product_tag":[],"class_list":{"0":"post-4510","1":"product","2":"type-product","3":"status-publish","4":"has-post-thumbnail","6":"product_cat-facial-treatment","8":"first","9":"instock","10":"shipping-taxable","11":"purchasable","12":"product-type-simple"},"_links":{"self":[{"href":"https:\/\/www.hongyitube.com\/pt\/wp-json\/wp\/v2\/product\/4510","targetHints":{"allow":["GET"]}}],"collection":[{"href":"https:\/\/www.hongyitube.com\/pt\/wp-json\/wp\/v2\/product"}],"about":[{"href":"https:\/\/www.hongyitube.com\/pt\/wp-json\/wp\/v2\/types\/product"}],"replies":[{"embeddable":true,"href":"https:\/\/www.hongyitube.com\/pt\/wp-json\/wp\/v2\/comments?post=4510"}],"wp:featuredmedia":[{"embeddable":true,"href":"https:\/\/www.hongyitube.com\/pt\/wp-json\/wp\/v2\/media\/4514"}],"wp:attachment":[{"href":"https:\/\/www.hongyitube.com\/pt\/wp-json\/wp\/v2\/media?parent=4510"}],"wp:term":[{"taxonomy":"product_brand","embeddable":true,"href":"https:\/\/www.hongyitube.com\/pt\/wp-json\/wp\/v2\/product_brand?post=4510"},{"taxonomy":"product_cat","embeddable":true,"href":"https:\/\/www.hongyitube.com\/pt\/wp-json\/wp\/v2\/product_cat?post=4510"},{"taxonomy":"product_tag","embeddable":true,"href":"https:\/\/www.hongyitube.com\/pt\/wp-json\/wp\/v2\/product_tag?post=4510"}],"curies":[{"name":"wp","href":"https:\/\/api.w.org\/{rel}","templated":true}]}}