{"id":4497,"date":"2026-01-29T09:48:31","date_gmt":"2026-01-29T01:48:31","guid":{"rendered":"https:\/\/www.hongyitube.com\/?post_type=product&#038;p=4497"},"modified":"2026-01-29T09:48:31","modified_gmt":"2026-01-29T01:48:31","slug":"%cf%8635mm-diameter-50-grams-ml-matte-mocha-green-pe-ultra-thin-tubular-packaging-material-individual-packaging-bottle-hongyi-plastic","status":"publish","type":"product","link":"https:\/\/www.hongyitube.com\/pt\/product\/%cf%8635mm-diameter-50-grams-ml-matte-mocha-green-pe-ultra-thin-tubular-packaging-material-individual-packaging-bottle-hongyi-plastic\/","title":{"rendered":"Di\u00e2metro \u03a635mm, 50 gramas\/ml, mat\u00e9 Mocha Green PE material de embalagem tubular ultra fino, embalagem individual - Hongyi Plastic"},"content":{"rendered":"<ol>\n<li>Descri\u00e7\u00e3o do produto<\/li>\n<\/ol>\n<p>&nbsp;<\/p>\n<p>Este produto \u00e9 um tubo de 35 mm de di\u00e2metro PE ultra-plano com uma capacidade padr\u00e3o de 50 g\/ml. Com uma filosofia de design de &#8220; serenidade natural e efici\u00eancia moderna,&#8221; \u00e9 projetado para criar uma imagem est\u00e1vel, elegante e altamente tranquilizante da marca. O corpo \u00e9 baseado em branco puro e coberto de um verde macaco de mat\u00e9 distinto, inspirado por moss nas profundidades da floresta tropical e feij\u00f5es de caf\u00e9 cuidadosamente cozidos, dando uma textura visual quente, natural e evocativa. Toda a informa\u00e7\u00e3o sobre produtos \u00e9 claramente apresentada no lado direito e esquerdo atrav\u00e9s de um offset negro de alta precis\u00e3o, formando um contraste cl\u00e1ssico e profissional. O produto est\u00e1 equipado com um descanso em cima plano para garantir uma apertura uniforme e constante de creme e pode ser parejado com uma cobertura ultra plana esculpida ou eletropl\u00e1tada que fornece excelente selagem ao mesmo tempo que compressa o contorno global at\u00e9 o plano final. Usando um material pr\u00e9-preenchimento e um processo de fechamento de cola de precis\u00e3o, o material \u00e9 flex\u00edvel e duro e suporta apertura repetida sem deforma\u00e7\u00e3o.<\/p>\n<p>&nbsp;<\/p>\n<ol start=\"2\">\n<li>Material e artesanato de produtos<\/li>\n<\/ol>\n<p>&nbsp;<\/p>\n<ul>\n<li>Substrato corporal do tubo: o uso de alta densidade, alta resili\u00eancia de alimentos\/material composto PE de classe medicamentosa, para assegurar que o preenchimento de grande capacidade ainda pode manter estado pl\u00e1stico ultra-plano, uso a longo prazo de fadiga.<\/li>\n<li>Captura verde Mocha: Uma finalidade verde Mocha uniforme e de longa dura\u00e7\u00e3o \u00e9 alcan\u00e7ada com tintas de brilho ecol\u00f3gicas. Essa sombra tem baixa satura\u00e7\u00e3o, brilho moderado, e uma textura suave e nuanciada que proporciona um toque de alto n\u00edvel e excelente resist\u00eancia anti-fouling e scratch.<\/li>\n<li>Processo de impress\u00e3o: O processo de compensa\u00e7\u00e3o negra assegura um alto grau de clareza, bordos afiados e excelente ades\u00e3o aos padr\u00f5es de texto, proporcionando excelentes efeitos visuais mesmo em superf\u00edcies matizadas.<\/li>\n<li>Componentes funcionais: O nugget de topo plano \u00e9 feito de elast\u00f3mers de grado alimentar com uma sa\u00edda plana, que \u00e9 especialmente adequado para conte\u00fado m\u00e9dio a crema. A estrutura de cobertura superplana \u00e9 refor\u00e7ada para garantir um selo confi\u00e1vel sob form a extremamente plana.<\/li>\n<li>Seguro e sustent\u00e1vel: Todos os materiais cumprem padr\u00f5es internacionais de seguran\u00e7a (por exemplo, FDA, REACH). O material PE \u00e9 reciclado, e a imagem natural de Mocha Green \u00e9 altamente compat\u00edvel com o conceito de prote\u00e7\u00e3o ambiental.<\/li>\n<\/ul>\n<p>&nbsp;<\/p>\n<ol start=\"3\">\n<li>Uso recomendado do produto<\/li>\n<\/ol>\n<p>&nbsp;<\/p>\n<p>A ind\u00fastria da beleza e do cuidado da pele<\/p>\n<p>&nbsp;<\/p>\n<ul>\n<li>Mulheres s Mercado: Perfeito para cremes tranquilizantes e restorativos, s \u00e9reos antioxidantes, pr\u00e9-cremes de maquilhagem umidificadores e prote\u00e7\u00f5es solares minerales naturais. Moca Green transmite os sentimentos de &#8220; pot\u00eancia de extra\u00e7\u00e3o,&#8221;  &#8220; restaura\u00e7\u00e3o da estabilidade  and &#8220; luxo de baixa chave,&#8221; o que apela precisamente aos consumidores maduros que procuram equil\u00edbrio f\u00edsico e mental, seguran\u00e7a dos ingredientes e experi\u00eancia sensorial. A capacidade de 50 g \u00e9 o tamanho ideal para um brilho de vestido ou creme.<\/li>\n<li>Homens s mercado: usado para homens os umidificadores, cremes de repara\u00e7\u00e3o de barba e ceras faciais de alto n\u00edvel. Moka verde \u00e9 uma cor neutra e texturada que combina sentimento natural e refinamento, atendendo \u00e0s duas necessidades dos homens modernos para &#8220; cuidado eficaz  and &#8220; sabor n\u00e3o abrus\u00edvel. &#8221; O design ultra plano torna f\u00e1cil encaixar em uma mala ou bolsa de viagens.<\/li>\n<li>Crian\u00e7as s Mercado: Usado como embalagem para cremes especiais para crian\u00e7as com pele sens\u00edvel, repelente natural de mosquitos e umidificadores leves. A faixa verde leve de Mocha d\u00e1 uma pista psicol\u00f3gica de seguran\u00e7a e cuidado, e a termina\u00e7\u00e3o do matte \u00e9 deslizante e f\u00e1cil de manter, tornando f\u00e1cil para os pais usar.<\/li>\n<\/ul>\n<p>&nbsp;<\/p>\n<p>Ingredientes m\u00e9dicos<\/p>\n<p>&nbsp;<\/p>\n<ul>\n<li>Usado em cremes tranquilizantes e sedativos (como cremes de cuidado com eczema), cremes de massagem vegetal e cremes arom\u00e1ticos que refor\u00e7am o sono. Mocha verde pode efetivamente aliviar os sentimentos frios e ansiosos da embalagem m\u00e9dica tradicional, e suas propriedades visuais naturais e est\u00e1veis ajudam a melhorar os pacientes&#8217; - conforto psicol\u00f3gico e ades\u00e3o ao tratamento.<\/li>\n<\/ul>\n<p>&nbsp;<\/p>\n<p>A ind\u00fastria de agentes de manuten\u00e7\u00e3o mec\u00e2nica<\/p>\n<p>&nbsp;<\/p>\n<ul>\n<li>Creme de cuidado de couro de alto n\u00edvel separado, cera de manuten\u00e7\u00e3o de produtos de madeira e \u00f3leo de manuten\u00e7\u00e3o de instrumentos de precis\u00e3o. Sua cor e textura podem integrar perfeitamente a cena de manuten\u00e7\u00e3o de produtos de consumo de alto n\u00edvel (como produtos de couro de luxo e m\u00f3veis de alto n\u00edvel), elevar produtos funcionais ao n\u00edvel da est\u00e9tica de vida, e atrair entusiastas e profissionais de DIY conscientes de qualidade.<\/li>\n<\/ul>\n<p>&nbsp;<\/p>\n<p>Ind\u00fastria industrial de pigmentos qu\u00edmicos<\/p>\n<p>&nbsp;<\/p>\n<ul>\n<li>Usado em cores de terra, pigmentos de artistas de cores antigas, pinturas ecol\u00f3gicas ou adesivos. O tom verde Mocha da embalagem pode eco diretamente o tema de cores ou conceito ambiental do conte\u00fado, aumentando o sentimento s\u00e9rico e a hist\u00f3ria da marca do produto.<\/li>\n<\/ul>\n<p>&nbsp;<\/p>\n<ol start=\"4\">\n<li>Caracter\u00edsticas do produto<\/li>\n<\/ol>\n<p>&nbsp;<\/p>\n<ul>\n<li>Cores naturais emocionalmente avan\u00e7adas: verde moccal aburrido \u00e9 uma cor com complexo valor emocional. Ela est\u00e1 associada ao poder curativo da natureza, \u00e0 estabilidade da terra, ao estabiliza\u00e7\u00e3o do tempo e ao calor da m\u00e3o, criando uma atmosfera de marca tranquilizante e focada que contrasta fortemente com a agita\u00e7\u00e3o e quebra do mercado.<\/li>\n<li>Um modelo de &#8220; efici\u00eancia da capacidade  and &#8220; formam est\u00e9tica : 50 g de capacidade pr\u00e1tica a um di\u00e2metro confort\u00e1vel de 35 mm e integrada com sucesso na forma ultra-plana representam a frente da engenharia de embalagem. N\u00e3o s\u00f3 economiza espa\u00e7o dentro do embalagem, sua costa plana \u00e9 mais favor\u00e1vel a coloca\u00e7\u00e3o est\u00e1vel e armazenamento eficiente.<\/li>\n<li>Experi\u00eancia de termina\u00e7\u00e3o de superf\u00edcie plana optimizada: Enchimento de superf\u00edcie plana projetado para cremas e cremas proporciona um aperto amplo e est\u00e1vel como band a para acessibilidade r\u00e1pida e mesmo aplica\u00e7\u00e3o, proporcionando uma experi\u00eancia de usu\u00e1rio simples e eficiente.<\/li>\n<li>Um sistema visual sem tempo e cl\u00e1ssico: A combina\u00e7\u00e3o de um fundo verde com texto negro \u00e9 uma l\u00edngua de design cl\u00e1ssica que tem resistido ao teste do tempo. Ele descartava tend\u00eancias a curto prazo e perseguiu carisma duradoura e textura de alto n\u00edvel.<\/li>\n<\/ul>\n<p>&nbsp;<\/p>","protected":false},"excerpt":{"rendered":"<ol>\n<li>Design corporal de produtos<\/li>\n<\/ol>\n<p>&nbsp;<\/p>\n<ul>\n<li>Psicologia de cores e narra\u00e7\u00e3o de marcas: Mocha verde n\u00e3o \u00e9 uma cor natural, mas uma &#8220; torrada  and &#8220; reconciliado cor da civiliza\u00e7\u00e3o. Isso implica a sele\u00e7\u00e3o cuidadosa e artesanato das mat\u00e9rias-primas naturais pela marca, transmitindo um &#8220; naturalismo pensado  and &#8220; madura e elegante personalidade da marca.<\/li>\n<li>Arquitetura de informa\u00e7\u00e3o minimalista: O design inteiro elimina todos os gr\u00e1ficos decorativos e depende inteiramente da cor, textura e tipografia para transmitir a mensagem. Verde mosaico coberto como fundo imersivo e filme negro como uma camada clara de informa\u00e7\u00e3o, os dois se combinam para criar uma tens\u00e3o visual calm a e poderosa.<\/li>\n<li>A declara\u00e7\u00e3o funcional de forma: a pr\u00f3pria forma hiperflata \u00e9 a declara\u00e7\u00e3o de design mais forte. Ela expressa claramente o produto compreens\u00e3o profunda da portabilidade, efici\u00eancia espacial e estilo de vida moderno, e sua linguagem de estilo atinge um equil\u00edbrio interessante com o calmo transmitido pela cor.<\/li>\n<\/ul>\n<p>&nbsp;<\/p>\n<ol start=\"2\">\n<li>Avantagens do produto<\/li>\n<\/ol>\n<p>&nbsp;<\/p>\n<ul>\n<li>Construir uma profunda marca emocional: A cor verde \u00fanica Mocha pode efetivamente exibir e envolver consumidores com prefer\u00eancias est\u00e9ticas espec\u00edficas e atitudes de estilo de vida (como aqueles que acreditam na natureza, paz mental e estilos de vida sustent\u00e1veis) para construir uma comunidade de marcas altamente sustent\u00e1veis.<\/li>\n<li>Activar a integra\u00e7\u00e3o sem problemas nas cenas: Se colocado em um banco de banho moderno, escrit\u00f3rio de trabalho profissional, maleta de viagem ou prateleiras boutiques, sua textura de baixa chave, de alto n\u00edvel se mistura harmoniosamente e melhora a ambi\u00eancia geral.<\/li>\n<li>Apoiar a posi\u00e7\u00e3o de &#8220; valor a longo prazo  and &#8220; luxo racional : capacidade s\u00f3lida de 50g e design duradouro refletem o produto&#8217; seu valor a longo prazo; E cores \u00fanicas e formas planas extremas juntas definem &#8220; luxo racional  &#8211; - pagar por melhor experi\u00eancia e efici\u00eancia ao inv\u00e9s de mostrar.<\/li>\n<li>Encontrar o mercado global o desejo de &#8220; luxo tranquilo : Na era p\u00f3s-COVID, os consumidores ao redor do mundo est\u00e3o procurando cada vez mais serenidade, cura e autenticidade. O design deste produto captura precisamente essa emo\u00e7\u00e3o, proporcionando uma dupla satisfa\u00e7\u00e3o de valor emocional e valor pr\u00e1tico.<\/li>\n<\/ul>\n<p>&nbsp;<\/p>\n<ol start=\"3\">\n<li>Xenarios de uso de produtos<\/li>\n<\/ol>\n<p>&nbsp;<\/p>\n<ul>\n<li>Spas de alto n\u00edvel e hot\u00e9is de bem-estar: Como embalagem para produtos de cuidado de propriedade de hotel ou co-marcado, os tons serenos e naturais coincidem perfeitamente com a cena de bem-estar de alto n\u00edvel, melhorando os convidados&#8217; - experi\u00eancia de cura imersiva.<\/li>\n<li>Espa\u00e7os de Medita\u00e7\u00e3o Urbana e Est\u00fadios de Yoga: Localizados em locais de bem-estar ambiente-consciente, como op\u00e7\u00e3o para cuidados cut\u00e2neos ou produtos de massagem, projetados para melhorar a atmosfera global calma e focada do lugar.<\/li>\n<li>Designer Home &amp; \"Life Buyers: Em um comprador\" s loja que vende aromas de casa e produtos de cuidado avan\u00e7ado, a apar\u00eancia \u00e9 um objeto vivo est\u00e9tico moderno que inspira compras associadas.<\/li>\n<li>Plataformas de com\u00e9rcio electr\u00f3nico que focam em conceitos sustent\u00e1veis: No site da marca DTC ou plataforma de com\u00e9rcio electr\u00f3nico com conceitos ecol\u00f3gicos e naturais, as cores e materiais podem intuitivamente transmitir o conceito central da marca e refor\u00e7ar o senso de confian\u00e7a.<\/li>\n<li>Profissionais - fatos de escrit\u00f3rio port\u00e1tiis: adequados para advogados, arquitetos, escritores e outros que precisam de longas horas de trabalho focado. Como embalagem para cuidados de m\u00e3o ou produtos de refrescamento, seu design constante se mistura com o ambiente profissional.<\/li>\n<\/ul>","protected":false},"featured_media":4498,"comment_status":"closed","ping_status":"closed","template":"","meta":[],"product_brand":[],"product_cat":[34],"product_tag":[],"class_list":{"0":"post-4497","1":"product","2":"type-product","3":"status-publish","4":"has-post-thumbnail","6":"product_cat-facial-treatment","8":"first","9":"instock","10":"shipping-taxable","11":"purchasable","12":"product-type-simple"},"_links":{"self":[{"href":"https:\/\/www.hongyitube.com\/pt\/wp-json\/wp\/v2\/product\/4497","targetHints":{"allow":["GET"]}}],"collection":[{"href":"https:\/\/www.hongyitube.com\/pt\/wp-json\/wp\/v2\/product"}],"about":[{"href":"https:\/\/www.hongyitube.com\/pt\/wp-json\/wp\/v2\/types\/product"}],"replies":[{"embeddable":true,"href":"https:\/\/www.hongyitube.com\/pt\/wp-json\/wp\/v2\/comments?post=4497"}],"wp:featuredmedia":[{"embeddable":true,"href":"https:\/\/www.hongyitube.com\/pt\/wp-json\/wp\/v2\/media\/4498"}],"wp:attachment":[{"href":"https:\/\/www.hongyitube.com\/pt\/wp-json\/wp\/v2\/media?parent=4497"}],"wp:term":[{"taxonomy":"product_brand","embeddable":true,"href":"https:\/\/www.hongyitube.com\/pt\/wp-json\/wp\/v2\/product_brand?post=4497"},{"taxonomy":"product_cat","embeddable":true,"href":"https:\/\/www.hongyitube.com\/pt\/wp-json\/wp\/v2\/product_cat?post=4497"},{"taxonomy":"product_tag","embeddable":true,"href":"https:\/\/www.hongyitube.com\/pt\/wp-json\/wp\/v2\/product_tag?post=4497"}],"curies":[{"name":"wp","href":"https:\/\/api.w.org\/{rel}","templated":true}]}}