{"id":4488,"date":"2026-01-29T09:40:54","date_gmt":"2026-01-29T01:40:54","guid":{"rendered":"https:\/\/www.hongyitube.com\/?post_type=product&#038;p=4488"},"modified":"2026-01-29T09:40:54","modified_gmt":"2026-01-29T01:40:54","slug":"%cf%8635mm-diameter-60-grams-ml-yellow-rose-matte-gradient-pe-ultra-thin-tubular-packaging-material-individual-packaging-bottle-hongyi-plastic","status":"publish","type":"product","link":"https:\/\/www.hongyitube.com\/pt\/product\/%cf%8635mm-diameter-60-grams-ml-yellow-rose-matte-gradient-pe-ultra-thin-tubular-packaging-material-individual-packaging-bottle-hongyi-plastic\/","title":{"rendered":"Di\u00e2metro \u03a635mm, 60 gramas\/ml, gradiente de mat\u00e9 rosa amarelo PE material de embalagem tubular ultra fino, frasco de embalagem individual - Hongyi Plastic"},"content":{"rendered":"<ol>\n<li>Descri\u00e7\u00e3o do produto<\/li>\n<\/ol>\n<p>&nbsp;<\/p>\n<p>Este produto \u00e9 um tubo de 35 mm de di\u00e2metro PE ultra-plano com uma capacidade inovadora de 60 g\/ml e \u00e9 uma embalagem ic\u00f4nica projetada para uma marca pioneira que combina est\u00e9tica de alta energia com pragmatismo extremo. O corpo est\u00e1 baseado em branco, e est\u00e1 colado com uma luz vibrante de amarelo a mar\u00e3o, que muda gradualmente, como uma luz brilhante do amanhecer, e tem impacto visual extremo. A mensagem foi projetada em m\u00faltiplos n\u00edveis: a frente era elegantemente contrastada por impress\u00f5es de seda branca e mar\u00e3o, enquanto a reversa cont\u00e9m instru\u00e7\u00f5es detalhadas em impress\u00f5es de offset negro de alta defini\u00e7\u00e3o, que atingiu um equil\u00edbrio entre beleza e funcionalidade. O produto \u00e9 inovativamente montado com um descanso em cima plano, assegurando uma sa\u00edda uniforme e est\u00e1vel do pl\u00e1stico, e pode ser parejado com coberturas superplanas em moldura de inje\u00e7\u00e3o ou futuristas eletropl\u00e1sticas que concentram a capacidade m\u00e1xima em um contorno plano impressionante. Usando um material de pr\u00e9-preenchimento e um selo de cola de precis\u00e3o, o material \u00e9 superior e suporta apertura repetida sem deforma\u00e7\u00e3o.<\/p>\n<p>&nbsp;<\/p>\n<ol start=\"2\">\n<li>Material e artesanato de produtos<\/li>\n<\/ol>\n<p>&nbsp;<\/p>\n<ul>\n<li>Substrato corporal do tubo: O uso de material composto de alta for \u00e7a, de alta barreira PE, projetado para fortalecimento da estrutura de grande capacidade ultra-plana, para garantir uso a longo prazo sem deforma\u00e7\u00e3o.<\/li>\n<li>Processo de impress\u00e3o progressiva: A transi\u00e7\u00e3o de mat\u00e9 amarelo-vermelho \u00e9 alcan\u00e7ada atrav\u00e9s de impress\u00e3o offset de alta precis\u00e3o, a transi\u00e7\u00e3o de cores \u00e9 naturalmente saturada, e a qualidade do mat\u00e9 lhe d\u00e1 um alto n\u00edvel de profundidade visual e um toque suave, resistente \u00e0s impress\u00f5es digitais e resistente ao uso.<\/li>\n<li>Impress\u00e3o combinada multiprocessual: A combina\u00e7\u00e3o de impress\u00f5es de seda (caracteres vermelhos brancos\/rosados na frente) e impress\u00f5es de offset (caracteres negros na traseira) atinge uma distin\u00e7\u00e3o perfeita de n\u00edveis de informa\u00e7\u00e3o e riqueza visual.<\/li>\n<li>Sistema de socket plano: Sockets planos de elast\u00f3mero de grau aliment\u00edcio s\u00e3o adequados para cremas, cremas e fluidos de alta viscosidade, proporcionando uma experi\u00eancia de extrus\u00e3o suave e controlada que evita desperd\u00edcios.<\/li>\n<li>Seguran\u00e7a e prote\u00e7\u00e3o ambiental: Todos os materiais cumprem padr\u00f5es internacionais de seguran\u00e7a (por exemplo, FDA, REACH). Material PE pode ser reciclado, a aplica\u00e7\u00e3o de tinta ecol\u00f3gica reflete o conceito de design sustent\u00e1vel.<\/li>\n<\/ul>\n<p>&nbsp;<\/p>\n<ol start=\"3\">\n<li>Uso recomendado do produto<\/li>\n<\/ol>\n<p>&nbsp;<\/p>\n<p>A ind\u00fastria da beleza e do cuidado da pele<\/p>\n<p>&nbsp;<\/p>\n<ul>\n<li>Mercado das senhoras: Perfeito para a ess\u00eancia da vitamina C Luz, sensa\u00e7\u00e3o de f\u00e9rias corporal destaca leite, prote\u00e7\u00e3o solar umidora, creme vermelho. A roseta amarela gradualmente se torna cheia de vitalidade e otimismo, e pode atrair aten\u00e7\u00e3o instantaneamente. Com uma capacidade de 60 gramas, ela satisfaz a necessidade de cuidados corporais inteiros ou prote\u00e7\u00e3o solar ao longo do ver\u00e3o, e o design ultra-plano torna f\u00e1cil encaixar em um saco de praia ou saco de viagens no fim de semana.<\/li>\n<li>Homens s mercado: produtos funcionais de cuidado da pele para esportes (como gelos refrescantes), cremes de fragran\u00e7a corporal tendentes e homens&#8217; s produtos de ton da pele. As cores corajosas e progressivas quebram a natureza aburrida do cuidado da pele masculina, atraindo os jovens consumidores masculinos que est\u00e3o focados na personalidade e estilo de vida. O n\u00edlon de topo plano \u00e9 f\u00e1cil de alcan\u00e7ar e r\u00e1pido.<\/li>\n<li>Crian\u00e7as s Mercado: roupas de casa que servem como crian\u00e7as \u00e9 divertido nadar protetores solares e pinturas com temas de festa. Cores brilhantes s\u00e3o naturalmente atraentes para crian\u00e7as, alta capacidade \u00e9 adequada para uso por toda a fam\u00edlia ou m\u00faltiplas atividades, e materiais de seguran\u00e7a e design plano d\u00e3o aos pais mais paz mental.<\/li>\n<\/ul>\n<p>&nbsp;<\/p>\n<p>Ingredientes m\u00e9dicos<\/p>\n<p>&nbsp;<\/p>\n<ul>\n<li>Usado em produtos de sa\u00fade com uma experi\u00eancia agrad\u00e1vel, como cremes de massagem esportiva, cremes de aroma tranquilizante e lot\u00e3o corporal que promove circula\u00e7\u00e3o. O design progressivo cheio de energia pode efetivamente aumentar o prazer psicol\u00f3gico quando usado, diluir o &#8220; droga - atributo do produto, e t\u00eam uma grande capacidade para cuidados de sa\u00fade di\u00e1rios.<\/li>\n<\/ul>\n<p>&nbsp;<\/p>\n<p>A ind\u00fastria de agentes de manuten\u00e7\u00e3o mec\u00e2nica<\/p>\n<p>&nbsp;<\/p>\n<ul>\n<li>embalagem para jovens entusiastas do DIY ou ind\u00fastrias criativas produtos de cuidado da pele, como petr\u00f3leo criativo de manuten\u00e7\u00e3o de bicicletas, lubrificante de skateboard, limpeza de equipamentos do DJ. Sua apar\u00eancia estilista pode transformar um produto industrial frio em uma express\u00e3o de estilo de vida, destacando-se em uma loja de retalho especializada ou uma cole\u00e7\u00e3o de moda.<\/li>\n<\/ul>\n<p>&nbsp;<\/p>\n<p>Ind\u00fastria industrial de pigmentos qu\u00edmicos<\/p>\n<p>&nbsp;<\/p>\n<ul>\n<li>Um produto embalado em tubos para pigmentos fluorescentes, neons ou cremes de estilo criativo. A cor progressiva da embalagem \u00e9 uma previs\u00e3o das caracter\u00edsticas brilhantes do conte\u00fado, que \u00e9 altamente mostrable e pode atrair artistas, designers e entusiastas de artesanato.<\/li>\n<\/ul>\n<p>&nbsp;<\/p>\n<ol start=\"4\">\n<li>Caracter\u00edsticas do produto<\/li>\n<\/ol>\n<p>&nbsp;<\/p>\n<ul>\n<li>Vis\u00e3o emocional de alta energia: sombras de gradientes amarelos e vermelhos de luz escorregada s\u00e3o um design que tem um forte contagio emocional. Amarelo representa luz solar e energia, e a roseta representa entusiasmo e confian\u00e7a, que juntos podem rapidamente construir conex\u00f5es emocionais positivas com os consumidores e s\u00e3o especialmente adequadas para a comunica\u00e7\u00e3o da m\u00eddia social.<\/li>\n<li>Uma conquista de engenharia em &#8220; massivo escondido : alcan\u00e7ar uma capacidade de 60 gramas enquanto manter uma form a superplana \u00e9 um avan\u00e7o na efici\u00eancia espacial. Ela d\u00e1 aos produtos de alto volume um grau de portabilidade sem precedentes e redefini a possibilidade de &#8216; carregando grandes sacos.<\/li>\n<li>Sistema de extrus\u00e3o de topo plano funcionalmente orientado: O sistema de excis\u00e3o de topo plano \u00e9 otimizado para produtos de creme. Ela mant\u00e9m a forma completa do pl\u00e1ster e extrudores mais uniformemente que os afitadores, tornando-o especialmente adequado para produtos que requerem grandes \u00e1reas de pintura.<\/li>\n<li>Arquitetura de informa\u00e7\u00e3o multicamada de grau profissional: A combina\u00e7\u00e3o de impress\u00f5es de seda de estilo frontal e impress\u00f5es de compensa\u00e7\u00e3o profissional inversa satisfaz os consumidores&#8217; o primeiro amor pela est\u00e9tica, ao mesmo tempo que assegura a converg\u00eancia rigorosa e completa da informa\u00e7\u00e3o das marcas.<\/li>\n<\/ul>\n<p>&nbsp;<\/p>","protected":false},"excerpt":{"rendered":"<ol>\n<li>Design corporal de produtos<\/li>\n<\/ol>\n<p>&nbsp;<\/p>\n<ul>\n<li>A narrativa emocional da cor: O pr\u00f3prio design progressivo \u00e9 uma jornada visual de &#8220; energia brilhante (amarelo) para &#8220; foco de confian\u00e7a (vermelho). Ela n\u00e3o tem t dependem de gr\u00e1ficos espec\u00edficos &#8211; A cor s\u00f3 conta uma hist\u00f3ria de vitalidade, transforma\u00e7\u00e3o e encanto.<\/li>\n<li>A est\u00e9tica l\u00f3gica da divis\u00e3o da informa\u00e7\u00e3o:<\/li>\n<li>Um lado (lado visual): fundo gradiente com impress\u00e3o de tela de cores, \u00e9 a interface de comunica\u00e7\u00e3o r\u00e1pida entre a imagem do produto e o ponto de venda central.<\/li>\n<li>lado B (lado de informa\u00e7\u00e3o): uma \u00e1rea de impress\u00e3o de offset negro unificada, que \u00e9 uma \u00e1rea de seguran\u00e7a confi\u00e1vel para informa\u00e7\u00f5es profundas como composi\u00e7\u00e3o, uso, instru\u00e7\u00f5es de seguran\u00e7a, etc., assegurando a legibilidade de informa\u00e7\u00f5es s\u00e9rias.<\/li>\n<li>Tens\u00e3o visual de form a e capacidade: O amplo di\u00e2metro do tubo 35 mm demonstra amplo conte\u00fado, enquanto o perfil ultra fino fala por intelig\u00eancia extrema, e essa pr\u00f3pria tens\u00e3o se torna uma fonte de superioridade para o produto.<\/li>\n<\/ul>\n<p>&nbsp;<\/p>\n<ol start=\"2\">\n<li>Avantagens do produto<\/li>\n<\/ol>\n<p>&nbsp;<\/p>\n<ul>\n<li>Criar um forte apelo \u00e0 prateleira e comunica\u00e7\u00e3o social: Em grandes \u00e1reas de embalagens negros e brancos ou monocromas, cores gradientes t\u00eam domina\u00e7\u00e3o visual absoluta. No Instagram, TikTok e outras plataformas, \u00e9 f\u00e1cil estimular conte\u00fado gerado pelo usu\u00e1rio (UGC) e se tornar &#8220; vermelho neto embalagem.<\/li>\n<li>Um equil\u00edbrio perfeito entre impulso emocional  and &#8220; valor racional : atrair compras de primeira vez com um design interessante (motor emocional) e garantir satisfa\u00e7\u00e3o dos usu\u00e1rios e reencontros com uma capacidade realista de 60 gramas e design ultra port\u00e1til (valor racional).<\/li>\n<li>Criar um novo projeto para &#8220; produtos especiais de moda : permitindo que os produtos funcionais anteriormente simples (como agentes de manuten\u00e7\u00e3o e engrenagens) sejam vendidos em canais de estilo de vida de moda, atraindo uma nova e mais ampla base de consumidores e alcan\u00e7ando crescimento transfronteiri\u00e7o de categorias.<\/li>\n<li>Optimize the user&#8217; experi\u00eancia de uso b\u00e1sico: Desde uma vista agrad\u00e1vel, uma agarrada confort\u00e1vel (ultra plana), at\u00e9 um aperto suave (socket plano), cada passo \u00e9 cuidadosamente projetado para aumentar significativamente a felicidade global e o reconhecimento das marcas.<\/li>\n<\/ul>\n<p>&nbsp;<\/p>\n<ol start=\"3\">\n<li>Xenarios de uso de produtos<\/li>\n<\/ol>\n<p>&nbsp;<\/p>\n<ul>\n<li>Festivales de m\u00fasica, f\u00e9rias na praia e esportes ao ar livre: o companheiro perfeito para vestir f\u00e9rias, beleza na praia e cuidado p\u00f3s-exerc\u00edcio. Suas cores vibrantes s\u00e3o uma tend\u00eancia acess\u00f3ria em seu pr\u00f3prio direito, com uma grande capacidade de repainteamento ao redor do rel\u00f3gio.<\/li>\n<li>lojas de cole\u00e7\u00e3o de moda e compradores de moda - lojas: Em lojas como Ulta Beauty ou marcas de rua, o design se mistura perfeitamente com o ambiente para apelar ao Gen Z e aos mil\u00eanios que est\u00e3o procurando moda e funcionalidade.<\/li>\n<li>Est\u00fadios criativos e comunidades de arte: Como produtos ou ferramentas de cuidado pessoal nos espa\u00e7os de trabalho de artistas, designers e m\u00fasicos, sua apar\u00eancia reflete a vitalidade criativa do dono.<\/li>\n<li>embalagem de produtos de marca DTC: Como principal embalagem de uma nova marca diretamente para os consumidores, sua funcionalidade visual e excepcional \u00fanica pode rapidamente construir reconhecimento de marca e apoiar a linha de produtos de base.<\/li>\n<li>Centros de fitness de alto n\u00edvel e \u00e1reas de com\u00e9rcio de yoga: Como embalagem para cremes de nutri\u00e7\u00e3o esportivos, cremes de massagem ou produtos ecol\u00f3gicos de prote\u00e7\u00e3o solar, seu design de sensa\u00e7\u00e3o de energia se encaixa bem com uma cena saud\u00e1vel e vibrante.<\/li>\n<\/ul>","protected":false},"featured_media":4494,"comment_status":"closed","ping_status":"closed","template":"","meta":[],"product_brand":[],"product_cat":[34],"product_tag":[],"class_list":{"0":"post-4488","1":"product","2":"type-product","3":"status-publish","4":"has-post-thumbnail","6":"product_cat-facial-treatment","8":"first","9":"instock","10":"shipping-taxable","11":"purchasable","12":"product-type-simple"},"_links":{"self":[{"href":"https:\/\/www.hongyitube.com\/pt\/wp-json\/wp\/v2\/product\/4488","targetHints":{"allow":["GET"]}}],"collection":[{"href":"https:\/\/www.hongyitube.com\/pt\/wp-json\/wp\/v2\/product"}],"about":[{"href":"https:\/\/www.hongyitube.com\/pt\/wp-json\/wp\/v2\/types\/product"}],"replies":[{"embeddable":true,"href":"https:\/\/www.hongyitube.com\/pt\/wp-json\/wp\/v2\/comments?post=4488"}],"wp:featuredmedia":[{"embeddable":true,"href":"https:\/\/www.hongyitube.com\/pt\/wp-json\/wp\/v2\/media\/4494"}],"wp:attachment":[{"href":"https:\/\/www.hongyitube.com\/pt\/wp-json\/wp\/v2\/media?parent=4488"}],"wp:term":[{"taxonomy":"product_brand","embeddable":true,"href":"https:\/\/www.hongyitube.com\/pt\/wp-json\/wp\/v2\/product_brand?post=4488"},{"taxonomy":"product_cat","embeddable":true,"href":"https:\/\/www.hongyitube.com\/pt\/wp-json\/wp\/v2\/product_cat?post=4488"},{"taxonomy":"product_tag","embeddable":true,"href":"https:\/\/www.hongyitube.com\/pt\/wp-json\/wp\/v2\/product_tag?post=4488"}],"curies":[{"name":"wp","href":"https:\/\/api.w.org\/{rel}","templated":true}]}}