{"id":4470,"date":"2026-01-29T09:16:51","date_gmt":"2026-01-29T01:16:51","guid":{"rendered":"https:\/\/www.hongyitube.com\/?post_type=product&#038;p=4470"},"modified":"2026-01-29T09:19:28","modified_gmt":"2026-01-29T01:19:28","slug":"%cf%8635mm-diameter-60-grams-ml-ink-blue-pe-ultra-thin-tubing-packaging-material-container-bottle-hongyi-plastic","status":"publish","type":"product","link":"https:\/\/www.hongyitube.com\/pt\/product\/%cf%8635mm-diameter-60-grams-ml-ink-blue-pe-ultra-thin-tubing-packaging-material-container-bottle-hongyi-plastic\/","title":{"rendered":"Di\u00e2metro \u03a635mm, 60 gramas\/ml, tinta azul PE tubo ultra fino embalagem\/recipiente\/garrafa- Hongyi Plastic"},"content":{"rendered":"<ol>\n<li>Descri\u00e7\u00e3o do produto<\/li>\n<\/ol>\n<p>&nbsp;<\/p>\n<p>Este produto \u00e9 uma mangueira ultraflat a PE com di\u00e2metro de tubo de 35mm com uma capacidade de 60 g\/ml e \u00e9 um produto marcante projetado para os mercados de cuidados profissionais e pessoais que atendem a alta frequ\u00eancia, alto consumo e procuram uma m\u00e1xima efici\u00eancia de gest\u00e3o espacial. O corpo apresenta uma cor azul de tinta profunda e uma qualidade de mat\u00e9 de alto n\u00edvel que cria uma imagem visual constante, intelectual e profunda. Toda informa\u00e7\u00e3o sobre produtos \u00e9 claramente apresentada em ambos os lados com impress\u00f5es de seda branca de alto contraste, assegurando uma leitabilidade \u00f3ptima em ambientes profissionais ou de retalho. Os produtos v\u00eam com a mesma s\u00e9rie de tampas ultra planas moldadas ou eletropladadas para inje\u00e7\u00e3o, que comprimem o volume de produtos de alta capacidade para uma forma plana sem precedentes. Adoita material de preenchimento frontal maduro e confi\u00e1vel e processo de selagem da cola, com material PE de alta rigidez, para garantir excelente recupera\u00e7\u00e3o e estabilidade estrutural sob extrus\u00e3o repetida.<\/p>\n<p>&nbsp;<\/p>\n<ol start=\"2\">\n<li>Material do produto<\/li>\n<\/ol>\n<p>&nbsp;<\/p>\n<ul>\n<li>O corpo principal do tubo: o uso de alta densidade, alta rigidez de material composto de PE especial, projetado para otimiza\u00e7\u00e3o de forma de grande capacidade ultra-plana, para assegurar que ap\u00f3s o preenchimento n\u00e3o seja f\u00e1cil de engordar, uso a longo prazo para manter plano.<\/li>\n<li>revestimento de mat\u00e9 azul tinta: A superf\u00edcie \u00e9 aplicada a uma tinta de mat\u00e9 ecol\u00f3gica para formar um revestimento uniforme, de tinta azul de longa dura\u00e7\u00e3o, com alta textura e excelente arranho e resist\u00eancia \u00e0 terra.<\/li>\n<li>Imprimir e Seguran\u00e7a: As impress\u00f5es de seda branca usam tintas de alta ades\u00e3o para garantir uma mensagem duradoura e clara. Todos os materiais cumprem as regras de seguran\u00e7a e ambiente para embalagem de cosm\u00e9ticos, produtos de cuidado pessoal e produtos industriais em mercados internacionais principais como a Uni\u00e3o Europeia e a Am\u00e9rica do Norte.<\/li>\n<li>Estrutura de cobertura: A cobertura ultra-plana usa uma estrutura de selagem refor\u00e7ada dentro, que ainda garante uma excelente prote\u00e7\u00e3o de vazamento em forma extremamente plana.<\/li>\n<\/ul>\n<p>&nbsp;<\/p>\n<ol start=\"3\">\n<li>Uso recomendado do produto<\/li>\n<\/ol>\n<p>&nbsp;<\/p>\n<p>A ind\u00fastria da beleza e do cuidado da pele<\/p>\n<p>&nbsp;<\/p>\n<ul>\n<li>Mulheres s Mercado: Perfeito para umidificadores do dia, lot\u00e3o corporal, prote\u00e7\u00e3o solar, creams de remo\u00e7\u00e3o de maquilhagem, e outros consum\u00edveis de grande escala cotidiano. A capacidade de 60 g permite por v\u00e1rias semanas de uso cont\u00ednuo, reduzindo a frequ\u00eancia de compras. Ink-blue fornece uma imagem profissional de &#8220; alto desempenho  and &#8220; ingredientes confi\u00e1veis,&#8221; e o design ultra-plano torna f\u00e1cil encaixar em um carrinho de viagem ou saco de fitness sem carga.<\/li>\n<li>Homens mercado: Para homens a lou\u00e7\u00e3o universal di\u00e1ria de cuidado da pele, shampoo e banho creme de dois em um, e gel tranquilizante p\u00f3s-exerc\u00edcio. A grande capacidade atende \u00e0 psicologia do consumidor de homens que t\u00eam medo de problemas, a apar\u00eancia do matte azul escuro \u00e9 calma e profissional, e a forma ultra plana pode ser colocada no saco lateral de um saco de fitness ou um saco de limpeza de viagens, que \u00e9 uma ferramenta pr\u00e1tica para &#8220; vivendo eficientemente. &#8221;<\/li>\n<li>Crian\u00e7as s Market: Children&#8217; s umidificadores e loti\u00e3o especial depois de nadar que s \u00e3o compartilhados como fam\u00edlia. Alta capacidade \u00e9 adequada para uso pela fam\u00edlia inteira, tinta azul \u00e9 neutro e confi\u00e1vel, e a termina\u00e7\u00e3o do matte \u00e9 deslizante e f\u00e1cil de agarrar, tornando f\u00e1cil para os pais aplicar-se aos seus filhos.<\/li>\n<\/ul>\n<p>&nbsp;<\/p>\n<p>Ingredientes m\u00e9dicos<\/p>\n<p>&nbsp;<\/p>\n<ul>\n<li>Usado em lot\u00e3o corporal (como creme de urea), creme de massagem e gelos de fisioterapia que requerem aplica\u00e7\u00e3o prolongada e extensa. A capacidade de 60 gram as est\u00e1 perto de um curso padr\u00e3o de tratamento e a embalagem azul de tinta d\u00e1 um senso de rigor e paz mental, tornando-a adequada para venda como um produto recomendado em uma farm\u00e1cia ou cl\u00ednica.<\/li>\n<\/ul>\n<p>&nbsp;<\/p>\n<p>A ind\u00fastria de agentes de manuten\u00e7\u00e3o mec\u00e2nica<\/p>\n<p>&nbsp;<\/p>\n<ul>\n<li>Empaquetar em grandes doses uma gordura comum para uso, uma poma de limpeza para manuten\u00e7\u00e3o de equipamentos, e um revestimento protetor de metal. Ink-blue oferece um senso industrialmente projetado de profissionalismo e confian\u00e7a, com alta capacidade para atender \u00e0s necessidades frequentes de manuten\u00e7\u00e3o, e embalagens ultra-planos que podem ser bem embalados em um compartimento plano de uma caixa de ferramentas ou em um armaz\u00e9m de equipamentos.<\/li>\n<\/ul>\n<p>&nbsp;<\/p>\n<p>Ind\u00fastria industrial de pigmentos qu\u00edmicos<\/p>\n<p>&nbsp;<\/p>\n<ul>\n<li>Produtos tubados usados em pigmentos de cor de base comum, enchimentos de grande \u00e1rea e modelos de primos. A pr\u00f3pria embalagem azul de tinta parece profissional e suja resistente, e a grande capacidade oferece conveni\u00eancia para profissionais ou hobbyistas frequentemente usados, economizando custos de tempo de compras frequentes.<\/li>\n<\/ul>\n<p>&nbsp;<\/p>\n<ol start=\"4\">\n<li>Caracter\u00edsticas do produto<\/li>\n<\/ol>\n<p>&nbsp;<\/p>\n<ul>\n<li>Uma revolu\u00e7\u00e3o estrutural de &#8220; alta massa ultra plana&#8221; : A combina\u00e7\u00e3o bem sucedida de 60 gramas de alta massa e forma ultra plana resolveu o problema da ind\u00fastria de &#8220; alto volume \u00e9 grosso e pesado,&#8221; - alcan\u00e7ou um salto na capacidade e na portabilidade, e \u00e9 uma combina\u00e7\u00e3o exemplar de engenharia e design.<\/li>\n<li>Posi\u00e7\u00e3o mental de cores profissionais: Matem azul escuro \u00e9 a linguagem universal de cores de sabedoria, profundidade, confiabilidade e profissionalismo. Ela pode rapidamente estabelecer a marca \u00e9 uma imagem autorit\u00e1ria e \u00e9 especialmente adequada para grupos de consumidores racionais, maduros e clientes profissionais.<\/li>\n<li>Uma est\u00e9tica funcionalista extremamente minimalist a: rejeitar todos os padr\u00f5es decorativos e transmitir a mensagem apenas atrav\u00e9s de um forte contraste entre o fundo azul escuro e o texto branco. Este design, que &#8220; a forma absolutamente segue a fun\u00e7\u00e3o,&#8221; radia uma vibra\u00e7\u00e3o modern a e confiante.<\/li>\n<li>Durabilidade superior e prote\u00e7\u00e3o do conte\u00fado: Designado para uso de alta frequ\u00eancia, o material \u00e9 duro e o selo \u00e9 forte, assegurando que o conte\u00fado permanece est\u00e1vel e fresco atrav\u00e9s de uso a longo prazo e m\u00faltiplas extrus\u00f5es.<\/li>\n<\/ul>\n<p>&nbsp;<\/p>","protected":false},"excerpt":{"rendered":"<ol>\n<li>Design corporal de produtos<\/li>\n<\/ol>\n<p>&nbsp;<\/p>\n<ul>\n<li>Aplica\u00e7\u00e3o da psicologia de cores: A tinta azul est\u00e1 entre preto e azul, e \u00e9 mais energ\u00e9tica e inteligente do que o negro, e mais est\u00e1vel e poderoso do que o azul. \u00c9 um tomadora de decis\u00f5es cor que apela aos consumidores que buscam efici\u00eancia e qualidade.<\/li>\n<li>Extremeismo da transmiss\u00e3o de mensagens: Num fundo de tinta azul, uma impress\u00e3o de seda branca brilhante cria clareza visual n\u00e3o comparada. Seja que seja s o nome do produto, ingredientes essenciais ou instru\u00e7\u00f5es de uso, eles podem ser leitos instantaneamente, otimizando o usu\u00e1rio&#8217; a experi\u00eancia de decis\u00e3o e uso.<\/li>\n<li>Propor\u00e7\u00f5es e fun\u00e7\u00f5es de forma: O di\u00e2metro do tubo de 35 mm proporciona uma agarrada confort\u00e1vel e ampla superf\u00edcie de visualiza\u00e7\u00e3o para conte\u00fados, e o perfil ultra-plano \u00e9 uma revolu\u00e7\u00e3o completa na mangueira cilindrica tradicional, e sua costa plana permite armazen\u00e1-la perto de outros itens como um livro, maximizando espa\u00e7o.<\/li>\n<\/ul>\n<p>&nbsp;<\/p>\n<ol start=\"2\">\n<li>Avantagens do produto<\/li>\n<\/ol>\n<p>&nbsp;<\/p>\n<ul>\n<li>Redefinir o padr\u00e3o port\u00e1til para &#8220; roupa principal : fornecer uma solu\u00e7\u00e3o port\u00e1til sem precedentes para a marca&#8217; os principais produtos de melhor venda (consumidores di\u00e1rios),Ao eliminar a necessidade de que os consumidores comprometam entre a rentabilidade de &#8220; roupa familiar e a conveni\u00eancia de &#8220; roupas de viagem,&#8221; pode promover diretamente a venda de produtos de alta capacidade.<\/li>\n<li>Construir uma imagem forte de B2B e canal profissional: Com seu design profissional, est\u00e1vel externo e pragm\u00e1tico de alta capacidade, \u00e9 especialmente adequado para promo\u00e7\u00e3o em sal\u00f5es profissionais, cl\u00ednicas, f\u00e1bricas ou como um presente corporativo, construindo uma marca&#8217; a imagem como um parceiro confi\u00e1vel e profissional.<\/li>\n<li>Eficizar a cadeia de abastecimento e a log\u00edstica de armazenamento: A forma ultra plana permite aos produtos tomar menos espa\u00e7o em embalagens secund\u00e1rios, armazenamento e transporte, reduzindo significativamente os custos log\u00edsticos e emiss\u00f5es de carbono, e atende \u00e0 busca de opera\u00e7\u00f5es sustent\u00e1veis para grandes marcas e mercados estrangeiros.<\/li>\n<li>Satisficando a filosofia do consumo global de &#8220; menos \u00e9 mais : Seu design puramente funcional atende precisamente \u00e0 tend\u00eancia crescente de consumo racional e contra-extravag\u00e2ncia em todo o mundo, e pode ganhar o profundo reconhecimento do \u9ad8\u77e5  comunidade de consumidores.<\/li>\n<\/ul>\n<p>&nbsp;<\/p>\n<ol start=\"3\">\n<li>Xenarios de uso de produtos<\/li>\n<\/ol>\n<p>&nbsp;<\/p>\n<ul>\n<li>Viagens de neg\u00f3cios e sa\u00eddas de longo ciclo: pessoas de neg\u00f3cios as maletas de neg\u00f3cios de longa dist\u00e2ncia, estudantes internacionais sacos escolares, e entusiastas ao ar livre o equipamento de viagem estendido s\u00e3o vantagens irrempla\u00e7\u00e1veis devido a sua alta capacidade e caracter\u00edsticas ultra finas.<\/li>\n<li>Partes de reposi\u00e7\u00e3o compartilhadas para lugares de trabalho profissionais: chuveiros de gin\u00e1sio de pr\u00e9mio, bancos de lavagem da empresa de design, \u00e1reas de lavagem comunit\u00e1rias para apartamentos de alto n\u00edvel s\u00e3o perfeitas para pe\u00e7as de reposi\u00e7\u00e3o de qualidade compartilhadas com um olhar profissional, limpo e grande capacidade.<\/li>\n<li>Elegante inclus\u00e3o do espa\u00e7o de banho em casa: Em um banho de estilo minimalist a, pode ser pressado para a parede ou plano em um painel, economizando espa\u00e7o e unidade visual, e \u00e9 uma parte perfeita do &#8220; banheiro de c\u00e1psulas - conceito.<\/li>\n<li>Subscri\u00e7\u00f5es de com\u00e9rcio electr\u00f3nico e servi\u00e7os de entrega regular: Como os principais produtos em &#8220; caixas mensais de subscri\u00e7\u00e3o&#8221;  or &#8220; planos regulares de restaura\u00e7\u00e3o,&#8221; Sua sensa\u00e7\u00e3o de design e sua pr\u00e1tica podem melhorar a reten\u00e7\u00e3o e satisfa\u00e7\u00e3o dos clientes.<\/li>\n<li>Distribui\u00e7\u00e3o de amostras para mercados industriais e profissionais: Como pacotes experimentais de alta capacidade para distribuidores, parceiros ou usu\u00e1rios profissionais, eles podem demonstrar plenamente o desempenho do produto, e a embalagem em si reflete a for \u00e7a e o profissionalismo da marca.<\/li>\n<\/ul>","protected":false},"featured_media":4476,"comment_status":"closed","ping_status":"closed","template":"","meta":[],"product_brand":[],"product_cat":[34],"product_tag":[],"class_list":{"0":"post-4470","1":"product","2":"type-product","3":"status-publish","4":"has-post-thumbnail","6":"product_cat-facial-treatment","8":"first","9":"instock","10":"shipping-taxable","11":"purchasable","12":"product-type-simple"},"_links":{"self":[{"href":"https:\/\/www.hongyitube.com\/pt\/wp-json\/wp\/v2\/product\/4470","targetHints":{"allow":["GET"]}}],"collection":[{"href":"https:\/\/www.hongyitube.com\/pt\/wp-json\/wp\/v2\/product"}],"about":[{"href":"https:\/\/www.hongyitube.com\/pt\/wp-json\/wp\/v2\/types\/product"}],"replies":[{"embeddable":true,"href":"https:\/\/www.hongyitube.com\/pt\/wp-json\/wp\/v2\/comments?post=4470"}],"wp:featuredmedia":[{"embeddable":true,"href":"https:\/\/www.hongyitube.com\/pt\/wp-json\/wp\/v2\/media\/4476"}],"wp:attachment":[{"href":"https:\/\/www.hongyitube.com\/pt\/wp-json\/wp\/v2\/media?parent=4470"}],"wp:term":[{"taxonomy":"product_brand","embeddable":true,"href":"https:\/\/www.hongyitube.com\/pt\/wp-json\/wp\/v2\/product_brand?post=4470"},{"taxonomy":"product_cat","embeddable":true,"href":"https:\/\/www.hongyitube.com\/pt\/wp-json\/wp\/v2\/product_cat?post=4470"},{"taxonomy":"product_tag","embeddable":true,"href":"https:\/\/www.hongyitube.com\/pt\/wp-json\/wp\/v2\/product_tag?post=4470"}],"curies":[{"name":"wp","href":"https:\/\/api.w.org\/{rel}","templated":true}]}}