{"id":4461,"date":"2026-01-29T09:09:40","date_gmt":"2026-01-29T01:09:40","guid":{"rendered":"https:\/\/www.hongyitube.com\/?post_type=product&#038;p=4461"},"modified":"2026-01-29T09:20:13","modified_gmt":"2026-01-29T01:20:13","slug":"%cf%8630mm-diameter-25-grams-ml-pe-ultra-thin-tubing-packaging-material-bottle-hongyi-plastic","status":"publish","type":"product","link":"https:\/\/www.hongyitube.com\/pt\/product\/%cf%8630mm-diameter-25-grams-ml-pe-ultra-thin-tubing-packaging-material-bottle-hongyi-plastic\/","title":{"rendered":"Di\u00e2metro \u03a630 mm, tubos ultra finos de PE 25 gramas\/ml, material de embalagem, garrafa- Hongyi Plastic"},"content":{"rendered":"<ol>\n<li>Descri\u00e7\u00e3o do produto<\/li>\n<\/ol>\n<p>&nbsp;<\/p>\n<p>Este produto \u00e9 uma mangueira ultra-plana de PE de di\u00e2metro de 30 mm com uma capacidade de 25g\/ml, com a filosofia de design de &#8220; precis\u00e3o racional e luxo de termina\u00e7\u00e3o , projetado para criar uma imagem de marca que combina eleg\u00e2ncia modern a com excelente qualidade de detalhes. O corpo do tubo \u00e9 feito de base branca pura e brilhante, o que reflete um lustro tecnol\u00f3gico simples e brilhante. O texto funcional na frente e nas costas \u00e9 claramente apresentado com alta precis\u00e3o de impress\u00e3o de offset negro, assegurando uma excelente leitabilidade. A alma do design est\u00e1 em dois processos precisos de selagem de prata: um \u00e9 selar um quadrado de prata extremamente fino com um tamanho de 0,5*2,3 cm no centro da frente do corpo do tubo, e ent\u00e3o marcar a informa\u00e7\u00e3o central com a impress\u00e3o de offset branco no quadro, formando um muito profundo &#8220; imagem em imagem - n\u00edvel visual; Segundo, a 1,4 cm do ombro, tr\u00eas linhas paralelas de prata est\u00e3o presamente marcadas ao redor do per\u00edmetro, semelhando as escalas de um rel\u00f3gio Seiko, destacando os detalhes extraordin\u00e1rios. O produto \u00e9 parejado com um tamp\u00e3o ultra-plano em cor moldada para inje\u00e7\u00e3o ou cor futurista de eletroplatagem, empurrando a silueta minimalista para o extremo. O material de preenchimento frontal e o selo da cola s\u00e3o adotados, e o material \u00e9 duro e suporta extrus\u00e3o repetida sem deforma\u00e7\u00e3o.<\/p>\n<p>&nbsp;<\/p>\n<ol start=\"2\">\n<li>Material e processo de produto<\/li>\n<\/ol>\n<p>&nbsp;<\/p>\n<ul>\n<li>Substrato corporal do tubo: Fazido de alimentos de alto brilho, de alta estabilidade\/material de tipo farmac\u00eautico PE, a base branca \u00e9 pura e sem defeitos, e a superf\u00edcie brilhante \u00e9 f\u00e1cil de limpar.<\/li>\n<li>Processo de marca\u00e7\u00e3o quente de precis\u00e3o: O processo central \u00e9 marca\u00e7\u00e3o quente de alta precis\u00e3o. O quadro de prata ultra fino e tr\u00eas fios de prata paralelos requerem extremamente alta precis\u00e3o da m\u00e1quina e estabilidade operacional, que \u00e9 a incorpora\u00e7\u00e3o da tecnologia de fabrica\u00e7\u00e3o de alto n\u00edvel. A camada de selo quente de prata \u00e9 firme e resistente ao uso, e o lustro \u00e9 de longa dura\u00e7\u00e3o.<\/li>\n<li>Tecnologia de Contraste de Impress\u00e3o: Uma combina\u00e7\u00e3o contrastante de impress\u00e3o de offset negro e branco \u00e9 usada para criar infografias claras, profissionais e camadas em uma base branca brilhante. O design de offset branco impresso em um quadro de prata \u00e9 dif\u00edcil de construir e destaca seu valor \u00fanico.<\/li>\n<li>Seguran\u00e7a estrutural: A tampa ultra-plana tem uma estrutura de fechamento de precis\u00e3o incorporada para assegurar a seguran\u00e7a do conte\u00fado. Todos os materiais est\u00e3o em conformidade com padr\u00f5es internacionais de seguran\u00e7a e prote\u00e7\u00e3o ambiental como FDA e REACH.<\/li>\n<\/ul>\n<p>&nbsp;<\/p>\n<ol start=\"3\">\n<li>Uso recomendado do produto<\/li>\n<\/ol>\n<p>&nbsp;<\/p>\n<p>Ind\u00fastria da beleza e do cuidado da pele<\/p>\n<p>&nbsp;<\/p>\n<ul>\n<li>Mulheres s Mercado: Ultima para ressaltadores l\u00edquidos, primos delicados, escondidores de precis\u00e3o, e s \u00e9reos. O corpo do tubo branco brilhante \u00e9 limpo e limpo, e o quadro fino da prata estampa \u00e9 como um conjunto de j\u00f3ias, que \u00e9 adequado para posicionar alto-end &#8220; ferramentas de maquilhagem pr\u00e9-maquilhagem  or &#8220; maquilhagem detalhada A capacidade de 25g \u00e9 a especifica\u00e7\u00e3o perfeita para ser\u00f5es de luxo ou maquilhagem de sotaque, e o design ultra-plano se encaixa no menor saco de jantar.<\/li>\n<li>Homens s Mercado: Para cremes port\u00e1tiis de rasagem, pastas de cabelo de matte, e bast\u00f5es de retouche de tono local da pele. O design est\u00e1 cheio de beleza racional como um instrumento de precis\u00e3o, sem decora\u00e7\u00f5es redundantes, e os tr\u00eas detalhes de fios de prata revelam inadvertentemente qualidade, que est\u00e1 em linha com os consumidores masculinos que perseguem &#8220; de baixa exquisidade.<\/li>\n<li>Crian\u00e7as s Mercado: embalagem exclusiva para crian\u00e7as&#8217; s maquilhagem de desempenho no palco (como sequin gel) e protec\u00e7\u00e3o solar leve. A cor branca brilhante parece viva e limpa, e os detalhes do selo de prata adicionam um toque de &#8220; ocasi\u00e3o especial ritual, apelando \u00e0s fam\u00edlias conscientes de qualidade.<\/li>\n<\/ul>\n<p>&nbsp;<\/p>\n<p>Plastas farmac\u00eauticas<\/p>\n<p>&nbsp;<\/p>\n<ul>\n<li>\u00c9 adequado para cremas medicados (como horm\u00f4nios) e produtos de alta prescri\u00e7\u00e3o de cuidados cut\u00e2neos que requerem indica\u00e7\u00f5es precisas de dosagem. - Caixas de prata marcadas em calor real\u00e7am nomes importantes de ingredientes ativos ou frequ\u00eancia de uso, e tr\u00eas linhas marcadas sugerem criativamente &#8220; tr\u00eas vezes por dia ou dosagens fasadas, integrando funcionalidade na est\u00e9tica de design.<\/li>\n<\/ul>\n<p>&nbsp;<\/p>\n<p>Ind\u00fastria de agentes de manuten\u00e7\u00e3o mec\u00e2nica<\/p>\n<p>&nbsp;<\/p>\n<ul>\n<li>Embalagem separada de pasta de prata condutiva para equipamento eletr\u00f4nico de precis\u00e3o, fluido de limpeza para instrumentos \u00f3pticos e lubrificante para linhas de transmiss\u00e3o de bicicletas de alto alcance. A linguagem de design \u00e9 altamente consistente com instrumentos de precis\u00e3o e equipamento audi\u00f3filo, e os detalhes do selo de prata s\u00e3o como uma regra para par\u00e2metros de desempenho do produto, transmitindo um senso de confian\u00e7a de &#8220; precis\u00e3o, confiabilidade e alto n\u00edvel.<\/li>\n<\/ul>\n<p>&nbsp;<\/p>\n<p>Ind\u00fastria industrial de pigmentos qu\u00edmicos<\/p>\n<p>&nbsp;<\/p>\n<ul>\n<li>\u00c9 usado para marcar pigmentos ultra finos, tintas de circuito eletr\u00f4nico e fluidos de sangramento modelos. O corpo de tubo branco brilhante permite uma aplica\u00e7\u00e3o f\u00e1cil de etiquetas de cores, e a \u00e1rea de marca\u00e7\u00e3o de prata pode ser usada para real\u00e7ar n\u00fameros de cores ou c\u00f3digos qu\u00edmicos, equilibrar profissionalismo de grau laborat\u00f3rio com uma apar\u00eancia limpa.<\/li>\n<\/ul>\n<p>&nbsp;<\/p>\n<ol start=\"4\">\n<li>Caracter\u00edsticas do produto<\/li>\n<\/ol>\n<p>&nbsp;<\/p>\n<ul>\n<li>Uma artesanidade de n\u00edvel microsc\u00f3pico detalhado: 0,5*2,3 cm de marca\u00e7\u00e3o quente fina e tr\u00eas linhas de prata envolvidas n\u00e3o s\u00e3o decora\u00e7\u00f5es, mas representam uma busca do limite da artesanidade. Isto est\u00e9tica de n\u00edvel mil\u00edmetro pode instantaneamente impressionar os consumidores que prestam aten\u00e7\u00e3o aos detalhes e estabelecem uma percep\u00e7\u00e3o de &#8220; ingenuidade  and &#8220; top&#8221;.<\/li>\n<li>Sistema de comunica\u00e7\u00e3o visual eficiente e racional: atrav\u00e9s do forte contraste da impress\u00e3o negra e branca e da orienta\u00e7\u00e3o do foco do selo quente de prata, uma arquitetura de informa\u00e7\u00e3o de tr\u00eas n\u00edveis de &#8220; informa\u00e7\u00e3o de fundo (negra)-informa\u00e7\u00e3o b\u00e1sica (quadro de prata e caracteres brancos)-escala decorativa (linha de prata)&#8221; \u00e9 constru\u00edda, permitindo aos usu\u00e1rios entender a informa\u00e7\u00e3o mais cr\u00edtica em um instante, e a experi\u00eancia \u00e9 extremamente eficiente.<\/li>\n<li>&#8220; Branco brilhante e suave textura tecnol\u00f3gica: O corpo de tubos brancos de alto brilho abandona toda tonturas e subtilidade, transmitindo clareza absoluta, limpeza e confian\u00e7a, com a textura da eletr\u00f4nica de laborat\u00f3rio e consumidor, e \u00e9 muito moderno.<\/li>\n<li>A raz\u00e3o oura de capacidade e forma: A capacidade de 25g corta exatamente os primeiros adotadores de alto n\u00edvel e o principal mercado port\u00e1til, e \u00e9 combinada com o tipo de tubo ultra-plano de 30mm para alcan\u00e7ar o melhor equil\u00edbrio entre est\u00e9tica, capacidade e portabilidade.<\/li>\n<\/ul>\n<p>&nbsp;<\/p>","protected":false},"excerpt":{"rendered":"<ol>\n<li>Design corporal de tubos de produto<\/li>\n<\/ol>\n<p>&nbsp;<\/p>\n<ul>\n<li>Estrat\u00e9gia de Cor e Luz: Branco \u00e9 a soma do espectro, e a superf\u00edcie brilhante maximiza o reflexo da luz ambiente, tornando a embalagem clara e atraente e cheia de energia em qualquer ambiente de retalho, simbolizando efici\u00eancia e inova\u00e7\u00e3o.<\/li>\n<li>Narrativo com detalhes simb\u00f3licos:<\/li>\n<\/ul>\n<ol>\n<li>&#8220; janela de informa\u00e7\u00e3o - quadro de prata: Esta \u00e1rea deliberadamente marcada sugere que o interior \u00e9 o mais importante &#8220; verdade dirigindo os consumidores para focar e dar \u00e0 embalagem um senso de intera\u00e7\u00e3o e hist\u00f3ria.<\/li>\n<li>&#8220; Pesos e Medidas Fio de prata: As tr\u00eas linhas paralelas s\u00e3o s\u00edmbolos universais de industrializa\u00e7\u00e3o, padroniza\u00e7\u00e3o e precis\u00e3o. Ela envolve o corpo do tubo, implicando a confiabilidade, utilizabilidade e aprova\u00e7\u00e3o profissional do produto.<\/li>\n<\/ol>\n<ul>\n<li>A forma ultima do minimalismo: todos os elementos de design (preto e branco, quadros de prata, linhas de prata) s\u00e3o apresentados nas formas geom\u00e9tricas mais b\u00e1sicas, sem curvas ou interfer\u00eancia gr\u00e1fica. A cobertura ultra-plana \u00e9 o fim desta l\u00f3gica, tornando o produto uma pe\u00e7a de design puramente modernista.<\/li>\n<\/ul>\n<p>&nbsp;<\/p>\n<ol start=\"2\">\n<li>Avantagens do produto<\/li>\n<\/ol>\n<p>&nbsp;<\/p>\n<ul>\n<li>Estabelecer a posi\u00e7\u00e3o da marca de &#8220; luxo inteligente : combina inteligentemente o artesanato detalhado de bens de luxo (selo de prata) com a est\u00e9tica racional de produtos tecnol\u00f3gicos (minimalismo negro e branco), e abre com sucesso a posi\u00e7\u00e3o emergente do mercado de &#8220; cuidado inteligente da pele , &#8220; beleza de precis\u00e3o  or &#8220; luxo baseado em ferramentas.<\/li>\n<li>Criar pontos de mem\u00f3ria t\u00e1ctil fortes e foco visual: O usu\u00e1rio&#8217; os dedos tocar\u00e3o inconscientemente a textura desigual da prata bronzante, formando uma mem\u00f3ria t\u00e1ctil \u00fanica. Visualmente, o quadro de prata naturalmente se torna o foco da fotografia e identifica\u00e7\u00e3o, que \u00e9 muito difundido.<\/li>\n<li>Obter alta aceita\u00e7\u00e3o de transg\u00eanero e cultura cruzada: Sua linguagem de design est\u00e1 radicada no modernismo e design industrial, transcendendo os limites est\u00e9ticos tradicionais da geografia e g\u00eanero, e pode atrair consumidores racionais masculinos e mulheres urbanas que buscam efici\u00eancia em todo o mundo.<\/li>\n<li>Optimizado para o com\u00e9rcio eletr\u00f4nico e navega\u00e7\u00e3o m\u00f3vel: Contrastar informa\u00e7\u00f5es negra e branca e detalhes brilhantes de marca\u00e7\u00e3o de prata podem ser claramente identificados mesmo sob pequena navega\u00e7\u00e3o de imagens de telefone m\u00f3vel, melhorando efetivamente a taxa de clic-through online e a taxa de convers\u00e3o.<\/li>\n<\/ul>\n<p>&nbsp;<\/p>\n<ol start=\"3\">\n<li>Xenarios de uso de produtos<\/li>\n<\/ol>\n<p>&nbsp;<\/p>\n<ul>\n<li>Departamentos de alto n\u00edvel e lojas de design: Em lugares de retalho perto de Barneys, DSM (Dover Street Market), ou Apple Stores, o design ressona com o ambiente e apela aos clientes discernidos.<\/li>\n<li>Viagens de neg\u00f3cios e vida minimalist a: o companheiro perfeito para viagens de neg\u00f3cios curtos para pessoas de neg\u00f3cios, pode encaixar bem num portador de passaporte ou bolso de fato; \u00c9 tamb\u00e9m uma escolha ideal para aqueles que praticam o conceito de &#8220; detox digital&#8221;  or &#8220; vida minimalista , que em si mesmo incorpora a filosofia de &#8220; menos \u00e9 bom.<\/li>\n<li>Escenas de trabalho profissional como acess\u00f3rios estilisticos: Presente no diretor criativo&#8217; escrit\u00f3rio, no arquiteto&#8217; s banco de trabalho ou ao lado do programador&#8217; s computador, o design se mistura naturalmente e reflete o dono&#8217; seu gosto profissional e aten\u00e7\u00e3o ao detalhe.<\/li>\n<li>Membridade e &#8220; itens de refer\u00eancia - em caixas de subscri\u00e7\u00e3o: Como produto de refer\u00eancia em caixas de subscri\u00e7\u00e3o de alto n\u00edvel, seu excelente design pode definir o grau de toda a caixa de presente e melhorar os membros&#8217; satisfa\u00e7\u00e3o e desejo de compartilhar.<\/li>\n<li>&#8220; Detalho de encerramento&#8221; Materiales na m\u00eddia social: quadrados de marca\u00e7\u00e3o quentes e linhas de marca\u00e7\u00e3o s\u00e3o excelentes objetos de aproxima\u00e7\u00e3o para detalhes, que podem facilmente inspirar blogueiros de beleza e entusiastas de design para filmar &#8220; os favoritos de controle de detalhes  and &#8220; aprecia\u00e7\u00e3o do design de embalagens.<\/li>\n<\/ul>","protected":false},"featured_media":4463,"comment_status":"closed","ping_status":"closed","template":"","meta":[],"product_brand":[],"product_cat":[34],"product_tag":[],"class_list":{"0":"post-4461","1":"product","2":"type-product","3":"status-publish","4":"has-post-thumbnail","6":"product_cat-facial-treatment","8":"first","9":"instock","10":"shipping-taxable","11":"purchasable","12":"product-type-simple"},"_links":{"self":[{"href":"https:\/\/www.hongyitube.com\/pt\/wp-json\/wp\/v2\/product\/4461","targetHints":{"allow":["GET"]}}],"collection":[{"href":"https:\/\/www.hongyitube.com\/pt\/wp-json\/wp\/v2\/product"}],"about":[{"href":"https:\/\/www.hongyitube.com\/pt\/wp-json\/wp\/v2\/types\/product"}],"replies":[{"embeddable":true,"href":"https:\/\/www.hongyitube.com\/pt\/wp-json\/wp\/v2\/comments?post=4461"}],"wp:featuredmedia":[{"embeddable":true,"href":"https:\/\/www.hongyitube.com\/pt\/wp-json\/wp\/v2\/media\/4463"}],"wp:attachment":[{"href":"https:\/\/www.hongyitube.com\/pt\/wp-json\/wp\/v2\/media?parent=4461"}],"wp:term":[{"taxonomy":"product_brand","embeddable":true,"href":"https:\/\/www.hongyitube.com\/pt\/wp-json\/wp\/v2\/product_brand?post=4461"},{"taxonomy":"product_cat","embeddable":true,"href":"https:\/\/www.hongyitube.com\/pt\/wp-json\/wp\/v2\/product_cat?post=4461"},{"taxonomy":"product_tag","embeddable":true,"href":"https:\/\/www.hongyitube.com\/pt\/wp-json\/wp\/v2\/product_tag?post=4461"}],"curies":[{"name":"wp","href":"https:\/\/api.w.org\/{rel}","templated":true}]}}