{"id":4460,"date":"2026-01-29T09:32:12","date_gmt":"2026-01-29T01:32:12","guid":{"rendered":"https:\/\/www.hongyitube.com\/?post_type=product&#038;p=4460"},"modified":"2026-01-29T09:32:12","modified_gmt":"2026-01-29T01:32:12","slug":"%cf%8635mm-diameter-60-grams-ml-white-glossy-pe-ultra-thin-tubing-packaging-material-container-dispensing-bottle-hongyi-plastic","status":"publish","type":"product","link":"https:\/\/www.hongyitube.com\/pt\/product\/%cf%8635mm-diameter-60-grams-ml-white-glossy-pe-ultra-thin-tubing-packaging-material-container-dispensing-bottle-hongyi-plastic\/","title":{"rendered":"Di\u00e2metro \u03a635mm, 60 gramas\/ml, branco, brilhante, material de embalagem de tubos ultra finos PE\/recipiente\/garrafa de distribui\u00e7\u00e3o- Hongyi Plastic"},"content":{"rendered":"<ol>\n<li>Descri\u00e7\u00e3o do produto<\/li>\n<\/ol>\n<p>&nbsp;<\/p>\n<p>Este produto \u00e9 um tubo de 35 mm de di\u00e2metro PE ultra plano com uma capacidade pr\u00e1tica de 60 g\/ml. Sua filosofia de design \u00e9 derivada de &#8220; pureza extrema e intera\u00e7\u00e3o de luz e sombra&#8221; e \u00e9 projetado para marcas de alto n\u00edvel que procuram simplicidade absoluta, filosofia e divertimento interativo. O corpo \u00e9 feito de branco puro e brilhante, refletindo um brilho moderno claro e frio. Seu design revolucion\u00e1rio \u00e9 que toda a informa\u00e7\u00e3o de texto no lado direito e esquerdo do corpo \u00e9 impressa em branco, da mesma cor que o corpo, e em condi\u00e7\u00f5es normais, o texto e o corpo est\u00e3o integrados, apresentando uma superf\u00edcie visual quase absoluta. S\u00f3 em certos \u00e2ngulos de luz e sombra, o texto aparece devido \u00e0 diferen\u00e7a sutil entre a qualidade da luz silenciosa e o substrato da luz brilhante, criando uma experi\u00eancia interativa \u00fanica &#8220; escondido na luz, vis\u00edvel na sombra. &#8221; O produto \u00e9 parejado com uma cor moldada para inje\u00e7\u00e3o ou uma cobertura superplana com uma cor futurista eletropladada para refor\u00e7ar ainda mais seu contorno m\u00ednimo e plano. Usando materiais pr\u00e9-preenchimento e um processo de fechamento de cola preciso, materiais de alta qualidade asseguram press\u00f5es repetidas que n\u00e3o se deformam, tornando-o uma embalagem pioneira que traz redu\u00e7\u00e3o visual, est\u00e9tica interativa e portabilidade de alta capacidade para o extremo.<\/p>\n<p>&nbsp;<\/p>\n<ol start=\"2\">\n<li>Material e artesanato de produtos<\/li>\n<\/ol>\n<p>&nbsp;<\/p>\n<ul>\n<li>Substrato corporal do tubo: alto brilho, alta for\u00e7a estrutural de alimentos\/material PE de grau medicamentoso, para assegurar que o preenchimento de grande capacidade ainda pode manter a forma ultra plana de estabilidade e sentimento crisp.<\/li>\n<li>Impress\u00e3o de alta precis\u00e3o do mesmo sistema de cores: O desafio do processo central consiste em alcan\u00e7ar o controle preciso da liga\u00e7\u00e3o e textura da impress\u00e3o adesiva branca em tubos brancos brilhantes. A qualidade de mat\u00e9 da tinta forma uma distin\u00e7\u00e3o visual necess\u00e1ria com a superf\u00edcie luminosa do tubo, que \u00e9 extremamente exigente no equipamento de impress\u00e3o e na formula\u00e7\u00e3o de tinta, e \u00e9 a incorpora\u00e7\u00e3o do processo de fabrica\u00e7\u00e3o de alto n\u00edvel.<\/li>\n<li>Luz e Sombra Superf\u00edcie Interativa: A superf\u00edcie brilhante \u00e9 como um espelho, e pode refletir o ambiente ao redor; Texto semiiluminado absorve luz quando a luz direta \u00e9 aplicada, e se torna vis\u00edvel devido \u00e0 sombra quando luz lateral ou toque, criando uma experi\u00eancia visual din\u00e2mica.<\/li>\n<li>Seguran\u00e7a e Prote\u00e7\u00e3o Ambiental: Todos os materiais cumprem padr\u00f5es internacionais de seguran\u00e7a. O material branco \u00e9 f\u00e1cil de reciclar e ordenar, e o design ultra-plano reduz o volume e a log\u00edstica das emiss\u00f5es de carbono da embalagem na fonte, de acordo com o conceito de desenvolvimento sustent\u00e1vel.<\/li>\n<\/ul>\n<p>&nbsp;<\/p>\n<ol start=\"3\">\n<li>Uso recomendado do produto<\/li>\n<\/ol>\n<p>&nbsp;<\/p>\n<p>A ind\u00fastria da beleza e do cuidado da pele<\/p>\n<p>&nbsp;<\/p>\n<ul>\n<li>Mulheres s mercado: Idealmente adequado aos principais produtos da linha de aten\u00e7\u00e3o da pele minimalista de alto n\u00edvel, como serumes umidores, cremes de complex\u00e3o e barreiras pr\u00e9-cosm\u00e9ticas. Its &#8220; escondido o design atende \u00e0 psicologia do consumidor de luxo de baixa chave, como se dissesse isso &#8220; o efeito \u00e9 a declara\u00e7\u00e3o dos melhores. &#8221; Com uma capacidade de 60 g, a especifica\u00e7\u00e3o ideal para uso cotidiano, o design ultra-plano se encaixa elegantemente em qualquer estilo de mesa de vestir ou saco de m\u00e3o.<\/li>\n<li>Homens s Mercado: Para homens a lou\u00e7\u00e3o de cuidado de pele sem fragran\u00e7a, umidificador para a parte de tr\u00e1s de seu cabelo, e cera profissional de cabelo. O design branco e o texto escondido transmitem uma est\u00e9tica masculina que \u00e9 &#8220; sem ostenta\u00e7\u00e3o  and &#8220; confian\u00e7a sem ostenta\u00e7\u00e3o,&#8221; E a forma ultra-plana se encaixa perfeitamente num bolso de fato ou bolso de fitness para atender \u00e0s necessidades de pessoas de alto desempenho.<\/li>\n<li>Crian\u00e7as s Market: A casa como uma linha minimalist a e suave de cuidado da pele para crian\u00e7as. O branco puro d\u00e1 um grande senso de seguran\u00e7a, e o texto iluminado e sombrio adiciona um senso de divertimento e explora\u00e7\u00e3o, como um jogo visual suave.<\/li>\n<\/ul>\n<p>&nbsp;<\/p>\n<p>Ingredientes m\u00e9dicos<\/p>\n<p>&nbsp;<\/p>\n<ul>\n<li>Usado em marcas farmac\u00eauticas de alto n\u00edvel para produtos de repara\u00e7\u00e3o do n\u00facleo, como cremes de repara\u00e7\u00e3o de barreiras cut\u00e2neas e cremes de cuidado p\u00f3s-operat\u00f3rio especializados. Sua apar\u00eancia pura e profissional melhora os pacientes. confian\u00e7a.  The &#8220; escondido o design de texto assegura a disponibilidade da informa\u00e7\u00e3o necess\u00e1ria, mantendo a embalagem limpa, atendendo \u00e0s duas necessidades de produtos m\u00e9dicos graves e humanos.<\/li>\n<\/ul>\n<p>&nbsp;<\/p>\n<p>A ind\u00fastria de agentes de manuten\u00e7\u00e3o mec\u00e2nica<\/p>\n<p>&nbsp;<\/p>\n<ul>\n<li>Cremes de manuten\u00e7\u00e3o de equipamentos de precis\u00e3o de alto n\u00edvel separados, cremes de cuidado de bens de couro de luxo, e limpezas de lentes de c\u00e2mara de alto n\u00edvel. Seu design minimalista, que \u00e9 quase &#8220; invis\u00edvel,&#8221; - se encaixa bem com o luxo de baixa chave dos objetos de alto valor que conserva, demonstrando o gosto de que &#8220; a pr\u00f3pria ferramenta deveria ser uma pe\u00e7a ainda de arte. &#8221;<\/li>\n<\/ul>\n<p>&nbsp;<\/p>\n<p>Ind\u00fastria industrial de pigmentos qu\u00edmicos<\/p>\n<p>&nbsp;<\/p>\n<ul>\n<li>Para pigmentos brancos e leves de alto n\u00edvel artistas e m\u00eddia especial de mat\u00e9. The &#8220; branco em branco a express\u00e3o da embalagem \u00e9 uma express\u00e3o de purismo, ecoando o artista o esp\u00edrito de explora\u00e7\u00e3o da natureza dos materiais e cores, e a capacidade ultra-plana \u00e9 adequada para uso frequente em est\u00fadios.<\/li>\n<\/ul>\n<p>&nbsp;<\/p>\n<ol start=\"4\">\n<li>Caracter\u00edsticas do produto<\/li>\n<\/ol>\n<p>&nbsp;<\/p>\n<ul>\n<li>O design interativo de &#8220; A Filosofia do Concelho : uma combina\u00e7\u00e3o de corpos luminosos brancos, texto branco, criando uma experi\u00eancia visual din\u00e2mica raramente vista na hist\u00f3ria das embalagens. Ela requer participa\u00e7\u00e3o do usu\u00e1rio, observa\u00e7\u00e3o e intera\u00e7\u00e3o, transformando o comportamento de uso comum em um ritual sensorial pensado, aumentando grandemente a mem\u00f3ria da marca e a adesividade do usu\u00e1rio.<\/li>\n<li>Forma extrema e efici\u00eancia de capacidade: A montagem bem sucedida de 60 gramas de capacidade em uma estrutura superplana foi um desafio e um triunfo para a engenharia. Ele redefiniu o padr\u00e3o de &#8220; port\u00e1til de alta capacidade e proporciona uma solu\u00e7\u00e3o n\u00e3o comparada \u00e0s necessidades cotidianas usadas em altas frequ\u00eancias.<\/li>\n<li>Pureza visual absoluta: Quando na exposi\u00e7\u00e3o est\u00e1tica, ela mostra uma beleza quase abstrata, escultural e pura que instantaneamente cria um foco visual pac\u00edfico e de alto n\u00edvel em um ambiente de retalho ocupado.<\/li>\n<li>Um sistema flex\u00edvel de ancoragem de cores: A cobertura superplana em uma cor de inje\u00e7\u00e3o moldada ou eletropladada se torna a \u00fanica identifica\u00e7\u00e3o clara de cores ao longo do design. As marcas podem distinguir claramente diferentes linhas de produtos mudando a cor da cobertura (como prata eletropl\u00e1tada para a linha tecnol\u00f3gica e matte negro para a linha de base), possibilitando a simplicidade e efici\u00eancia da gest\u00e3o visual.<\/li>\n<\/ul>\n<p>&nbsp;<\/p>","protected":false},"excerpt":{"rendered":"<ol>\n<li>Design corporal de produtos<\/li>\n<\/ol>\n<p>&nbsp;<\/p>\n<ul>\n<li>Desconstruindo cor e informa\u00e7\u00e3o: O padr\u00e3o tradicional de &#8220; cor de fundo com informa\u00e7\u00e3o em embalagens est\u00e1 completamente desconstru\u00eddo. Aqui, a informa\u00e7\u00e3o (texto branco) se torna parte da cor de fundo (corpo branco) e se separa sob luz e sombra, desafiando os consumidores&#8217; - h\u00e1bitos visuais e curiosidade e explora\u00e7\u00e3o.<\/li>\n<li>Luz e sombra como um material de design: O designer incorpora a luz ambiente e o \u00e2ngulo do usu\u00e1rio&#8217; s observa\u00e7\u00e3o nas vari\u00e1veis de design. A apar\u00eancia da embalagem j\u00e1 n\u00e3o \u00e9 fixa, mas muda din\u00e2micamente com o ambiente e o modo de uso, dando ao produto um senso de vida.<\/li>\n<li>Met\u00e1for a funcional da forma: A forma hiperflata n\u00e3o \u00e9 apenas uma necessidade port\u00e1til, mas seu contorno suave e fino \u00e9 em si mesma a met\u00e1fora f\u00edsica mais intuitiva para valores de marca como minimalismo, efici\u00eancia e luz.<\/li>\n<li>Restric\u00e7\u00e3o: A tampa tornou-se a \u00fanica \u00e1rea de todo o design que permitiu &#8220; express\u00e3o expl\u00edcita,&#8221; E a escolha de cor e textura tornou-se crucial, desempenhando um papel fundamental na defini\u00e7\u00e3o do produto&#8217; s personagem.<\/li>\n<\/ul>\n<p>&nbsp;<\/p>\n<ol start=\"2\">\n<li>Avantagens do produto<\/li>\n<\/ol>\n<p>&nbsp;<\/p>\n<ul>\n<li>Criar um halo de marca de &#8220; luxo intelectual : Este design, que requer &#8220; descoberta  and &#8220; compreens\u00e3o,&#8221; naturalmente exibi e apela aos consumidores maduros com altos QI, alta est\u00e9tica e cansados de marketing simples, dando \u00e0s marcas um sentido de superioridade intelectual de baixa chave mas profundo.<\/li>\n<li>Criar t\u00f3picos fortes da m\u00eddia social e conte\u00fado UGC: O &#8220; efeito escondido \u00e9 muito r\u00e1pido e compartilh\u00e1vel, e \u00e9 f\u00e1cil inspirar os usu\u00e1rios para compartilhar o momento de &#8220; descobrindo texto escondido na m\u00eddia social, ou mostrar um estilo de vida minimalist a como um suporte de fundo, formando palavra espont\u00e2nea da boca.<\/li>\n<li>Achar acessibilidade transcultural \u00e0 comunica\u00e7\u00e3o est\u00e9tica: Formas puras brancas e geom\u00e9tricas s\u00e3o a linguagem global do design moderno que transcende diferen\u00e7as culturais e ajuda marcas a exportar sua imagem em pa\u00edses.<\/li>\n<li>Fornecer uma experi\u00eancia perfeita de abertura para o modelo DTC: Ap\u00f3s a log\u00edstica do com\u00e9rcio electr\u00f3nico, quando os consumidores pegam um produto pela primeira vez, encontram o processo de mostrar gradualmente as palavras com o \u00e2ngulo, constituindo um &#8220; cerim\u00f4nia de abertura cheio de surpresa e qualidade, o que aumenta muito a marca&#8217; \u00e9 favor\u00e1vel ao primeiro contato.<\/li>\n<\/ul>\n<p>&nbsp;<\/p>\n<ol start=\"3\">\n<li>Xenarios de uso de produtos<\/li>\n<\/ol>\n<p>&nbsp;<\/p>\n<ul>\n<li>Compradores de alto n\u00edvel - lojas e galerias: Em ambientes de retalho que enfatizam design espacial e gosto de arte, sua apar\u00eancia escultural permite que elas se encaixem naturalmente como um &#8220; trabalho de arte pr\u00e1tica - para venda.<\/li>\n<li>Espa\u00e7os privados para elites: aparecendo em executivos tecnol\u00f3gicos mesas, arquitetos - banheiros, designers; Est\u00fadios, onde designs revelam os propriet\u00e1rios - busca de detalhes, puridade e sabedoria.<\/li>\n<li>&#8220; Vivo sem etiquetas E cenas de retirada: usadas como backup de convidados em centros de retirada de yoga de alto n\u00edvel e hot\u00e9is de resort, o design visual sem ru\u00eddo complementa o ambiente tranquilo, aumentando a pureza da experi\u00eancia geral.<\/li>\n<li>Como express\u00e3o final da sustentabilidade: Para marcas pioneiras que defendem &#8220; res\u00edduos zero&#8221;  and &#8220; desembalagem,&#8221; Isto invis\u00edvel o design \u00e9 o ve\u00edculo mais poderoso para expressar sua vis\u00e3o de reduzir a polui\u00e7\u00e3o visual.<\/li>\n<li>Empresas conjuntas de marca com artistas: Sua natureza pura de tela \u00e9 o substrato ideal para cria\u00e7\u00e3o art\u00edstica ou esfor\u00e7os conjuntos profundos de marca, que pode realizar processamento art\u00edstico secund\u00e1rio mais extremo como tintura de ouro e grava\u00e7\u00e3o laser.<\/li>\n<\/ul>","protected":false},"featured_media":4483,"comment_status":"closed","ping_status":"closed","template":"","meta":[],"product_brand":[],"product_cat":[34],"product_tag":[],"class_list":{"0":"post-4460","1":"product","2":"type-product","3":"status-publish","4":"has-post-thumbnail","6":"product_cat-facial-treatment","8":"first","9":"instock","10":"shipping-taxable","11":"purchasable","12":"product-type-simple"},"_links":{"self":[{"href":"https:\/\/www.hongyitube.com\/pt\/wp-json\/wp\/v2\/product\/4460","targetHints":{"allow":["GET"]}}],"collection":[{"href":"https:\/\/www.hongyitube.com\/pt\/wp-json\/wp\/v2\/product"}],"about":[{"href":"https:\/\/www.hongyitube.com\/pt\/wp-json\/wp\/v2\/types\/product"}],"replies":[{"embeddable":true,"href":"https:\/\/www.hongyitube.com\/pt\/wp-json\/wp\/v2\/comments?post=4460"}],"wp:featuredmedia":[{"embeddable":true,"href":"https:\/\/www.hongyitube.com\/pt\/wp-json\/wp\/v2\/media\/4483"}],"wp:attachment":[{"href":"https:\/\/www.hongyitube.com\/pt\/wp-json\/wp\/v2\/media?parent=4460"}],"wp:term":[{"taxonomy":"product_brand","embeddable":true,"href":"https:\/\/www.hongyitube.com\/pt\/wp-json\/wp\/v2\/product_brand?post=4460"},{"taxonomy":"product_cat","embeddable":true,"href":"https:\/\/www.hongyitube.com\/pt\/wp-json\/wp\/v2\/product_cat?post=4460"},{"taxonomy":"product_tag","embeddable":true,"href":"https:\/\/www.hongyitube.com\/pt\/wp-json\/wp\/v2\/product_tag?post=4460"}],"curies":[{"name":"wp","href":"https:\/\/api.w.org\/{rel}","templated":true}]}}