{"id":4453,"date":"2026-01-28T19:21:54","date_gmt":"2026-01-28T11:21:54","guid":{"rendered":"https:\/\/www.hongyitube.com\/?post_type=product&#038;p=4453"},"modified":"2026-01-29T09:24:03","modified_gmt":"2026-01-29T01:24:03","slug":"%cf%8630mm-diameter-50-grams-ml-white-matte-pe-ultra-thin-tubing-packaging-material-container-bottle-hongyi-plastic","status":"publish","type":"product","link":"https:\/\/www.hongyitube.com\/pt\/product\/%cf%8630mm-diameter-50-grams-ml-white-matte-pe-ultra-thin-tubing-packaging-material-container-bottle-hongyi-plastic\/","title":{"rendered":"\u03a630mm di\u00e2metro, 50 gramas\/ml, mat\u00e9 branco PE embalagem de tubos ultra finos\/recipiente\/garrafa- Hongyi Plastic"},"content":{"rendered":"<ol>\n<li>Descri\u00e7\u00e3o do produto<\/li>\n<\/ol>\n<p>&nbsp;<\/p>\n<p>Este produto \u00e9 uma mangueira ultra-plana de PE com di\u00e2metro de tubo de 30 mm que inova uma capacidade padr\u00e3o de embalagem de 50 g\/ml e \u00e9 uma embalagem disruptiva projetada para marcas modernas que procuram uma pureza m\u00e1xima, um uso espacial eficiente e um toque superior. O tubo utiliza um substrato branco puro e lhe d\u00e1 um mat\u00e9 delicado e textura gorda que \u00e9 visualmente suave como casmo e fornece uma excelente experi\u00eancia de cura da pele e deslizante no toque. Como uma plataforma de design altamente aberta, seu corpo sustenta personaliza\u00e7\u00e3o profunda de todo processo como offset, seda e impress\u00e3o de jet, fornecendo uma tela ilimitada para express\u00e3o visual de marca. Os produtos apresentam coberturas ultra planas moldadas ou eletropladadas para inje\u00e7\u00e3o que tamb\u00e9m usam uma estrutura de ultratina, perfeitamente misturando design industrial com est\u00e9tica funcional para criar contornos planos impressionantes. Usando materiais de pr\u00e9-preenchimento e um processo de fechamento de cola de precis\u00e3o combinado com materiais PE de alta qualidade, assegura a seguran\u00e7a do conte\u00fado e suporta aperta\u00e7\u00f5es repetidas para n\u00e3o se deformar, tornando-o um sistema de embalagem de alto desempenho que redefini o padr\u00e3o de &#8220; oficialmente port\u00e1til. &#8221;<\/p>\n<p>&nbsp;<\/p>\n<ol start=\"2\">\n<li>Material e artesanato de produtos<\/li>\n<\/ol>\n<p>&nbsp;<\/p>\n<ul>\n<li>Substrato corporal do tubo: alta densidade, alta rigidez de alimentos\/material composto PE de classe medicamentosa, para assegurar que o preenchimento de grande capacidade ainda pode manter resist\u00eancia pl\u00e1stica plana, compress\u00e3o e ruptura.<\/li>\n<li>Processo de textura suave: A superf\u00edcie \u00e9 tratada com atenua\u00e7\u00e3o especial da luz e tratamento de textura para formar uma textura de mat\u00e9 duradoura e uniforme. Este processo n\u00e3o s\u00f3 d\u00e1 ao produto um prazer visual e t\u00e1ctil brilhante, mas tamb\u00e9m tem excelente resist\u00eancia anti-arranho e impress\u00f5es digitais, o que mant\u00e9m uma apar\u00eancia limpa sempre.<\/li>\n<li>Decora\u00e7\u00e3o completamente personalizada: O substrato de areia branca \u00e9 o meio de impress\u00e3o ideal, perfeitamente apresentando as cores ricas de impress\u00f5es offset, as linhas fortes de impress\u00f5es de seda e o lustro met\u00e1lico de impress\u00f5es aquecidas para alcan\u00e7ar uma express\u00e3o de marca multidimensional da simplicidade ao luxo.<\/li>\n<li>Inova\u00e7\u00e3o na estrutura de cobertura ultra-plana: uma estrutura de selagem refor\u00e7ada \u00e9 utilizada dentro da cobertura para garantir uma prote\u00e7\u00e3o confi\u00e1vel do vazamento ao mesmo tempo que o fator de form a \u00e9 comprimido ao m\u00e1ximo.<\/li>\n<li>Seguran\u00e7a e sustentabilidade: Todos os materiais cumprem as regras de seguran\u00e7a nos mercados internacionais principais. O branco \u00e9 f\u00e1cil de reciclar e ordenar, e o design ultra plano reduz o uso pl\u00e1stico e a log\u00edstica das emiss\u00f5es de carbono da fonte.<\/li>\n<\/ul>\n<p>&nbsp;<\/p>\n<ol start=\"3\">\n<li>Uso recomendado do produto<\/li>\n<\/ol>\n<p>&nbsp;<\/p>\n<p>A ind\u00fastria da beleza e do cuidado da pele<\/p>\n<p>&nbsp;<\/p>\n<ul>\n<li>Mercado das Senhoras: Ideal para o uso cotidiano de cremes de rosto principal, protetores solares de alta SPF, pr\u00e9-maquilhagem e lot\u00f5es de corpo umidificador.50 g capacidade para satisfazer a dosagem padr\u00e3o de 4-8 semanas, textura de mat\u00e9 branco transmite um sinal forte de &#8220; laborat\u00f3rio puro,&#8221;  &#8220; maquilhagem eficaz  and &#8220; simplicidade de alto n\u00edvel. &#8221; O design ultra plano faz com que seja f\u00e1cil encaixar num carrinho de viagem ou num saco de gin\u00e1sio, quebrando a impress\u00e3o tradicional de vestidos formais.<\/li>\n<li>Homens s Mercado: Para homens s \u00e3o cremes de cuidado de pele de todo prop\u00f3sito, umidificadores de controle de \u00f3leo e umidificadores para seu cabelo facial. O exterior puro branco e arenoso \u00e9 calmo, profissional e livre de despedimentos, o que precisamente atende \u00e0s exig\u00eancias dos consumidores masculinos para &#8220; efici\u00eancia, limpeza e qualidade. &#8221; O formato plano se encaixa em uma mala ou compartimento de bagagem e \u00e9 adequado para viajar.<\/li>\n<li>Crian\u00e7as s mercado: usado como vestido familiar ou vestido de viagem para crian\u00e7as como umidificadores di\u00e1rios, umidificador especial para sua pele sens\u00edvel. O branco d\u00e1 um sentimento intuitivo de seguran\u00e7a e limpeza, e a textura de areia \u00e9 leve e anti-deslizante, tornando f\u00e1cil para os pais agarrar e aplicar.<\/li>\n<\/ul>\n<p>&nbsp;<\/p>\n<p>Ingredientes m\u00e9dicos<\/p>\n<p>&nbsp;<\/p>\n<ul>\n<li>Aplicable to medical skin care creams (such as ceramides repair creams), body lotions, and massage creams for daily use. Branco \u00e9 uma cor universal no campo m\u00e9dico, simbolizando pureza e profissionalismo e aumentando a confian\u00e7a dos pacientes. A capacidade de 50 g \u00e9 adequada para um curso de tratamento, e o pacote ultra-plano \u00e9 f\u00e1cil de encaixar em um bolso de vestido hospitalar ou bolso de enfermagem.<\/li>\n<\/ul>\n<p>&nbsp;<\/p>\n<p>A ind\u00fastria de agentes de manuten\u00e7\u00e3o mec\u00e2nica<\/p>\n<p>&nbsp;<\/p>\n<ul>\n<li>Lubricantes brancos separados de l\u00edtio para instrumentos de precis\u00e3o, creme de isolamento para equipamentos eletr\u00f4nicos e ceras automobil\u00edsticas avan\u00e7adas. O exterior de areia branca puramente quebra a impress\u00e3o de embalagens industriais oleosos, e cria um &#8220; precis\u00e3o,&#8221;  &#8220; limpo  and &#8220; alto n\u00edvel - imagem de marca, adequada para venda em lojas profissionais de retalho ou plataformas de com\u00e9rcio electr\u00f3nico para entusiastas e profissionais do DIY.<\/li>\n<\/ul>\n<p>&nbsp;<\/p>\n<p>Ind\u00fastria industrial de pigmentos qu\u00edmicos<\/p>\n<p>&nbsp;<\/p>\n<ul>\n<li>Produtos embalados em tubos para pinturas brancas ou de cores ligeiras, preenchimentos e refor\u00e7o de modelos. A cor branca do pacote \u00e9 consistente com a cor do conte\u00fado, formando identifica\u00e7\u00e3o intuitiva do produto. A textura abrasiva pode efetivamente esconder manchas menores no uso di\u00e1rio e manter a apar\u00eancia limpa.<\/li>\n<\/ul>\n<p>&nbsp;<\/p>\n<ol start=\"4\">\n<li>Caracter\u00edsticas do produto<\/li>\n<\/ol>\n<p>&nbsp;<\/p>\n<ul>\n<li>O equil\u00edbrio revolucion\u00e1rio de &#8220; capacidade e forma : A realiza\u00e7\u00e3o bem sucedida de uma capacidade de embalagem formal padr\u00e3o de 50g em form a ultra plana resolve a dificuldade tradicional de &#8220; espessura e pesada e fornece uma solu\u00e7\u00e3o port\u00e1til sem precedentes para a marca&#8217; \u00e9 uma linha de embalagem formal.<\/li>\n<li>Sem tempo &#8220; cor das funda\u00e7\u00f5es de alto n\u00edvel e textura: A areia branca \u00e9 uma cor cl\u00e1ssica de alto n\u00edvel que abrange tempo e cultura. \u00c9 inextrusivo, mas altamente vis\u00edvel, e pode proporcionar o fundo mais puro e profissional para qualquer design de marca, maximizando a qualidade do conte\u00fado personalizado.<\/li>\n<li>Flexibilidade personalizada n\u00e3o paralela: O substrato branco \u00e9 o melhor parceiro para os processos de impress\u00e3o, e as marcas t\u00eam a liberdade de escolher uma combina\u00e7\u00e3o de processos, como a impress\u00e3o de matte para manter um sentimento hol\u00edstico, impress\u00e3o brilhante para real\u00e7ar o luxo e impress\u00e3o colorida para focar, o que \u00e9 extremamente custo-eficaz.<\/li>\n<li>Excelente design pragm\u00e1tico: a estrutura compacta fornecida pela cobertura ultra plana melhora significativamente a efici\u00eancia do espa\u00e7o no saco; A superf\u00edcie de areia proporciona uma agarra segura, facilita a apertura do \u00faltimo peda\u00e7o de conte\u00fado, e reduz os res\u00edduos.<\/li>\n<\/ul>\n<p>&nbsp;<\/p>","protected":false},"excerpt":{"rendered":"<ol>\n<li>1. Design corporal de produtos<\/li>\n<\/ol>\n<p>&nbsp;<\/p>\n<ul>\n<li>Estrat\u00e9gia de Cor e Textura: Branco simboliza pureza, efici\u00eancia, modernidade e possibilidades ilimitadas. O tratamento abrasivo remove o lustro barato e adiciona um toque quente e humano, o que faz conter detalhes em simplicidade, perfeitamente alinhando-se com a tend\u00eancia global do design minimalista.<\/li>\n<li>Open Vision Architecture:<\/li>\n<li>Base: Um corpo unificado de tubos brancos e de areia que forma uma tela de marca poderosa e neutra.<\/li>\n<li>Camada de marca: marcas podem criar em tela usando artesanato personalizado. Marcas m\u00ednimas podem usar impress\u00e3o de linha \u00fanica; - Marcas de tend\u00eancia podem usar grandes \u00e1reas de impress\u00e3o de cores; Marcas profissionais podem confiar em impress\u00f5es claras de seda negra.<\/li>\n<li>Est\u00e9tica funcional da forma: se\u00e7\u00f5es ovales planas n\u00e3o s\u00e3o apenas inova\u00e7\u00f5es visuais, mas tamb\u00e9m uma express\u00e3o engenharia de efici\u00eancia espacial. Ele permite que os produtos sejam embalados e usados como um livro ou um notebook.<\/li>\n<\/ul>\n<p>&nbsp;<\/p>\n<ol start=\"2\">\n<li>2. Avantagens dos produtos<\/li>\n<\/ol>\n<p>&nbsp;<\/p>\n<ul>\n<li>Criar uma nova categoria de &#8220; vestido formal port\u00e1til : Isso resolve diretamente a contradi\u00e7\u00e3o fundamental entre consumidores maduros &#8220; que precisam tanto da efic\u00e1cia custo-custo como da satisfa\u00e7\u00e3o dos produtos de vestir formais e desejam a portabilidade do vestir de viagem,&#8221; criando um novo ponto de venda de mercado e valor de usu\u00e1rio.<\/li>\n<li>Construir uma forte imagem de pedra angular da marca: embalagens brancas e areias radiam um &#8220; luxo nas bases ethos, ajudando marcas a construir uma imagem confi\u00e1vel, moderna, essencialmente de alto valor que \u00e9 facilmente aceite por uma vasta gama de pessoas.<\/li>\n<li>Unifica\u00e7\u00e3o eficiente da cadeia de abastecimento e gest\u00e3o das marcas: Um modelo b\u00e1sico de tubos pode rapidamente desenvolver uma linha completa de produtos para diferentes g\u00eaneros, tipos de pele e efic\u00e1cia mudando a cor da capa e o esquema de impress\u00e3o, reduzindo significativamente os custos de desenvolvimento e gest\u00e3o.<\/li>\n<li>Compare profundamente com o conceito de consumo sustent\u00e1vel: suas caracter\u00edsticas duradouras e facilmente reciclables e &#8220; compra \u00fanica, uso port\u00e1til a longo prazo&#8221; O cen\u00e1rio incentiva a redu\u00e7\u00e3o do consumo de pequenas embalagens, em conson\u00e2ncia com os valores ambientais dos consumidores em mercados maduros no estrangeiro.<\/li>\n<\/ul>\n<p>&nbsp;<\/p>\n<ol start=\"3\">\n<li>3. Xenarios de uso de produtos<\/li>\n<\/ol>\n<p>&nbsp;<\/p>\n<ul>\n<li>Viagem urbana e &#8220; est\u00e9tica de mochila : equipamento de viagem cotidiana que se encaixa perfeitamente na elite urban a, seja colocado em bolso de fato, saco de laptop ou saco de luxo, mant\u00e9m um contorno elegante e se torna um sinal vis\u00edvel de &#8220; vivo refinado. &#8221;<\/li>\n<li>\u00a0Os retalhistas de estilo minimalista e o com\u00e9rcio electr\u00f3nico: Em plataformas semelhantes Aesop, Lelabo ou e-commerce, sua linguagem de design pura pode rapidamente atrair consumidores que defendem est\u00e9tica simples e vida de alta qualidade.<\/li>\n<li>Ambiente de trabalho profissional: adequado para esta\u00e7\u00f5es de enfermeiras hospitalares, esta\u00e7\u00f5es de laborat\u00f3rio, est\u00fadios de artistas e escrit\u00f3rios de engenheiros. Seu profissional e limpo exterior se mistura com o ambiente e \u00e9 f\u00e1cil de acessar.<\/li>\n<li>The &#8220; armaz\u00e9m de c\u00e1psula - conceito de corte de pele: os consumidores que defendem um regime de corte de pele magra podem escolher v\u00e1rias fun\u00e7\u00f5es diferentes deste produto embalado, arranjados bem no banco de lavagem ou caso de viagem para uma gest\u00e3o eficiente.<\/li>\n<li>Embalagem de assinatura para marcas sustent\u00e1veis: Como embalagem de escolha para marcas com conceitos ecol\u00f3gicos, seu car\u00e1cter branco, minimalista e reciclado \u00e9 a express\u00e3o f\u00edsica mais intuitiva dos valores de marca.<\/li>\n<\/ul>","protected":false},"featured_media":4458,"comment_status":"closed","ping_status":"closed","template":"","meta":[],"product_brand":[],"product_cat":[34],"product_tag":[],"class_list":{"0":"post-4453","1":"product","2":"type-product","3":"status-publish","4":"has-post-thumbnail","6":"product_cat-facial-treatment","8":"first","9":"instock","10":"shipping-taxable","11":"purchasable","12":"product-type-simple"},"_links":{"self":[{"href":"https:\/\/www.hongyitube.com\/pt\/wp-json\/wp\/v2\/product\/4453","targetHints":{"allow":["GET"]}}],"collection":[{"href":"https:\/\/www.hongyitube.com\/pt\/wp-json\/wp\/v2\/product"}],"about":[{"href":"https:\/\/www.hongyitube.com\/pt\/wp-json\/wp\/v2\/types\/product"}],"replies":[{"embeddable":true,"href":"https:\/\/www.hongyitube.com\/pt\/wp-json\/wp\/v2\/comments?post=4453"}],"wp:featuredmedia":[{"embeddable":true,"href":"https:\/\/www.hongyitube.com\/pt\/wp-json\/wp\/v2\/media\/4458"}],"wp:attachment":[{"href":"https:\/\/www.hongyitube.com\/pt\/wp-json\/wp\/v2\/media?parent=4453"}],"wp:term":[{"taxonomy":"product_brand","embeddable":true,"href":"https:\/\/www.hongyitube.com\/pt\/wp-json\/wp\/v2\/product_brand?post=4453"},{"taxonomy":"product_cat","embeddable":true,"href":"https:\/\/www.hongyitube.com\/pt\/wp-json\/wp\/v2\/product_cat?post=4453"},{"taxonomy":"product_tag","embeddable":true,"href":"https:\/\/www.hongyitube.com\/pt\/wp-json\/wp\/v2\/product_tag?post=4453"}],"curies":[{"name":"wp","href":"https:\/\/api.w.org\/{rel}","templated":true}]}}