{"id":4413,"date":"2026-01-27T19:24:00","date_gmt":"2026-01-27T11:24:00","guid":{"rendered":"https:\/\/www.hongyitube.com\/?post_type=product&#038;p=4413"},"modified":"2026-01-27T19:24:01","modified_gmt":"2026-01-27T11:24:01","slug":"%cf%8630mm-tube-diameter-30-grams-ml-pe-ultra-thin-tubing-packaging-material-bottle-hongyi-plastic","status":"publish","type":"product","link":"https:\/\/www.hongyitube.com\/pt\/product\/%cf%8630mm-tube-diameter-30-grams-ml-pe-ultra-thin-tubing-packaging-material-bottle-hongyi-plastic\/","title":{"rendered":"\u03a630mm tubo di\u00e2metro, 30 gramas\/ml PE tubo ultra fino embalagem\/garrafa- Hongyi Plastic"},"content":{"rendered":"<ol>\n<li>Descri\u00e7\u00e3o do produto<\/li>\n<\/ol>\n<p>&nbsp;<\/p>\n<p>Este produto \u00e9 um tubo ultra-plano de PE de di\u00e2metro de 30 mm, a capacidade de 30g\/ml, projetado para criar um senso de mist\u00e9rio e exibi\u00e7\u00e3o teatral do design de imagem de marca de alto n\u00edvel. O corpo do tubo \u00e9 baseado em PE altamente transparente, e todo o corpo est\u00e1 coberto de um revestimento negro profundo, criando uma forte aura de calm a e profissional como a noite. Seu projeto disruptivo \u00e9 que o tubo tem uma janela transparente em form a irregular, medindo 2,2 x 4,2 cm, com uma liberdade de forma como corte de luz e sombra, formando um contraste visual muito tenso com um fundo negro. A marca pode personalizar livremente qualquer \u00e1rea do corpo usando v\u00e1rios processos como impress\u00e3o adesiva, impress\u00e3o de seda e impress\u00e3o quente para alcan\u00e7ar a express\u00e3o hier\u00e1rquica da informa\u00e7\u00e3o. O produto \u00e9 parejado com uma cor de moldura igualmente minimalist a para inje\u00e7\u00e3o ou uma superb cobertura ultra plana eletropl\u00e1tada que comprime o contorno global at\u00e9 o extremo. Usando um material pr\u00e9-preenchimento e um selo de cola de precis\u00e3o, o material \u00e9 duro e suporta aperta\u00e7\u00f5es repetidas para n\u00e3o se deformar, tornando-o uma plataforma de embalagem futurista que mistura est\u00e9tica escura, liberdade custom e form a ultra port\u00e1til.<\/p>\n<p>&nbsp;<\/p>\n<ol start=\"2\">\n<li>Material e artesanato de produtos<\/li>\n<\/ol>\n<p>&nbsp;<\/p>\n<ul>\n<li>Substrato corporal do tubo: O uso de alta transpar\u00eancia, alta rigidez de material especial de PE para garantir uma excelente barreira e resist\u00eancia.<\/li>\n<li>Processo de revestimento negro coberto: tintas revestidas avan\u00e7adas s\u00e3o usadas para terminar a superf\u00edcie, alcan\u00e7ando um efeito negro profundo, uniforme e delicado com excelente resist\u00eancia ao uso e resist\u00eancia \u00e0s manchas.<\/li>\n<li>Forma\u00e7\u00e3o de precis\u00e3o de janelas irregulares: atrav\u00e9s de processos de moldagem de alta precis\u00e3o ou laser, grandes janelas transparentes com formas irregulares s\u00e3o criadas em um revestimento negro, com bordos claros e sem risco de quebra de estresse. A dificuldade do processo demonstra alta qualidade.<\/li>\n<li>Soporte de personaliza\u00e7\u00e3o da cadeia de processos completos: oferecer \u00e0s marcas a liberdade de combinar impress\u00e3o (gr\u00e1ficos complexos), impress\u00e3o (texto duradouro) e impress\u00e3o (textura met\u00e1lica) para alcan\u00e7ar possibilidades de design ilimitadas.<\/li>\n<li>Seguro e sustent\u00e1vel: Todos os materiais cumprem os padr\u00f5es internacionais de seguran\u00e7a (por exemplo, FDA, ISO 22715). O design ultra plano e o material de PE reciclado refletem a considera\u00e7\u00e3o da efici\u00eancia ambiental.<\/li>\n<\/ul>\n<p>&nbsp;<\/p>\n<ol start=\"3\">\n<li>Uso recomendado do produto<\/li>\n<\/ol>\n<p>&nbsp;<\/p>\n<p>A ind\u00fastria da beleza e do cuidado da pele<\/p>\n<p>&nbsp;<\/p>\n<ul>\n<li>Mulheres s Market: Serums de melhor cuidado nocturno, garrafas de ingredientes ativos de alta concentra\u00e7\u00e3o, prepara\u00e7\u00e3o de maquilhagem brilhante, sombras met\u00e1licas dos olhos. O tubo de mat\u00e9ria negra fornece &#8220; de laborat\u00f3rio - efici\u00eancia e luxo, e a grande janela irregular mostra dramaticamente as part\u00edculas flutuantes da ess\u00eancia, flashes de alto brilho ou a textura \u00fanica do produto, tornando-a extremamente colet\u00edvel e exibible.<\/li>\n<li>Homens s mercado: usado em homens de alto n\u00edvel&#8217; s s \u00e9rie de cuidados de pele de tubos negros, gels de cabelo e gels de calma para a parte de tr\u00e1s da barba. O design todo negro est\u00e1 cheio de poder e refinamento de baixa chave, as janelas irregulares acrescentam personalidade incomum, e o design ultra-plano encaixa perfeitamente no bolso interior de um fato ou no bolso lateral de outro saco de fitness.<\/li>\n<li>Crian\u00e7as s Market: Como embalagem para crian\u00e7as com temas de jogo frio em edi\u00e7\u00e3o limitada s produtos de cuidado (como banho de p\u00f3 de estrela e prote\u00e7\u00e3o solar com tema de dinossauros). O fundo negro se parece com o c\u00e9u noturno, e o conte\u00fado colorido mostrado na janela \u00e9 ainda mais brilhante, atraindo crian\u00e7as mais velhas e pais buscando frio.<\/li>\n<\/ul>\n<p>&nbsp;<\/p>\n<p>Ingredientes m\u00e9dicos<\/p>\n<p>&nbsp;<\/p>\n<ul>\n<li>Usado em maquilhagem farmac\u00eautico de alto n\u00edvel (como s\u00e9reos p\u00f3s-microagulha de repara\u00e7\u00e3o), produtos t\u00f3picos de \u00e1cido cut\u00e2neo e cremas de cor escura (como cremas de limpeza de carv\u00e3o de bamb\u00fa). A embalagem negra refor\u00e7a o &#8220; forte  and &#8220; profissional atributos dos ingredientes, e as janelas grandes permitem ao usu\u00e1rio ver o estado do conte\u00fado (por exemplo, camada, cristaliza\u00e7\u00e3o) num olhar, estabelecendo um sentido s\u00e9rio de confian\u00e7a.<\/li>\n<\/ul>\n<p>&nbsp;<\/p>\n<p>A ind\u00fastria de agentes de manuten\u00e7\u00e3o mec\u00e2nica<\/p>\n<p>&nbsp;<\/p>\n<ul>\n<li>lubrificantes especializados separados, ceras de carro de alto n\u00edvel e agentes de cuidado de pe\u00e7as de fibra de carbono. O exterior do matte negro \u00e9 extremamente industrial design e qualidade de luxo, e a janela irregular \u00e9 como um produto&#8217; s &#8220; janela de performance display,&#8221; que podem ver diretamente a fineza do pl\u00e1stico ou as part\u00edculas funcionais contidas nele, melhorando a credibilidade do produto.<\/li>\n<\/ul>\n<p>&nbsp;<\/p>\n<p>Ind\u00fastria industrial de pigmentos qu\u00edmicos<\/p>\n<p>&nbsp;<\/p>\n<ul>\n<li>Para pigmentos de metal de grado artista, pigmentos fluorescentes e emuls\u00f5es com texturas especiais. O tubo negro \u00e9 um excelente tela que maximiza as cores brilhantes e texturas \u00fanicas da pintura na janela, e a embalagem \u00e9 um trabalho de arte moderna.<\/li>\n<\/ul>\n<p>&nbsp;<\/p>\n<ol start=\"4\">\n<li>Caracter\u00edsticas do produto<\/li>\n<\/ol>\n<p>&nbsp;<\/p>\n<ul>\n<li>Dram\u00e1tico &#8220; janela de foco&#8221; Design: 2,2 * 4,2 cm grande janela irregular quebra o design convencional de embalagens,N\u00e3o \u00e9 mais uma abertura funcional simples, mas uma imagem de pensamento diretor que foca for\u00e7adamente o consumidor&#8217; a aten\u00e7\u00e3o sobre o pr\u00f3prio conte\u00fado, criando uma experi\u00eancia imersiva de observa\u00e7\u00e3o.<\/li>\n<li>Forte Luxuro Negro Tono de marca: Atrav\u00e9s do corpo, a ilumina\u00e7\u00e3o escura estabelece o tom de uma marca misteriosa, autorit\u00e1ria, avan\u00e7ada e sem fim, rapidamente estabelecendo uma identidade visual altamente reconhec\u00edvel no mercado e atraindo consumidores que buscam unicidade.<\/li>\n<li>A \u00faltima liberdade de personaliza\u00e7\u00e3o e profundidade de express\u00e3o: em um substrato negro, marcas podem ser criadas como se estivessem em uma tela escura. O logotipo de prata de marca quente destaca o senso fixe da ci\u00eancia e tecnologia, padr\u00f5es de cores de impress\u00e3o offset formam um forte contraste, texto branco de tela de seda para garantir uma excelente leitabilidade, para alcan\u00e7ar a profundidade da narrativa da marca hist\u00f3ria.<\/li>\n<li>Fus\u00e3o disruptiva de forma e portabilidade: O design ultra-plano fornece visuais impressionantes ao mesmo tempo que aborda os pontos de dor de portabilidade para produtos de cuidado de alto volume, possibilitando a evolu\u00e7\u00e3o definitiva de &#8220; a forma segue a fun\u00e7\u00e3o. &#8221;<\/li>\n<\/ul>","protected":false},"excerpt":{"rendered":"<ol>\n<li>Design corporal de produtos<\/li>\n<\/ol>\n<p>&nbsp;<\/p>\n<ul>\n<li>A filosofia da cor e da forma: negro \u00e9 o fim da cor e o in\u00edcio de todas as coisas poss\u00edveis. O matte negro elimina todas as distra\u00e7\u00f5es e torna o conte\u00fado e padr\u00f5es personalizados de texto na janela os \u00fanicos protagonistas. O formato irregular da janela quebra os estere\u00f3tipos da produ\u00e7\u00e3o industrial e injeta arte e personalidade.<\/li>\n<li>Arquitetura estereogr\u00e1fica da comunica\u00e7\u00e3o de informa\u00e7\u00e3o:<\/li>\n<\/ul>\n<ol>\n<li>N\u00edvel um foco: O conte\u00fado numa janela irregular \u00e9 a comunica\u00e7\u00e3o central que n\u00e3o requer fala.<\/li>\n<li>Logo de Grade II: O principal logotipo da marca, apresentado pela queimadura ou alta impress\u00e3o offset de contraste, brilha em um fundo negro.<\/li>\n<li>Explica\u00e7\u00e3o do n\u00edvel tr\u00eas: Usar impress\u00e3o de pantalha para apresentar claramente texto funcional e informa\u00e7\u00e3o reguladora para assegurar a pr\u00e1tica e a conformidade.<\/li>\n<\/ol>\n<ul>\n<li>Est\u00e9tica funcional do tamp\u00e3o: O tamp\u00e3o ultra-plano n\u00e3o \u00e9 apenas um selo, mas tamb\u00e9m o toque final para completar o contorno plano global, e sua cor de inje\u00e7\u00e3o moldada ou eletropladada pode servir como identificador de classifica\u00e7\u00e3o de cores para uma linha de marca de produtos.<\/li>\n<\/ul>\n<p>&nbsp;<\/p>\n<ol start=\"2\">\n<li>Avantagens do produto<\/li>\n<\/ol>\n<p>&nbsp;<\/p>\n<ul>\n<li>Criar embalagem ic\u00f4nica com valor colet\u00e1vel: Sua forte personalidade visual e sentido art\u00edstico faz da embalagem um objeto que os consumidores desejam possuir, aumenta muito o valor acrescentado do produto e a lealdade das marcas, e \u00e9 adequado para criar itens de celebridade ou cole\u00e7\u00f5es de edi\u00e7\u00f5es limitadas.<\/li>\n<li>Obter uma profunda conex\u00e3o narrativa e emocional de marca: As janelas irregulares e superf\u00edcies completamente personalizadas fornecem o carregador f\u00edsico perfeito para marcas contarem hist\u00f3rias sobre &#8220; descobertas,&#8221;  &#8220; percep\u00e7\u00e3o no n\u00facleo,&#8221;  &#8220; poder m\u00e1gico,&#8221; e facilmente construir conex\u00f5es emocionais com os consumidores.<\/li>\n<li>Ele atende \u00e0s duas necessidades de &#8220; display extremo  and &#8220; extremamente port\u00e1til : fornece uma exposi\u00e7\u00e3o n\u00e3o comparada no banco de retalho ou na m\u00eddia social, enquanto se integra sem parafuso no espa\u00e7o de vida mais compacto, resolvendo a contradi\u00e7\u00e3o tradicional de &#8220; re-exibi\u00e7\u00e3o, luz port\u00e1til para produtos de alto n\u00edvel.<\/li>\n<li>Subculturas globais alvo e consumidores avan\u00e7ados: Sua est\u00e9tica escura e caracter\u00edsticas personalizadas podem alvo de entusiastas subculturais como cultura de rua, esporte, ciberpunk e todos os compradores avan\u00e7ados que buscam express\u00e3o diferenciada.<\/li>\n<\/ul>\n<p>&nbsp;<\/p>\n<ol start=\"3\">\n<li>Xenarios de uso de produtos<\/li>\n<\/ol>\n<p>&nbsp;<\/p>\n<ul>\n<li>Colec\u00e7\u00e3o de beleza de alto n\u00edvel e loja de conceitos: Em luzes escuras e focadas, suas janelas de conte\u00fado de mat\u00e9 negro e de conte\u00fado brilhante podem produzir um forte efeito teatral, tornando-as as as mostras mais atractivas no banco.<\/li>\n<li>Cria\u00e7\u00e3o de conte\u00fado da m\u00eddia social e propaga\u00e7\u00e3o viral: A apar\u00eancia altamente impactante \u00e9 natural &#8220; magn\u00e9tico de tr\u00e2nsito,&#8221; E \u00e9 f\u00e1cil inspirar blogueiros de beleza, entusiastas tecnol\u00f3gicos e designers para criar cabinas criativas, revis\u00f5es de compara\u00e7\u00e3o, ou conte\u00fado como acess\u00f3rios de moda.<\/li>\n<li>Cade\u00e7as exclusivas e de eventos dos membros: A embalagem exclusiva do produto da marca&#8217; os membros superiores ou os presentes conjuntos de grandes eventos offline (como confer\u00eancias de imprensa, festivals de m\u00fasica, exposi\u00e7\u00f5es de arte) podem aumentar muito o tom do evento e a honra dos participantes.<\/li>\n<li>Um conjunto de ferramentas port\u00e1til para profissionais: Seja que seja \u00e9 um artist a de maquilhagem, colorista, engenheiro ou artista, seu aspecto profissional e sua portabilidade fazem com que seja uma presen\u00e7a confiante em qualquer cen\u00e1rio de trabalho, uma extens\u00e3o da identidade profissional.<\/li>\n<li>Almac\u00f5es livres de impostos e canais de viagem: Como &#8220; tecnologia de viagem  or &#8220; destino limitado&#8221; Os produtos, sua forma \u00fanica e portabilidade s\u00e3o fatalmente atraentes para os viajantes.<\/li>\n<\/ul>","protected":false},"featured_media":4421,"comment_status":"closed","ping_status":"closed","template":"","meta":[],"product_brand":[],"product_cat":[34,45],"product_tag":[],"class_list":{"0":"post-4413","1":"product","2":"type-product","3":"status-publish","4":"has-post-thumbnail","6":"product_cat-facial-treatment","7":"product_cat-30-pe-plastic-tube","9":"first","10":"instock","11":"shipping-taxable","12":"purchasable","13":"product-type-simple"},"_links":{"self":[{"href":"https:\/\/www.hongyitube.com\/pt\/wp-json\/wp\/v2\/product\/4413","targetHints":{"allow":["GET"]}}],"collection":[{"href":"https:\/\/www.hongyitube.com\/pt\/wp-json\/wp\/v2\/product"}],"about":[{"href":"https:\/\/www.hongyitube.com\/pt\/wp-json\/wp\/v2\/types\/product"}],"replies":[{"embeddable":true,"href":"https:\/\/www.hongyitube.com\/pt\/wp-json\/wp\/v2\/comments?post=4413"}],"wp:featuredmedia":[{"embeddable":true,"href":"https:\/\/www.hongyitube.com\/pt\/wp-json\/wp\/v2\/media\/4421"}],"wp:attachment":[{"href":"https:\/\/www.hongyitube.com\/pt\/wp-json\/wp\/v2\/media?parent=4413"}],"wp:term":[{"taxonomy":"product_brand","embeddable":true,"href":"https:\/\/www.hongyitube.com\/pt\/wp-json\/wp\/v2\/product_brand?post=4413"},{"taxonomy":"product_cat","embeddable":true,"href":"https:\/\/www.hongyitube.com\/pt\/wp-json\/wp\/v2\/product_cat?post=4413"},{"taxonomy":"product_tag","embeddable":true,"href":"https:\/\/www.hongyitube.com\/pt\/wp-json\/wp\/v2\/product_tag?post=4413"}],"curies":[{"name":"wp","href":"https:\/\/api.w.org\/{rel}","templated":true}]}}