{"id":4404,"date":"2026-01-27T15:50:46","date_gmt":"2026-01-27T07:50:46","guid":{"rendered":"https:\/\/www.hongyitube.com\/?post_type=product&#038;p=4404"},"modified":"2026-01-27T15:50:47","modified_gmt":"2026-01-27T07:50:47","slug":"%cf%8630mm-diameter-30-grams-ml-ultra-thin-pe-tubing-packaging-material-container-bottle-hongyi-plastic","status":"publish","type":"product","link":"https:\/\/www.hongyitube.com\/pt\/product\/%cf%8630mm-diameter-30-grams-ml-ultra-thin-pe-tubing-packaging-material-container-bottle-hongyi-plastic\/","title":{"rendered":"\u03a630mm di\u00e2metro, 30 gramas\/ml embalagem de tubos de PE ultra finos\/recipiente\/garrafa- Hongyi Plastic"},"content":{"rendered":"<ol>\n<li>Descri\u00e7\u00e3o do produto<\/li>\n<\/ol>\n<p>&nbsp;<\/p>\n<p>Este produto \u00e9 uma mangueira de PE el\u00edptica com um di\u00e2metro de tubo de 30 mm com uma capacidade de 30 g\/ml. Com &#8220; transpar\u00eancia, autenticidade e modernidade como seu conceito fundamental, \u00e9 projetado para uma nova gera\u00e7\u00e3o de consumidores que apreciam transpar\u00eancia e est\u00e9tica minimalist a. O corpo utiliza um substrato altamente transparente e \u00e9 revestido com um tom de pele extremamente \u00fanico de cobertura de mat\u00e9 na camada externa, criando um brusco e sens\u00edvel \u00e0 pele &#8220; seminudo o efeito visual altamente avan\u00e7ado e inclusivo. O destaque do design \u00e9 que o corpo integra inteligentemente uma janela transparente brilhante de 1,2 cm, como uma janela real, permitindo visibilidade f\u00edsica e cor no conte\u00fado. Toda informa\u00e7\u00e3o do produto \u00e9 apresentada atrav\u00e9s de impress\u00f5es claras de seda negra. \u00c9 inovativamente parejado com um design ultra plano de tampas moldadas ou eletropl\u00e1tadas para inje\u00e7\u00e3o, reduzindo drasticamente a altura global e apresentando um contorno extremamente moderno. Usando um material pr\u00e9-preenchimento e um processo de selagem da cauda, o material \u00e9 forte e suporta aperta\u00e7\u00f5es repetidas para n\u00e3o se deformar, tornando-o uma embalagem futurista que redefini &#8220; real vis\u00edvel  and &#8220; est\u00e9tica port\u00e1til. &#8221;<\/p>\n<p>&nbsp;<\/p>\n<ol start=\"2\">\n<li>Material e artesanato de produtos<\/li>\n<\/ol>\n<p>&nbsp;<\/p>\n<ul>\n<li>Substrato corporal do tubo: alta transpar\u00eancia, baixa mobilidade de alimentos\/material de tipo PE de droga para garantir a seguran\u00e7a e estabilidade do conte\u00fado.<\/li>\n<li>Processos de revestimento b\u00e1sico: revestimentos de mat\u00e9 de ton de pele para aplica\u00e7\u00f5es inovadoras s\u00e3o chaves. Em vez de cobertura opaca, forma um filme flex\u00edvel muito delicado no tubo transparente, simulando a textura e brilho de pele saud\u00e1vel, toque seda e prote\u00e7\u00e3o das impress\u00f5es digitais, e a dificuldade do processo e a eleg\u00e2ncia coexistem.<\/li>\n<li>Processo de janela: atrav\u00e9s de c\u00e1lculo preciso, o laser ou o corte de morte no revestimento \u00e9 reservado para uma janela transparente de 1,2 cm, a borda \u00e9 limpa, e a superf\u00edcie do matte forma um contraste de textura, sem risco de vazamento.<\/li>\n<li>Prote\u00e7\u00e3o ambiental e seguran\u00e7a: Todos os materiais cumprem os padr\u00f5es internacionais de seguran\u00e7a (por exemplo, FDA, REACH). O design de cobertura ultra plana e reciclable de PE reduz o uso pl\u00e1stico e reflete o pensamento sustent\u00e1vel do design.<\/li>\n<\/ul>\n<p>&nbsp;<\/p>\n<ol start=\"3\">\n<li>Uso recomendado do produto<\/li>\n<\/ol>\n<p>&nbsp;<\/p>\n<p>A ind\u00fastria da beleza e do cuidado da pele<\/p>\n<p>&nbsp;<\/p>\n<ul>\n<li>Mulheres s Mercado: Perfeito para produtos corretores de cores (como propolis de maquilhagem roxa\/verde), fundamentos de luz, cremes de complex\u00e3o e escondidor. The &#8220; tono da pele brilhante O corpo est\u00e1 em harmonia com o tom da pele, e a janela transparente permite aos consumidores ver a cor do pl\u00e1stico diretamente, perfeitamente resolvendo o ponto de dor da sele\u00e7\u00e3o cega de n\u00fameros de cores na compra online. A cobertura ultra plana \u00e9 f\u00e1cil de encaixar num saco fino de maquilhagem.<\/li>\n<li>Homens o mercado: para homens o BB creme, o escondidor local, a ess\u00eancia de pontos de luz. O corpo com tono de pele de baixa chave e o design de capa ultra-plana n\u00e3o t\u00eam polveridade, transmitindo a imagem de um homem moderno que \u00e9 pragm\u00e1tico, eficiente e parece consciente, e o design da janela acrescenta uma base racional para a sele\u00e7\u00e3o de produtos.<\/li>\n<li>Crian\u00e7as s Mercado: embalagem para crian\u00e7as s performances usando cosm\u00e9ticos de cor leve (como funda\u00e7\u00f5es) e prote\u00e7\u00e3o solar. O design das janelas permite aos pais ver o estado do produto num olhar, e a textura da pele para a pele parece mais suave e segura.<\/li>\n<\/ul>\n<p>&nbsp;<\/p>\n<p>Ingredientes m\u00e9dicos<\/p>\n<p>&nbsp;<\/p>\n<ul>\n<li>Usado em cremas com tela de pele (como cremas com cicatrizes), cremas t\u00f3picos para o rosto, gelos de restaura\u00e7\u00e3o de cores. A janela mostra a uniformidade do creme, o tubo de cor da pele reduz o &#8220; sensa\u00e7\u00e3o de doen\u00e7a de cremas tradicionais, e a cobertura ultra-plana torna f\u00e1cil carregar em seu bolso, aumentando a conveni\u00eancia e privacidade.<\/li>\n<\/ul>\n<p>&nbsp;<\/p>\n<p>A ind\u00fastria de agentes de manuten\u00e7\u00e3o mec\u00e2nica<\/p>\n<p>&nbsp;<\/p>\n<ul>\n<li>Filme condutivo separado e gordura especial para instrumentos eletr\u00f4nicos de precis\u00e3o (cor \u00e9 um dos indicadores). A janela pode mostrar diretamente a textura e uniformidade do produto, que \u00e9 uma prova intuitiva de qualidade. O design ultra-plano torna a embalagem extremamente pr\u00e1tica tomando um espa\u00e7o m\u00ednimo em uma caixa de ferramentas ou bolso de fato de trabalho.<\/li>\n<\/ul>\n<p>&nbsp;<\/p>\n<p>Ind\u00fastria industrial de pigmentos qu\u00edmicos<\/p>\n<p>&nbsp;<\/p>\n<ul>\n<li>Para pigmentos de ton da pele, efeitos especiais gelos transparentes, pinturas modelo. O pr\u00f3prio tubo de cor da pele \u00e9 uma maravilhosa pista de cor, a janela transparente se torna o melhor est\u00e1gio para mostrar o produto&#8217; as caracter\u00edsticas, e as coberturas ultra planas facilitam a embalagem limpa.<\/li>\n<\/ul>\n<p>&nbsp;<\/p>\n<ol start=\"4\">\n<li>Caracter\u00edsticas do produto<\/li>\n<\/ol>\n<p>&nbsp;<\/p>\n<ul>\n<li>Groundbreaking &#8220; est\u00e9tica de nudez : revestimentos de tono da pele aumentam a l\u00f3gica visual dos tubos tradicionais transparentes ou puros de cores, criando uma confus\u00e3o de alto n\u00edvel entre o vis\u00edvel e o invis\u00edvel, fornecendo uma filosofia de produto que \u00e9 &#8220; infundido com a pele,&#8221;  &#8220; natural. &#8221;<\/li>\n<li>&#8220; janelas da verdade - que aumentam a confian\u00e7a: A janela transparente de 1,2 cm n\u00e3o \u00e9 uma abertura simples, mas um projeto &#8220; \u00e1rea de foco. &#8221; Ela convida os consumidores a testar a textura, cor e pureza do conte\u00fado de uma forma confiante e \u00e9 a ferramenta mais poderosa para construir a honestidade das marcas.<\/li>\n<li>Extreme &#8220; plano e port\u00e1til Design: A cobertura ultra plana \u00e9 o n\u00facleo est\u00e9tico funcional deste produto. Reduz significativamente a altura e o volume gerais da embalagem, permitindo-a deslizar facilmente em qualquer espa\u00e7o pequeno, perfeitamente adequado aos cen\u00e1rios urbanos de viagem e viagem, e representa o &#8220; perto da redund\u00e2ncia. o esp\u00edrito moderno de design.<\/li>\n<li>Balan\u00e7o preciso de capacidade e textura: 30 g de capacidade \u00e9 a especifica\u00e7\u00e3o de ouro de ess\u00eancia alta ou linha exclusiva de produ\u00e7\u00e3o, com di\u00e2metro de 30 mm e revestimento especial, o senso de peso e delicadeza coexistem na m\u00e3o.<\/li>\n<\/ul>\n<p>&nbsp;<\/p>","protected":false},"excerpt":{"rendered":"<ol>\n<li>Design corporal de produtos<\/li>\n<\/ol>\n<p>&nbsp;<\/p>\n<ul>\n<li>A filosofia da cor e textura: o tom da pele \u00e9 um &#8220; n\u00e3o-cor&#8221; com um sentimento altamente inclusivo e moderno. Ela n\u00e3o define g\u00eanero, n\u00e3o enfatiza a idade, e \u00e9 projetada para coexistir harmoniosamente com qualquer ambiente e usu\u00e1rio, e \u00e9 uma cor de fundo avan\u00e7ada.<\/li>\n<li>Art of Composition of Functional Windows: A localiza\u00e7\u00e3o e o tamanho das janelas s\u00e3o cuidadosamente projetadas para assegurar que elas est\u00e3o no foco visual quando manipuladas normalmente. \u00c9 tanto um componente funcional como um elemento de design que quebra a superf\u00edcie plana do brilho e acrescenta n\u00edveis visuais e interesse.<\/li>\n<li>Presenta\u00e7\u00e3o m\u00ednima no n\u00edvel de informa\u00e7\u00e3o: Em um fundo de pele tonto, o negro de alto contraste sem impress\u00e3o serif assegura que todas as regulamenta\u00e7\u00f5es e informa\u00e7\u00f5es sobre produtos s\u00e3o claramente leit\u00edveis, implementando o princ\u00edpio de design modernist a de &#8220; a forma segue a fun\u00e7\u00e3o. &#8221;<\/li>\n<li>A forma final do tamp\u00e3o: O tamp\u00e3o hiperplato n\u00e3o \u00e9 apenas o tamp\u00e3o, mas tamb\u00e9m o fim da linguagem de forma geral. Permite que a silueta da mangueira esteja bem ligada no final, completando a transforma\u00e7\u00e3o de um objeto pr\u00e1tico para um produto de design.<\/li>\n<\/ul>\n<p>&nbsp;<\/p>\n<p>2.Avantagens dos produtos<\/p>\n<p>&nbsp;<\/p>\n<ul>\n<li>Construir a prova final de confian\u00e7a para &#8220; transpar\u00eancia do conte\u00fado : Em mercados estrangeiros dominados por &#8220; partes de conte\u00fado e consumo racional, janelas transparentes fornecem provas irrefut\u00e1veis de toda a marca s afirma sobre textura, cor e pureza, reduzindo significativamente o risco de decis\u00e3o do consumidor.<\/li>\n<li>Para criar um ethos de marca de alto n\u00edvel e neutro: &#8220; ton da pele  and &#8220; design ultra plano - se combinam para criar um sentido calmo, profissional e ruidoso de luxo moderno que apela amplamente aos consumidores maduros, homens e mulheres, que buscam alta qualidade e bom design.<\/li>\n<li>lidar com os pontos de dor do cen\u00e1rio de uso central: A revolu\u00e7\u00e3o port\u00e1til trazida pela cobertura ultraflata atingiu diretamente os pontos de dor das pessoas urbanas&#8217; s &#8220; ansiedade no espa\u00e7o de sacos,&#8221; - mudar o produto de &#8220; provavelmente precisava  to &#8220; port\u00e1til e agrad\u00e1vel para ser usado. &#8221;<\/li>\n<li>Um forte gene de comunica\u00e7\u00e3o da m\u00eddia social: O &#8220; projeto de janela aberta e textura \u00fanica s\u00e3o altamente t\u00f3pica e fotogr\u00e1fica, facilmente inspirando usu\u00e1rios a criar conte\u00fado da m\u00eddia social com temas como &#8220; caixas abertas,&#8221;  &#8220; contraste,&#8221;  &#8220; bens de viagem,&#8221; e formar comunica\u00e7\u00e3o espont\u00e2nea.<\/li>\n<\/ul>\n<p>&nbsp;<\/p>\n<ol start=\"3\">\n<li>Xenarios de uso de produtos<\/li>\n<\/ol>\n<p>&nbsp;<\/p>\n<ul>\n<li>Websites de com\u00e9rcio eletr\u00f4nico de beleza de alto n\u00edvel e marca DTC: Ao vender online, a textura do produto na imagem de alta defini\u00e7\u00e3o e video close-up &#8220; janela&#8221; pode compensar muito pela falta de toque intang\u00edvel, melhorar significativamente a taxa de convers\u00e3o e reduzir a taxa de retorno devido a n\u00fameros de cores incorrectos.<\/li>\n<li>Um deve-ter para viajar e viajar: O design de cobertura ultra-plana faz com que seja o carregador perfeito de pele ou produto de cuidado pessoal para pessoas de neg\u00f3cios&#8217; s sacos de viagem, mulheres s sacos de viagem, e sacos de treinamento de aptid\u00e3o, maximizando espa\u00e7o.<\/li>\n<li>Representantes visuais de estilos de vida minimalistas: em exibi\u00e7\u00e3o de casas modernas, escrit\u00f3rios de cuidados pessoais ou \u201cO que est\u00e1 no meu saco?\u201dAo esperar por conte\u00fado, seu design pode naturalmente integrar e se tornar uma extens\u00e3o do dono&#8217; o sabor est\u00e9tico.<\/li>\n<li>Um conjunto de ferramentas para artistas profissionais de maquilhagem e blogueiros de beleza: Para profissionais que precisam distinguir com precis\u00e3o cor e textura do produto, o design da janela proporciona grande conveni\u00eancia, e a embalagem ultra-plana economiza espa\u00e7o valioso para maquilhagem profissional.<\/li>\n<li>Suplementos projetados de forma sustent\u00e1vel: Como embalagem para n\u00facleos de substitui\u00e7\u00e3o ou suplementos para produtos de luxo, seu design moderno e minimalista faz com que os consumidores estejam dispostos a manter e reutilizar, apoiando padr\u00f5es de consumo ecol\u00f3gicos.<\/li>\n<\/ul>","protected":false},"featured_media":4406,"comment_status":"closed","ping_status":"closed","template":"","meta":[],"product_brand":[],"product_cat":[34,45],"product_tag":[],"class_list":{"0":"post-4404","1":"product","2":"type-product","3":"status-publish","4":"has-post-thumbnail","6":"product_cat-facial-treatment","7":"product_cat-30-pe-plastic-tube","9":"first","10":"instock","11":"shipping-taxable","12":"purchasable","13":"product-type-simple"},"_links":{"self":[{"href":"https:\/\/www.hongyitube.com\/pt\/wp-json\/wp\/v2\/product\/4404","targetHints":{"allow":["GET"]}}],"collection":[{"href":"https:\/\/www.hongyitube.com\/pt\/wp-json\/wp\/v2\/product"}],"about":[{"href":"https:\/\/www.hongyitube.com\/pt\/wp-json\/wp\/v2\/types\/product"}],"replies":[{"embeddable":true,"href":"https:\/\/www.hongyitube.com\/pt\/wp-json\/wp\/v2\/comments?post=4404"}],"wp:featuredmedia":[{"embeddable":true,"href":"https:\/\/www.hongyitube.com\/pt\/wp-json\/wp\/v2\/media\/4406"}],"wp:attachment":[{"href":"https:\/\/www.hongyitube.com\/pt\/wp-json\/wp\/v2\/media?parent=4404"}],"wp:term":[{"taxonomy":"product_brand","embeddable":true,"href":"https:\/\/www.hongyitube.com\/pt\/wp-json\/wp\/v2\/product_brand?post=4404"},{"taxonomy":"product_cat","embeddable":true,"href":"https:\/\/www.hongyitube.com\/pt\/wp-json\/wp\/v2\/product_cat?post=4404"},{"taxonomy":"product_tag","embeddable":true,"href":"https:\/\/www.hongyitube.com\/pt\/wp-json\/wp\/v2\/product_tag?post=4404"}],"curies":[{"name":"wp","href":"https:\/\/api.w.org\/{rel}","templated":true}]}}