{"id":4309,"date":"2026-01-13T19:01:51","date_gmt":"2026-01-13T11:01:51","guid":{"rendered":"https:\/\/www.hongyitube.com\/?post_type=product&#038;p=4309"},"modified":"2026-01-13T19:01:51","modified_gmt":"2026-01-13T11:01:51","slug":"%cf%8619-colorful-russian-doll-equipped-with-a-removable-transparent-short-angle-silicone-transparent-strap-thin-comb-and-lip-tube-hongyi-plastic","status":"publish","type":"product","link":"https:\/\/www.hongyitube.com\/pt\/product\/%cf%8619-colorful-russian-doll-equipped-with-a-removable-transparent-short-angle-silicone-transparent-strap-thin-comb-and-lip-tube-hongyi-plastic\/","title":{"rendered":"\u03a619 Colorful Russian Doll, equipado com uma cinta transparente de silicone de \u00e2ngulo curto, cinta fina e tubo l\u00e1bio transparente remov\u00edvel &#8211; Hongyi Plastic"},"content":{"rendered":"<p>Hongyi[UNK]Plastic Colorful Russian Doll com tubo l\u00e1bio de silicone de \u00e2ngulo longo transparente substitu\u00edvel [UNK]preenchimento Capacity10ml-15ml\/0,34-0,51fl.oz.<\/p>\n<p>Este \u00e9 um produto de cuidado l\u00e1bio de alto n\u00edvel que combina est\u00e9tica art\u00edstica com design inovador e pr\u00e1tico. Ela se separa do balmo tradicional dos l\u00e1bios s form a monot\u00f3nica, com um refinado &#8220; tubo branco com boneca de ninho russa impressa o corpo que abriga ess\u00eancia alimentante. Al\u00e9m disso, inovativamente emprega uma cabe\u00e7a de massagem transparente de silicone remov\u00edvel e substitu\u00edvel, proporcionando uma experi\u00eancia luxuosa, agrad\u00e1vel, eficiente e ecol\u00f3gica de cuidado dos l\u00e1bios. Com cada uso, n\u00e3o se trata apenas de alimentar os l\u00e1bios, mas tamb\u00e9m de um prazer art\u00edstico para brincar.<\/p>\n<p>Forma \u00fanica: tubo circular de di\u00e2metro padr\u00e3o de 19 mm, se sentem confort\u00e1veis, mant\u00eam-se constantes. O design cl\u00e1ssico de abertura (o fim pode ser rotado e \u00e9 frequentemente usado para preencher ou mostrar a estrutura interna) acrescenta um senso de artesanidade e divertid\u00e3o ao produto.<\/p>\n<ul>\n<li>Patr\u00f3ns art\u00edsticos: O corpo \u00e9 completamente branco, e o corajoso e ador\u00e1vel padr\u00e3o de boneca russa \u00e9 apresentado vivamente sobre ele atrav\u00e9s de tecnologia de impress\u00e3o offset de alta qualidade. O padr\u00e3o tem um alto grau de satura\u00e7\u00e3o e n\u00e3o \u00e9 f\u00e1cil de cair. Cada um \u00e9 como um trabalho miniaturo de arte, exquisito e extraordin\u00e1rio.<\/li>\n<li>O material do saco sente: O pr\u00f3prio material do tubo branco tem uma textura delicada, que est\u00e1 em estreito contraste com o padr\u00e3o de boneca colorida, e tem forte impacto visual, que tem grande identifica\u00e7\u00e3o e valor coletivo.<\/li>\n<\/ul>\n<p>&nbsp;<\/p>\n<ol start=\"2\">\n<li>Tubos l\u00e1bios inovadores: a experi\u00eancia de massagem de luxo<\/li>\n<\/ol>\n<p>&nbsp;<\/p>\n<ul>\n<li>Core highlights: collocation transparent color food grade silicone head, soft texture skin, tactile Q bomb. Sua maior caracter\u00edstica \u00e9 o design remov\u00edvel e de substitui\u00e7\u00e3o, que resolve os pontos de dor da higiene tradicional integrada da escova de l\u00e1bios cabe\u00e7a que s\u00e3o dif\u00edceis de limpar cuidadosamente, e \u00e9 conveniente para os usu\u00e1rios substituir, tornando-a mais higi\u00e9nica e ecol\u00f3gica.<\/li>\n<li>Design do pesco\u00e7o: O sistema de revestimento no interior do tubo l\u00e1bio usa uma corta corta transparente para assegurar uma entrega precisa e quantitativa do soro e evitar res\u00edduos. O corkscrew est\u00e1 conectado a uma escova fina (escova com um espa\u00e7o amplo de dentes de escova), um projeto que torna f\u00e1cil mergulhar na quantidade certa de \u00f3leo essencial e aplicar perfeitamente ao contorno do l\u00e1bio para mesmo cobertura.<\/li>\n<li>Protec\u00e7\u00e3o completa: Equipada com uma cobertura externa transparente do mesmo sistema de cores que a cabe\u00e7a transparente de silicone, ela \u00e9 estreitamente fechada para evitar efetivamente vazamento e contamina\u00e7\u00e3o s\u00e9ricas, mantendo o produto&#8217; \u00e9 consisten\u00e7a visual e permeabilidade.<\/li>\n<\/ul>\n<p>&nbsp;<\/p>\n<ol start=\"3\">\n<li>Material de produtos: seguran\u00e7a e garantia de qualidade<\/li>\n<\/ol>\n<p>&nbsp;<\/p>\n<ul>\n<li>Corpo: Pl\u00e1stico de boa qualidade, forte e duradouro.<\/li>\n<li>Impress\u00e3o: impress\u00e3o de tinta ecol\u00f3gica, cores brilhantes e segura.<\/li>\n<li>Cabe\u00e7a de tubo l\u00e1bio: gel l\u00edquido de s\u00edlica (LSR), n\u00e3o t\u00f3xico e sem gosto, macio e leve, n\u00e3o al\u00e9rgico, absolutamente seguro para o contato com a pele l\u00e1bio.<\/li>\n<li>Sistema de conex\u00e3o interior: PP \/ PE e outros materiais pl\u00e1sticos seguros, boa compatibilidade com l\u00edquido refinado<\/li>\n<\/ul>\n<p><strong><b>Recomendado<\/b><\/strong><strong><b>\u00a0<\/b><\/strong><strong><b>aplica\u00e7\u00f5es<\/b><\/strong><strong><b>\u00a0\u00a0\u00a0\u00a0\u00a0\u00a0\u00a0\u00a0\u00a0\u00a0\u00a0\u00a0\u00a0\u00a0\u00a0\u00a0\u00a0\u00a0\u00a0\u00a0\u00a0\u00a0\u00a0\u00a0\u00a0\u00a0\u00a0\u00a0\u00a0\u00a0\u00a0\u00a0\u00a0\u00a0\u00a0\u00a0\u00a0\u00a0\u00a0\u00a0<\/b><\/strong><\/p>\n<ul>\n<li>Embalagem di\u00e1ria de cuidado dos l\u00e1bios\/frasco de dispensador port\u00e1til: Compacto e port\u00e1til, pode ser colocado em um saco de maquilhagem, fornecendo um impulso instant \u00e2neo de umidade para l\u00e1bios secas. Tamb\u00e9m pode ser usado como base para labirintos para assegurar um olhar labirinto mais cont\u00ednuo e duradouro.<\/li>\n<li>Embalagem frasco\/frasco de dispensador port\u00e1til para repara\u00e7\u00e3o intensiva de l\u00e1bios durante a noite: Aplicar uma camada espessa antes da cama e mass\u00e1-la; - us\u00e1-la como m\u00e1scara de l\u00e1bio noturno para acordar com &#8220; como um beb\u00e9, l\u00e1bios cheios e hidratados.<\/li>\n<li>Resgate pr\u00e9-maquilhagem: R\u00e1pido suavizando linhas de l\u00e1bios antes de aplicar maquilhagem para criar uma tela suave para os l\u00e1bios.<\/li>\n<li>Lip Care Gift Packaging Bottle\/Portable Miniature Bottle: Seu alto apelo est\u00e9tico e design \u00fanico fazem dele um excelente presente para amigos pr\u00f3ximos, parceiros rom\u00e2nticos ou membros da fam\u00edlia. - Simboliza &#8220; pegar beleza e capturar felicidade,&#8221; e faz\u00ea-lo um presente pensado.<\/li>\n<li>Lip Care Mini Packaging Bottle\/Portable Dispensing Bottle for Travel: O design refillable \u00e9 particularmente adequado para viagens long as, pois elimina a necessidade de carregar todo o produto; em vez disso, traz a cabe\u00e7a de refilhamento ou o tubo de ess\u00eancia, tornando-o ligeiro e higi\u00e9nico.<\/li>\n<\/ul>\n<p>Nosso material de embalagem \u00e9 adequado para preencher uma variedade de l\u00edquido m\u00e9dio a alta viscosidade ou produtos de pasta, como:<\/p>\n<p>&nbsp;<\/p>\n<ul>\n<li>Gloss de l\u00e1bio cristal e embalagem de balme de l\u00e1bio garrafas\/recipientes dispon\u00edveis\/recipientes preenchidos<\/li>\n<li>Embalagem brilhante com balma de l\u00e1bio garrafa\/recipiente para uso \u00fanico\/recipiente para preenchimento<\/li>\n<li>Embalagem de labirintos l\u00edquidos garrafa\/recipiente para uso \u00fanico\/recipiente para preenchimento<\/li>\n<li>Enhancement Lip Liquid Bottle\/Divided Packaging Container\/Filling Container<\/li>\n<li>Embalagem l\u00edquida de resaltador local\/recipiente dispon\u00edvel\/recipiente preenchido<\/li>\n<li><strong><b>Atributos do produto<\/b><\/strong>\n<ul>\n<li>Avantagem Um: Higienic e substitu\u00edvel, liderando a nova tend\u00eancia de prote\u00e7\u00e3o ambiental<\/li>\n<li>Caracter\u00edstica: A cabe\u00e7a de sil\u00edcio \u00e9 remov\u00edvel e substitu\u00edvel.<\/li>\n<li>Avantagens: Os usu\u00e1rios podem comprar cabe\u00e7as de substitui\u00e7\u00e3o separadamente, tornando-as mais econ\u00f4micas para uso a longo prazo; prevenir a polui\u00e7\u00e3o secund\u00e1ria causada pelo crescimento bacteriano na cabe\u00e7a da escova, assegurando uma experi\u00eancia mais segura de corte de pele; e reduz a quantidade de res\u00edduos de embalagens, contribuindo para a conserva\u00e7\u00e3o ambiental.<\/li>\n<li>Avantagem dois: Massagem eficiente para aumentar a absor\u00e7\u00e3o<\/li>\n<li>Caracter\u00edsticas: Cabe\u00e7a de massagem de silicone transparente e saltante, inserimento interno de estilo fino.<\/li>\n<li>Avantagens: O efeito de massagem da cabe\u00e7a de silicone estimula a circula\u00e7\u00e3o sangu\u00ednea nos l\u00e1bios, ajudando os ingredientes essenciais a penetrar mais profundamente, tornando os resultados do cuidado dos l\u00e1bios muito mais eficazes. O design de dentes finos assegura uma aplica\u00e7\u00e3o suave e sem esfor\u00e7o.<\/li>\n<li>Avan\u00e7as tr\u00eas: Apela\u00e7\u00e3o est\u00e9tica \u00fanica, refletindo estilo pessoal<\/li>\n<li>Caracter\u00edsticas: design impresso no estilo Matryoshka russo.<\/li>\n<li>Avan\u00e7as: Apar\u00eancia \u00fanica, cheia de encanto ex\u00f3tico e sentimento art\u00edstico; n\u00e3o apenas uma ferramenta de corte de pele, mas tamb\u00e9m um acess\u00f3rio de moda que atende aos consumidores o desejo de produtos est\u00e9ticamente agrad\u00e1veis; - adequado para compartilhar fotos.<\/li>\n<li>Avantagem quatro: artesanato em design, aten\u00e7\u00e3o ao detalhe<\/li>\n<li>Caracter\u00edsticas: Design de limite aberto, plug transparente de corte, cobertura colorida correspondente.<\/li>\n<li>Avantagens: O design de limite aberto reflete artesanato meticuloso; o preciso sistema interior de selagem assegura a estabilidade do produto e a facilidade de uso; o design integrado de cobertura melhora a qualidade est\u00e9tica geral.<\/li>\n<\/ul>\n<\/li>\n<\/ul>","protected":false},"excerpt":{"rendered":"<ul>\n<li><b><\/b><strong><b>Design de Tube Body<\/b><\/strong>.<\/li>\n<\/ul>\n<p>O design corporal \u00e9 a alma deste produto, que combina com sucesso arte nacional, artesanato pr\u00e1tico e interesse da moda, criando uma rica experi\u00eancia visual e t\u00e1ctil entre 19mm quadrados.<\/p>\n<ol>\n<li>Forma e estrutura: fim cl\u00e1ssico, artesanato<\/li>\n<\/ol>\n<ul>\n<li>Di\u00e2metro padr\u00e3o para agarrar confort\u00e1vel: corpo redondo de 19 mm, tamanho de ouro comprovado pelo mercado. Consistindo de uma espessura moderada, parece justo se ela estiver \u00e9 aplicada com uma m\u00e3o ou num saco de maquilhagem, fornecendo uma agarrada est\u00e1vel e confort\u00e1vel.<\/li>\n<li>O toque final: design do fim aberto: o fim do tubo adota uma estrutura \u00fanica do fim aberto (Twist-up Open End), que n\u00e3o \u00e9 apenas uma reflex\u00e3o do processo de embalagem, mas tamb\u00e9m d\u00e1 valor adicional ao produto:<\/li>\n<li>S\u00edmbolos de processo: O design de ponta de abertura \u00e9 mais complexo do que o processo de selagem comum e \u00e9 geralmente visto em produtos de meio a alto n\u00edvel, implicando a qualidade extraordin\u00e1ria inerente neles.<\/li>\n<li>Divertido e interativo: Os consumidores podem girar a cauda para ver visualmente a quantidade do soro, satisfazendo a necessidade psicol\u00f3gica de saber o que fazer, saber o que poupar, e aumentar o senso de intera\u00e7\u00e3o e controle durante o uso.<\/li>\n<li>Implica\u00e7\u00f5es ambientais: Esta estrutura de limite aberto deixa espa\u00e7o de design para poss\u00edveis substitui\u00e7\u00f5es futuras (apenas comprando n\u00facleos internos para preencher), subtilmente transmitindo uma filosofia ambiental.<\/li>\n<\/ul>\n<ol start=\"2\">\n<li>Artes Visuais: bonecas de esplash, saltar no tubo<\/li>\n<\/ol>\n<ul>\n<li>Tela pura: cor do tubo branco: O corpo do tubo \u00e9 composto por um material de alta branqueza como substrato. Este branco puro \u00e9 como uma tela de alto n\u00edvel que pode maximizar as cores brilhantes do padr\u00e3o russo de boneca, criando um forte impacto visual e fazendo o produto destacar nas prateleiras.<\/li>\n<li>Patr\u00f3ns de alma: bonecas russas coloridas:<\/li>\n<li>Implica\u00e7\u00f5es culturais: bonecas russas simbolizam nascimento, fam\u00edlia e colheita, e as camadas de bonecas simbolizam surpresa e tesouro. Aplicar este elemento ao cuidado dos l\u00e1bios \u00e9 uma met\u00e1for a ingeniosa para os benef\u00edcios de um produto que &#8220; alimenta camadas e flores em sua beleza. &#8221;<\/li>\n<li>Precisi\u00e3o do processo: tecnologia litogr\u00e1fica: t\u00e9cnicas litogr\u00e1ficas de alta qualidade restauram todos os detalhes da boneca padr\u00e3o s &#8211; de padr\u00f5es de vestido \u00e9tnico ricos a express\u00f5es faciais delicadas claramente e precisamente. Alto grau de satura\u00e7\u00e3o, borda clara, excelente resist\u00eancia ao uso, garantir que o padr\u00e3o seja sempre brilhante como novo.<\/li>\n<li>Estereosidade e valor colet\u00edvel: Cada padr\u00e3o de boneca \u00e9 independente e completo, tornando a pr\u00f3pria boneca um trabalho de arte miniaturizado, que \u00e9 altamente apreciado e colet\u00edvel, muito al\u00e9m do \u00e2mbito dos produtos de cuidado cut\u00e2neo comum.<\/li>\n<\/ul>\n<ol start=\"3\">\n<li>Coordena\u00e7\u00e3o global: alinhamento perfeito com tubos l\u00e1bios<\/li>\n<\/ol>\n<ul>\n<li>Balan\u00e7o de cores: O corpo branco e colorido forma um equil\u00edbrio visual perfeito com a cabe\u00e7a transparente de silicone e a mesma cor transparente cobertura externa. O elemento transparente enfraquece o &#8220; sentido excessivo que o motivo corporal pode trazer, adicionar uma linguagem visual transparente, fresca e de alta tecnologia, evitar que o design geral seja muito crian\u00e7oso, e est\u00e1 mais em linha com a est\u00e9tica adulta.<\/li>\n<li>Integra\u00e7\u00e3o de projeto: Quando o tamp\u00e3o \u00e9 combinado com o corpo, ele forma um cilindro completo, e o padr\u00e3o de hula est\u00e1 no centro visual quando o tamp\u00e3o est\u00e1 fechado, tornando o design extremamente hol\u00edstico. Quando aberto, o corpo do tubo branco forma um contraste de cor e textura com a cabe\u00e7a transparente de massagem, e o processo de uso est\u00e1 cheio de rituais.<\/li>\n<\/ul>\n<p>O produto o design corporal \u00e9 muito mais do que um recipiente. \u00c9 um ve\u00edculo com uma hist\u00f3ria, um processo e uma temperatura. O tubo de cauda aberta de 19 mm estabelece o tom de pr\u00e1tica e refinamento, enquanto o corajoso padr\u00e3o de impress\u00e3o offset de matryoshka russa infusa a alma art\u00edstica e a conex\u00e3o emocional. N\u00e3o \u00e9 apenas um recipiente para mostrar a ess\u00eancia, mas tamb\u00e9m um acess\u00f3rio de moda nas m\u00e3os dos consumidores que pode mostrar personalidade e trazer um humor agrad\u00e1vel. Este tipo de design tem sido bem sucedido em elevar produtos de &#8220; suprimentos  to &#8220; brincadeiras  and &#8220; cole\u00e7\u00f5es,&#8221; - aumentando consideravelmente o valor acrescentado e a atratividade de Huawei&#8217; s produtos.<\/p>\n<p><strong>Avantagens do produto:<\/strong><\/p>\n<p>Avantagem 1: Hig\u00eanico e substitu\u00edvel, liderando a nova tend\u00eancia de prote\u00e7\u00e3o ambiental.<\/p>\n<ul>\n<li>Caracter\u00edstica: A cabe\u00e7a de sil\u00edcio \u00e9 remov\u00edvel e substitu\u00edvel.<\/li>\n<li>Avantagens: Os usu\u00e1rios podem comprar cabe\u00e7as de substitui\u00e7\u00e3o separadamente, tornando-as mais econ\u00f4micas para uso a longo prazo; prevenir a polui\u00e7\u00e3o secund\u00e1ria causada pelo crescimento bacteriano na cabe\u00e7a da escova, assegurando uma experi\u00eancia mais segura de corte de pele; e reduz a quantidade de res\u00edduos de embalagens, contribuindo para a conserva\u00e7\u00e3o ambiental.<\/li>\n<li>Avantagem dois: Massagem eficiente para aumentar a absor\u00e7\u00e3o<\/li>\n<li>Caracter\u00edsticas: Cabe\u00e7a de massagem de silicone transparente e saltante, inserimento interno de estilo fino.<\/li>\n<li>Avantagens: O efeito de massagem da cabe\u00e7a de silicone estimula a circula\u00e7\u00e3o sangu\u00ednea nos l\u00e1bios, ajudando os ingredientes essenciais a penetrar mais profundamente, tornando os resultados do cuidado dos l\u00e1bios muito mais eficazes. O design de dentes finos assegura uma aplica\u00e7\u00e3o suave e sem esfor\u00e7o.<\/li>\n<li>Avan\u00e7as tr\u00eas: Apela\u00e7\u00e3o est\u00e9tica \u00fanica, refletindo estilo pessoal<\/li>\n<li>Caracter\u00edsticas: design impresso no estilo Matryoshka russo.<\/li>\n<li>Avan\u00e7as: Apar\u00eancia \u00fanica, cheia de encanto ex\u00f3tico e sentimento art\u00edstico; n\u00e3o apenas uma ferramenta de corte de pele, mas tamb\u00e9m um acess\u00f3rio de moda que atende aos consumidores o desejo de produtos est\u00e9ticamente agrad\u00e1veis; - adequado para compartilhar fotos.<\/li>\n<li>Avantagem quatro: artesanato em design, aten\u00e7\u00e3o ao detalhe<\/li>\n<li>Caracter\u00edsticas: Design de limite aberto, plug transparente de corte, cobertura colorida correspondente.<\/li>\n<li>Avantagens: O design de limite aberto reflete artesanato meticuloso; o preciso sistema interior de selagem assegura a estabilidade do produto e a facilidade de uso; o design integrado de cobertura melhora a qualidade est\u00e9tica geral.<\/li>\n<\/ul>\n<p><b><\/b><strong>Scen\u00e1rios de aplica\u00e7\u00e3o para o produto:<\/strong><\/p>\n<ul>\n<li>Ficheira de tubo suave\/embalagem\/recipiente disposto: Compacto e port\u00e1til, pode ser colocado em um saco de maquilhagem. Pode ser usado para replenir a umidade para l\u00e1bios secas, servir como base para labirintos, e fazer a maquilhagem dos l\u00e1bios parecer mais suave e duradoura.<\/li>\n<li>Flasco de tubo\/embalagem\/recipiente disposto para repara\u00e7\u00e3o intensiva de l\u00e1bios durante a noite: Aplicar uma camada espessa antes da cama e mass\u00e1-la; - us\u00e1-la como m\u00e1scara de l\u00e1bio noturno para acordar com &#8220; como um beb\u00e9, l\u00e1bios cheios e hidratados.<\/li>\n<li>Flasco de tubo mole cosm\u00e9tico\/frasco de embalagem\/recipiente descart\u00e1vel para uso pr\u00e9-maquilhagem em emerg\u00eancia: Limpa r\u00e1pido os pulsos dos l\u00e1bios antes de aplicar maquilhagem para criar uma tela lissa para os l\u00e1bios.<\/li>\n<li>Uma garrafa de tubo suave especial, uma garrafa de embalagem, um recipiente de dispens\u00e3o para dar presente: Sua alta atra\u00e7\u00e3o est\u00e9tica e design \u00fanico fazem com que seja uma escolha excelente como um presente para amigos pr\u00f3ximos, parceiros rom\u00e2nticos ou membros da fam\u00edlia. - Simboliza &#8220; pegar beleza e capturar felicidade,&#8221; e faz\u00ea-lo um presente pensado.<\/li>\n<li>Contenedores de tamanho de viagem, port\u00e1tiis e refil\u00edveis: O design refil\u00edvel \u00e9 particularmente conveniente para viagens long as, como voc\u00ea faz n\u00e3o precisam transportar todo o produto; Em vez disso, voc\u00ea pode trazer apenas a cabe\u00e7a de refilhamento ou tubo de ess\u00eancia, tornando-o ligeiro e higi\u00e9nico.<\/li>\n<\/ul>","protected":false},"featured_media":4312,"comment_status":"closed","ping_status":"closed","template":"","meta":[],"product_brand":[],"product_cat":[33,27],"product_tag":[],"class_list":{"0":"post-4309","1":"product","2":"type-product","3":"status-publish","4":"has-post-thumbnail","6":"product_cat-lip-care","7":"product_cat-makeup-plastic-tube","9":"first","10":"instock","11":"shipping-taxable","12":"purchasable","13":"product-type-simple"},"_links":{"self":[{"href":"https:\/\/www.hongyitube.com\/pt\/wp-json\/wp\/v2\/product\/4309","targetHints":{"allow":["GET"]}}],"collection":[{"href":"https:\/\/www.hongyitube.com\/pt\/wp-json\/wp\/v2\/product"}],"about":[{"href":"https:\/\/www.hongyitube.com\/pt\/wp-json\/wp\/v2\/types\/product"}],"replies":[{"embeddable":true,"href":"https:\/\/www.hongyitube.com\/pt\/wp-json\/wp\/v2\/comments?post=4309"}],"wp:featuredmedia":[{"embeddable":true,"href":"https:\/\/www.hongyitube.com\/pt\/wp-json\/wp\/v2\/media\/4312"}],"wp:attachment":[{"href":"https:\/\/www.hongyitube.com\/pt\/wp-json\/wp\/v2\/media?parent=4309"}],"wp:term":[{"taxonomy":"product_brand","embeddable":true,"href":"https:\/\/www.hongyitube.com\/pt\/wp-json\/wp\/v2\/product_brand?post=4309"},{"taxonomy":"product_cat","embeddable":true,"href":"https:\/\/www.hongyitube.com\/pt\/wp-json\/wp\/v2\/product_cat?post=4309"},{"taxonomy":"product_tag","embeddable":true,"href":"https:\/\/www.hongyitube.com\/pt\/wp-json\/wp\/v2\/product_tag?post=4309"}],"curies":[{"name":"wp","href":"https:\/\/api.w.org\/{rel}","templated":true}]}}