{"id":4300,"date":"2026-01-13T18:56:45","date_gmt":"2026-01-13T10:56:45","guid":{"rendered":"https:\/\/www.hongyitube.com\/?post_type=product&#038;p=4300"},"modified":"2026-01-13T18:56:45","modified_gmt":"2026-01-13T10:56:45","slug":"%cf%8619-colorful-russian-doll-with-replaceable-transparent-long-angled-silicone-lip-tube-hongyi-plastic","status":"publish","type":"product","link":"https:\/\/www.hongyitube.com\/pt\/product\/%cf%8619-colorful-russian-doll-with-replaceable-transparent-long-angled-silicone-lip-tube-hongyi-plastic\/","title":{"rendered":"\u03a619 Colorful Russian Doll with replaceable transparent long angle silicone lip tube &#8211; Hongyi Plastic"},"content":{"rendered":"<p>Hongyi[UNK]Plastic Colorful Russian Doll com tubo l\u00e1bio de silicone de \u00e2ngulo longo transparente substitu\u00edvel [UNK]preenchimento Capacity10ml-15ml\/0,34-0,51fl.oz.<\/p>\n<p>Essa embalagem exquisita \u00e9 especificamente projetada para produtos l\u00e1bios de alto n\u00edvel como brilho de l\u00e1bios, balmo de l\u00e1bios e balmo de l\u00e1bios tintado. Seu ponto central \u00e9 a combina\u00e7\u00e3o do padr\u00e3o de boneca de ninho russo colorido e ex\u00f3tico com uma ponta de silicone transparente remov\u00edvel e substitu\u00edvel. N\u00e3o \u00e9 apenas um belo item colet\u00edvel, mas tamb\u00e9m uma ferramenta pr\u00e1tica e divertida de maquilhagem. O design do tubo de limite aberto garante a facilidade de preenchimento e confiabilidade do selo.<\/p>\n<p>Corpo: Pl\u00e1stico branco de alta qualidade (geralmente PE ou PP), ecol\u00f3gico e n\u00e3o t\u00f3xico, com excelentes propriedades de barreira e durabilidade.<\/p>\n<ul>\n<li>Processo de Impress\u00e3o: Impress\u00e3o offset de alta precis\u00e3o; Os padr\u00f5es s\u00e3o vibrantes em cor, t\u00eam camadas ricas, s\u00e3o duradouras, e n\u00e3o s\u00e3o facilmente desligados, mostrando perfeitamente os detalhes art\u00edsticos das bonecas de ninho.<\/li>\n<li>Cabe\u00e7a do Lip Tube: Sil\u00edcio altamente transparente, de qualidade alimentar; - textura suave, amig\u00e1vel da pele; - confort\u00e1vel ao toque; - seguro e sem cheiro.<\/li>\n<li>Nesae: Tiro longo e transparente (geralmente feito de silicone ou pl\u00e1stico el\u00e1stico), com excelentes propriedades de selagem, evitando efetivamente vazamento e degrada\u00e7\u00e3o de l\u00edquidos.<\/li>\n<li>Cobertura externa: Uma cobertura pl\u00e1stica transparente ou uma que corresponde \u00e0 cor da ponta do silicone, projetada para ser esteticamente agrad\u00e1vel e permite uma inspec\u00e7\u00e3o visual f\u00e1cil da cor interior, assegurando a limpeza da ponta do tubo l\u00e1bio.<\/li>\n<\/ul>\n<p><strong><b>Aplica\u00e7\u00f5es recomendadas<\/b><\/strong><\/p>\n<p>Nosso material de embalagem \u00e9 adequado para preencher uma variedade de l\u00edquido m\u00e9dio a alta viscosidade ou produtos de pasta, como:<\/p>\n<p>&nbsp;<\/p>\n<ul>\n<li>Gloss de l\u00e1bio cristal e embalagem de balme de l\u00e1bio garrafas\/recipientes dispon\u00edveis\/recipientes preenchidos<\/li>\n<li>Embalagem brilhante com balma de l\u00e1bio garrafa\/recipiente para uso \u00fanico\/recipiente para preenchimento<\/li>\n<li>Embalagem de labirintos l\u00edquidos garrafa\/recipiente para uso \u00fanico\/recipiente para preenchimento<\/li>\n<li>Enhancement Lip Liquid Bottle\/Divided Packaging Container\/Filling Container<\/li>\n<li>Embalagem l\u00edquida de resaltador local\/recipiente dispon\u00edvel\/recipiente preenchido<\/li>\n<\/ul>\n<h3><strong><b>Atributos do produto\u00a0<\/b><\/strong><\/h3>\n<p>Conselho de Sil\u00edcio Substitu\u00edvel: Design exclusivo, a ponta de sil\u00edcio pode ser facilmente removida, limpa e substitu\u00edda, tornando conveniente para os usu\u00e1rios mudar entre diferentes op\u00e7\u00f5es de cor ou substitu\u00ed-la regularmente para fins de higiene, ampliando assim a vida do corpo do tubo.<\/p>\n<ul>\n<li>Performa\u00e7\u00e3o excepcional de selagem: O sistema de duplo selagem composto por um &#8220; um longo plug  and a &#8220; cobertura apertada efetivamente evita oxida\u00e7\u00e3o, secagem e vazamento do produto.<\/li>\n<li>Extra\u00e7\u00e3o de Material Preciso: A ponta de silicone suave permite controlar exatamente a quantidade extra\u00edda, prevenir res\u00edduos e proporcionar uma experi\u00eancia de aplica\u00e7\u00e3o suave e mesmo suave.<\/li>\n<li>Design Humanizado: A base de tubos abertos facilita o preenchimento e selagem eficientes nas linhas de produ\u00e7\u00e3o; O corpo do tubo \u00e9 ergonomicamente projetado, tornando-o confort\u00e1vel de se manter e f\u00e1cil de carregar.<\/li>\n<\/ul>","protected":false},"excerpt":{"rendered":"<ul>\n<li><b><\/b><strong><b>Design de Tube Body<\/b><\/strong>.<\/li>\n<li>Patr\u00f3n de Tema: O corpo de nosso material de embalagem de tubos suaves \u00e9 baseado em um tubo branco com forma circular. Ela apresenta uma s\u00e9rie de padr\u00f5es vivos e bonitos de bonecas russas de ninho, criados atrav\u00e9s de tecnologia de impress\u00e3o offset colorida. Cada boneca de ninho \u00e9 vibrante em cor, exquisitamente detalhada, e possui atra\u00e7\u00e3o art\u00edstica e valor colet\u00edvel.<\/li>\n<li>Contraste Visual: O corpo puro de tubo branco est\u00e1 em contraste agudo com os padr\u00f5es vibrantes e coloridos, fazendo o produto altamente visualmente bater na prateleira e imediatamente atrair a aten\u00e7\u00e3o dos consumidores.<\/li>\n<li>Apela\u00e7\u00e3o Est\u00e9tica em geral: O design da cabe\u00e7a transparente de silicone parejada com uma caixa externa correspondente mant\u00e9m um sentido de abertura e harmonia de cores, assegurando durabilidade.<\/li>\n<\/ul>\n<p><strong>Avantagens do produto:<\/strong><\/p>\n<ul>\n<li>Alto apelo visual, forte atra\u00e7\u00e3o: O \u00fanico design de arte IP da boneca russa no tubo de embalagem pode rapidamente capturar os consumidores&#8217; - aten\u00e7\u00e3o e refor\u00e7o do produto&#8217; a classe e a natureza de dar presentes.<\/li>\n<li>Divertimento e Interatividade: Para a ponta do l\u00e1bio da embalagem do tubo, empregamos um &#8220; ponta substitu\u00edvel o design, que melhora a brincadeira do produto e do usu\u00e1rio&#8217; o sentido de intera\u00e7\u00e3o. Isso incentiva a cole\u00e7\u00e3o e repeti\u00e7\u00e3o das compras, refor\u00e7ando assim a lealdade das marcas.<\/li>\n<li>Hig\u00eanica e ecol\u00f3gica: Os usu\u00e1rios podem substituir a ponta de silicone da embalagem de mangueira individualmente, eliminando a necessidade de descartar todo o pacote. Essa abordagem \u00e9 higi\u00e9nica e alinha-se com os princ\u00edpios do consumo sustent\u00e1vel.<\/li>\n<li>Valor de marca Enablement: A exquisita embalagem de tubos suaves melhora diretamente o valor percebido do produto dentro, ajudando a marca a se destacar na concorr\u00eancia e estabelecendo uma imagem de marca de alto n\u00edvel, moda e interessante.<\/li>\n<li>Altamente pr\u00e1tica: Esta garrafa de embalagem de tubos suaves atinge um equil\u00edbrio entre est\u00e9tica e funcionalidade, proporcionando uma experi\u00eancia positiva em cada est\u00e1gio, desde produ\u00e7\u00e3o e preenchimento at \u00e9 uso do consumidor.<\/li>\n<\/ul>\n<p>&nbsp;<\/p>\n<ul>\n<li><b><\/b><strong>Scen\u00e1rios de aplica\u00e7\u00e3o para o produto:<\/strong><\/li>\n<\/ul>\n<p>Produtos de marca: Perfeito para embalagens de recipientes usados por marcas de beleza, min\u00fasculas garrafas para lan\u00e7amentos de edi\u00e7\u00f5es limitadas de f\u00e9rias, itens de colabora\u00e7\u00e3o IP ou coletivos de s\u00e9ries.<\/p>\n<ul>\n<li>Contenedores de embalagens de pl\u00e1stico para o mercado dos presentes: Sua exquisita apar\u00eancia faz delas uma excelente escolha para presentes, adequada para ocasi\u00f5es como anivers\u00e1rios, Valentino&#8217; s Dia, Natal e Ano Novo&#8217; s Day.<\/li>\n<li>Materiales de embalagem de tubos suaves de pl\u00e1stico\/recipientes de embalagem para amostras promocionais: Como presente ou produto caracterizado em atividades promocionais, eles podem efetivamente atrair clientes e impulsionar as vendas.<\/li>\n<\/ul>\n<p>\u00b7 Cuidado pessoal e tubos de embalagem de beleza\/recipientes de dispens\u00e3o de bombas: Adequado para todos os cuidados l\u00e1bios de meio a alto n\u00edvel e produtos de maquilhagem que enfatizam tanto o apelo est\u00e9tico da embalagem como a experi\u00eancia do usu\u00e1rio.<\/p>","protected":false},"featured_media":4305,"comment_status":"closed","ping_status":"closed","template":"","meta":[],"product_brand":[],"product_cat":[33,27],"product_tag":[],"class_list":{"0":"post-4300","1":"product","2":"type-product","3":"status-publish","4":"has-post-thumbnail","6":"product_cat-lip-care","7":"product_cat-makeup-plastic-tube","9":"first","10":"instock","11":"shipping-taxable","12":"purchasable","13":"product-type-simple"},"_links":{"self":[{"href":"https:\/\/www.hongyitube.com\/pt\/wp-json\/wp\/v2\/product\/4300","targetHints":{"allow":["GET"]}}],"collection":[{"href":"https:\/\/www.hongyitube.com\/pt\/wp-json\/wp\/v2\/product"}],"about":[{"href":"https:\/\/www.hongyitube.com\/pt\/wp-json\/wp\/v2\/types\/product"}],"replies":[{"embeddable":true,"href":"https:\/\/www.hongyitube.com\/pt\/wp-json\/wp\/v2\/comments?post=4300"}],"wp:featuredmedia":[{"embeddable":true,"href":"https:\/\/www.hongyitube.com\/pt\/wp-json\/wp\/v2\/media\/4305"}],"wp:attachment":[{"href":"https:\/\/www.hongyitube.com\/pt\/wp-json\/wp\/v2\/media?parent=4300"}],"wp:term":[{"taxonomy":"product_brand","embeddable":true,"href":"https:\/\/www.hongyitube.com\/pt\/wp-json\/wp\/v2\/product_brand?post=4300"},{"taxonomy":"product_cat","embeddable":true,"href":"https:\/\/www.hongyitube.com\/pt\/wp-json\/wp\/v2\/product_cat?post=4300"},{"taxonomy":"product_tag","embeddable":true,"href":"https:\/\/www.hongyitube.com\/pt\/wp-json\/wp\/v2\/product_tag?post=4300"}],"curies":[{"name":"wp","href":"https:\/\/api.w.org\/{rel}","templated":true}]}}