{"id":4246,"date":"2026-01-12T22:14:20","date_gmt":"2026-01-12T14:14:20","guid":{"rendered":"https:\/\/www.hongyitube.com\/?post_type=product&#038;p=4246"},"modified":"2026-01-12T22:17:21","modified_gmt":"2026-01-12T14:17:21","slug":"60mm-diameter-high-capacity-500-grams-ml-white-classical-ink-painting-pe-soft-tube-packaging-material-bottle-hongyi-plastic","status":"publish","type":"product","link":"https:\/\/www.hongyitube.com\/pt\/product\/60mm-diameter-high-capacity-500-grams-ml-white-classical-ink-painting-pe-soft-tube-packaging-material-bottle-hongyi-plastic\/","title":{"rendered":"Di\u00e2metro de 60 mm, alta capacidade 500 gramas\/ml, tinta branca, pintura cl\u00e1ssica PE tubo mole embalagem garrafa - Hongyi Plastic"},"content":{"rendered":"<p>Vista geral dos produtos<\/p>\n<p>Este produto \u00e9 um tubo de dispens\u00e3o de grande capacidade que combina est\u00e9tica elegante oriental com pr\u00e1tica para uso dom\u00e9stico. Ela tem um di\u00e2metro padr\u00e3o de 60 mm de tubo e uma capacidade de 500 gramas\/mililitro. Uma pintura de cores de \u00e1gua bem impressa de um pavilh\u00e3o montanhoso distante \u00e9 mostrada em um tubo PE branco, incorporando elementos humanistas cl\u00e1ssicos em embalagens cotidianos. O produto oferece uma variedade de cores moldadas por inje\u00e7\u00e3o e cores eletropladadas com capas de screw de baixo perfil ou op\u00e7\u00f5es flip-top, juntamente com um processo de enchimento texturado e de enchimento frontal para assegurar um excelente desempenho de fechamento. Seu n\u00facleo de design reside em usar uma linguagem visual oriental simples, combinada com um material de PE s\u00f3lido e duradouro que pode ser apertado repetidamente sem deforma\u00e7\u00e3o, fornecendo uma solu\u00e7\u00e3o cultural, mas custo-eficaz, de armazenamento e transporte para fam\u00edlias e diversas ind\u00fastrias.<\/p>\n<p>Material de produto.<\/p>\n<ul>\n<li>Corpo: Fazido de material de polietileno de alta qualidade (PE), com flexibilidade excepcional, estabilidade qu\u00edmica e resist\u00eancia ao cracking de estresse ambiental. Isso assegura compatibilidade com uma ampla gama de conte\u00fados e \u00e9 seguro e n\u00e3o t\u00f3xico.<\/li>\n<li>Processo de Impress\u00e3o: O uso de tinta ecol\u00f3gica e tecnologia de impress\u00e3o offset assegura que os padr\u00f5es de cores de \u00e1gua no trabalho de arte Shan Ting Ge s\u00e3o claros, delicados e bem definidos, com excelente durabilidade e ades\u00e3o. Isso cumpre os padr\u00f5es internacionais de seguran\u00e7a das embalagens.<\/li>\n<li>Corpo de cobertura: Fazido de material de polipropileno (PP), com uma variedade de cores padr\u00e3o e op\u00e7\u00f5es para finais eletropl\u00e1sticos de alto brilho e mat\u00e9. O design de fios de baixo perfil equivale a opera\u00e7\u00e3o suave e selagem confi\u00e1vel.<\/li>\n<\/ul>\n<p>Caracter\u00edsticas do produto.<\/p>\n<ol>\n<li>Melhoria cultural e est\u00e9tica: Os padr\u00f5es de cores de \u00e1gua no Pavil\u00e3o da Montanha transmitem a filosofia oriental da tranquilidade, harmonia e natureza, elevando embalagens comuns a um meio com significado cultural e atra\u00e7\u00e3o art\u00edstica.<\/li>\n<li>Economia de Grande Capacidade: A enorme capacidade de 500 mililitros \u00e9 especificamente concebida para uso cotidiano de casa ou cen\u00e1rios de consumo em massa, reduzindo significativamente o custo por uso e minimizando os res\u00edduos de embalagem.<\/li>\n<li>Constru\u00e7\u00e3o duradoura: material de PE de alta qualidade assegura que o corpo do tubo pode rapidamente recuperar ap\u00f3s compress\u00e3o repetida, reduzindo a probabilidade de crises permanentes ou quebra\u00e7\u00f5es, e prolongando sua vida.<\/li>\n<li>Focaliza\u00e7\u00e3o e preserva\u00e7\u00e3o confi\u00e1veis: O processo preciso de selagem das costelas combinado com capas com fios de alto equil\u00edbrio impede efetivamente vazamento, secagem ou contamina\u00e7\u00e3o externa dos conte\u00fados.<\/li>\n<\/ol>\n<p>&nbsp;<\/p>","protected":false},"excerpt":{"rendered":"<p>Conceito de design corporal<\/p>\n<ul>\n<li>Core do design: uma narrativa oriental minimalist a: abandonar cores pesadas e pintar apenas as montanhas, pavilh\u00f5es e pagodas em tinta preta e branca, as imagens s\u00e3o brancas suficientemente para criar um &#8220; calma e distante aura de vazio. Esse design minimalista e significativo tem um apelo est\u00e9tico que transcende culturas.<\/li>\n<li>Equilibrio est\u00e9tico universal e personalizado: Os padr\u00f5es de corpo branco e tinta constituem um tom neutral elegante que pode ficar sozinho como um design completo, e tamb\u00e9m deixar espa\u00e7o de visualiza\u00e7\u00e3o claro (como a traseira ou o lado) para o logotipo da marca e texto funcional, alcan\u00e7ando um equil\u00edbrio de sentimento art\u00edstico e transmiss\u00e3o de mensagens.<\/li>\n<li>Touto e vis\u00e3o unificados: A superf\u00edcie suave do corpo se combina com um sentimento plano de padr\u00f5es de tinta para proporcionar uma experi\u00eancia visual e t\u00e1ctil limpa, intuitiva e f\u00e1cil de limpar e manter.<\/li>\n<\/ul>\n<p>Avantagens do produto<\/p>\n<ul>\n<li>Criar uma imagem de marca diferenciada: Num pacote pr\u00e1tico de seu tipo, design \u00fanico de pintura de tinta pode instantaneamente atrair aten\u00e7\u00e3o, ajudando a marca a construir uma imagem diferenciadora de &#8220; eleg\u00e2ncia,&#8221;  &#8220; gosto,&#8221;  and &#8220; focar na experi\u00eancia espiritual. &#8221;<\/li>\n<li>Melhorar a experi\u00eancia dos usu\u00e1rios e o valor emocional: conectar os comportamentos de uso cotidiano com a est\u00e9tica oriental, dando um banho simples, cuidado da pele ou trabalhar um senso de ritual e serenidade, aumentando o bem-estar dos usu\u00e1rios e a lealdade das marcas.<\/li>\n<li>Flexibilidade de m\u00faltiplos usos e prote\u00e7\u00e3o ambiental: Materiales s\u00f3lidos e design art\u00edstico neutral tornam-no adequado para embalagem uma variedade de produtos de limpeza e engrenagem em casa, incentivando a reutiliza\u00e7\u00e3o e consistente com consumo sustent\u00e1vel.<\/li>\n<li>Potencial de aplica\u00e7\u00e3o transfronteiri\u00e7a poderoso: Seus atributos culturais o tornam n\u00e3o apenas adequado para cuidados pessoais, mas tamb\u00e9m acrescenta um toque humano aos produtos farmac\u00eauticos, produtos criativos e mesmo produtos industriais de alto n\u00edvel, alargando os limites de aplica\u00e7\u00e3o.<\/li>\n<\/ul>\n<p>Casos de uso recomendados<\/p>\n<ol>\n<li>A Beauty &amp; - Cuidado da pele e A ind\u00fastria de limpeza pessoal<\/li>\n<\/ol>\n<ul>\n<li>Senhoras: Perfeito para uso como suplemento de fam\u00edlia para lavagem de corpo de alto n\u00edvel, leite corporal, shampoo ou embalagem de viagens. A ambi\u00eancia de um pavilh\u00e3o paisagem \u00e9 altamente compat\u00edvel com as cenas de banho e relaxamento, satisfazendo a busca de cura emocional e est\u00e9tica de vida para as mulheres usu\u00e1rias.<\/li>\n<li>Homens: Pode ser usado para homens o creme de limpeza especial, cera de estilo, ou divis\u00f5es de produtos de cuidado de cabelo. O sentido impl\u00edcito de for \u00e7a e cultura interna implicado pela pintura de tinta \u00e9 consistente com a prefer\u00eancia dos homens modernos para simplicidade, textura e profundidade.<\/li>\n<li>Crian\u00e7as: Como embalagem para crian\u00e7as s produtos de banho leves de 2 em 1, os motivos naturais do tema elicem crian\u00e7as. a curiosidade, enquanto as propriedades s \u00f3lidas e duradouras s\u00e3o adequadas para uso em casa com crian\u00e7as.<\/li>\n<\/ul>\n<ol start=\"2\">\n<li>Ingredientes farmac\u00eauticos e ind\u00fastria de cuidados dom\u00e9sticos<\/li>\n<\/ol>\n<ul>\n<li>Cremes m\u00e9dicos: Aplicar-se a cremes que enfatizam efeitos naturais, vegetais ou tranquilizantes, como cremes de massagem, cremes de m\u00e3o, cremes de cuidado dos p\u00e9s, etc. A natureza tranquila da paisagem refor\u00e7a o &#8220; tranquilizante natural - propriedades do produto.<\/li>\n<li>Mantenimento dom\u00e9stico\/mec\u00e2nico: Assemblem ceras de cuidado de m\u00f3veis de alto alcance, agentes de manuten\u00e7\u00e3o do couro ou polimentos de cadeia de bicicletas com um olhar art\u00edstico que torna esses produtos funcionais mais adequados para armazenamento em um ambiente dom\u00e9stico do que uma caixa de ferramentas encerrada.<\/li>\n<\/ul>\n<p>&nbsp;<\/p>\n<ol start=\"3\">\n<li>Creative, Gift &amp; Areas Profissionais<\/li>\n<\/ol>\n<p>&nbsp;<\/p>\n<ul>\n<li>Cria\u00e7\u00e3o cultural e pigmentos: \u00e9 um acompanhante ideal de produtos de cria\u00e7\u00e3o cultural de estilo nacional, e pode ser usado para envolver tinta caligr\u00e1fica, pigmentos nacionais de pintura ou pomadas feitas \u00e0 m\u00e3o, e a embalagem e o tema de conte\u00fado complementam um ao outro.<\/li>\n<li>Ind\u00fastria de hospitalidade e presentes: Como um B &amp; B, hotel de tema cultural ou embalagem de equipamentos de banheiro para convidados do spa, podem aumentar muito o estilo do lugar; \u00c9 tamb\u00e9m uma linda carregadora de presente com caracter\u00edsticas orientais. O design deste produto est\u00e1 precisamente adaptado \u00e0s necessidades abrangentes do mercado estrangeiro para a singularidade cultural, valores espirituais e pragmatismo:<\/li>\n<\/ul>\n<p>&nbsp;<\/p>\n<ul>\n<li>Consumo de cultura oriental e est\u00e9tica minimalist a (mercados europeus, americanos e mundiais): pintura de tinta, como uma forma de arte oriental altamente reconhec\u00edvel, \u00e9 amada pelos consumidores que buscam estilos ex\u00f3ticos e um senso de design minimalista. Representa &#8220; sabedoria,&#8221;  &#8220; paz  and &#8220; natureza,&#8221; - valores espirituais que t\u00eam um forte apelo aos consumidores estrangeiros.<\/li>\n<li>Estilo de vida sustent\u00e1vel e consumo racional (Europa, Estados Unidos, Austr\u00e1lia e Nova Zel\u00e2ndia): As caracter\u00edsticas de alta capacidade e uso de embalagens reutiliz\u00e1veis correspondem perfeitamente \u00e0 tend\u00eancia de consumo ecol\u00f3gico de &#8220; reduzir os res\u00edduos pl\u00e1sticos. &#8221; O design de decora\u00e7\u00e3o dom\u00e9stica se conforma com o h\u00e1bito de lojas e \u00e9 considerado uma escolha racional e econ\u00f4mica de consumo.<\/li>\n<li>Reson\u00e2ncia profunda e identidade de alto n\u00edvel nos mercados asi\u00e1ticos (Jap\u00e3o, Coreia do Sul, \u00c1sia do Sudeste): Em mercados asi\u00e1ticos com fundos culturais semelhantes, esse design pode desencadenar uma reson\u00e2ncia emocional forte e identidade cultural e \u00e9 facilmente aceite como um s\u00edmbolo de produto de alto n\u00edvel e saboroso.<\/li>\n<li>D\u00e3o e valor colet\u00edvel: Seu car\u00e1ter cultural e art\u00edstico distintivo o torna um souvenir de viagem, presente de neg\u00f3cios ou presente de festival, satisfazendo as necessidades dos consumidores estrangeiros para &#8220; mercadorias com uma hist\u00f3ria. &#8221;<\/li>\n<\/ul>\n<p>&nbsp;<\/p>","protected":false},"featured_media":4248,"comment_status":"closed","ping_status":"closed","template":"","meta":[],"product_brand":[],"product_cat":[29,51],"product_tag":[],"class_list":{"0":"post-4246","1":"product","2":"type-product","3":"status-publish","4":"has-post-thumbnail","6":"product_cat-skin-care-plastic-tube","7":"product_cat-60-pe-plastic-tube","9":"first","10":"instock","11":"shipping-taxable","12":"purchasable","13":"product-type-simple"},"_links":{"self":[{"href":"https:\/\/www.hongyitube.com\/pt\/wp-json\/wp\/v2\/product\/4246","targetHints":{"allow":["GET"]}}],"collection":[{"href":"https:\/\/www.hongyitube.com\/pt\/wp-json\/wp\/v2\/product"}],"about":[{"href":"https:\/\/www.hongyitube.com\/pt\/wp-json\/wp\/v2\/types\/product"}],"replies":[{"embeddable":true,"href":"https:\/\/www.hongyitube.com\/pt\/wp-json\/wp\/v2\/comments?post=4246"}],"wp:featuredmedia":[{"embeddable":true,"href":"https:\/\/www.hongyitube.com\/pt\/wp-json\/wp\/v2\/media\/4248"}],"wp:attachment":[{"href":"https:\/\/www.hongyitube.com\/pt\/wp-json\/wp\/v2\/media?parent=4246"}],"wp:term":[{"taxonomy":"product_brand","embeddable":true,"href":"https:\/\/www.hongyitube.com\/pt\/wp-json\/wp\/v2\/product_brand?post=4246"},{"taxonomy":"product_cat","embeddable":true,"href":"https:\/\/www.hongyitube.com\/pt\/wp-json\/wp\/v2\/product_cat?post=4246"},{"taxonomy":"product_tag","embeddable":true,"href":"https:\/\/www.hongyitube.com\/pt\/wp-json\/wp\/v2\/product_tag?post=4246"}],"curies":[{"name":"wp","href":"https:\/\/api.w.org\/{rel}","templated":true}]}}