{"id":4235,"date":"2026-01-12T21:36:09","date_gmt":"2026-01-12T13:36:09","guid":{"rendered":"https:\/\/www.hongyitube.com\/?post_type=product&#038;p=4235"},"modified":"2026-01-12T21:40:07","modified_gmt":"2026-01-12T13:40:07","slug":"60mm-diameter-350-grams-ml-capacity-classical-landscape-painting-design-pe-soft-tube-packaging-material-dispensing-bottle-hongyi-plastic","status":"publish","type":"product","link":"https:\/\/www.hongyitube.com\/pt\/product\/60mm-diameter-350-grams-ml-capacity-classical-landscape-painting-design-pe-soft-tube-packaging-material-dispensing-bottle-hongyi-plastic\/","title":{"rendered":"Di\u00e2metro de 60 mm, capacidade de 350 gramas\/ml, design cl\u00e1ssico de pintura de paisagem, material de embalagem de tubos moles PE, garrafa de distribui\u00e7\u00e3o - Hongyi Plastic"},"content":{"rendered":"<p>Diversos par\u00e2metros do produto<\/p>\n<p><em><i>Material: PE<\/i><\/em><\/p>\n<p>Di\u00e2metro do tubo: 60 mm<\/p>\n<p>Longitude da m\u00e1quina: 183mm<\/p>\n<p>Capacidade de tubo: 350ml 11,84fl.oz 350g<\/p>\n<p>Di\u00e2metro do buraco do tubo: 7 mm<\/p>\n<p>Peso aproximado do tubo: 21,3g<\/p>\n<p>Longitude da cauda: 92mm<\/p>\n<p>Altura da cobertura: 121mm<\/p>\n<p>Cap\u203aDispon\u00edvel em cores moldadas por inje\u00e7\u00e3o, cores eletropladadas, matte, brilhante, luz e capas de baixo perfil screw-top\/popped-off<\/p>\n<p>Tube Body: O lado frontal do tubo branco apresenta uma paisagem de cores de \u00e1gua impressa em tinta que representa um aumento do sol. O lado traseiro imprimiu texto negro. (o processo de impress\u00e3o pode ser personalizado conforme necess\u00e1rio)<\/p>\n<p>Hora de lideran\u00e7a:[UNK]20dias de trabalho<\/p>\n<p>Tempo de amostra pr\u00e9-produ\u00e7\u00e3o:[UNK]10dias<\/p>\n<p>Ordem m\u00ednima:[UNK]10000PCS<\/p>\n<p>Condi\u00e7\u00f5es de pagamento:<\/p>\n<p>Caracter\u00edstica:<\/p>\n<p>Exemplar:<\/p>","protected":false},"excerpt":{"rendered":"<p><strong><b>Conceito de design corporal<\/b><\/strong><\/p>\n<p>&nbsp;<\/p>\n<ul>\n<li>Filosofia est\u00e9tica: contexto oriental, tradu\u00e7\u00e3o moderna: O design foi inspirado por pinturas de paisagem chinesa cl\u00e1ssica, transmitindo o contexto filos\u00f3fico de &#8220; calma e longe.  and &#8220; a unidade entre a natureza e o homem.&#8221; A mudan\u00e7a gradual do sol vermelho injeta vida e modernidade na tinta tradicional, simbolizando esperan\u00e7a e energia, alcan\u00e7ando um di\u00e1logo perfeito entre est\u00e9tica cl\u00e1ssica e design moderno.<\/li>\n<li>Experi\u00eancia de fus\u00e3o sensorial: O toque do mat\u00e9 de areia e a sensa\u00e7\u00e3o visual da pintura de tinta combinados para criar uma experi\u00eancia multidimensional de alto n\u00edvel de &#8220; vis\u00e3o quente e eleg\u00e2ncia do toque,&#8221; muito al\u00e9m da embalagem comum.<\/li>\n<li>S\u00edmbolos culturais e est\u00e9tica universal: A arquitetura da paisagem \u00e9 um s\u00edmbolo de beleza natural e arquitet\u00f4nica entre culturas, e mesmo os consumidores que n\u00e3o conhecem a cultura oriental podem apreciar seu sentido art\u00edstico sereno e harmonioso, com uma funda\u00e7\u00e3o est\u00e9tica internacional.<\/li>\n<\/ul>\n<p>&nbsp;<\/p>\n<p>Avantagens do produto<\/p>\n<p>&nbsp;<\/p>\n<ul>\n<li>Aumentar o valor acrescentado cultural da marca: Este design pode instantaneamente associar o produto a palavras chave como &#8220; alto n\u00edvel,&#8221;  &#8220; eleg\u00e2ncia,&#8221;  &#8220; patrim\u00f4nio cultural,&#8221; ajudando a marca a criar uma imagem \u00fanica e destacar-se no mercado homog\u00eanio.<\/li>\n<li>Criar conex\u00e3o emocional e valor da cena: padr\u00f5es cheios de situa\u00e7\u00e3o podem evocar resson\u00e2ncia emocional para o usu\u00e1rio, ritualizar o cuidado cotidiano ou trabalho, e aumentar a satisfa\u00e7\u00e3o na experi\u00eancia do usu\u00e1rio.<\/li>\n<li>Combinar art\u00edstico e pr\u00e1tico: oferecer um prazer est\u00e9tico definitivo sem comprometer as fun\u00e7\u00f5es essenciais da embalagem &#8211; - proteger o conte\u00fado, ser f\u00e1cil de usar, e durar.<\/li>\n<li>Apela\u00e7\u00e3o transfronteiri\u00e7a: O design \u00fanico o torna n\u00e3o s\u00f3 um recipiente, mas tamb\u00e9m um ve\u00edculo para regalos, pe\u00e7as de reserva de luxo do hotel ou uma marca conjunta, expandindo as possibilidades comerciais.<\/li>\n<\/ul>\n<p>&nbsp;<\/p>\n<p>Casos de uso recomendados<\/p>\n<p>&nbsp;<\/p>\n<ol>\n<li>A Beauty &amp; - Cuidado da pele e A ind\u00fastria de limpeza pessoal<\/li>\n<\/ol>\n<p>&nbsp;<\/p>\n<ul>\n<li>Mulheres: Ideal para lot\u00e3o de banho de alto n\u00edvel, lot\u00e3o corporal, condicionador de cabelo ou creme de cuidado de pele de grado spa. A serenidade trazida pela paisagem \u00e9 altamente compat\u00edvel com os momentos relaxantes quando se banha e se encara a pele, satisfazendo a dupla busca de valor emocional e gosto est\u00e9tico pelas mulheres usu\u00e1rias.<\/li>\n<li>Homens: Pode ser usado para localizar homens de alto n\u00edvel as linhas de cuidado da pele, parches de barba ou perfumes s \u00f3lidos. O humor e o poder da pintura de tinta correspondem \u00e0 identifica\u00e7\u00e3o est\u00e9tica de homens modernos com &#8220; luxo de baixa chave  and &#8220; perfei\u00e7\u00e3o interior. &#8221;<\/li>\n<li>Crian\u00e7as: Como embalagem para crian\u00e7as o suave shampoo e produtos de banho, o tema da paisagem natureza inspira crian\u00e7as; o interesse pela natureza, e o padr\u00e3o do surgimento do sol est\u00e1 cheio de fresco e esperan\u00e7a.<\/li>\n<\/ul>\n<p>&nbsp;<\/p>\n<ol start=\"2\">\n<li>Ingredientes farmac\u00eauticos e ind\u00fastria de cuidados dom\u00e9sticos<\/li>\n<\/ol>\n<p>&nbsp;<\/p>\n<ul>\n<li>Cremes m\u00e9dicos: adequados para cremes com efeitos tranquilizantes e restorativos, como cremes de massagem, cremes de m\u00e3o com ingredientes chineses, cremes de manuten\u00e7\u00e3o articular, etc. natural  and &#8220; tranquilizante a mente do produto.<\/li>\n<li>Casa \/ manuten\u00e7\u00e3o mec\u00e2nica: Assemblem cera de cuidado de m\u00f3veis de alto n\u00edvel, creme de cuidado de couro ou lubricantes de instrumentos de precis\u00e3o com um olhar art\u00edstico que escapa da sensa\u00e7\u00e3o fria de produtos industriais e \u00e9 adequado para cenas de manuten\u00e7\u00e3o de alto n\u00edvel na casa.<\/li>\n<\/ul>\n<p>&nbsp;<\/p>\n<ol start=\"3\">\n<li>Ind\u00fastrias criativas, de presente e de alto n\u00edvel<\/li>\n<\/ol>\n<p>&nbsp;<\/p>\n<ul>\n<li>Artes e pigmentos criativos: \u00c9 um produto criativo em si mesmo, e pode ser usado para embalagem pigmentos de pintura chineses, tinta caligr\u00e1fica ou adesivos de m\u00e3o avan\u00e7ados, e o tema de embalagem e conte\u00fado s\u00e3o altamente unificados.<\/li>\n<li>Hotels &amp; - Donos: Como embalagem de mat\u00e9rias de banho em quartos em hot\u00e9is boutiques e resorts, pode aumentar muito o car\u00e1cter dos quartos; Tamb\u00e9m adequado como embalagem externa para conjuntos de presentes culturalmente relacionados.<\/li>\n<\/ul>\n<p>&nbsp;<\/p>\n<p>Instru\u00e7\u00f5es de adapta\u00e7\u00e3o para consumidores estrangeiros<\/p>\n<p>&nbsp;<\/p>\n<p>O design est\u00e9tico oriental deste produto atende precisamente \u00e0 demanda do consumidor por diferencia\u00e7\u00e3o, profundidade cultural e experi\u00eancia de alto n\u00edvel no mercado estrangeiro:<\/p>\n<p>&nbsp;<\/p>\n<ul>\n<li>Entusismo para cultura ex\u00f3tica e ingenuidade (mercados europeus e americanos): pinturas de tinta e imagens de surgimento do sol s\u00e3o s\u00edmbolos culturais fortes do leste e s\u00e3o amados pelos consumidores na Europa e nos Estados Unidos que est\u00e3o buscando estilos art\u00edsticos e experi\u00eancias culturais \u00fanicos. A combina\u00e7\u00e3o de textura de areia e padr\u00f5es art\u00edsticos \u00e9 vista como uma express\u00e3o de &#8220; tendo uma hist\u00f3ria  and &#8220; tendo artesanato. &#8221;<\/li>\n<li>Aspira\u00e7\u00e3o para um estilo de vida tranquilo e de medita\u00e7\u00e3o (mercado global de alto n\u00edvel): O sentido de serenidade, paz e natureza transmitido por paisagens \u00e9 um valor escasso na vida r\u00e1pida em todo o mundo. Esse pacote pode atrair a busca de consci\u00eancia, estilo de vida de descompress\u00e3o do consumidor.<\/li>\n<li>Reson\u00e2ncia cultural e identidade de alto n\u00edvel nos mercados asi\u00e1ticos (Jap\u00e3o, Coreia do Sul, \u00c1sia do Sudeste): No Jap\u00e3o, Coreia do Sul e \u00c1sia do Sudeste, que s\u00e3o profundamente influenciados pela cultura chinesa, esse design pode desencadenar uma reson\u00e2ncia cultural profunda e \u00e9 considerado um s\u00edmbolo de alto gosto, que \u00e9 muito adequado para posicionar linhas de produtos de alto n\u00edvel.<\/li>\n<li>Um grande ve\u00edculo para o mercado de presente: sua singularidade art\u00edstica e cultural o torna uma escolha de presente altamente procurada, seja como souvenir de viagem, presente de neg\u00f3cios ou presente de f\u00e9rias, com um toque distintivo e distintivo.<\/li>\n<\/ul>","protected":false},"featured_media":4243,"comment_status":"closed","ping_status":"closed","template":"","meta":[],"product_brand":[],"product_cat":[29,51],"product_tag":[],"class_list":{"0":"post-4235","1":"product","2":"type-product","3":"status-publish","4":"has-post-thumbnail","6":"product_cat-skin-care-plastic-tube","7":"product_cat-60-pe-plastic-tube","9":"first","10":"instock","11":"shipping-taxable","12":"purchasable","13":"product-type-simple"},"_links":{"self":[{"href":"https:\/\/www.hongyitube.com\/pt\/wp-json\/wp\/v2\/product\/4235","targetHints":{"allow":["GET"]}}],"collection":[{"href":"https:\/\/www.hongyitube.com\/pt\/wp-json\/wp\/v2\/product"}],"about":[{"href":"https:\/\/www.hongyitube.com\/pt\/wp-json\/wp\/v2\/types\/product"}],"replies":[{"embeddable":true,"href":"https:\/\/www.hongyitube.com\/pt\/wp-json\/wp\/v2\/comments?post=4235"}],"wp:featuredmedia":[{"embeddable":true,"href":"https:\/\/www.hongyitube.com\/pt\/wp-json\/wp\/v2\/media\/4243"}],"wp:attachment":[{"href":"https:\/\/www.hongyitube.com\/pt\/wp-json\/wp\/v2\/media?parent=4235"}],"wp:term":[{"taxonomy":"product_brand","embeddable":true,"href":"https:\/\/www.hongyitube.com\/pt\/wp-json\/wp\/v2\/product_brand?post=4235"},{"taxonomy":"product_cat","embeddable":true,"href":"https:\/\/www.hongyitube.com\/pt\/wp-json\/wp\/v2\/product_cat?post=4235"},{"taxonomy":"product_tag","embeddable":true,"href":"https:\/\/www.hongyitube.com\/pt\/wp-json\/wp\/v2\/product_tag?post=4235"}],"curies":[{"name":"wp","href":"https:\/\/api.w.org\/{rel}","templated":true}]}}