{"id":4227,"date":"2026-01-12T21:14:40","date_gmt":"2026-01-12T13:14:40","guid":{"rendered":"https:\/\/www.hongyitube.com\/?post_type=product&#038;p=4227"},"modified":"2026-01-12T21:41:28","modified_gmt":"2026-01-12T13:41:28","slug":"60mm-standard-pipe-diameter-500-grams-ml-capacity-blank-pe-soft-tube-packaging-material-container-tube-hongyi-plastic","status":"publish","type":"product","link":"https:\/\/www.hongyitube.com\/pt\/product\/60mm-standard-pipe-diameter-500-grams-ml-capacity-blank-pe-soft-tube-packaging-material-container-tube-hongyi-plastic\/","title":{"rendered":"60mm di\u00e2metro padr\u00e3o de tubo, 500 gramas\/ml de capacidade, embalagem de tubo mole de PE em branco\/recipiente\/tubo- Hongyi Plastic"},"content":{"rendered":"<p>Vista geral dos produtos<\/p>\n<p>&nbsp;<\/p>\n<p>Este produto \u00e9 um &#8220; tela criativa como o conceito central de uma mangueira de PE em branco de 500 g\/ml de grande capacidade. Com um di\u00e2metro padr\u00e3o de 60 mm e corpo de PE branco, ele apresenta uma apar\u00eancia pura sem qualquer pr\u00e9-impress\u00e3o, proporcionando uma liberdade de personaliza\u00e7\u00e3o definitiva para marcas e usu\u00e1rios individuais. Suporta toda a decora\u00e7\u00e3o do processo como impress\u00e3o offset, impress\u00e3o de tela de seda, marca\u00e7\u00e3o quente ou rotulagem, e tamb\u00e9m pode ser personalizada DIY pelo usu\u00e1rio final com todos os tipos de adesivos. Os produtos s\u00e3o padr\u00f5es em uma variedade de injec\u00e7\u00f5es moldadas ou eletropl\u00e1ticas de l\u00e2mpadas de baixo dente \/ coberturas de flip, usando um processo de preenchimento direto e direto confi\u00e1vel. Sua durabilidade excepcional assegura que a extrus\u00e3o repetida n\u00e3o se deforma e \u00e9 um pacote de plataformas fundamentais que incentiva a express\u00e3o criativa enquanto atende \u00e0s necessidades de divis\u00e3o profissional e armazenamento dom\u00e9stico.<\/p>\n<p>&nbsp;<\/p>\n<p>Material do produto<\/p>\n<p>&nbsp;<\/p>\n<ul>\n<li>Corpo tubo: Fazido de mat\u00e9ria prima de polietileno de alta densidade (PE), material puro, propriedades qu\u00edmicas flex\u00edveis e est\u00e1veis, fornecendo uma base ideal para processos de impress\u00e3o e pastagem subsequentes. Ele cumpre os padr\u00f5es ambientais e de seguran\u00e7a internacionais.<\/li>\n<li>Superf\u00edcie: A superf\u00edcie do corpo branco \u00e9 suave e uniforme, com boa ades\u00e3o, assegurando padr\u00f5es de impress\u00e3o personalizados s\u00e3o claros e firmes, facilitando a ades\u00e3o adesiva e a remo\u00e7\u00e3o (dependendo do tipo de adesivo).<\/li>\n<li>Corpo de cobertura: Usar moldura pl\u00e1stica de polipropileno (PP), fornecendo uma variedade de cores padr\u00e3o e op\u00e7\u00f5es de cores de cobertura. Os parafusos de dentes curtos s\u00e3o projetados para selabilidade e abertura.<\/li>\n<\/ul>\n<p>&nbsp;<\/p>\n<p>Caracter\u00edsticas do produto<\/p>\n<p>&nbsp;<\/p>\n<ol>\n<li>Flexibilidade personalizada extrema: Como um &#8220; modelo em branco,&#8221; Ela concorda com a marca o design visual completo, possibilitando impress\u00e3o arbitr\u00e1ria de logotipo simple s a padr\u00f5es complexos, e serve como um ve\u00edculo criativo para entusiastas do DIY.<\/li>\n<li>Excelentes propriedades f\u00edsicas: herdou as excelentes caracter\u00edsticas do material PE, anti-extrus\u00e3o, resist\u00eancia \u00e0 fadiga, preenchimento de grande capacidade ainda pode manter a estabilidade estrutural, uso a longo prazo n\u00e3o \u00e9 f\u00e1cil de deformar ou danificar.<\/li>\n<li>Preserva\u00e7\u00e3o de selos confi\u00e1veis: A combina\u00e7\u00e3o de um processo de selagem reta e uma cobertura de screw de precis\u00e3o efetivamente evita vazamento e contamina\u00e7\u00e3o do conte\u00fado, e assegura a fresca e efic\u00e1cia de v\u00e1rios l\u00edquidos e l\u00edquidos.<\/li>\n<li>Compatibilidade extensa de conte\u00fado: Aplicable to everything from mild personal care products to neutral industrial salves, there is a wide range of content.<\/li>\n<\/ol>","protected":false},"excerpt":{"rendered":"<p>Conceito de design corporal<\/p>\n<ul>\n<li>Filosofia de design: simplicidade \u00e9 infinita: o corpo branco puro elimina todos os elementos visuais pr\u00e9-definidos, deixando a soberania do design inteiramente para o usu\u00e1rio. Representa uma est\u00e9tica minimalist a e tamb\u00e9m proporciona espa\u00e7o para maximizar a express\u00e3o criativa.<\/li>\n<li>Interface decorativa aberta:<\/li>\n<li>Para empresas\/marcas: Pode ser usado como embalagem padr\u00e3o personalizado para transportar a imagem da marca atrav\u00e9s de processos de impress\u00e3o profissionais.<\/li>\n<li>Para os consumidores finais: O corpo brilhante \u00e9 a plataforma perfeita DIY para distin\u00e7\u00e3o personalizada e decora\u00e7\u00e3o usando adesivos resistentes \u00e0 \u00e1gua, adesivos de caricatura, etiquetas manuscritas, etc.  &#8211; Especialmente para fam\u00edlias multimembros ou situa\u00e7\u00f5es em que m\u00faltiplos conte\u00fados precisam ser identificados.<\/li>\n<\/ul>\n<p>Avantagens do produto<\/p>\n<ul>\n<li>L\u00edmites mais baixos para o lan\u00e7amento da marca: Sem incurrir taxas elevadas de lan\u00e7amento pr\u00e9-impresso e pedidos m\u00ednimos, \u00e9 especialmente adequado para marcas de lan\u00e7amento, produ\u00e7\u00e3o de pequenos lotes ou testes de mercado.<\/li>\n<li>Estimular a participa\u00e7\u00e3o e interesse dos usu\u00e1rios: as caracter\u00edsticas DIY incentivam a intera\u00e7\u00e3o dos usu\u00e1rios, podem aumentar a afinidade das marcas e a experi\u00eancia de produtos, especialmente favorecidas por grupos jovens de consumidores.<\/li>\n<li>Multi-uso, manejo claro: os usu\u00e1rios podem separar diferentes produtos por si mesmos e distingu\u00ed-los atrav\u00e9s de adesivos, otimizando grandemente a gest\u00e3o espacial e a conveni\u00eancia.<\/li>\n<li>A cadeia de abastecimento \u00e9 eficiente e flex\u00edvel: as marcas podem comprar primeiro tubos em branco padr\u00e3o, arranjar a impress\u00e3o p\u00f3s-produ\u00e7\u00e3o rapidamente e flex\u00edvel de acordo com feedback de mercado ou diferentes necessidades de linha de produtos, e responder \u00e0s mudan\u00e7as de mercado.<\/li>\n<\/ul>\n<p>Casos de uso recomendados<\/p>\n<ol>\n<li>A Beauty &amp; - Cuidado da pele e A ind\u00fastria de limpeza pessoal<\/li>\n<\/ol>\n<ul>\n<li>Senhoras: Dispon\u00edvel como &#8220; vers\u00e3o familiar de grande capacidade de garrafas de viagem, os usu\u00e1rios podem preencher seus gelas de chuveiro favoritos, shampoos, lot\u00f5es corporais com adesivos elegantes ou r\u00f3tulos para seus sabores e usos para criar um display de banho personalizado. Branders tamb\u00e9m podem embalar como um &#8220; custom&#8221; - presente.<\/li>\n<li>Homens: Para dispensar ceras, limpezas, etc., o corpo simples de tubo em branco se encaixa na prefer\u00eancia dos homens para est\u00e9tica direta e funcional e pode ser identificado por uma simples etiqueta de estilo industrial.<\/li>\n<li>Crian\u00e7as: Os pais podem us\u00e1-la para separar as crian\u00e7as. s produtos especializados para lavar e deixar as crian\u00e7as colocar seus peguetes favoritos de caricaturas sozinhas para aumentar a diversi\u00e3o e autonomia do banho.<\/li>\n<\/ul>\n<ol start=\"2\">\n<li>Ingredientes farmac\u00eauticos e ind\u00fastria de manuten\u00e7\u00e3o dom\u00e9stica<\/li>\n<\/ol>\n<ul>\n<li>Cremes m\u00e9dicos: Um recipiente universal em uma caixa de medicamentos de fam\u00edlia \u00e9 usado para manter cremes de m\u00e3o, ingr\u00e9deas, prepara\u00e7\u00f5es t\u00f3picas para animais, etc. O nome e data de expira\u00e7\u00e3o do medicamento s\u00e3o claramente indicados por um r\u00f3tulo manuscrito, que \u00e9 seguro e pr\u00e1tico.<\/li>\n<li>Mantenimento mec\u00e2nico\/dom\u00e9stico: lubrificantes separados, cremes de limpeza, adesivos, etc. para diferentes prop\u00f3sitos. O corpo de tubo em branco \u00e9 parejado com etiquetas prominentes para evitar confus\u00e3o em ferramentas ou garagens.<\/li>\n<\/ul>\n<p>&nbsp;<\/p>\n<ol start=\"3\">\n<li>Ind\u00fastrias, artesanato e educa\u00e7\u00e3o<\/li>\n<\/ol>\n<p>&nbsp;<\/p>\n<ul>\n<li>Pigmentos qu\u00edmicos: usados no est\u00fadio para separar pigmentos, aditivos ou colas comunmente usados para que o artista ou aluno possa etiquetar seus pr\u00f3prios n\u00fameros de cores e ingredientes.<\/li>\n<li>DIY e artesanato: \u00c9 um recipiente ideal para amantes de artesanato e aulas de habilidades de trabalho na escola. \u00c9 usado para armazenar todos os tipos de materiais manuais, e sua pr\u00f3pria decorabilidade tamb\u00e9m faz parte da cria\u00e7\u00e3o. O conceito de design deste produto \u00e9 profundamente compat\u00edvel com os valores e h\u00e1bitos de muitos mercados principais de consumo no estrangeiro:<\/li>\n<li>Personaliza\u00e7\u00e3o e auto-express\u00e3o (mercados europeus e americanos): altamente adequada \u00e0 tend\u00eancia de &#8220; A cultura DIY  and &#8220; consumo personalizado. &#8221; Os consumidores gostam de comprar produtos b\u00e1sicos e criar cria\u00e7\u00f5es secund\u00e1rias para revelar seu estilo pessoal. O corpo de tubo vazio \u00e9 o ve\u00edculo perfeito para este estilo de vida.<\/li>\n<li>Minimalismo e sustentabilidade (mercados n\u00f3rdicos, japoneses e coreanos): uma apar\u00eancia limpa sem impress\u00e3o redundante, em conson\u00e2ncia com est\u00e9tica minimalist a. Ao mesmo tempo, as caracter\u00edsticas reutilizadas e auto-decoradas refletem o conceito de vida sustent\u00e1vel de &#8220; reduzir os res\u00edduos e usar o melhor dos bens,&#8221; que \u00e9 popular com consumidores ambientalmente conscientes.<\/li>\n<li>Practical and family friendly (Global Family Market): Features of high capacity and clearly labelled, ideal for situations where family members share but have different needs (such as shampoos for different hair conditioners), easy to manage, and affordable.<\/li>\n<li>Engagem de marca e cria\u00e7\u00e3o de valor: As marcas podem usar isso como uma ferramenta para se envolver com os consumidores, como organizar competi\u00e7\u00f5es de design de adesivos ou oferecer uma s\u00e9rie reutilizable de etiquetas tem\u00e1ticas para aumentar a perten\u00e7a comunit\u00e1ria e a lealdade das marcas.<\/li>\n<\/ul>","protected":false},"featured_media":4229,"comment_status":"closed","ping_status":"closed","template":"","meta":[],"product_brand":[],"product_cat":[29,51],"product_tag":[],"class_list":{"0":"post-4227","1":"product","2":"type-product","3":"status-publish","4":"has-post-thumbnail","6":"product_cat-skin-care-plastic-tube","7":"product_cat-60-pe-plastic-tube","9":"first","10":"instock","11":"shipping-taxable","12":"purchasable","13":"product-type-simple"},"_links":{"self":[{"href":"https:\/\/www.hongyitube.com\/pt\/wp-json\/wp\/v2\/product\/4227","targetHints":{"allow":["GET"]}}],"collection":[{"href":"https:\/\/www.hongyitube.com\/pt\/wp-json\/wp\/v2\/product"}],"about":[{"href":"https:\/\/www.hongyitube.com\/pt\/wp-json\/wp\/v2\/types\/product"}],"replies":[{"embeddable":true,"href":"https:\/\/www.hongyitube.com\/pt\/wp-json\/wp\/v2\/comments?post=4227"}],"wp:featuredmedia":[{"embeddable":true,"href":"https:\/\/www.hongyitube.com\/pt\/wp-json\/wp\/v2\/media\/4229"}],"wp:attachment":[{"href":"https:\/\/www.hongyitube.com\/pt\/wp-json\/wp\/v2\/media?parent=4227"}],"wp:term":[{"taxonomy":"product_brand","embeddable":true,"href":"https:\/\/www.hongyitube.com\/pt\/wp-json\/wp\/v2\/product_brand?post=4227"},{"taxonomy":"product_cat","embeddable":true,"href":"https:\/\/www.hongyitube.com\/pt\/wp-json\/wp\/v2\/product_cat?post=4227"},{"taxonomy":"product_tag","embeddable":true,"href":"https:\/\/www.hongyitube.com\/pt\/wp-json\/wp\/v2\/product_tag?post=4227"}],"curies":[{"name":"wp","href":"https:\/\/api.w.org\/{rel}","templated":true}]}}