{"id":4215,"date":"2026-01-12T15:11:42","date_gmt":"2026-01-12T07:11:42","guid":{"rendered":"https:\/\/www.hongyitube.com\/?post_type=product&#038;p=4215"},"modified":"2026-01-12T21:09:19","modified_gmt":"2026-01-12T13:09:19","slug":"60mm-high-capacity-500-grams-ml-blue-violet-matte-pe-soft-tube-packaging-container-hongyi-plastic","status":"publish","type":"product","link":"https:\/\/www.hongyitube.com\/pt\/product\/60mm-high-capacity-500-grams-ml-blue-violet-matte-pe-soft-tube-packaging-container-hongyi-plastic\/","title":{"rendered":"60 mm, contentor de embalagem de tubos moles de PE de alta capacidade 500 gramas\/ml de mat\u00e9 azul-violeta- Hongyi Plastic"},"content":{"rendered":"<p><span dir=\"auto\" style=\"vertical-align: inherit;\"><span dir=\"auto\" style=\"vertical-align: inherit;\">Vista geral dos produtos<\/span><\/span><\/p>\n<p>&nbsp;<\/p>\n<p><span dir=\"auto\" style=\"vertical-align: inherit;\"><span dir=\"auto\" style=\"vertical-align: inherit;\">Este produto \u00e9 uma mangueira de PE de grande capacidade projetada especificamente para fam\u00edlias e v\u00e1rios cen\u00e1rios. O di\u00e2metro da mangueira \u00e9 de 60 mm e a capacidade \u00e9 de 500g\/ml. O corpo do tubo \u00e9 feito de material de PE branco, com uma cor de fundo azul azul de madeira na superf\u00edcie, e o texto \u00e9 impresso em preto. A apar\u00eancia global \u00e9 simples e moderna, mas elegante. O produto est\u00e1 equipado com diversas coberturas de baixo perfil\/coberturas de invers\u00e3o que s\u00e3o moldadas ou eletropl\u00e1tadas para inje\u00e7\u00e3o, e adota um processo de selagem de linha reta para garantir tens\u00e3o a \u00e9rea. Apoio ao preenchimento da frente. Seu design central combina uma grande capacidade e uma excelente durabilidade, permitindo apertar repetidamente sem deforma\u00e7\u00e3o. \u00c9 adequado para embalagem e armazenar v\u00e1rios l\u00edquidos viscosos, desde cuidado di\u00e1rio a prop\u00f3sitos especiais.<\/span><\/span><\/p>\n<p>&nbsp;<\/p>\n<p><span dir=\"auto\" style=\"vertical-align: inherit;\"><span dir=\"auto\" style=\"vertical-align: inherit;\">Material de produto.<\/span><\/span><\/p>\n<p>&nbsp;<\/p>\n<ul>\n<li><span dir=\"auto\" style=\"vertical-align: inherit;\"><span dir=\"auto\" style=\"vertical-align: inherit;\">Corpo: Fazido de material de polietileno de alta densidade (PE), tem excelente estabilidade qu\u00edmica, flexibilidade e resist\u00eancia \u00e0s l\u00e1grimas. N\u00e3o t\u00f3xico e sem odor, em conformidade com padr\u00f5es de seguran\u00e7a de materiais de contato ambiental e alimentar (como FDA, LFGB, etc.).<\/span><\/span><\/li>\n<li><span dir=\"auto\" style=\"vertical-align: inherit;\"><span dir=\"auto\" style=\"vertical-align: inherit;\">Coating and Printing: A cor de base azul azul de matte adota tecnologia de offset de tinta ecol\u00f3gica, com uma textura suave que n\u00e3o \u00e9 facilmente colorida com impress\u00f5es digitais. A impress\u00e3o de texto negro \u00e9 clara e duradoura, em conformidade com padr\u00f5es internacionais de rotulagem de produtos de consumo.<\/span><\/span><\/li>\n<li><span dir=\"auto\" style=\"vertical-align: inherit;\"><span dir=\"auto\" style=\"vertical-align: inherit;\">Cobertura: Fazido de material de polipropileno (PP), dispon\u00edvel em v\u00e1rias cores padr\u00e3o de moldagem de inje\u00e7\u00e3o e cores brilhantes de eletroplatagem. O design de fios de baixo perfil assegura rota\u00e7\u00e3o suave e selagem confi\u00e1vel.<\/span><\/span><\/li>\n<\/ul>\n<p>&nbsp;<\/p>\n<p>&nbsp;<\/p>\n<p><span dir=\"auto\" style=\"vertical-align: inherit;\"><span dir=\"auto\" style=\"vertical-align: inherit;\">Caracter\u00edsticas do produto.<\/span><\/span><\/p>\n<p>&nbsp;<\/p>\n<ol>\n<li><span dir=\"auto\" style=\"vertical-align: inherit;\"><span dir=\"auto\" style=\"vertical-align: inherit;\">Paquete de economia de capacidade extra grande: A capacidade de 500 ml \u00e9 projetada especificamente para compartilhamento domiciliar ou cen\u00e1rios de uso de alta frequ\u00eancia, o que pode reduzir significativamente o custo de cada uso.<\/span><\/span><\/li>\n<li><span dir=\"auto\" style=\"vertical-align: inherit;\"><span dir=\"auto\" style=\"vertical-align: inherit;\">Estrutura extremamente duradoura: material PE de alta qualidade assegura que o tubo pode rapidamente recuperar para seu estado original ap\u00f3s compress\u00e3o repetida, reduzindo assim a possibilidade de deforma\u00e7\u00e3o permanente ou ruptura.<\/span><\/span><\/li>\n<li><span dir=\"auto\" style=\"vertical-align: inherit;\"><span dir=\"auto\" style=\"vertical-align: inherit;\">Excelente desempenho de selagem e preserva\u00e7\u00e3o: A combina\u00e7\u00e3o de cobertura reta de parede e cobertura com fios de precis\u00e3o impede efetivamente fuga de conte\u00fado, secagem ou oxida\u00e7\u00e3o, estendendo assim a vida de shelf.<\/span><\/span><\/li>\n<li><span dir=\"auto\" style=\"vertical-align: inherit;\"><span dir=\"auto\" style=\"vertical-align: inherit;\">Largo \u00e2mbito de aplica\u00e7\u00e3o: Tem boa resist\u00eancia ao gel de chuveiro, shamp\u00f3, lot\u00e3o, alavanca e at\u00e9 mesmo produtos qu\u00edmicos neutros, e n\u00e3o vai reagir com eles.<\/span><\/span><\/li>\n<\/ol>\n<p>&nbsp;<\/p>","protected":false},"excerpt":{"rendered":"<p><span dir=\"auto\" style=\"vertical-align: inherit;\"><span dir=\"auto\" style=\"vertical-align: inherit;\">Resaltas do design corporal<\/span><\/span><\/p>\n<p>&nbsp;<\/p>\n<ul>\n<li><span dir=\"auto\" style=\"vertical-align: inherit;\"><span dir=\"auto\" style=\"vertical-align: inherit;\">Cor e textura: O tom azul de mat\u00e9 \u00fanico \u00e9 est\u00e1vel e modal, combinando luxo de baixa chave com desempenho pr\u00e1tico anti-falha. O texto negro tem um contraste agudo, e a informa\u00e7\u00e3o \u00e9 clara e f\u00e1cil de ler. O estilo global \u00e9 moderno e simples, f\u00e1cil de integrar em diversos ambientes.<\/span><\/span><\/li>\n<li><span dir=\"auto\" style=\"vertical-align: inherit;\"><span dir=\"auto\" style=\"vertical-align: inherit;\">Design funcional humanizado: O tamanho do corpo foi otimizado, tornando f\u00e1cil agarrar e apertar mesmo quando cheio de \u00e1gua; A superf\u00edcie congelada proporciona boa fric\u00e7\u00e3o operacional.<\/span><\/span><\/li>\n<li><span dir=\"auto\" style=\"vertical-align: inherit;\"><span dir=\"auto\" style=\"vertical-align: inherit;\">Espa\u00e7o de personaliza\u00e7\u00e3o da marca: Reservar espa\u00e7o suficiente de personaliza\u00e7\u00e3o para cores simples de fundo do logotipo de marca, texto explicativo ou padr\u00f5es decorativos, que podem ser facilmente alcan\u00e7ados atrav\u00e9s da impress\u00e3o offset.<\/span><\/span><\/li>\n<\/ul>\n<p>&nbsp;<\/p>\n<p><span dir=\"auto\" style=\"vertical-align: inherit;\"><span dir=\"auto\" style=\"vertical-align: inherit;\">Avantagens do produto<\/span><\/span><\/p>\n<p>&nbsp;<\/p>\n<ul>\n<li><span dir=\"auto\" style=\"vertical-align: inherit;\"><span dir=\"auto\" style=\"vertical-align: inherit;\">Solu\u00e7\u00e3o econ\u00f4mica e eficiente: Combinar alta capacidade com materiais duradouros, fornecendo marcas e consumidores finais op\u00e7\u00f5es de embalagem a longo prazo e econ\u00f4mica.<\/span><\/span><\/li>\n<li><span dir=\"auto\" style=\"vertical-align: inherit;\"><span dir=\"auto\" style=\"vertical-align: inherit;\">Seguro e confi\u00e1vel: o material de PE \u00e9 reciclado, em conson\u00e2ncia com tend\u00eancias mundiais do mercado e requisitos regulat\u00f3rios, seguro e confi\u00e1vel, tornando o uso dom\u00e9stico mais tranquilizante.<\/span><\/span><\/li>\n<li><span dir=\"auto\" style=\"vertical-align: inherit;\"><span dir=\"auto\" style=\"vertical-align: inherit;\">Universalidade da ind\u00fastria cruzada: De cuidado pessoal a aplica\u00e7\u00f5es industriais, uma embalagem pode satisfazer m\u00faltiplas necessidades de embalagem, simplificando aquisi\u00e7\u00e3o e gest\u00e3o de invent\u00e1rio.<\/span><\/span><\/li>\n<li><span dir=\"auto\" style=\"vertical-align: inherit;\"><span dir=\"auto\" style=\"vertical-align: inherit;\">Aumentar a imagem da marca: usando linhas de cores brilhantes e brilhantes de alto n\u00edvel, a apar\u00eancia do produto pode ser imediatamente melhorada, mesmo para embalagens de grande capacidade, que podem parecer exquisitas e bonitas.<\/span><\/span><\/li>\n<\/ul>\n<p>&nbsp;<\/p>\n<p>&nbsp;<\/p>\n<p><span dir=\"auto\" style=\"vertical-align: inherit;\"><span dir=\"auto\" style=\"vertical-align: inherit;\">Casos de uso recomendados<\/span><\/span><\/p>\n<p>&nbsp;<\/p>\n<ol>\n<li><span dir=\"auto\" style=\"vertical-align: inherit;\"><span dir=\"auto\" style=\"vertical-align: inherit;\">Ind\u00fastria da beleza, pele e higiene pessoal<\/span><\/span><\/li>\n<\/ol>\n<p>&nbsp;<\/p>\n<ul>\n<li><span dir=\"auto\" style=\"vertical-align: inherit;\"><span dir=\"auto\" style=\"vertical-align: inherit;\">Adequado para mulheres: Este produto \u00e9 muito adequado como uma garrafa\/garrafa de substitui\u00e7\u00e3o para o gel de chuveiro de escritor, umidificador, condicionador ou solu\u00e7\u00e3o de cuidado \u00edntimo. O design simple s e de moda pode se integrar harmoniosamente no banheiro ou no espa\u00e7o de quarto, satisfazendo a dupla busca de beleza e pr\u00e1tica das mulheres.<\/span><\/span><\/li>\n<li><span dir=\"auto\" style=\"vertical-align: inherit;\"><span dir=\"auto\" style=\"vertical-align: inherit;\">Homens: Podem ser usados para embalar gel de cabelo de alta viscosidade, creme de rasagem, ou creme de limpeza espec\u00edfica para homens, com grande capacidade para atender \u00e0s necessidades di\u00e1rias. A cor de mat\u00e9 duro e textura s \u00f3lida satisfazem as prefer\u00eancias est\u00e9ticas dos usu\u00e1rios masculinos.<\/span><\/span><\/li>\n<li><span dir=\"auto\" style=\"vertical-align: inherit;\"><span dir=\"auto\" style=\"vertical-align: inherit;\">Crian\u00e7a s: Como suplemento de casa para os cabelos de crian\u00e7as e produtos de banho 2 em 1, os materiais seguros e n\u00e3o t\u00f3xicos d\u00e3o aos pais paz mental, e as cores brilhantes de cobertura tamb\u00e9m podem atrair crian\u00e7as.<\/span><\/span><\/li>\n<\/ul>\n<p>&nbsp;<\/p>\n<ol start=\"2\">\n<li><span dir=\"auto\" style=\"vertical-align: inherit;\"><span dir=\"auto\" style=\"vertical-align: inherit;\">Ind\u00fastria farmac\u00eautica e mec\u00e2nica de manuten\u00e7\u00e3o<\/span><\/span><\/li>\n<\/ol>\n<p>&nbsp;<\/p>\n<ul>\n<li><span dir=\"auto\" style=\"vertical-align: inherit;\"><span dir=\"auto\" style=\"vertical-align: inherit;\">Creme m\u00e9dico: adequado para embalagem cremes m\u00e9dicos sobre o banco (como creme \u00e0 m\u00e3o, umidificador, creme de massagem), creme t\u00f3pico para animais de estima\u00e7\u00e3o, etc. Bom selo garante efic\u00e1cia est\u00e1vel dos medicamentos.<\/span><\/span><\/li>\n<li><span dir=\"auto\" style=\"vertical-align: inherit;\"><span dir=\"auto\" style=\"vertical-align: inherit;\">Mantenimento mec\u00e2nico: pode ser usado para armazenar e distribuir \u00f3leo lubrificante, forragens, pasta de limpeza de carros, etc. A resist\u00eancia qu\u00edmica do material PE assegura sua confiabilidade no ambiente da oficina.<\/span><\/span><\/li>\n<\/ul>\n<p>&nbsp;<\/p>\n<ol start=\"3\">\n<li><span dir=\"auto\" style=\"vertical-align: inherit;\"><span dir=\"auto\" style=\"vertical-align: inherit;\">Produtos qu\u00edmicos industriais e ind\u00fastrias criativas<\/span><\/span><\/li>\n<\/ol>\n<p>&nbsp;<\/p>\n<ul>\n<li><span dir=\"auto\" style=\"vertical-align: inherit;\"><span dir=\"auto\" style=\"vertical-align: inherit;\">Pigmentos qu\u00edmicos: embalados em pigmentos baseados em \u00e1gua, imprimir pigmentos, ou adesivos manuais, os tubos s\u00e3o impermeables e f\u00e1ceis de etiquetar e gerir, tornando-os uma escolha ideal para est\u00fadios ou institui\u00e7\u00f5es educacionais.<\/span><\/span><\/li>\n<li><span dir=\"auto\" style=\"vertical-align: inherit;\"><span dir=\"auto\" style=\"vertical-align: inherit;\">DIY e jardinagem: usados para embalagem solu\u00e7\u00f5es de cultura de plantas, adesivos ou outros produtos qu\u00edmicos de manuten\u00e7\u00e3o dom\u00e9stica para armazenamento e recupera\u00e7\u00e3o.<\/span><\/span><\/li>\n<\/ul>","protected":false},"featured_media":4222,"comment_status":"closed","ping_status":"closed","template":"","meta":[],"product_brand":[],"product_cat":[29,51],"product_tag":[],"class_list":{"0":"post-4215","1":"product","2":"type-product","3":"status-publish","4":"has-post-thumbnail","6":"product_cat-skin-care-plastic-tube","7":"product_cat-60-pe-plastic-tube","9":"first","10":"instock","11":"shipping-taxable","12":"purchasable","13":"product-type-simple"},"_links":{"self":[{"href":"https:\/\/www.hongyitube.com\/pt\/wp-json\/wp\/v2\/product\/4215","targetHints":{"allow":["GET"]}}],"collection":[{"href":"https:\/\/www.hongyitube.com\/pt\/wp-json\/wp\/v2\/product"}],"about":[{"href":"https:\/\/www.hongyitube.com\/pt\/wp-json\/wp\/v2\/types\/product"}],"replies":[{"embeddable":true,"href":"https:\/\/www.hongyitube.com\/pt\/wp-json\/wp\/v2\/comments?post=4215"}],"wp:featuredmedia":[{"embeddable":true,"href":"https:\/\/www.hongyitube.com\/pt\/wp-json\/wp\/v2\/media\/4222"}],"wp:attachment":[{"href":"https:\/\/www.hongyitube.com\/pt\/wp-json\/wp\/v2\/media?parent=4215"}],"wp:term":[{"taxonomy":"product_brand","embeddable":true,"href":"https:\/\/www.hongyitube.com\/pt\/wp-json\/wp\/v2\/product_brand?post=4215"},{"taxonomy":"product_cat","embeddable":true,"href":"https:\/\/www.hongyitube.com\/pt\/wp-json\/wp\/v2\/product_cat?post=4215"},{"taxonomy":"product_tag","embeddable":true,"href":"https:\/\/www.hongyitube.com\/pt\/wp-json\/wp\/v2\/product_tag?post=4215"}],"curies":[{"name":"wp","href":"https:\/\/api.w.org\/{rel}","templated":true}]}}