{"id":4195,"date":"2026-01-12T14:27:59","date_gmt":"2026-01-12T06:27:59","guid":{"rendered":"https:\/\/www.hongyitube.com\/?post_type=product&#038;p=4195"},"modified":"2026-01-12T14:27:59","modified_gmt":"2026-01-12T06:27:59","slug":"high-quality-pe-soft-tubes-with-a-60-mm-diameter-capacity-of-360-grams-ml-smooth-texture-versatile-packaging-and-storage-design-hongyi-plastic","status":"publish","type":"product","link":"https:\/\/www.hongyitube.com\/pt\/product\/high-quality-pe-soft-tubes-with-a-60-mm-diameter-capacity-of-360-grams-ml-smooth-texture-versatile-packaging-and-storage-design-hongyi-plastic\/","title":{"rendered":"Tubos suaves de alta qualidade PE com di\u00e2metro de 60 mm, capacidade de 360 gramas\/ml, textura suave, embalagem vers\u00e1til, e design de armazenamento - Hongyi Plastic"},"content":{"rendered":"<p>Este produto \u00e9 um tubo PE de alta qualidade especificamente projetado para embalagem e armazenamento vers\u00e1tiis. Ela tem um di\u00e2metro de 60 mm e uma capacidade de 360 gramas\/ml, equilibrar grande capacidade com portabilidade. O corpo do tubo \u00e9 branco com um revestimento de finais de brilho de textura suave, fornecendo um sentimento suave e gripe. A superf\u00edcie frontal caracteriza padr\u00f5es complexos alcan\u00e7ados atrav\u00e9s da impress\u00e3o de tela, com duas \u00e1reas circulares coloridas: o primeiro c\u00edrculo tem uma borda emboscada em ouro, enquanto o segundo c\u00edrculo tem uma textura transparente de \u00f3leo impressa em seda, adicionando profundidade ao efeito visual. A por\u00e7\u00e3o de texto combina impress\u00e3o de tela e emboscamento de ouro. A traseira apresenta texto explicativo colorido impresso com um processo de impress\u00e3o de tela. O design geral equilibra est\u00e9tica e funcionalidade. Ela vem com fechamentos de tampa\/flap de cor com moldura de inje\u00e7\u00e3o ou eletropla\u00e7ado com uma estrutura de selagem de gr\u00e3os retas para assegurar tens\u00e3o a \u00e9rea. Este design \u00e9 adequado para apertar repetidamente os conte\u00fados destinados ao uso dom\u00e9stico, mantendo a integridade estrutural do tubo durante um per\u00edodo prolongado.<\/p>\n<p>&nbsp;<\/p>\n<p>Material de produto.<\/p>\n<p>&nbsp;<\/p>\n<ul>\n<li>Corpo: Fazido de polietileno de alta densidade (PE), que n\u00e3o \u00e9 t\u00f3xico e sem odor, cumpre padr\u00f5es de prote\u00e7\u00e3o ambiental e possui excelente flexibilidade, resist\u00eancia qu\u00edmica e resist\u00eancia ao impacto.<\/li>\n<li>Coating and Printing: Environmental ink offset printing; Uma finalidade de brilho de toque suave aumenta a t\u00e1ctilidade e durabilidade; Tanto o selo de folha de ouro como a impress\u00e3o de tela de seda empregam revestimentos seguros, respeitando padr\u00f5es internacionais de seguran\u00e7a dos consumidores.<\/li>\n<li>Corpo de cobertura: Polipropileno (PP) moldado por inje\u00e7\u00e3o, dispon\u00edvel em v\u00e1rias cores e efeitos de eletroplatina\u00e7\u00e3o, com projeto de fios garantindo um fecho estreito.<\/li>\n<\/ul>\n<p>&nbsp;<\/p>\n<p>&nbsp;<\/p>\n<p>Caracter\u00edsticas do produto.<\/p>\n<p>&nbsp;<\/p>\n<ol>\n<li>Durante muito tempo e duradouro: O material PE \u00e9 altamente resistente \u00e0 fadiga, pode ser comprimido repetidamente sem deforma\u00e7\u00e3o, e assim amplia sua vida.<\/li>\n<li>Sealed and leak-proof: The textured sealing process combined with a low-profile screw cap\/ flip-top cap effectively prevents liquid leakage and oxidation.<\/li>\n<li>Visuais e Textura Enhanced: Uso de verniz de finais suaves, selo de folha de ouro e projetos de textura de tela de seda para dar ao produto uma apar\u00eancia mais elevada.<\/li>\n<li>Compatibilidade Larga: Adequada para fluidos neutros a moderados a altamente viscosos, incluindo emuls\u00f5es, geles, pastas e mais.<\/li>\n<\/ol>\n<p>&nbsp;<\/p>","protected":false},"excerpt":{"rendered":"<p>Resaltas do design corporal<\/p>\n<ul>\n<li>Artilharia est\u00e9tica: Os blocos de cores duplas circulares parejados com ouro quente e texturas transparentes criam um foco visual em camada, em linha com est\u00e9tica minimalist a moderna.<\/li>\n<li>Impress\u00e3o humanizada: o texto frontal combina a impress\u00e3o ouro e offset para tornar claro e f\u00e1cil de ler; O texto colorido na parte de tr\u00e1s torna mais f\u00e1cil para os usu\u00e1rios identificar rapidamente o conte\u00fado.<\/li>\n<li>Optimiza\u00e7\u00e3o da gripe: O revestimento de \u00f3leo brilhante de superf\u00edcie suave fornece uma experi\u00eancia confort\u00e1vel de gripe, e o design anti-slip facilita opera\u00e7\u00f5es de apertamento<\/li>\n<\/ul>\n<p>&nbsp;<\/p>\n<p>Avantagens do produto<\/p>\n<p>&nbsp;<\/p>\n<ul>\n<li>Adapta\u00e7\u00e3o multiprop\u00f3sito: De beleza para ind\u00fastria, voc\u00ea pode usar uma coisa para muitos prop\u00f3sitos diferentes, reduzindo os custos de fonte e armazenamento.<\/li>\n<li>Protec\u00e7\u00e3o ambiental e seguran\u00e7a: o material PE pode ser reciclado e o processo inofensivo satisfaz os requisitos de prote\u00e7\u00e3o ambiental dos mercados europeus, americanos e asi\u00e1ticos.<\/li>\n<li>Customiza\u00e7\u00e3o flex\u00edvel: Cor da cobertura, efeito de cobertura e padr\u00f5es de impress\u00e3o sustentam a personaliza\u00e7\u00e3o para atender \u00e0s necessidades individuais da marca.<\/li>\n<li>Economia das \u00e1guas dom\u00e9sticas: design de grande capacidade \u00e9 adequado para compartilhamento familiar e reduz os res\u00edduos de embalagens.<\/li>\n<\/ul>\n<p>&nbsp;<\/p>\n<p>Casos de uso recomendados<\/p>\n<p>&nbsp;<\/p>\n<ol>\n<li>A ind\u00fastria da beleza e do cuidado da pele<\/li>\n<\/ol>\n<p>&nbsp;<\/p>\n<ul>\n<li>Senhoras: Para produtos de alta capacidade como lot\u00e3o de banho, leite corporal e shampoo, o design simples se encaixa na est\u00e9tica do banho, \u00e9 f\u00e1cil de alcan\u00e7ar e evitar polui\u00e7\u00e3o secund\u00e1ria.<\/li>\n<li>Homens: adequados para cera de cabelo de alta viscosidade, funda\u00e7\u00e3o de barba, etc., corpo de tubo duradouro atende \u00e0 necessidade de compress\u00e3o frequente, e design neutro atende \u00e0 est\u00e9tica masculina.<\/li>\n<li>Crian\u00e7as: Pode ser usada em crian\u00e7as&#8217; s shampoos, lot\u00f5es de banho leves, e uma cobertura redonda e material de seguran\u00e7a para uso seguro.<\/li>\n<\/ul>\n<p>&nbsp;<\/p>\n<ol start=\"2\">\n<li>A ind\u00fastria farmac\u00eautica e mec\u00e2nica de manuten\u00e7\u00e3o<\/li>\n<\/ol>\n<p>&nbsp;<\/p>\n<ul>\n<li>Cremes m\u00e9dicos: Cremes separados, lat\u00eas de cuidado da pele, etc. O selo evita a deteriora\u00e7\u00e3o dos ingredientes, e o texto selado \u00e9 conveniente para marcar instru\u00e7\u00f5es de uso.<\/li>\n<li>Mantenimento mec\u00e2nico: armazenamento de \u00f3leo lubrificante, adesivos, etc., material PE resistente \u00e0 corros\u00e3o qu\u00edmica, adequado para manuten\u00e7\u00e3o de oficinas ou ferramentas familiares.<\/li>\n<\/ul>\n<p>&nbsp;<\/p>\n<ol start=\"3\">\n<li>Industrial Chemicals &amp; A ind\u00fastria de pinturas<\/li>\n<\/ol>\n<p>&nbsp;<\/p>\n<ul>\n<li>Divis\u00e3o de pintura: Para pinturas aqu\u00e1ticas ou oleosas, o tubo \u00e9 resistente \u00e0 tintura e f\u00e1cil de limpar, tornando f\u00e1cil para artistas ou trabalhadores de constru\u00e7\u00e3o carregar.<\/li>\n<li>Reagentes qu\u00edmicos: Adesivos industriais neutrais separados, l\u00edquidos de limpeza e extremos retas para prevenir fugas e melhorar a seguran\u00e7a operacional.<\/li>\n<\/ul>\n<p>&nbsp;<\/p>\n<p>Instru\u00e7\u00f5es de adapta\u00e7\u00e3o para consumidores estrangeiros<\/p>\n<p>&nbsp;<\/p>\n<p>Para os mercados europeus, americanos, japoneses e sudeste asi\u00e1ticos, o produto \u00e9 projetado para satisfazer os seguintes h\u00e1bitos de consumo:<\/p>\n<p>&nbsp;<\/p>\n<ul>\n<li>Preferen\u00e7a ambiental: o uso de materiais reciclables e processos de baixo impacto ambiental est\u00e1 em conson\u00e2ncia com tend\u00eancias de desenvolvimento sustent\u00e1vel nos mercados ultramarinos.<\/li>\n<li>Pragmatismo: As roupas dom\u00e9sticas de alta capacidade atendem \u00e0s necessidades de armazenamento, as caracter\u00edsticas de reutiliza\u00e7\u00e3o reduzem os res\u00edduos e s\u00e3o adequadas para consumidores custo-eficazes.<\/li>\n<li>Necessidades est\u00e9ticas: os projetos ligeiros de ouro e textura elevam o produto e s\u00e3o adequados como presentes ou embalagens de fios de alto alcance.<\/li>\n<li>Clareza da etiqueta: Texto colorido na parte de tr\u00e1s suporta instru\u00e7\u00f5es multilinguas, permitindo identifica\u00e7\u00e3o localizada quando as vendas transfronteiri\u00e7as.<\/li>\n<\/ul>","protected":false},"featured_media":4202,"comment_status":"closed","ping_status":"closed","template":"","meta":[],"product_brand":[],"product_cat":[51],"product_tag":[],"class_list":{"0":"post-4195","1":"product","2":"type-product","3":"status-publish","4":"has-post-thumbnail","6":"product_cat-60-pe-plastic-tube","8":"first","9":"instock","10":"shipping-taxable","11":"purchasable","12":"product-type-simple"},"_links":{"self":[{"href":"https:\/\/www.hongyitube.com\/pt\/wp-json\/wp\/v2\/product\/4195","targetHints":{"allow":["GET"]}}],"collection":[{"href":"https:\/\/www.hongyitube.com\/pt\/wp-json\/wp\/v2\/product"}],"about":[{"href":"https:\/\/www.hongyitube.com\/pt\/wp-json\/wp\/v2\/types\/product"}],"replies":[{"embeddable":true,"href":"https:\/\/www.hongyitube.com\/pt\/wp-json\/wp\/v2\/comments?post=4195"}],"wp:featuredmedia":[{"embeddable":true,"href":"https:\/\/www.hongyitube.com\/pt\/wp-json\/wp\/v2\/media\/4202"}],"wp:attachment":[{"href":"https:\/\/www.hongyitube.com\/pt\/wp-json\/wp\/v2\/media?parent=4195"}],"wp:term":[{"taxonomy":"product_brand","embeddable":true,"href":"https:\/\/www.hongyitube.com\/pt\/wp-json\/wp\/v2\/product_brand?post=4195"},{"taxonomy":"product_cat","embeddable":true,"href":"https:\/\/www.hongyitube.com\/pt\/wp-json\/wp\/v2\/product_cat?post=4195"},{"taxonomy":"product_tag","embeddable":true,"href":"https:\/\/www.hongyitube.com\/pt\/wp-json\/wp\/v2\/product_tag?post=4195"}],"curies":[{"name":"wp","href":"https:\/\/api.w.org\/{rel}","templated":true}]}}