{"id":4183,"date":"2026-01-12T13:12:34","date_gmt":"2026-01-12T05:12:34","guid":{"rendered":"https:\/\/www.hongyitube.com\/?post_type=product&#038;p=4183"},"modified":"2026-01-12T14:16:59","modified_gmt":"2026-01-12T06:16:59","slug":"55mm-diameter-300ml-capacity-embossed-printing-sunrise-watercolor-design-pe-soft-tube-packaging-material-for-dispensing-hongyi-plastic","status":"publish","type":"product","link":"https:\/\/www.hongyitube.com\/pt\/product\/55mm-diameter-300ml-capacity-embossed-printing-sunrise-watercolor-design-pe-soft-tube-packaging-material-for-dispensing-hongyi-plastic\/","title":{"rendered":"Di\u00e2metro de 55 mm, capacidade de 300 ml, impress\u00e3o emboscada, design de cores de \u00e1gua do sol, material de embalagem de tubos moles de PE para dispensa\u00e7\u00e3o- Hongyi Plastic"},"content":{"rendered":"<p>Descri\u00e7\u00e3o do produto<\/p>\n<p>&nbsp;<\/p>\n<p>Este produto \u00e9 de 55 di\u00e2metros, 300 ml de capacidade de mangueira de PE, tubo corporal com tratamento avan\u00e7ado de verniz de matte matte, mostrando um toque quente e suave e textura visual. A frente usa est\u00e9tica oriental como n\u00facleo, e imprime pinturas de tinta de edif\u00edcios paisagens e pavilh\u00f5es, e superimp\u00f5e um padr\u00e3o transit\u00f3rio vermelho de surgimento do sol, criando o sentimento que &#8220; o nascimento do sol \u00e9 leste e as paisagens s\u00e3o espirituais. &#8221; A informa\u00e7\u00e3o est\u00e1 claramente marcada com impress\u00f5es de offset negro na parte de tr\u00e1s. Dispon\u00edvel em uma variedade de revestimentos de screw\/flip moldados ou eletropl\u00e1ticos, combinados com um processo de selagem de bordo reta para garantir selagem. A roupa de casa de grande capacidade \u00e9 concebida para ser flex\u00edvel e duradoura, suporta aperta\u00e7\u00f5es repetidas e n\u00e3o se deforma, e \u00e9 adequada para a divis\u00e3o de fluidos, pl\u00e1sticos e adesivos desde limpeza cotidiana para uso profissional.<\/p>\n<p>&nbsp;<\/p>\n<p>&nbsp;<\/p>\n<p>Material do produto<\/p>\n<p>&nbsp;<\/p>\n<ul>\n<li>Corpo tubo: material de polietileno de baixa densidade de alta qualidade (LDPE), com excelente flexibilidade, estabilidade qu\u00edmica e seguran\u00e7a, em conformidade com padr\u00f5es ambientais internacionais (como REACH, n\u00edvel de contato da FDA).<\/li>\n<li>Tratamento de superf\u00edcie: O revestimento especial de mat\u00e9 abrasivo aumenta a resist\u00eancia ao toque e arranho, e d\u00e1 \u00e0 imagem uma termina\u00e7\u00e3o avan\u00e7ada de mat\u00e9.<\/li>\n<li>Cobertura: material ABS, fornecendo uma variedade de cor pura para inje\u00e7\u00e3o ou op\u00e7\u00f5es de cor de cobertura de metal, cor duradoura e duradoura.<\/li>\n<li>Processo de impress\u00e3o: Usando tecnologia de impress\u00e3o de tinta ecol\u00f3gica, a imagem tem n\u00edveis ricos, forte ades\u00e3o e n\u00e3o \u00e9 f\u00e1cil de cair.<\/li>\n<\/ul>\n<p>&nbsp;<\/p>\n<p>&nbsp;<\/p>\n<p>Uso Recomendado<\/p>\n<p>&nbsp;<\/p>\n<p>Adapta\u00e7\u00e3o da popula\u00e7\u00e3o<\/p>\n<p>&nbsp;<\/p>\n<ul>\n<li>Sra.: O padr\u00e3o de nascimento solar da paisagem cont\u00e9m est\u00e9tica natural e significado po\u00e9tico, e \u00e9 adequado para embalagem produtos de aten\u00e7\u00e3o cut\u00e2nea de alto n\u00edvel, s\u00e9reos de banho ou \u00f3leos essenciais arom\u00e1ticos para satisfazer o valor emocional e est\u00e9tica de vida das mulheres usu\u00e1rias.<\/li>\n<li>Homens: O motivo de tinta constante e a juventude simbolizada pelo surgimento do sol, que encontra homens s preferencias para textura e significado, podem ser usadas em combina\u00e7\u00f5es de homens&#8217; o creme de pele, gel de cabelo ou \u00f3leo de sapatos de alto n\u00edvel.<\/li>\n<li>Crian\u00e7as: Materiales seguros e n\u00e3o t\u00f3xicos s\u00e3o adequados para embalagem crian\u00e7as. o banho especial ou cremes de pele, e padr\u00f5es naturais de paisagem podem subtilmente desenvolver crian\u00e7as. \u00e9 est\u00e9tica.<\/li>\n<\/ul>\n<p>&nbsp;<\/p>\n<p>Aplica\u00e7\u00f5es industriais<\/p>\n<p>&nbsp;<\/p>\n<ul>\n<li>Ind\u00fastria de cuidados de beleza e pele: Como portadora cultural de marca, \u00e9 adequada para linhas de produtos de alto n\u00edvel, edi\u00e7\u00f5es limitadas de cole\u00e7\u00e3o ou pacotes de viagens para melhorar a marca&#8217; o tom art\u00edstico.<\/li>\n<li>Ind\u00fastria farmac\u00eautica de engrenagens: Espalhar engrenagens medicamentosas chinesas, gel de massagem ou engrenagens tranquilizantes com designs elegantes que reduzem o estresse psicol\u00f3gico durante o uso e melhoram a experi\u00eancia medicamentosa.<\/li>\n<li>Ind\u00fastria de manuten\u00e7\u00e3o mec\u00e2nica: usada para montar petr\u00f3leo de manuten\u00e7\u00e3o de instrumentos de precis\u00e3o, agentes de manuten\u00e7\u00e3o de couro de alto n\u00edvel, etc., refletindo profissionalismo e criatividade.<\/li>\n<li>Ind\u00fastrias industriais e qu\u00edmicas: montar pigmentos especializados de artesanato, colas modelo ou pinturas especializadas que sejam seguras e mostram o usu\u00e1rio&#8217; o sabor.<\/li>\n<\/ul>\n<p>&nbsp;<\/p>\n<p>&nbsp;<\/p>\n<p>Caracter\u00edsticas do produto<\/p>\n<p>&nbsp;<\/p>\n<ol>\n<li>Experi\u00eancia sensorial avan\u00e7ada: areia, toque de matte, confort\u00e1vel e deslizante, visualmente subestimado e luxoso.<\/li>\n<li>Excelentes propriedades f\u00edsicas: material de PE para garantir compress\u00e3o flex\u00edvel, milhares de vezes de extrus\u00e3o n\u00e3o \u00e9 f\u00e1cil de deformar ou romper.<\/li>\n<li>Protec\u00e7\u00e3o do selo de longa dura\u00e7\u00e3o: A combina\u00e7\u00e3o de um selo de bordo reta e uma cobertura de precis\u00e3o proporciona uma excelente prote\u00e7\u00e3o de vazamento e oxida\u00e7\u00e3o.<\/li>\n<li>Fus\u00e3o de arte e cultura: combinar tinta tradicional com processos progressivos modernos d\u00e1 produtos capacidades narrativas art\u00edsticas \u00fanicas.<\/li>\n<li>Protec\u00e7\u00e3o ambiental e seguran\u00e7a: Todos os materiais podem ser reciclados, e o processo de produ\u00e7\u00e3o e tintas cumprem as regras de prote\u00e7\u00e3o ambiental.<\/li>\n<\/ol>","protected":false},"excerpt":{"rendered":"<p><strong><b>Design corporal<\/b><\/strong><\/p>\n<p>&nbsp;<\/p>\n<ul>\n<li>narrativa est\u00e9tica: O design frontal expressa o &#8220; Sil\u00eancio - da filosofia oriental com tinta e paisagens, e o aumento progressivo do sol vermelho simboliza &#8220; movimento  and &#8220; esperan\u00e7a. &#8221; A combina\u00e7\u00e3o de movimento e sil\u00eancio \u00e9 profundamente significativa e colet\u00edvel.<\/li>\n<li>Detalles t\u00e9cnicos: O substrato de areia d\u00e1 \u00e0 imagem uma textura como papel de escrit\u00f3rio, e o sol vermelho gradualmente se mistura naturalmente, aumentando o impacto visual e a camada. O texto negro nas costas assegura que a informa\u00e7\u00e3o funcional \u00e9 claramente leit\u00edvel.<\/li>\n<li>ergon\u00f4mica: A curva corporal \u00e9 f\u00e1cil de manter, e a tampa\/tampa abre e fecha suavemente, o que \u00e9 consistente com os h\u00e1bitos de uso di\u00e1rio.<\/li>\n<\/ul>\n<p>&nbsp;<\/p>\n<p>Avantagens do produto<\/p>\n<p>&nbsp;<\/p>\n<ol>\n<li>Competitividade diferenciada: design est\u00e9tico oriental \u00fanico \u00e9 altamente reconhec\u00edvel no mercado e pode rapidamente atrair consumidores que preferem cultura e design.<\/li>\n<li>Pr\u00eamio de valor emocional: Os produtos v\u00e3o al\u00e9m das fun\u00e7\u00f5es b\u00e1sicas para se tornar objetos que incorporam est\u00e9tica oriental e gostos pessoais, aumentando a motiva\u00e7\u00e3o de compra e a lealdade das marcas.<\/li>\n<li>Universalidade atrav\u00e9s de cen\u00e1rios: De mesas de vestimentos privados a pe\u00e7as de reposi\u00e7\u00e3o de hotel de alto n\u00edvel para est\u00fadios profissionais, seus projetos e fun\u00e7\u00f5es se encaixam de forma uniforme.<\/li>\n<li>Empoderamento de imagens de marca: ajudar marcas parceiras a criar uma imagem de alto n\u00edvel que seja &#8220; cultural, saboroso e reexperienciado. &#8221;<\/li>\n<li>Apela\u00e7\u00e3o de sustentabilidade: materiais ecol\u00f3gicos e propriedades reutilizables correspondem exatamente aos valores globais principais do consumo sustent\u00e1vel.<\/li>\n<\/ol>\n<p>&nbsp;<\/p>\n<p>Usar cen\u00e1rios<\/p>\n<p>&nbsp;<\/p>\n<ul>\n<li>Vida e exibi\u00e7\u00e3o de casa: Estabelecido na casa de banho, estudo ou mesa de vestir, \u00e9 tanto um item f\u00edsico como um exibi\u00e7\u00e3o art\u00edstica para mostrar o dono&#8217; o sabor.<\/li>\n<li>Viagens e neg\u00f3cios de alto n\u00edvel: Empaquetar produtos ou necessidades favoritos de cuidado da pele para sua viagem, e incorporar a poesia da viagem em sua pr\u00e1tica.<\/li>\n<li>Comunica\u00e7\u00e3o de Valor de Marca:<\/li>\n<li>Profundizar a marca o conte\u00fado cultural como um presente de membro de alto n\u00edvel, oferta conjunta de artist a s ou embalagem limitado de f\u00e9rias.<\/li>\n<li>Lojas de beleza e comprador as lojas vendem como recipientes especializados para atrair clientes que perseguem estilos de vida.<\/li>\n<li>Trabalho profissional e criativo: pintores e artesanais s\u00e3o usados para montar pigmentos ou meios comunmente usados para inspirar ideias criativas.<\/li>\n<li>Scena de sa\u00fade e cura: Est\u00fadio de yoga e centro SPA s\u00e3o usados para embalar \u00f3leo de massagem ou creme tranquilizante, o que \u00e9 altamente compat\u00edvel com o ambiente.<\/li>\n<li>Dar e Mercado da cole\u00e7\u00e3o: Adaptar logos corporativos como um presente de neg\u00f3cios ou cole\u00e7\u00e3o com um gosto cultural.<\/li>\n<\/ul>","protected":false},"featured_media":4193,"comment_status":"closed","ping_status":"closed","template":"","meta":[],"product_brand":[],"product_cat":[29,50],"product_tag":[],"class_list":{"0":"post-4183","1":"product","2":"type-product","3":"status-publish","4":"has-post-thumbnail","6":"product_cat-skin-care-plastic-tube","7":"product_cat-55-pe-plastic-tube","9":"first","10":"instock","11":"shipping-taxable","12":"product-type-simple"},"_links":{"self":[{"href":"https:\/\/www.hongyitube.com\/pt\/wp-json\/wp\/v2\/product\/4183","targetHints":{"allow":["GET"]}}],"collection":[{"href":"https:\/\/www.hongyitube.com\/pt\/wp-json\/wp\/v2\/product"}],"about":[{"href":"https:\/\/www.hongyitube.com\/pt\/wp-json\/wp\/v2\/types\/product"}],"replies":[{"embeddable":true,"href":"https:\/\/www.hongyitube.com\/pt\/wp-json\/wp\/v2\/comments?post=4183"}],"wp:featuredmedia":[{"embeddable":true,"href":"https:\/\/www.hongyitube.com\/pt\/wp-json\/wp\/v2\/media\/4193"}],"wp:attachment":[{"href":"https:\/\/www.hongyitube.com\/pt\/wp-json\/wp\/v2\/media?parent=4183"}],"wp:term":[{"taxonomy":"product_brand","embeddable":true,"href":"https:\/\/www.hongyitube.com\/pt\/wp-json\/wp\/v2\/product_brand?post=4183"},{"taxonomy":"product_cat","embeddable":true,"href":"https:\/\/www.hongyitube.com\/pt\/wp-json\/wp\/v2\/product_cat?post=4183"},{"taxonomy":"product_tag","embeddable":true,"href":"https:\/\/www.hongyitube.com\/pt\/wp-json\/wp\/v2\/product_tag?post=4183"}],"curies":[{"name":"wp","href":"https:\/\/api.w.org\/{rel}","templated":true}]}}