{"id":4169,"date":"2026-01-12T13:07:10","date_gmt":"2026-01-12T05:07:10","guid":{"rendered":"https:\/\/www.hongyitube.com\/?post_type=product&#038;p=4169"},"modified":"2026-01-12T13:07:10","modified_gmt":"2026-01-12T05:07:10","slug":"55mm-diameter-280ml-capacity-mauve-matte-finish-pe-soft-tube-packaging-material-container-with-an-empty-tube-hongyi-plastic","status":"publish","type":"product","link":"https:\/\/www.hongyitube.com\/pt\/product\/55mm-diameter-280ml-capacity-mauve-matte-finish-pe-soft-tube-packaging-material-container-with-an-empty-tube-hongyi-plastic\/","title":{"rendered":"55mm de di\u00e2metro, capacidade de 280 ml, mauve matte acabar material\/recipiente de embalagem de tubo mole PE com um tubo vazio- Hongyi Plastic"},"content":{"rendered":"<p>Descri\u00e7\u00e3o do produto<\/p>\n<p>&nbsp;<\/p>\n<p>Este produto \u00e9 um di\u00e2metro de 55 tubos, tubo PE de 280 ml de capacidade, com um corpo estilo de tubo rosa e um fino de ouro de frente sofisticado &#8211; O nome, os par\u00e2metros e um mosaico, chuveiro de meteores e padr\u00e3o de rosa combinam para mostrar romance e luxo luminoso. A costa \u00e9 suplementada com impress\u00e3o de offset branco para garantir clareza da informa\u00e7\u00e3o, e est\u00e1 equipada com coberturas coreanas de alta qualidade no mesmo sistema de cores, tornando abertura e fechamento f\u00e1cil. A tecnologia do extremo reta assegura a selabilidade, as latas de frente s\u00e3o projetadas para preenchimento f\u00e1cil, e as roupas de casa de grande capacidade suportam compress\u00e3o repetida e n\u00e3o deforma\u00e7\u00e3o. Eles s\u00e3o adequados para a divis\u00e3o de diferentes gelas de chuveiro, shampoos, lot\u00f5es, cremas e gelas.<\/p>\n<p>&nbsp;<\/p>\n<p>&nbsp;<\/p>\n<p>Material do produto<\/p>\n<p>&nbsp;<\/p>\n<ul>\n<li>Corpo tubo: material de polietileno de alta qualidade (PE), seguro e n\u00e3o t\u00f3xico, com boa rigidez, resist\u00eancia qu\u00edmica e caracter\u00edsticas reciclables de prote\u00e7\u00e3o ambiental, em conformidade com padr\u00f5es internacionais de seguran\u00e7a.<\/li>\n<li>Corpo de cobertura: A escolha de material ABS de alta qualidade feito de vers\u00e3o coreana do flip, e o corpo rosou cor vermelha consistente, estrutura apertada, anti-queda duradoura.<\/li>\n<li>Processo de impress\u00e3o: a frente usa tecnologia de tintura de ouro, e os padr\u00f5es e textos t\u00eam um brilho duradouro; A costa \u00e9 impressa com tinta branca ecol\u00f3gica, que tem forte ades\u00e3o e n\u00e3o \u00e9 facilmente usada.<\/li>\n<\/ul>\n<p>&nbsp;<\/p>\n<p>Uso Recomendado<\/p>\n<p>&nbsp;<\/p>\n<p>Adapta\u00e7\u00e3o da popula\u00e7\u00e3o<\/p>\n<p>&nbsp;<\/p>\n<ul>\n<li>Mulheres: O design vermelho e ouro rosado \u00e9 estilo e rom\u00e2ntico, perfeito para embalagem mulheres&#8217; s produtos de banho, lot\u00f5es de cuidado da pele, lot\u00f5es de perfume, etc., para satisfazer a busca de beleza e valor emocional.<\/li>\n<li>Homens: Pode ser distinguido por etiquetas de conte\u00fado para ceras de embalagem, cremas de rasagem de alto n\u00edvel ou produtos de limpeza pessoal que combinam fun\u00e7\u00f5es com simplicidade e moda.<\/li>\n<li>Crian\u00e7as: As cores rosas brilhantes com flores e meteores atraem crian\u00e7as e podem ser usadas em crian\u00e7as separadas. \u00e9 shampoo e produtos de banho para desenvolver crian\u00e7as o interesse em auto-cuidado.<\/li>\n<\/ul>\n<p>&nbsp;<\/p>\n<p>Aplica\u00e7\u00f5es industriais<\/p>\n<p>&nbsp;<\/p>\n<ul>\n<li>Ind\u00fastria de cuidados de beleza e pele: Como embalagens de feriados limitados, co-marcados ou de viagens, o padr\u00e3o de ouro aumenta o n\u00edvel visual e \u00e9 adequado para divis\u00f5es de produtos como labirinto, maquilhagem pr\u00e9-creme, m\u00e1scaras de rosto e outros produtos.<\/li>\n<li>Ind\u00fastria farmac\u00eautica de ingreditos: \u00c9 adequada para embalagem ingreditos vegetais, gelos de massagem, etc. O design est\u00e9tico pode reduzir o paciente \u00e9 sentir resist\u00eancia aos medicamentos.<\/li>\n<li>Ind\u00fastria de manuten\u00e7\u00e3o mec\u00e2nica: Assemblem lubrificantes de instrumentos de precis\u00e3o dom\u00e9sticos ou cremas de limpeza com cores impressionantes para se identificar rapidamente em conjuntos de ferramentas.<\/li>\n<li>Ind\u00fastria industrial: Usada para embalagem pigmentos de artesanato, cola DIY, etc., material seguro e linda apar\u00eancia adequada para trabalhadores criativos.<\/li>\n<\/ul>\n<p>&nbsp;<\/p>\n<p>&nbsp;<\/p>\n<p>Caracter\u00edsticas do produto<\/p>\n<p>&nbsp;<\/p>\n<ol>\n<li>Muito visualmente atraente: vermelho rosado com um padr\u00e3o de ouro o torna muito reconhec\u00edvel e emocionalmente atraente.<\/li>\n<li>Estrutura duradoura: Material PE fadiga flex\u00edvel, extrus\u00e3o repetida n\u00e3o \u00e9 f\u00e1cil de deformar ou romper.<\/li>\n<li>Excelente desempenho de selagem: O selo rectangular est\u00e1 estreitamente ligado \u00e0 vers\u00e3o coreana da capa, evitando efetivamente vazamento e oxida\u00e7\u00e3o.<\/li>\n<li>Optimiza\u00e7\u00e3o da experi\u00eancia de uso: a capa de invers\u00e3o \u00e9 projetada para ser operada com uma m\u00e3o e higienicamente conveniente; O corpo do tubo \u00e9 f\u00e1cil de apertar e a quantidade pode ser controlada.<\/li>\n<li>Ambientalmente sustent\u00e1vel: materiais podem ser reciclados, em conson\u00e2ncia com tend\u00eancias ambientais globais e valores de consumo.<\/li>\n<\/ol>\n<p>&nbsp;<\/p>","protected":false},"excerpt":{"rendered":"<p><strong><b>Design corporal<\/b><\/strong><\/p>\n<p>&nbsp;<\/p>\n<ul>\n<li>Cor e padr\u00e3o: vermelho rosado carrega entusiasmo, moda e femininidade; A impress\u00e3o de arroz ouro, o chuveiro de meteores e os padr\u00f5es de rosas combinam estrelas rom\u00e2nticas com elementos florais naturais, fazendo-as contar hist\u00f3rias e art\u00edsticas.<\/li>\n<li>Detalles t\u00e9cnicos: camadas ricas de ouro na frente e impress\u00e3o branca na costa asseguram instru\u00e7\u00f5es claras e leitoras para uso, criando um contraste elegante.<\/li>\n<li>ergon\u00f4mica: A vers\u00e3o coreana da capa de invers\u00e3o \u00e9 projetada para atender aos h\u00e1bitos modernos de uso, e o comprimento do corpo \u00e9 f\u00e1cil de manter e apertar sem esfor\u00e7o.<\/li>\n<\/ul>\n<p>&nbsp;<\/p>\n<p>Avantagens do produto<\/p>\n<p>&nbsp;<\/p>\n<ol>\n<li>Desenho emocional: A apar\u00eancia de alta qualidade pode inspirar diretamente o desejo de comprar, especialmente atraindo jovens consumidores e mulheres que valorizam a est\u00e9tica da embalagem.<\/li>\n<li>vers\u00e1til e custo-eficaz: Um tubo \u00e9 usado para m\u00faltiplos usos para atender \u00e0s necessidades de m\u00faltiplos cen\u00e1rios em casa, e um design de grande capacidade \u00e9 econ\u00f4mico e pr\u00e1tico.<\/li>\n<li>Empoderamento da marca: Um design \u00fanico pode agir como um ve\u00edculo para a imagem da marca e ajudar um produto a se destacar nas prateleiras.<\/li>\n<li>Endorsed for safety and environmental protection: the material is safe and reliable and caters to the preference for sustainable packaging in foreign markets.<\/li>\n<li>\u00c9 usado em uma ampla gama de situa\u00e7\u00f5es: da mesa pessoal para lugares de trabalho profissionais, e \u00e9 altamente adapt\u00e1vel.<\/li>\n<\/ol>\n<p>&nbsp;<\/p>\n<p>Usar cen\u00e1rios<\/p>\n<p>&nbsp;<\/p>\n<ul>\n<li>Dep\u00f3sito dom\u00e9stico de moda: coloque-se na sala de banho e na mesa de vestimentos para montar produtos de cuidado de pele di\u00e1rio e equipamentos de banho para fazer uma linda linha de vis\u00e3o.<\/li>\n<li>Viagem e aptid\u00e3o: Tragam produtos de cuidado de pele preparados e lavagem corporal para viagens de curto prazo e s\u00e3o leves e port\u00e1tiis.<\/li>\n<li>Beauty Brand Marketing:<\/li>\n<li>Embalagem como um novo julgamento, um presente de membros ou uma edi\u00e7\u00e3o limitada de f\u00e9rias para melhorar a marca&#8217; o estilo e gosto do cliente.<\/li>\n<li>Bloggeres ou criadores de beleza s\u00e3o usados para embalar produtos de creme feitos em pacotes est\u00e9ticamente agrad\u00e1veis e pr\u00e1ticos.<\/li>\n<li>Escenas criativas e artesanais: pinturas de m\u00e3o separadas e adesivos decorativos para adicionar um sentido de prazer ao processo criativo.<\/li>\n<li>Gest\u00e3o da sa\u00fade: Uma variedade de cremas de massagem tranquilizantes e salvas vegetais s\u00e3o distribu\u00eddas em casa, e o design est\u00e9tico \u00e9 integrado no ambiente dom\u00e9stico.<\/li>\n<li>Dois e presentes sociais: logo e padr\u00f5es de bronce personalizados, como presentes promocionais de alto n\u00edvel ou atividades com presentes de m\u00e3o, passam pela temperatura da marca.<\/li>\n<\/ul>","protected":false},"featured_media":4180,"comment_status":"closed","ping_status":"closed","template":"","meta":[],"product_brand":[],"product_cat":[29,50],"product_tag":[],"class_list":{"0":"post-4169","1":"product","2":"type-product","3":"status-publish","4":"has-post-thumbnail","6":"product_cat-skin-care-plastic-tube","7":"product_cat-55-pe-plastic-tube","9":"first","10":"instock","11":"shipping-taxable","12":"purchasable","13":"product-type-simple"},"_links":{"self":[{"href":"https:\/\/www.hongyitube.com\/pt\/wp-json\/wp\/v2\/product\/4169","targetHints":{"allow":["GET"]}}],"collection":[{"href":"https:\/\/www.hongyitube.com\/pt\/wp-json\/wp\/v2\/product"}],"about":[{"href":"https:\/\/www.hongyitube.com\/pt\/wp-json\/wp\/v2\/types\/product"}],"replies":[{"embeddable":true,"href":"https:\/\/www.hongyitube.com\/pt\/wp-json\/wp\/v2\/comments?post=4169"}],"wp:featuredmedia":[{"embeddable":true,"href":"https:\/\/www.hongyitube.com\/pt\/wp-json\/wp\/v2\/media\/4180"}],"wp:attachment":[{"href":"https:\/\/www.hongyitube.com\/pt\/wp-json\/wp\/v2\/media?parent=4169"}],"wp:term":[{"taxonomy":"product_brand","embeddable":true,"href":"https:\/\/www.hongyitube.com\/pt\/wp-json\/wp\/v2\/product_brand?post=4169"},{"taxonomy":"product_cat","embeddable":true,"href":"https:\/\/www.hongyitube.com\/pt\/wp-json\/wp\/v2\/product_cat?post=4169"},{"taxonomy":"product_tag","embeddable":true,"href":"https:\/\/www.hongyitube.com\/pt\/wp-json\/wp\/v2\/product_tag?post=4169"}],"curies":[{"name":"wp","href":"https:\/\/api.w.org\/{rel}","templated":true}]}}