{"id":4132,"date":"2026-01-11T19:25:17","date_gmt":"2026-01-11T11:25:17","guid":{"rendered":"https:\/\/www.hongyitube.com\/?post_type=product&#038;p=4132"},"modified":"2026-01-11T19:25:17","modified_gmt":"2026-01-11T11:25:17","slug":"50-tubes-diameter-220mm-capacity-220g-ml-orange-color-natural-and-lively-design-label-paper-pe-soft-tube-packaging-material-extruded-empty-bottles-hongyi-plastic","status":"publish","type":"product","link":"https:\/\/www.hongyitube.com\/pt\/product\/50-tubes-diameter-220mm-capacity-220g-ml-orange-color-natural-and-lively-design-label-paper-pe-soft-tube-packaging-material-extruded-empty-bottles-hongyi-plastic\/","title":{"rendered":"50 tubos, di\u00e2metro 220mm, capacidade 220g\/ml, cor laranja, design natural e vivo, papel de etiqueta, material de embalagem de tubos moles PE, garrafas vazias extrudidas - Hongyi Plastic"},"content":{"rendered":"<h3><strong><b>\u00a0Descri\u00e7\u00e3o do produto<\/b><\/strong><\/h3>\n<p>&nbsp;<\/p>\n<p>Este produto \u00e9 uma mangueira de montagem de alta capacidade com uma atmosfera vibrante, alegre e natural, projetada para consumidores em todo o mundo que valorizam divertimento familiar, seguran\u00e7a de produtos e prazer visual. Baseado em material PE de alta densidade e di\u00e2metro de 50, o produto \u00e9 duradouro. O corpo era laranja brilhante, colocando um tom vivo. O design central est\u00e1 no belo processo de etiquetagem: a frente da etiqueta est\u00e1 cozida com blocos modernos e contradit\u00f3rios de laranja, amarelo laranja e azul. O topo \u00e9 dotado com frutas de caricatura laranja, folhas verdes e azuis, os troncos e folhas das folhas s\u00e3o mostrados com um flash estereosc\u00f3pico em papel azul de impress\u00e3o, e s\u00e3o decorados com pequenas flores brancas, o cora\u00e7\u00e3o da flor \u00e9 brilhado com rosa e amarela, e a imagem geral est\u00e1 cheia de divertimento infantil e vida natural. Todos os textos da frente s\u00e3o impressos em um processo de impress\u00e3o de seda que \u00e9 claro e resistente a usar. A parte de tr\u00e1s do r\u00f3tulo \u00e9 projetada em um bloco azul escuro do ombro \u00e0 cauda, com detalhes de produto branco impressos acima, e a informa\u00e7\u00e3o \u00e9 profissional e f\u00e1cil de ler. Com uma variedade de placas\/coberturas de baixo dente moldadas ou eletropladadas para inje\u00e7\u00e3o, combinadas com uma tecnologia de embalagem direta e frontal, esta \u00e9 uma excelente solu\u00e7\u00e3o de melhoria dom\u00e9stica que ganha tanto o amor das crian\u00e7as como a confian\u00e7a dos pais.<\/p>\n<p>&nbsp;<\/p>\n<p>Material de Produtos &amp; Artisanato<\/p>\n<p>&nbsp;<\/p>\n<ul>\n<li>Matriz de tubos: Polietileno de alta densidade (HDPE), densidade 236g\/ml, fornecendo for\u00e7a f\u00edsica superior e estabilidade qu\u00edmica, assegurando que a extrus\u00e3o repetida n\u00e3o se deforma, armazenamento seguro do conte\u00fado.<\/li>\n<li>Tubo de Cor de Base: Usado em uma \u00fanica moldura injet\u00e1vel de laranja brilhante, a cor \u00e9 brilhante e saturada e atrai aten\u00e7\u00e3o visual.<\/li>\n<li>Uma artesania decorativa essencial:<\/li>\n<li>Processo de impress\u00e3o: impress\u00f5es de cores de alta defini\u00e7\u00e3o e impress\u00f5es de seda s\u00e3o combinadas. A fachada frontal tem blocos de colis\u00e3o e padr\u00f5es de desenhos s\u00e3o brilhantemente coloridos; O fundo azul escuro na parte de tr\u00e1s contrasta fortemente com o texto branco, assegurando que a informa\u00e7\u00e3o seja claramente compreendida.<\/li>\n<li>Processos de efeitos especiais: As folhas e troncos s\u00e3o usados em papel de impress\u00e3o azul, que produz um brilho met\u00e1lico e um toque ligeiramente elevado, aumentando grandemente a precis\u00e3o e o valor do r\u00f3tulo, que \u00e9 o destaque do design.<\/li>\n<li>Composi\u00e7\u00e3o e ades\u00e3o: O papel de etiqueta \u00e9 feito de materiais resistentes \u00e0 alta ades\u00e3o e fric\u00e7\u00e3o, ades\u00e3o exata ao corpo do tubo laranja, e as bordas s\u00e3o suaves e fortes, resistentes \u00e0 umidade e raspas no uso di\u00e1rio.<\/li>\n<li>Sistema de cobertura: Oferece uma rica escolha de cores moldadas para inje\u00e7\u00e3o (como branco, azul, verde) ou cores eletropladadas que podem ser flex\u00edveis parejadas com projetos corporais vivos para manter a coordena\u00e7\u00e3o geral.<\/li>\n<li>Processo estrutural: extremidades retas ultras\u00f4nicas asseguram a seguran\u00e7a do selo; O design do recipiente frontal torna f\u00e1cil e limpo para os usu\u00e1rios dom\u00e9sticos preencher um produto de alto volume.<\/li>\n<\/ul>\n<p>&nbsp;<\/p>\n<p>Usos Recomendados de Produtos<\/p>\n<p>&nbsp;<\/p>\n<ol>\n<li>As crian\u00e7as s e ind\u00fastria de cuidados pessoais em casa: ideal para embalagem crian\u00e7as s shampoos, lavagem de corpo, banhos de bolhas, umidificadores e crian\u00e7as \u00e9 prote\u00e7\u00e3o solar. o design de frutas de cart\u00e3o pode atrair diretamente crian\u00e7as \u00e9 aten\u00e7\u00e3o e faz o tempo de lavar divertido. Para pais (mulheres\/homens), suas \u00e1reas de explica\u00e7\u00e3o profissional de produtos e materiais de seguran\u00e7a transmitem confiabilidade e paz mental.<\/li>\n<li>Ind\u00fastria natural de fruta e beleza divertida: adequada para preencher leite de fruta corporal, essen\u00e7a VC l\u00edquida, filme divertido de m\u00e3o\/p\u00e9, lot\u00e3o de cabelo colorido, etc. O design vivo \u00e9 um desenho poderoso para jovens mulheres que est\u00e3o procurando efeitos divertidos e visuais.<\/li>\n<li>Ind\u00fastria farmac\u00eautica e de sa\u00fade amig\u00e1vel para crian\u00e7as: usada na divis\u00e3o das crian\u00e7as s gelas de vitaminas, alimentos assistidos com s \u00edrupo de tosse, cremas antis\u00e9pticos externos leves, etc. Uma apar\u00eancia amig\u00e1vel e n\u00e3o amea\u00e7adora pode facilitar as crian\u00e7as \u00e9 medo de drogas.<\/li>\n<li>Ind\u00fastrias qu\u00edmicas e escrit\u00f3rias dom\u00e9sticas seguras: crian\u00e7as diversas pinturas de dedos seguras, cola \u00e0 m\u00e3o n\u00e3o t\u00f3xica, suplementos de marcadores lav\u00e1veis com \u00e1gua, nutrientes de jardinagem dom\u00e9stica, etc. Sua apar\u00eancia comunica claramente a mensagem de ser &#8220; seguro,&#8221;  &#8220; amig\u00e1vel  and &#8220; adequado para uso em casa. &#8221;<\/li>\n<\/ol>\n<p>Caracter\u00edsticas do Produto<\/p>\n<p>&nbsp;<\/p>\n<ol>\n<li>Forte apelo visual e conex\u00e3o emocional: Coincid\u00eancia sofisticada de cores e padr\u00f5es de desenhos giros podem instantaneamente destacar nas prateleiras e inspirar respostas emocionais positivas de crian\u00e7as e adultos que mant\u00eam sua inf\u00e2ncia.<\/li>\n<li>artesanato de alta qualidade: As madeiras e folhas do processo de tintura de papel s\u00e3o chaves para distinguir produtos de impress\u00e3o comum, adicionar refinamento e prazer t\u00e1ctil \u00e0 embalagem, e transmitir o sinal de qualidade de &#8220; feita com cuidado - aos pais.<\/li>\n<li>Divis\u00e3o visual clara da informa\u00e7\u00e3o: um foco positivo na comunica\u00e7\u00e3o emocional e imagem de marca (divertido, natural); A traseira foca na explica\u00e7\u00e3o racional e confian\u00e7a no produto (ingredientes, uso). Eles n\u00e3o interferem uns com os outros e t\u00eam uma fun\u00e7\u00e3o clara.<\/li>\n<li>Atributos fortes e seguros da roupa de casa: Materiales de alta densidade asseguram que permanecem intactos durante uma crian\u00e7a&#8217; \u00e9 poss\u00edvel bater ou apertar mal, e superf\u00edcies brilhantes s \u00e3o f\u00e1ceis de limpar e limpar.<\/li>\n<li>Promover a intera\u00e7\u00e3o entre pais e crian\u00e7as: Elementos de cart\u00f5es na embalagem podem ser t\u00f3picos interativos para pais e crian\u00e7as quando lavam, brincam ou aprendem (por exemplo, aprendem sobre frutos, cor).<\/li>\n<\/ol>\n<p>&nbsp;<\/p>","protected":false},"excerpt":{"rendered":"<p>Design de Tube Body<\/p>\n<ul>\n<li>Psicologia de cores e alvo: laranja representa energia, alegria e criatividade; O azul simboliza serenidade, confiabilidade e limpeza; O verde est\u00e1 ligado \u00e0 natureza e seguran\u00e7a. Esta combina\u00e7\u00e3o \u00e9 precisamente projetada para vida familiar vibrante e crian\u00e7as seguras e confi\u00e1veis. s produtos.<\/li>\n<li>narrativa de design: A etiqueta inteira \u00e9 como uma miniatura &#8220; Orchard Park - cena hist\u00f3ria, com frutas, folhas e flores trabalhando juntos para criar uma hist\u00f3ria feliz, saud\u00e1vel e amig\u00e1vel da natureza que \u00e9 f\u00e1cil de entender e comunicar.<\/li>\n<li>Processo aumenta o valor: No papel de rotulagem controlado pelo custo, o processo de tintura local cria altos pontos de vis\u00e3o e toque, alcan\u00e7ando um excelente equil\u00edbrio de design sentimento e valor para dinheiro.<\/li>\n<li>Design de informa\u00e7\u00e3o humanizada: A \u00e1rea do bloco azul escuro da parte de tr\u00e1s \u00e9 projetada para instru\u00e7\u00f5es detalhadas de texto branco, fornecendo excelente leitura, atendendo aos requisitos estritos dos mercados europeus e americanos para a transpar\u00eancia da informa\u00e7\u00e3o sobre produtos.<\/li>\n<\/ul>\n<p>&nbsp;<\/p>\n<p>Avantagens de Produtos<\/p>\n<p>&nbsp;<\/p>\n<ol>\n<li>Decisores de consumo dom\u00e9stico alvo: apar\u00eancia atraente para as crian\u00e7as conduz &#8220; escolha infantil Para os pais, seus materiais de seguran\u00e7a, instru\u00e7\u00f5es detalhadas e durabilidade satisfazem reconhecimento parental e promover eficazmente a compra.<\/li>\n<li>Construir personalidade positiva de marca: Design que seja divertido e cuidadoso ajuda marcas a construir uma imagem amig\u00e1vel, otimista e vibrante de marca e construir profundas conex\u00f5es emocionais com os consumidores.<\/li>\n<li>Flexibilidade para aplica\u00e7\u00f5es de cen\u00e1rios cruzados: Embora o design seja amig\u00e1vel para crian\u00e7as, suas caracter\u00edsticas robustas e descri\u00e7\u00f5es claras de produtos tornam-no igualmente adequado para produtos de cuidado pessoal ou dom\u00e9stico adultos que transmitem &#8220; seguro,&#8221;  &#8220; gentil.  and &#8220; f\u00e1cil de usar mensagens.<\/li>\n<li>Reencher as necessidades das fam\u00edlias sustent\u00e1veis: O design de embalagens de alta capacidade e reutiliz\u00e1vel atende \u00e0 tend\u00eancia do consumidor das fam\u00edlias modernas em busca de uma redu\u00e7\u00e3o pl\u00e1stica acess\u00edvel e ecol\u00f3gica.<\/li>\n<li>Competitividade da prateleira custo-eficaz: Comparado com impress\u00e3o complex a de corpo completo, o processo de rotulagem pode melhor controlar os custos ao mesmo tempo que atinge efeitos visuais ricos, proporcionando uma solu\u00e7\u00e3o de embalagem competitiva para marcas.<\/li>\n<\/ol>\n<p>&nbsp;<\/p>\n<p>Escen\u00e1rios de Utiliza\u00e7\u00e3o<\/p>\n<p>&nbsp;<\/p>\n<ul>\n<li>Crian\u00e7as s Shower Corner no Bathroom da Fam\u00edlia: Tornar-se uma crian\u00e7a o produto exclusivo de banho, suas cores brilhantes e padr\u00f5es bonitos incentivam crian\u00e7a s a desenvolver um bom h\u00e1bito de auto-lavagem.<\/li>\n<li>Kits de viagem pais-crian\u00e7as: Assemblem toda a fam\u00edlia&#8217; lavando produtos para viagens familiares. As propriedades duradouras e de prova de vazamento s\u00e3o adequadas para viajar, e a apar\u00eancia divertida acrescenta ao prazer da viagem.<\/li>\n<li>Jardins ou crian\u00e7as s centros de atividades: usados para distribuir saneamentos de m\u00e3o comuns, pinturas seguras ou agentes de limpeza com uma apar\u00eancia amig\u00e1vel que corresponde \u00e0 atmosfera de uma crian\u00e7a&#8217; o ambiente.<\/li>\n<li>Coronel da cria\u00e7\u00e3o de arte dom\u00e9stica: Separar uma variedade de pinturas e colas seguras, e a embalagem pode inspirar uma crian\u00e7a&#8217; o desejo criativo.<\/li>\n<li>Mostras promocionais em supermercados e farmac\u00eauticas: suas cores brilhantes e designs \u00fanicos rapidamente atraem a aten\u00e7\u00e3o dos compradores da fam\u00edlia em prateleiras altamente competitivas.<\/li>\n<\/ul>","protected":false},"featured_media":4135,"comment_status":"closed","ping_status":"closed","template":"","meta":[],"product_brand":[],"product_cat":[29,49],"product_tag":[],"class_list":{"0":"post-4132","1":"product","2":"type-product","3":"status-publish","4":"has-post-thumbnail","6":"product_cat-skin-care-plastic-tube","7":"product_cat-50-pe-plastic-tube","9":"first","10":"instock","11":"shipping-taxable","12":"purchasable","13":"product-type-simple"},"_links":{"self":[{"href":"https:\/\/www.hongyitube.com\/pt\/wp-json\/wp\/v2\/product\/4132","targetHints":{"allow":["GET"]}}],"collection":[{"href":"https:\/\/www.hongyitube.com\/pt\/wp-json\/wp\/v2\/product"}],"about":[{"href":"https:\/\/www.hongyitube.com\/pt\/wp-json\/wp\/v2\/types\/product"}],"replies":[{"embeddable":true,"href":"https:\/\/www.hongyitube.com\/pt\/wp-json\/wp\/v2\/comments?post=4132"}],"wp:featuredmedia":[{"embeddable":true,"href":"https:\/\/www.hongyitube.com\/pt\/wp-json\/wp\/v2\/media\/4135"}],"wp:attachment":[{"href":"https:\/\/www.hongyitube.com\/pt\/wp-json\/wp\/v2\/media?parent=4132"}],"wp:term":[{"taxonomy":"product_brand","embeddable":true,"href":"https:\/\/www.hongyitube.com\/pt\/wp-json\/wp\/v2\/product_brand?post=4132"},{"taxonomy":"product_cat","embeddable":true,"href":"https:\/\/www.hongyitube.com\/pt\/wp-json\/wp\/v2\/product_cat?post=4132"},{"taxonomy":"product_tag","embeddable":true,"href":"https:\/\/www.hongyitube.com\/pt\/wp-json\/wp\/v2\/product_tag?post=4132"}],"curies":[{"name":"wp","href":"https:\/\/api.w.org\/{rel}","templated":true}]}}