{"id":4121,"date":"2026-01-11T19:21:17","date_gmt":"2026-01-11T11:21:17","guid":{"rendered":"https:\/\/www.hongyitube.com\/?post_type=product&#038;p=4121"},"modified":"2026-01-11T19:21:17","modified_gmt":"2026-01-11T11:21:17","slug":"50-tubes-220-g-ml-capacity-yellow-powder-gradient-color-offset-printing-practical-quality-pe-large-capacity-soft-tube-packaging-material-empty-bottles-hongyi-plastic","status":"publish","type":"product","link":"https:\/\/www.hongyitube.com\/pt\/product\/50-tubes-220-g-ml-capacity-yellow-powder-gradient-color-offset-printing-practical-quality-pe-large-capacity-soft-tube-packaging-material-empty-bottles-hongyi-plastic\/","title":{"rendered":"50 tubos, capacidade 220 g\/ml, cor de gradiente de p\u00f3 amarelo, impress\u00e3o offset, qualidade pr\u00e1tica, material de embalagem de tubos moles de grande capacidade PE, garrafas vazias- Hongyi Plastic"},"content":{"rendered":"<p>Descri\u00e7\u00e3o do produto<\/p>\n<p>&nbsp;<\/p>\n<p>Este produto \u00e9 uma mangueira de desmontagem de alta capacidade com est\u00e9tica quente e toques avan\u00e7ados no seu n\u00facleo, projetada para casas modern as buscando est\u00e9tica de vida bem como qualidades pr\u00e1ticas. O uso de material PE de alta densidade e di\u00e2metro de 50, colocando a base para sua durabilidade. O design do corpo \u00e9 sua alma: usando uma \u00fanica impress\u00e3o de gradiente amarelo e p\u00f3, a cor transita naturalmente de amarelo solar quente claro para p\u00f3 suave, e todo o corpo \u00e9 revestido de um mat\u00e9 e \u00f3leo luz polido para proporcionar uma experi\u00eancia visual e t\u00e1ctil de alto n\u00edvel suave, quente e de alto n\u00edvel. O reverso mostra o t\u00edtulo com uma impress\u00e3o branca clara. O motivo da marca e o nome do produto s\u00e3o decorados com tintura de ouro brilhante, que brilha em um fundo fade, criando um destaque de luxo. Com uma variedade de flaps\/flips de baixo dente moldados ou eletropl\u00e1ticos para inje\u00e7\u00e3o, combinados com um fechamento direto e processos de embalagem frontal, este produto perfeitamente mistura design sensual com fun\u00e7\u00e3o racional e \u00e9 o ve\u00edculo ideal para aten\u00e7\u00e3o pessoal de alto n\u00edvel, formula\u00e7\u00e3o profissional e produtos criativos.<\/p>\n<p>&nbsp;<\/p>\n<p>Material de Produtos &amp; - artesanato [UNK] Material de Produtos &amp; Artisanato<\/p>\n<p>&nbsp;<\/p>\n<ul>\n<li>Matriz corporal do tubo: polietileno de alta densidade (HDPE), densidade 236g\/ml, para assegurar que o corpo do tubo em alta frequ\u00eancia de extrus\u00e3o e carga de grande capacidade ainda mant\u00e9m uma forma excelente, deforma\u00e7\u00e3o anti-pulveriza\u00e7\u00e3o.<\/li>\n<li>Cor da superf\u00edcie e Processo de Textura:<\/li>\n<li>Capa de cores progressiva: A transi\u00e7\u00e3o de cores amarela e rosa \u00e9 alcan\u00e7ada atrav\u00e9s de tecnologia de fotocopia de alta precis\u00e3o, a transi\u00e7\u00e3o de cores \u00e9 naturalmente suave, e o efeito visual \u00e9 suave e emocionalmente quente.<\/li>\n<li>Capa de textura de polimento brilhante: \u00f3leo de polimento brilhante especial \u00e9 aplicado \u00e0 cor gradiente, criando um toque delicado de pele semelhante \u00e0 pele, ao mesmo tempo que tem propriedades anti-impress\u00f5es digitais e resistentes ao arranho, aumentando significativamente o produto&#8217; \u00e9 qualidade.<\/li>\n<li>Art\u00edstica gr\u00e1fica:<\/li>\n<li>Capa de informa\u00e7\u00e3o (inversa): texto de seda branca, que mant\u00e9m uma excelente leitabilidade em um fundo macado, refletindo experi\u00eancia em produtos.<\/li>\n<li>Camada de marca (frente): Os elementos visuais essenciais da marca (padr\u00e3o e nome do produto) s\u00e3o utilizados no processo de calcina\u00e7\u00e3o (f\u00f3lia de ouro), que cria um contraste agudo e harmonioso entre o lustro met\u00e1lico e a qualidade do mat\u00e9, e revela o luxo instantaneamente.<\/li>\n<li>Sistema de cobertura: Dispon\u00edvel em uma variedade de cores moldadas para inje\u00e7\u00e3o (por exemplo, creme branco, gris claro, ouro rosa) ou op\u00e7\u00f5es de cobertura eletropladadas que podem ser estiladamente parejadas com cores do corpo suave.<\/li>\n<li>Processo estrutural: o selo linear ultras\u00f4nico assegura que o selo inferior \u00e9 falso; A abertura do tanque frontal torna f\u00e1cil para os usu\u00e1rios dom\u00e9sticos preencher facilmente grandes quantidades.<\/li>\n<\/ul>\n<p>&nbsp;<\/p>\n<p>Usos Recomendados de Produtos<\/p>\n<p>&nbsp;<\/p>\n<ol>\n<li>Ind\u00fastria de cuidados pessoais de beleza e pele de alto alcance e fragran\u00e7a: especialmente adequada para embalagens de gelas de chuveiro, shampoos, lot\u00f5es corporais, cremes de m\u00e3o e lot\u00f5es de fragran\u00e7a de alto alcance. O calor gradual e a docidade do p\u00f3 amarelo s\u00e3o muito agrad\u00e1veis para senhoras e crian\u00e7as. O mat\u00e9 e a finais de ouro d\u00e3o um sentimento neutro, de alto n\u00edvel, e tamb\u00e9m podem apelar aos homens sens\u00edveis ao estilo de vida, e adequados para os homens ou neutros&#8217; s \u00e3o linhas exclusivas de cuidado da pele.<\/li>\n<li>Ind\u00fastria natural de medicina org\u00e2nica e arom\u00e1tica: usada em cremes de massagem de \u00f3leo vegetal embalados, gelos de sofrimento da dor, cremes de ingredientes naturais, etc. A mudan\u00e7a de cor e textura suave refletem perfeitamente o conceito de &#8220; natural  and &#8220; tranquilizante produtos, transmitindo um senso de seguran\u00e7a e confian\u00e7a da pele para a pele.<\/li>\n<li>Ind\u00fastria de limpeza e manuten\u00e7\u00e3o de casa de alto n\u00edvel: detergentes especializados para seda de lana mistura, produtos de cuidado de m\u00f3veis de alto n\u00edvel, produtos de manuten\u00e7\u00e3o de couro, etc. Seu exterior quente e refinado perturba o sentimento industrial dos produtos de limpeza tradicionais e \u00e9 adequado para uso em ambientes de casa abertos.<\/li>\n<li>A ind\u00fastria criativa e artesanal de pigmentos: pigmentos misturados, cores de sab\u00e3o manuais, crian\u00e7as s pigmentos de desenho seguro dos dedos, etc. \u00c9 inerentemente como um trabalho de arte que inspira trabalhadores criativos enquanto s\u00e3o seguros e amig\u00e1veis com as crian\u00e7as.<\/li>\n<\/ol>\n<p>&nbsp;<\/p>\n<p>Caracter\u00edsticas do Produto<\/p>\n<p>&nbsp;<\/p>\n<ol>\n<li>Experi\u00eancia de fus\u00e3o sensorial: O design \u00fanico de gradiente grainado de mat\u00e9 alcan\u00e7a uma experi\u00eancia de dois n\u00edveis de vis\u00e3o grainada quente e toque grainado fino, muito al\u00e9m de embalagens pl\u00e1sticos suaves comuns.<\/li>\n<li>Contraste de detalhes luxuosos: um fundo macaco e suave contrast a com texto ou padr\u00f5es de ouro brilhantes, revelando um tom de marca de luxo sem ru\u00eddo.<\/li>\n<li>Conex\u00e3o Emotional Design: As sombras amarelas e rosas naturalmente t\u00eam propriedades emocionais positivas, quentes e agrad\u00e1veis, que podem efetivamente construir um v\u00ednculo emocional entre a marca e o consumidor.<\/li>\n<li>Fortaleza e beleza: Ao fornecer est\u00e9tica excepcional, materiais de alta densidade garantem a for \u00e7a e durabilidade necess\u00e1rias para embalagens dom\u00e9sticos.<\/li>\n<li>A superf\u00edcie brilhante e areia proporciona uma fric\u00e7\u00e3o melhor e mant\u00e9m a estabilidade mesmo quando as m\u00e3os est\u00e3o molhadas, aumentando a seguran\u00e7a.<\/li>\n<\/ol>\n<p>&nbsp;<\/p>","protected":false},"excerpt":{"rendered":"<p><strong><b>\u00a0Tube Design<\/b><\/strong><\/p>\n<ul>\n<li>Colores e marketing emocional: amarelo simboliza o sol, energia e otimismo; A converg\u00eancia gradual dos dois cria uma atmosfera global de esperan\u00e7a e cura quente que apela amplamente aos consumidores buscando conforto emocional e est\u00e9tica de vida.<\/li>\n<li>Estrat\u00e9gia de diferencia\u00e7\u00e3o de textura: No mercado de embalagens de alto brilho, a textura de mat\u00e9 destaca-se, transmitindo uma personalidade de marca de baixa chave, reservada e saborosa, atraindo consumidores que buscam unicidade.<\/li>\n<li>Gest\u00e3o do foco visual:<\/li>\n<li>Primeiro foco (ouro quente): Em um fundo de gradiente suave, o elemento de ouro quente se torna o centro visual sem d\u00favida, direcionando fortemente a vis\u00e3o e comunicando eficientemente a mensagem da marca.<\/li>\n<li>Segundo foco (cor gradiente): Como uma grande \u00e1rea de fundo, a cor gradiente \u00e9 uma ferramenta de comunica\u00e7\u00e3o emocional poderosa e ponto de mem\u00f3ria.<\/li>\n<li>Informa\u00e7\u00e3o funcional (impress\u00f5es de seda branca): tarefas completas de explica\u00e7\u00e3o do produto claramente e quietamente sem interferir com a est\u00e9tica do design geral.<\/li>\n<\/ul>\n<p>&nbsp;<\/p>\n<p>Avantagens de Produtos<\/p>\n<p>&nbsp;<\/p>\n<ol>\n<li>Forte apelo na prateleira e atributo social: O design est\u00e9tico \u00fanico torna extremamente f\u00e1cil seguir e lembrar canais online e offline, e inspira os consumidores&#8217; o desejo de tirar fotos e compartilhar, com um natural &#8220; moeda social atributo.<\/li>\n<li>alargado o mercado de g\u00eanero e idade: atrav\u00e9s de um equil\u00edbrio inteligente de cor e textura, este produto apela tanto \u00e0s mulheres quanto aos homens com exig\u00eancias de design, e suas caracter\u00edsticas gentis e amig\u00e1veis tamb\u00e9m s\u00e3o adequadas para crian\u00e7as&#8217; s linhas de produtos, chegando \u00e0 base de clientes da fam\u00edlia.<\/li>\n<li>Aumentar o pr\u00e9mio de produto e o valor da marca: excelente artesanato e um senso de design se traduzem diretamente em valor percebido mais elevado do produto, proporcionando um forte impulso para as marcas entrarem no mercado de alto n\u00edvel ou actualizarem as linhas de produtos existentes.<\/li>\n<li>Conex\u00e3o emocional profunda e lealdade das marcas: Designes de sentimento quente tornam mais f\u00e1cil para os consumidores ficarem emocionalmente ligados, transformando um recipiente pr\u00e1tico em um amado &#8216; presente que aumenta a repurchia e lealdade das marcas.<\/li>\n<li>Consistente com o conceito de vida saud\u00e1vel e sustent\u00e1vel: Sua apar\u00eancia visual suave e caracter\u00edsticas ecol\u00f3gicas da embalagem reutilizada coincidem perfeitamente com a aspira\u00e7\u00e3o dos consumidores em todo o mundo para um estilo de vida saud\u00e1vel, agrad\u00e1vel e sustent\u00e1vel.<\/li>\n<\/ol>\n<p>&nbsp;<\/p>\n<p>Escen\u00e1rios de Utiliza\u00e7\u00e3o<\/p>\n<p>&nbsp;<\/p>\n<ul>\n<li>Batheiros boutiques e mesas de vestir: servem como uma cor quente e brilhante no banheiro, e trabalham com velas, velas cheiradas e aromaterapia para criar um ba\u00f1o relaxante ou ritual de corte de pele.<\/li>\n<li>A fam\u00edlia moderna abriu cozinha ou sala de lavagem: usada para distribuir detergentes de alto n\u00edvel e esponjas de roupa, e sua apar\u00eancia \u00e9 uma bela decora\u00e7\u00e3o de casa.<\/li>\n<li>Espa\u00e7o de compartilhamento entre pais e crian\u00e7as: crian\u00e7as separadas s shampoos, lavagem corporal ou cremes de pele seguros com um aspecto amig\u00e1vel e bonito que os torna mais agrad\u00e1veis de usar.<\/li>\n<li>Yoga Studio, SPA Club e Wellness Studio: Usado para dispensar \u00f3leo de massagem, pulveriza\u00e7\u00e3o tranquilizante, etc., seu design pac\u00edfico e quente complementa a atmosfera do local.<\/li>\n<li>Esquadro de trabalho para artistas e artesanos: Assemble pigmentos especializados ou materiais cuja apar\u00eancia sofisticada se mistura com o ambiente criativo para inspirar a criatividade.<\/li>\n<\/ul>","protected":false},"featured_media":4123,"comment_status":"closed","ping_status":"closed","template":"","meta":[],"product_brand":[],"product_cat":[29,49],"product_tag":[],"class_list":{"0":"post-4121","1":"product","2":"type-product","3":"status-publish","4":"has-post-thumbnail","6":"product_cat-skin-care-plastic-tube","7":"product_cat-50-pe-plastic-tube","9":"first","10":"instock","11":"shipping-taxable","12":"purchasable","13":"product-type-simple"},"_links":{"self":[{"href":"https:\/\/www.hongyitube.com\/pt\/wp-json\/wp\/v2\/product\/4121","targetHints":{"allow":["GET"]}}],"collection":[{"href":"https:\/\/www.hongyitube.com\/pt\/wp-json\/wp\/v2\/product"}],"about":[{"href":"https:\/\/www.hongyitube.com\/pt\/wp-json\/wp\/v2\/types\/product"}],"replies":[{"embeddable":true,"href":"https:\/\/www.hongyitube.com\/pt\/wp-json\/wp\/v2\/comments?post=4121"}],"wp:featuredmedia":[{"embeddable":true,"href":"https:\/\/www.hongyitube.com\/pt\/wp-json\/wp\/v2\/media\/4123"}],"wp:attachment":[{"href":"https:\/\/www.hongyitube.com\/pt\/wp-json\/wp\/v2\/media?parent=4121"}],"wp:term":[{"taxonomy":"product_brand","embeddable":true,"href":"https:\/\/www.hongyitube.com\/pt\/wp-json\/wp\/v2\/product_brand?post=4121"},{"taxonomy":"product_cat","embeddable":true,"href":"https:\/\/www.hongyitube.com\/pt\/wp-json\/wp\/v2\/product_cat?post=4121"},{"taxonomy":"product_tag","embeddable":true,"href":"https:\/\/www.hongyitube.com\/pt\/wp-json\/wp\/v2\/product_tag?post=4121"}],"curies":[{"name":"wp","href":"https:\/\/api.w.org\/{rel}","templated":true}]}}