{"id":4107,"date":"2026-01-11T19:10:02","date_gmt":"2026-01-11T11:10:02","guid":{"rendered":"https:\/\/www.hongyitube.com\/?post_type=product&#038;p=4107"},"modified":"2026-01-12T12:55:20","modified_gmt":"2026-01-12T04:55:20","slug":"50-mm-diameter-230-g-ml-black-heat-transfer-printing-practical-high-capacity-pe-dispensing-tube-packaging-material-container-hongyi-plastic","status":"publish","type":"product","link":"https:\/\/www.hongyitube.com\/pt\/product\/50-mm-diameter-230-g-ml-black-heat-transfer-printing-practical-high-capacity-pe-dispensing-tube-packaging-material-container-hongyi-plastic\/","title":{"rendered":"55 mm di\u00e2metro, capacidade de 280 ml, embalagem de tubos PE rosa suave\/recipiente\/garrafa- Hongyi Plastic"},"content":{"rendered":"<p>Descri\u00e7\u00e3o do produto<\/p>\n<p>&nbsp;<\/p>\n<p>Este produto \u00e9 um di\u00e2metro de 55, capacidade de 280 ml de mangueira de PE, uso de tubo rosa suave corpo, com texto de marca\u00e7\u00e3o frontal e impress\u00e3o de offset negro de tr\u00e1s, formando um contraste visual elegante. Dispon\u00edvel em uma variedade de op\u00e7\u00f5es de flap\/flap de baixo dente moldados ou eletropl\u00e1ticos para inje\u00e7\u00e3o, combinados com um processo de selagem de bordo reta para garantir um selo seguro. Como item dom\u00e9stico de alta capacidade, suas propriedades flex\u00edveis e duradouras suportam aperta\u00e7\u00f5es repetidas sem deforma\u00e7\u00e3o e s\u00e3o adequadas para embalagem produtos em uma variedade de texturas, desde lavagem corporal e shampoos at\u00e9 lot\u00f5es e cremas.<\/p>\n<p>&nbsp;<\/p>\n<p>Material do produto<\/p>\n<p>&nbsp;<\/p>\n<ul>\n<li>Corpo tubo: utilizando material de polietileno de alta densidade (PE), seguro e n\u00e3o t\u00f3xico, com boa estabilidade qu\u00edmica e rigidez, em conformidade com padr\u00f5es internacionais de prote\u00e7\u00e3o ambiental e seguran\u00e7a (como REACH, FDA, etc.).<\/li>\n<li>cobertura: pl\u00e1stico ABS, processo de inje\u00e7\u00e3o de suporte ou eletroplatina\u00e7\u00e3o, colorido e duradouro.<\/li>\n<li>Processo de impress\u00e3o: a frente usa tecnologia de tintura de ouro para mostrar uma qualidade luminosa e luxuosa; Na parte de tr\u00e1s est\u00e1 impressa com tinta ecol\u00f3gica, que \u00e9 clara e duradoura.<\/li>\n<\/ul>\n<p>&nbsp;<\/p>\n<p>&nbsp;<\/p>\n<p>Uso Recomendado<\/p>\n<p>&nbsp;<\/p>\n<p>Adapta\u00e7\u00e3o da popula\u00e7\u00e3o<\/p>\n<p>&nbsp;<\/p>\n<ul>\n<li>Senhoras: O design rosa \u00e9 adequado para mulheres s est\u00e9tica, e \u00e9 adequada para combinar produtos de cuidado da pele, gelas de banho, condicionadores de cabelo, etc., tendo em conta tanto a pr\u00e1tica quanto a beleza.<\/li>\n<li>Homens: Escolha uma cobertura escura eletropl\u00e1tada (como cinzas pretas ou armas) com creme de rasamento, cera de cabelo ou lubricantes mec\u00e2nicos para equilibrar fun\u00e7\u00e3o e estilo minimalist a.<\/li>\n<li>Crian\u00e7as: Elementos rosa e ouro suaves acrescentam divertimento na inf\u00e2ncia e podem ser usados para espalhar crian\u00e7as. com shampoos e cremes de pele facilmente e facilmente apertados.<\/li>\n<\/ul>\n<p>&nbsp;<\/p>\n<p>Aplica\u00e7\u00f5es industriais<\/p>\n<p>&nbsp;<\/p>\n<ul>\n<li>A ind\u00fastria da beleza e da pele: Como pacotes de viagem, suplementos de produtos ou embalagens de edi\u00e7\u00e3o limitadas, os projetos rosa e ouro aumentam o sentido da moda das marcas.<\/li>\n<li>Ind\u00fastria farmac\u00eautica de engrenagens: adequada para embalagem de engrenagens externas, gelos tranquilizantes, higi\u00e9nicos e port\u00e1tiis, e adequada para armazenamento m\u00e9dico dom\u00e9stico.<\/li>\n<li>Ind\u00fastria de manuten\u00e7\u00e3o mec\u00e2nica: lubrificantes separados e agentes de limpeza dom\u00e9sticos, e a cor do tubo torna f\u00e1cil distinguir entre diferentes usos.<\/li>\n<li>Ind\u00fastria industrial: pigmentos de armazenamento, adesivos, resist\u00eancia \u00e0 corros\u00e3o de material PE, logotipo de bronzamento para melhorar o senso profissional.<\/li>\n<\/ul>\n<p>&nbsp;<\/p>\n<p>&nbsp;<\/p>\n<p>Caracter\u00edsticas do produto<\/p>\n<p>&nbsp;<\/p>\n<ol>\n<li>Forte e duradouro: Material PE anti-press\u00e3o, extrus\u00e3o repetida n\u00e3o \u00e9 f\u00e1cil de deformar, pode ser reutilizado por muito tempo.<\/li>\n<li>Excelente selagem: dupla prote\u00e7\u00e3o contra vazamento e secagem por um extremo reta e uma cobertura de screw\/flip.<\/li>\n<li>Seguran\u00e7a e prote\u00e7\u00e3o ambiental: O material pode ser reciclado, que est\u00e1 em conformidade com a tend\u00eancia de prote\u00e7\u00e3o ambiental na Europa e nos Estados Unidos, e a tinta de impress\u00e3o n\u00e3o \u00e9 t\u00f3xica e inofensiva.<\/li>\n<li>O design \u00e9 sofisticado: o corpo do tubo rosa \u00e9 parejado com letras de ouro para criar um luxo visual luminoso e aumentar o valor acrescentado do produto.<\/li>\n<li>Altamente vers\u00e1til: adequado para l\u00edquidos de viscosidade m\u00e9dia e baixa, l\u00edquidos e adesivos, com um design bocal de garrafa para preenchimento f\u00e1cil e extrus\u00e3o precisa.<\/li>\n<\/ol>","protected":false},"excerpt":{"rendered":"<p>Design corporal<\/p>\n<p>&nbsp;<\/p>\n<ul>\n<li>Est\u00e9tica de cores: Os tubos rosas transmitem calor, suavidade e modernidade, com texto queimado de ouro na frente para acentuar o refinamento, e impress\u00f5es de offset negro na parte de tr\u00e1s para assegurar que a mensagem \u00e9 claramente leit\u00edvel.<\/li>\n<li>Touch and function: the matte finish is slippery and easy to hold, and the hot gold part adds a visual layer; O corpo do tubo \u00e9 flex\u00edvel e f\u00e1cil de apertar para controlar a quantidade.<\/li>\n<li>Adapta\u00e7\u00e3o flex\u00edvel: Apoio \u00e0 personaliza\u00e7\u00e3o das cores da capa, texto ouro e informa\u00e7\u00e3o de fundo para atender \u00e0s necessidades individuais da marca.<\/li>\n<\/ul>\n<p>&nbsp;<\/p>\n<p>Avantagens do produto<\/p>\n<p>&nbsp;<\/p>\n<ol>\n<li>Design Emotional: A combina\u00e7\u00e3o de rosa e ouro apela aos consumidores que valorizam a est\u00e9tica e a qualidade, especialmente para as mulheres e o mercado dom\u00e9stico.<\/li>\n<li>Usado em diferentes dom\u00ednios: Desde cuidado pessoal ao uso industrial, um tubo \u00e9 vers\u00e1til e reduz a redund\u00eancia de embalagens.<\/li>\n<li>Apela\u00e7\u00e3o ambiental: materiais reutiliz\u00e1veis e reciclables respondem \u00e0 filosofia de consumo sustent\u00e1vel dos consumidores estrangeiros.<\/li>\n<li>F\u00e1cil de usar: A grande capacidade reduz o preenchimento frequente, e a cobertura de dentes curtos \u00e9 projetada para abrir e fechar facilmente, adequada para uso por todas as idades.<\/li>\n<li>Melhoria do valor da marca: elementos de design de alto n\u00edvel ajudam as marcas a destacar seu nicho no mercado e melhorar os pontos de mem\u00f3ria do consumidor.<\/li>\n<\/ol>\n<p>&nbsp;<\/p>\n<p>&nbsp;<\/p>\n<p>Usar cen\u00e1rios<\/p>\n<p>&nbsp;<\/p>\n<ul>\n<li>Limpeira de casa: Almacenar equipamentos e condicionadores comuns no banheiro, cozinha ou banco de trabalho, bem ordenados e facilmente acess\u00edveis.<\/li>\n<li>Uma necessidade para viajar: cumprimento com regulamentos de transporte de l\u00edquidos da companhia a\u00e9rea, facilidade de divis\u00e3o de produtos de cuidado da pele e mantas, e facilidade de viajar.<\/li>\n<li>Beauty retail: Aumentar a experi\u00eancia do cliente e a lealdade da marca como um teste de marca, caixa de cadernos de f\u00e9rias ou entrega de membros.<\/li>\n<li>Scen\u00e1rios de trabalho profissional:<\/li>\n<li>Est\u00fadio: Cor separada, cola e marcas de ouro para identifica\u00e7\u00e3o r\u00e1pida.<\/li>\n<li>Repara\u00e7\u00e3o em casa: Almacenar lubricantes mec\u00e2nicos e cremes de limpeza quando voc\u00ea precisa deles.<\/li>\n<li>Atividades no exterior: Tragam uma lavagem corporal ou um creme protetor ao acampar ou treinar.  It&#8217; \u00e9 duradoura e f\u00e1cil de carregar.<\/li>\n<li>Donos e Promo\u00e7\u00e3o: Customize corporate logos and messages as high-end business gifts or event commemorative<\/li>\n<\/ul>","protected":false},"featured_media":4168,"comment_status":"closed","ping_status":"closed","template":"","meta":[],"product_brand":[],"product_cat":[29,50],"product_tag":[],"class_list":{"0":"post-4107","1":"product","2":"type-product","3":"status-publish","4":"has-post-thumbnail","6":"product_cat-skin-care-plastic-tube","7":"product_cat-55-pe-plastic-tube","9":"first","10":"instock","11":"shipping-taxable","12":"purchasable","13":"product-type-simple"},"_links":{"self":[{"href":"https:\/\/www.hongyitube.com\/pt\/wp-json\/wp\/v2\/product\/4107","targetHints":{"allow":["GET"]}}],"collection":[{"href":"https:\/\/www.hongyitube.com\/pt\/wp-json\/wp\/v2\/product"}],"about":[{"href":"https:\/\/www.hongyitube.com\/pt\/wp-json\/wp\/v2\/types\/product"}],"replies":[{"embeddable":true,"href":"https:\/\/www.hongyitube.com\/pt\/wp-json\/wp\/v2\/comments?post=4107"}],"wp:featuredmedia":[{"embeddable":true,"href":"https:\/\/www.hongyitube.com\/pt\/wp-json\/wp\/v2\/media\/4168"}],"wp:attachment":[{"href":"https:\/\/www.hongyitube.com\/pt\/wp-json\/wp\/v2\/media?parent=4107"}],"wp:term":[{"taxonomy":"product_brand","embeddable":true,"href":"https:\/\/www.hongyitube.com\/pt\/wp-json\/wp\/v2\/product_brand?post=4107"},{"taxonomy":"product_cat","embeddable":true,"href":"https:\/\/www.hongyitube.com\/pt\/wp-json\/wp\/v2\/product_cat?post=4107"},{"taxonomy":"product_tag","embeddable":true,"href":"https:\/\/www.hongyitube.com\/pt\/wp-json\/wp\/v2\/product_tag?post=4107"}],"curies":[{"name":"wp","href":"https:\/\/api.w.org\/{rel}","templated":true}]}}