{"id":4096,"date":"2026-01-11T19:07:40","date_gmt":"2026-01-11T11:07:40","guid":{"rendered":"https:\/\/www.hongyitube.com\/?post_type=product&#038;p=4096"},"modified":"2026-01-11T19:07:40","modified_gmt":"2026-01-11T11:07:40","slug":"50-tubes-230-g-ml-black-universal-large-capacity-dispensing-pe-soft-tube-packaging-material-container-bottle-hongyi-plastic","status":"publish","type":"product","link":"https:\/\/www.hongyitube.com\/pt\/product\/50-tubes-230-g-ml-black-universal-large-capacity-dispensing-pe-soft-tube-packaging-material-container-bottle-hongyi-plastic\/","title":{"rendered":"50 tubos, 230 g\/ml, negro, universal, grande capacidade, dispensando material de embalagem\/recipiente\/garrafa de tubo mole PE- Hongyi Plastic"},"content":{"rendered":"<p>Descri\u00e7\u00e3o do produto<\/p>\n<p>Este produto \u00e9 uma mangueira de montagem de alta capacidade com textura de alto n\u00edvel, confiabilidade profissional e versatilidade. Fazido de material PE de alta densidade, o design de 50 di\u00e2metros assegura capacidade adequada e excelente durabilidade. O tubo \u00e9 baseado em um preto profundo e brilhante, e a superf\u00edcie est\u00e1 coberta de \u00f3leo brilhante, dando-lhe um brilho e textura como obs\u00eddio. Os par\u00e2metros do produto est\u00e3o claramente marcados com impress\u00f5es de seda branca na frente e instru\u00e7\u00f5es detalhadas para uso no contr\u00e1rio, assegurando que a informa\u00e7\u00e3o seja f\u00e1cil de ler e de longa dura\u00e7\u00e3o. O nome da marca frontal \u00e9 feito de ouro, o que instantaneamente melhora o luxo global e o reconhecimento da marca. Conjuntado com uma variedade de cobertura de screw\/flip de baixo dente moldado ou eletropladado por inje\u00e7\u00e3o, combinada com um selo linear e processo de embalagem frontal para assegurar preenchimento est\u00e1vel e eficiente de selos l\u00edquidos ou de pl\u00e1stico de alta capacidade. Designado para preenchimento repetido e uso frequente, \u00e9 ideal para fam\u00edlias modernas e profissionais buscando qualidade, efici\u00eancia e prote\u00e7\u00e3o ambiental.<\/p>\n<p>&nbsp;<\/p>\n<p>&nbsp;<\/p>\n<p>Material de Produtos<\/p>\n<p>&nbsp;<\/p>\n<ul>\n<li>Corpo tubo: Polietileno de alta densidade (HDPE), com uma densidade de 236 g\/ml, fornece excelente resist\u00eancia \u00e0 press\u00e3o, resist\u00eancia qu\u00edmica e estabilidade dimensional para garantir que a extrus\u00e3o repetida n\u00e3o se deforma.<\/li>\n<li>Fin da superf\u00edcie: O corpo do tubo negro foi especialmente tratado e aplicado com \u00f3leo de alto brilho, dando-lhe um luxuoso brilho e toque suave, ao mesmo tempo aumentando a resist\u00eancia ao arranho.<\/li>\n<li>Imprimir e - Decor:<\/li>\n<li>Impresas de seda branca: tintas ecol\u00f3gicamente amigas com alta ades\u00e3o formam um contraste agudo em um substrato negro para garantir clareza duradoura do texto.<\/li>\n<li>Processo de tintura de ouro: O nome da marca usa tecnologia de tintura de ouro (impress\u00e3o de imprensa quente), o que d\u00e1 uma brilho e textura met\u00e1licos prominentes, que mostra posicionamento de alto n\u00edvel.<\/li>\n<li>Cobertura: material PP ou ABS, fornecendo uma variedade de cor de inje\u00e7\u00e3o (como preto, cinzento, vermelho) ou cor de placa (como cromo, ouro, Mary Gem) para alcan\u00e7ar compara\u00e7\u00e3o personalizada.<\/li>\n<li>Processo: O selo rectangular ultras\u00f4nico assegura que o selo inferior \u00e9 absolutamente confi\u00e1vel; A abertura do tanque frontal facilita o preenchimento r\u00e1pido e limpo de grandes quantidades de conte\u00fados.<\/li>\n<\/ul>\n<p>&nbsp;<\/p>\n<p>Usos Recomendados<\/p>\n<ol>\n<li>A ind\u00fastria de cuidados de beleza e pele e cuidados pessoais: Como suplemento familiar, perfeitamente embalado lavagem de corpo de alto n\u00edvel, shampoos, condicionadores, saneamentos de m\u00e3o, lot\u00e3o corporal, etc. O design de ouro negro parece profissional e est\u00e1vel para homens e refinado e simples para mulheres, e os materiais de alta seguran\u00e7a tamb\u00e9m s\u00e3o adequados para produtos de lavagem leves para crian\u00e7as.<\/li>\n<li>A ind\u00fastria farmac\u00eautica e de engrenagens: monta cremes de massagem de fisioterapia especializados, gelos de les\u00f5es esportivas, cremes de pele, etc. O exterior negro transmite um senso de medicina profissional, rigorosa e confi\u00e1vel e \u00e9 adequado para uso em reservas m\u00e9dicas dom\u00e9sticas ou em cl\u00ednicas.<\/li>\n<li>Ind\u00fastria de manuten\u00e7\u00e3o mec\u00e2nica e cuidados automobil\u00edsticos: usada na divis\u00e3o de lubricantes avan\u00e7ados, ceras automobil\u00edsticas, agentes de cuidados met\u00e1licos, adesivos fortes, etc. O exterior industrial negro \u00e9 altamente compat\u00edvel com o ambiente profissional da oficina, demonstrando profissionalismo.<\/li>\n<li>Ind\u00fastria qu\u00edmica e pigmentar industrial: serve como um recipiente de embalagem para tinturas de alto n\u00edvel, revestimentos especializados e adesivos para instrumenta\u00e7\u00e3o de precis\u00e3o. O design negro esconde manchas e mant\u00e9m o aspecto limpo, ao mesmo tempo que transmite precis\u00e3o e confiabilidade da qualidade industrial.<\/li>\n<\/ol>\n<p>&nbsp;<\/p>\n<p>Caracter\u00edsticas do Produto<\/p>\n<p>&nbsp;<\/p>\n<ol>\n<li>Textura luxuosa e imagem profissional: fundo negro de alto brilho com logotipo bronzante, criando um senso de superioridade e confian\u00e7a al\u00e9m de embalagens pl\u00e1sticas comuns.<\/li>\n<li>Durabilidade extrema: material PE de alta densidade com processo de refor\u00e7o, resistir a extrus\u00e3o frequente e uma variedade de produtos qu\u00edmicos contato, longa vida de servi\u00e7o.<\/li>\n<li>Excelente reconhecimento visual e transmiss\u00e3o de mensagens: texto branco e negro proporciona excelente leitabilidade; O queimamento de ouro tornou-se um foco visual e fortemente melhorada mem\u00f3ria de marca.<\/li>\n<li>Universal e flex\u00edvel: Estilos de design neutros e avan\u00e7ados se encaixam sem problemas em ambientes que v\u00e3o desde banheiros modernos at\u00e9 garagens profissionais at\u00e9 est\u00fadios de design.<\/li>\n<li>Excelente desempenho de selagem e preserva\u00e7\u00e3o: cobertura estreita e processos de selagem efetivamente impedem vazamento l\u00edquido, secagem de umidade ou oxida\u00e7\u00e3o de ingredientes.<\/li>\n<\/ol>","protected":false},"excerpt":{"rendered":"<p>Tube Design<\/p>\n<ul>\n<li>Color Psychology and Marketing Positioning: O preto \u00e9 reconhecido globalmente como a cor do luxo, poder, profissionalismo e perman\u00eancia. O tratamento de alto brilho d\u00e1-lhe uma sensa\u00e7\u00e3o modern a, fazendo atrair tanto homens como mulheres buscando qualidade, enquanto adequado para uma vasta gama de \u00e1reas, desde cuidado pessoal at\u00e9 ind\u00fastria.<\/li>\n<li>Nivel de Vis\u00e3o Funcional:<\/li>\n<\/ul>\n<ol>\n<li>Nivel 1 (ouro quente): instantaneamente atrai aten\u00e7\u00e3o e construi uma impress\u00e3o de alto n\u00edvel da marca.<\/li>\n<li>Segundo n\u00edvel (impress\u00e3o de seda branca): fornece clareza n\u00e3o comparada em um fundo negro, assegurando que a informa\u00e7\u00e3o chave (par\u00e2metros, instru\u00e7\u00f5es) seja imediatamente vis\u00edvel.<\/li>\n<\/ol>\n<ul>\n<li>Toque e pr\u00e1tica: superf\u00edcies brilhantes s\u00e3o f\u00e1ceis de limpar; O di\u00e2metro dos 50 tubos proporciona uma agarra confort\u00e1vel e facilita a extra\u00e7\u00e3o de pasta grossa.<\/li>\n<\/ul>\n<p>&nbsp;<\/p>\n<p>Avantagens de Produtos<\/p>\n<ol>\n<li>Aumentar o valor da marca: A embalagem \u00e9 uma extens\u00e3o da imagem da marca, e o &#8220; ouro negro o design correlaciona diretamente alta qualidade com alta percep\u00e7\u00e3o de pre\u00e7os, ajudando a melhorar a marca.<\/li>\n<li>Neutral para o g\u00eanero e categoria cruzada: O design neutro e profissional permite que abra o mercado masculino, feminino e dom\u00e9stico ao mesmo tempo, e em m\u00faltiplas ind\u00fastrias como cuidado pessoal, medicina e ind\u00fastria, ampliando grandemente sua gama de aplica\u00e7\u00f5es.<\/li>\n<li>Para satisfazer as necessidades de prote\u00e7\u00e3o ambiental e consumo sustent\u00e1vel: Materiales s\u00f3lidos apoiam a reutiliza\u00e7\u00e3o a longo prazo, incentivam os consumidores a comprar suplementos de alta capacidade, reduzirem os res\u00edduos pl\u00e1sticos e satisfazem valores ambientais principais na Europa e nos Estados Unidos.<\/li>\n<li>Impacto excelente da prateleira: Negro profundo, parejado com ouro brilhante, destaca-se em prateleiras coloridas, atraindo a aten\u00e7\u00e3o dos consumidores que buscam simplicidade e textura.<\/li>\n<li>Costo-efic\u00e1cia a longo prazo: Embora a textura inicial seja melhor, devido \u00e0 sua excelente durabilidade, o custo de um \u00fanico uso \u00e9 extremamente baixo, trazendo valor a longo prazo para marcas e consumidores.<\/li>\n<\/ol>\n<p>&nbsp;<\/p>\n<p>Escen\u00e1rios de Utiliza\u00e7\u00e3o<\/p>\n<p>&nbsp;<\/p>\n<ul>\n<li>Ambientes dom\u00e9sticos de alto n\u00edvel: colocado em um banheiro moderno ou cozinha como um recipiente de limpeza de casa inspirado em design.<\/li>\n<li>Sal\u00e3o profissional e sala de fitness: No sal\u00e3o de cabelo, sala SPA ou sala de fitness de alto n\u00edvel para recargar produtos de linha profissional, sua apar\u00eancia e ambiente profissional para corresponder.<\/li>\n<li>Garagem privada e cabine de ferramentas: armazenar produtos de assist\u00eancia de carros de pr\u00e9mio ou \u00f3leo de manuten\u00e7\u00e3o de ferramentas, refletindo o dono&#8217; o gosto profissional e o valor das ferramentas.<\/li>\n<li>Est\u00fadios de arte e empresas de design: montam pinturas caras, adesivos modelos ou tintas especializadas que parecem profissionais e rigorosas em seu trabalho.<\/li>\n<li>Viajar e for a (linha de alto n\u00edvel): embalar lot\u00f5es de cuidado da pele, umidificadores, etc. para viagens longas ou acampamento de luxo para manter um olhar refinado mesmo fora.<\/li>\n<\/ul>\n<p>&nbsp;<\/p>\n<p>&nbsp;<\/p>","protected":false},"featured_media":4100,"comment_status":"closed","ping_status":"closed","template":"","meta":[],"product_brand":[],"product_cat":[29,49],"product_tag":[],"class_list":{"0":"post-4096","1":"product","2":"type-product","3":"status-publish","4":"has-post-thumbnail","6":"product_cat-skin-care-plastic-tube","7":"product_cat-50-pe-plastic-tube","9":"first","10":"instock","11":"shipping-taxable","12":"purchasable","13":"product-type-simple"},"_links":{"self":[{"href":"https:\/\/www.hongyitube.com\/pt\/wp-json\/wp\/v2\/product\/4096","targetHints":{"allow":["GET"]}}],"collection":[{"href":"https:\/\/www.hongyitube.com\/pt\/wp-json\/wp\/v2\/product"}],"about":[{"href":"https:\/\/www.hongyitube.com\/pt\/wp-json\/wp\/v2\/types\/product"}],"replies":[{"embeddable":true,"href":"https:\/\/www.hongyitube.com\/pt\/wp-json\/wp\/v2\/comments?post=4096"}],"wp:featuredmedia":[{"embeddable":true,"href":"https:\/\/www.hongyitube.com\/pt\/wp-json\/wp\/v2\/media\/4100"}],"wp:attachment":[{"href":"https:\/\/www.hongyitube.com\/pt\/wp-json\/wp\/v2\/media?parent=4096"}],"wp:term":[{"taxonomy":"product_brand","embeddable":true,"href":"https:\/\/www.hongyitube.com\/pt\/wp-json\/wp\/v2\/product_brand?post=4096"},{"taxonomy":"product_cat","embeddable":true,"href":"https:\/\/www.hongyitube.com\/pt\/wp-json\/wp\/v2\/product_cat?post=4096"},{"taxonomy":"product_tag","embeddable":true,"href":"https:\/\/www.hongyitube.com\/pt\/wp-json\/wp\/v2\/product_tag?post=4096"}],"curies":[{"name":"wp","href":"https:\/\/api.w.org\/{rel}","templated":true}]}}