{"id":4073,"date":"2026-01-11T16:58:21","date_gmt":"2026-01-11T08:58:21","guid":{"rendered":"https:\/\/www.hongyitube.com\/?post_type=product&#038;p=4073"},"modified":"2026-01-11T16:58:21","modified_gmt":"2026-01-11T08:58:21","slug":"50mm-diameter-elegant-light-pink-color-210g-ml-portable-soft-tube-container-hongyi-plastic","status":"publish","type":"product","link":"https:\/\/www.hongyitube.com\/pt\/product\/50mm-diameter-elegant-light-pink-color-210g-ml-portable-soft-tube-container-hongyi-plastic\/","title":{"rendered":"di\u00e2metro de 50 mm, cor rosa clara elegante, 210g\/ml, recipiente de tubos moles port\u00e1til &#8211; Hongyi Plastic"},"content":{"rendered":"<ol>\n<li>Descri\u00e7\u00e3o do produto<\/li>\n<\/ol>\n<p>&nbsp;<\/p>\n<p>Este produto \u00e9 um recipiente port\u00e1til de mangueiras projetado para viagens, viagens cotidianas e distribui\u00e7\u00e3o de pequena capacidade. Usando tubo de material de 50 di\u00e2metros PE (polietileno), leve e suave, f\u00e1cil de apertar com uma m\u00e3o. O corpo \u00e9 suave e rosa clara, com texto de seda branca em ambos os lados, tornando-o claro e bonito. Os ombros e cauda do tubo s\u00e3o decorados com linhas verticais de largura de 4 mm e de largura de 40 mm, que aumentam a textura visual e a moda. Equipado com um parafuso eletropl\u00e1tico de baixo dente ou cobertura de invers\u00e3o, a selagem \u00e9 forte, abertura e abertura \u00e9 conveniente, e combinado com um processo de selagem de bordo reta para garantir que o conte\u00fado n\u00e3o vaze e n\u00e3o se oxide. \u00c9 adequado para embalar uma variedade de fluidos como lot\u00f5es, gels e cremas, e \u00e9 ideal para cuidados pessoais, trabalho profissional e viagem.<\/p>\n<p>Material de Produtos<\/p>\n<ul>\n<li>Corpo tubo: polietileno de alta densidade (HDPE \/ composto LDPE), densidade de cerca de 210 g\/ml, em conformidade com padr\u00f5es de seguran\u00e7a de materiais de contato com alimentos e cosm\u00e9ticos (como FDA, UE).<\/li>\n<li>Processos de cores: O corpo \u00e9 completamente moldado em cor rosa leve, impress\u00e3o de tinta ecol\u00f3gica, \u00f3leo brilhante decorado localmente, forte ades\u00e3o, resist\u00eancia ao uso e n\u00e3o descolora\u00e7\u00e3o.<\/li>\n<li>cobertura: moldura de polipropileno (PP) para inje\u00e7\u00e3o, tratamento de cobertura de superf\u00edcie, fornecendo lustro de metal e resist\u00eancia \u00e0 corros\u00e3o.<\/li>\n<li>Seal: Seal ultras\u00f4nico direto, que \u00e9 seguramente selado e pode ser apertado repetidamente sem deforma\u00e7\u00e3o.<\/li>\n<\/ul>\n<p>Usos Recomendados<\/p>\n<ol>\n<li>Ind\u00fastria de cuidados de beleza e pele: Cremes separados, protetores solares, pr\u00e9-cremes de maquilhagem, lavagem de corpo, etc., para que mulheres, homens e crian\u00e7as possam transport\u00e1-los a pedido.<\/li>\n<li>A ind\u00fastria farmac\u00eautica de engrenagens: engrenagens embaladas port\u00e1tiis, gelos, agentes de cuidado da pele, etc., s\u00e3o higi\u00e9nicos e seguros e f\u00e1ceis de utilizar em quantidades.<\/li>\n<li>Mantenimento industrial e mec\u00e2nico: lubrificantes soltos embalados, adesivos, cremas de limpeza, etc., adequados para luz em viagens de neg\u00f3cios e opera\u00e7\u00f5es ao ar livre.<\/li>\n<li>A ind\u00fastria qu\u00edmica e pigmentar: pequena distribui\u00e7\u00e3o de capacidade de cores, pinturas e reagentes experimentais para evitar polui\u00e7\u00e3o e res\u00edduos em embalagens grandes.<\/li>\n<\/ol>\n<p>&nbsp;<\/p>\n<p>Caracter\u00edsticas do Produto<\/p>\n<p>&nbsp;<\/p>\n<ol>\n<li>Peso ligeiro e port\u00e1til: o material PE \u00e9 ligeiro, viaja sem carga, para cumprir o limite de capacidade do l\u00edquido a bordo.<\/li>\n<li>Flex\u00edvel e duradouro: O corpo do tubo \u00e9 resistente \u00e0 press\u00e3o e esfrega\u00e7\u00e3o, e o aperto repetido n\u00e3o se deforma facilmente, e o material pode ser completamente esfregado.<\/li>\n<li>Seal para evitar fuga: Dois tipos de prote\u00e7\u00e3o s\u00e3o cobertura eletropl\u00e1tida, foco rectangular, e a invers\u00e3o n\u00e3o fuga.<\/li>\n<li>Beautiful and practical: light pink with bright oil strips is simple and stylish, and the white text logo is clear and easy to read.<\/li>\n<li>Economia ecol\u00f3gicamente amig\u00e1vel: embalagens reutiliz\u00e1veis reduzem res\u00edduos de embalagens de uso \u00fanico.<\/li>\n<\/ol>\n<p>&nbsp;<\/p>","protected":false},"excerpt":{"rendered":"<p>Tube Design<\/p>\n<ul>\n<li>Posi\u00e7\u00e3o de cores: rosa clara, suave e vers\u00e1til, adequado para est\u00e9tica feminina enquanto apela aos usu\u00e1rios dom\u00e9sticos (por exemplo, produtos de crian\u00e7as&#8217;).<\/li>\n<li>Logo gr\u00e1fico: texto branco impresso na tela anterior e posterior, o conte\u00fado pode ser personalizado (como marca LOGO, explica\u00e7\u00e3o de ingredientes).<\/li>\n<li>Detalles decorativos: linhas verticais de petr\u00f3leo brilhantes se estendem dos ombros e cauda ao centro, melhorando o n\u00edvel e qualidade do design.<\/li>\n<li>Estrutura humanizada: A parafusa de dentes curtos \/ cobertura de giro \u00e9 f\u00e1cil de abrir, e o extremo reta aumenta a resist\u00eancia \u00e0 press\u00e3o do extremo do tubo, adequada para m\u00faltiplas aperta\u00e7\u00f5es.<\/li>\n<\/ul>\n<p>Produtos Avantagens [UNK] Produtos Avantagens<\/p>\n<ol>\n<li>Adequado para m\u00faltiplos cen\u00e1rios: De cuidado pessoal a \u00e1reas profissionais, uma unidade pode ser usada mais eficientemente para melhorar a efici\u00eancia de carregamento.<\/li>\n<li>Seguran\u00e7a e sa\u00fade: o material PE n\u00e3o \u00e9 t\u00f3xico e sem gosto, em conformidade com padr\u00f5es internacionais de seguran\u00e7a, adequado para uso sens\u00edvel da pele e m\u00e9dico.<\/li>\n<li>Adapta\u00e7\u00e3o flex\u00edvel: sustenta a personaliza\u00e7\u00e3o da cobertura, cor e gr\u00e1ficos de impress\u00e3o para atender \u00e0s necessidades personalizadas da marca.<\/li>\n<li>Costo eficaz: poupan\u00e7as duradouras e reutilizadas, a longo prazo em custos de embalagem.<\/li>\n<li>Tend\u00eancias ambientais: design ligeiro reduz a quantidade de pl\u00e1stico, apoia o reciclagem e se conforma com o conceito de consumo sustent\u00e1vel.<\/li>\n<\/ol>\n<p>VII. Escen\u00e1rios de Utiliza\u00e7\u00e3o<\/p>\n<ul>\n<li>Viajar para neg\u00f3cios: embalar produtos de cuidado da pele, pasta de dentes e engrenagens para atender \u00e0s necessidades de viagem a curto prazo.<\/li>\n<li>Atividades no exterior: Traz cremes, gelos de repara\u00e7\u00e3o, protetores solares ao acampar e ao treinar.<\/li>\n<li>Viajar diariamente: Colocar pequenos itens como creme de m\u00e3o e gel de cabelo em mulheres&#8217; s sacos e homens s sacos de fitness.<\/li>\n<li>Para uso dom\u00e9stico: Crian\u00e7as podem usar creme para beb\u00eas e repelentes de mosquitos quando est\u00e3o fora para higiene f\u00e1cil.<\/li>\n<li>Trabalho profissional: engenheiros e artistas carregam adesivos e pinturas com eles para que possam estar no local<\/li>\n<\/ul>\n<p>&nbsp;<\/p>","protected":false},"featured_media":4083,"comment_status":"closed","ping_status":"closed","template":"","meta":[],"product_brand":[],"product_cat":[29,49],"product_tag":[],"class_list":{"0":"post-4073","1":"product","2":"type-product","3":"status-publish","4":"has-post-thumbnail","6":"product_cat-skin-care-plastic-tube","7":"product_cat-50-pe-plastic-tube","9":"first","10":"instock","11":"shipping-taxable","12":"purchasable","13":"product-type-simple"},"_links":{"self":[{"href":"https:\/\/www.hongyitube.com\/pt\/wp-json\/wp\/v2\/product\/4073","targetHints":{"allow":["GET"]}}],"collection":[{"href":"https:\/\/www.hongyitube.com\/pt\/wp-json\/wp\/v2\/product"}],"about":[{"href":"https:\/\/www.hongyitube.com\/pt\/wp-json\/wp\/v2\/types\/product"}],"replies":[{"embeddable":true,"href":"https:\/\/www.hongyitube.com\/pt\/wp-json\/wp\/v2\/comments?post=4073"}],"wp:featuredmedia":[{"embeddable":true,"href":"https:\/\/www.hongyitube.com\/pt\/wp-json\/wp\/v2\/media\/4083"}],"wp:attachment":[{"href":"https:\/\/www.hongyitube.com\/pt\/wp-json\/wp\/v2\/media?parent=4073"}],"wp:term":[{"taxonomy":"product_brand","embeddable":true,"href":"https:\/\/www.hongyitube.com\/pt\/wp-json\/wp\/v2\/product_brand?post=4073"},{"taxonomy":"product_cat","embeddable":true,"href":"https:\/\/www.hongyitube.com\/pt\/wp-json\/wp\/v2\/product_cat?post=4073"},{"taxonomy":"product_tag","embeddable":true,"href":"https:\/\/www.hongyitube.com\/pt\/wp-json\/wp\/v2\/product_tag?post=4073"}],"curies":[{"name":"wp","href":"https:\/\/api.w.org\/{rel}","templated":true}]}}