{"id":4061,"date":"2026-01-11T16:51:51","date_gmt":"2026-01-11T08:51:51","guid":{"rendered":"https:\/\/www.hongyitube.com\/?post_type=product&#038;p=4061"},"modified":"2026-01-11T16:51:51","modified_gmt":"2026-01-11T08:51:51","slug":"50-mm-diameter-230-grams-ml-pe-light-blue-large-capacity-dispensing-soft-tube-hongyi-plastic","status":"publish","type":"product","link":"https:\/\/www.hongyitube.com\/pt\/product\/50-mm-diameter-230-grams-ml-pe-light-blue-large-capacity-dispensing-soft-tube-hongyi-plastic\/","title":{"rendered":"Di\u00e2metro de 50 mm, 230 gramas\/ml de PE, azul claro, grande capacidade, tubo mole dispensador- Hongyi Plastic"},"content":{"rendered":"<p>Descri\u00e7\u00e3o do produto<\/p>\n<p>&nbsp;<\/p>\n<p>Este produto \u00e9 uma mangueira de montagem de alta capacidade com um novo design que combina fun\u00e7\u00f5es pr\u00e1ticas com anima\u00e7\u00e3o visual. O corpo do tubo \u00e9 feito de material de PE com di\u00e2metro de 50 e capacidade de 230 g\/ml, apresentando um azul claro moderno suave. Ambos os lados est\u00e3o claramente marcados com uma impress\u00e3o de seda branca com informa\u00e7\u00e3o chave sobre o produto. O design mais reconhec\u00edvel \u00e9 a decora\u00e7\u00e3o do corpo do tubo: do ombro e extremo do tubo para a dire\u00e7\u00e3o m\u00e9dia, a tela de seda tem um n\u00famero de linhas verticais de \u00f3leo brilhantes com uma largura de 4 mm e um comprimento de aproximadamente 40 mm. Essas faixas verticais formam um sutil contraste de brilho com o corpo do tubo azul luz, criando um senso \u00fanico de profundidade e vis\u00e3o fluindo. Os usu\u00e1rios podem escolher uma cobertura de screw de corto dente eletropl\u00e1tida com cor de inje\u00e7\u00e3o ou uma cobertura de screw de todo um. O design cl\u00e1ssico do selo rectangular e da embalagem da frente assegura que o selo \u00e9 confi\u00e1vel e o conte\u00fado \u00e9 usable. Apesar de sua ampla capacidade, sua estrutura permanece pequena, ligeira e f\u00e1cil de carregar. O material flex\u00edvel de PE assegura que pode ser extrudido repetidamente sem deforma\u00e7\u00e3o. \u00c9 ideal para preencher todos os tipos de emuls\u00f5es, cremas e adesivos de viscosidade m\u00e9dia e alta.<\/p>\n<p>&nbsp;<\/p>\n<p>Material do produto<\/p>\n<p>&nbsp;<\/p>\n<ul>\n<li>Material tubo corporal: polietileno de baixa densidade de alta qualidade (PE), fornecendo excelente flexibilidade e durabilidade. Azul claro \u00e9 colorido uniformemente atrav\u00e9s de gr\u00e3os de cor ecol\u00f3gicos, com um tom fresco e elegante.<\/li>\n<li>Decora\u00e7\u00e3o de artesanatos:<\/li>\n<li>Impress\u00e3o b\u00e1sica: impress\u00e3o de tinta branca e ecol\u00f3gica para garantir que a informa\u00e7\u00e3o de texto seja clara e resistente ao uso.<\/li>\n<li>Decora\u00e7\u00e3o caracter\u00edstica: O uso de um processo de impress\u00e3o parcial de \u00f3leo brilhante (Overprint Varnish), a forma\u00e7\u00e3o de linhas verticales transparentes com alto brilho. Este processo tem boa resist\u00eancia ao uso e pode manter a lustra por um longo tempo.<\/li>\n<li>Sele\u00e7\u00e3o de cobertura:<\/li>\n<li>A cobertura eletr\u00f3plica de parafusos de baixo n\u00edvel de dentes: moldura de material PP para inje\u00e7\u00e3o ap\u00f3s eletr\u00f3plica, mostrando a textura de ouro, v\u00e1rias cores opcionais.<\/li>\n<li>Uma cobertura de volta eletroplada: um design conveniente de um tamanho-fits-all que tamb\u00e9m tem lustro eletropladado, o que melhora o refinamento global.<\/li>\n<li>Normas de seguran\u00e7a: em conformidade com regulamentos internacionais de seguran\u00e7a dos materiais de contato com alimentos e drogas (como FDA, EC 1935 \/ 2004), seguros e n\u00e3o t\u00f3xicos.<\/li>\n<\/ul>\n<p>&nbsp;<\/p>\n<p>Ind\u00fastria e popula\u00e7\u00f5es recomendadas para uso<\/p>\n<p>&nbsp;<\/p>\n<p>A ind\u00fastria da beleza e do cuidado da pele<\/p>\n<p>&nbsp;<\/p>\n<ul>\n<li>Sra.: Perfeito para embalar grandes quantidades de leite corporal, lavagem corporal, m\u00e1scara de cabelo ou m\u00e1scara de sono. Os tons azuis claros transmitem um senso de freshness, limpeza e tranquilidade, e as verticales de \u00f3leo brilhantes acrescentam um toque de estilo, que satisfaz o duplo desejo das mulheres consumidoras de detalhes de design e pr\u00e1tica, especialmente para os exibidores de banho.<\/li>\n<li>Homens: Usar em uma combina\u00e7\u00e3o de homens&#8217; o shampoo especial e banho 2\/1 creme, creme tranquilizante p\u00f3s-exerc\u00edcio ou creme de alta capacidade. As linhas azuis simples e o design linear fazem um olhar profissional e refrescante, e a op\u00e7\u00e3o flip-cover \u00e9 especialmente adequada para acesso r\u00e1pido quando trabalha ou viaja.<\/li>\n<li>Crian\u00e7as: Azul claro \u00e9 uma cor cl\u00e1ssica amig\u00e1vel das crian\u00e7as e pode ser usada em uma combina\u00e7\u00e3o de crian\u00e7as&#8217; s banho de bolhas, grandes pacotes de prote\u00e7\u00e3o solar, ou um suave umidificador para compartilhar a fam\u00edlia. a aten\u00e7\u00e3o.<\/li>\n<\/ul>\n<p>&nbsp;<\/p>\n<p>A ind\u00fastria farmac\u00eautica de engrenagens<\/p>\n<p>&nbsp;<\/p>\n<ul>\n<li>Usado em grandes embalagens de cremes de massagem, gelas de refrigera\u00e7\u00e3o f\u00edsica, cremes de tranquiliza\u00e7\u00e3o para reabilita\u00e7\u00e3o esportiva ou cremes de cuidado aos p\u00e9s. O azul \u00e9 frequentemente associado a &#8220; cool&#8221;  and &#8220; tranquilizante,&#8221; E o brilhante design da banda de petr\u00f3leo faz com que o produto pare\u00e7a mais moderno e profissional, jogando abaixo o triste sentimento das cremas tradicionais.<\/li>\n<\/ul>\n<p>&nbsp;<\/p>\n<p>A ind\u00fastria de agentes de manuten\u00e7\u00e3o mec\u00e2nica<\/p>\n<p>&nbsp;<\/p>\n<ul>\n<li>Pode ser usado para a distribui\u00e7\u00e3o de lubrificantes de alta capacidade para fins gerais, cremas de manuten\u00e7\u00e3o marinha, ceras automobil\u00edsticas ou cremas de remo\u00e7\u00e3o de rosa. A capacidade de 230 g \u00e9 adequada para necessidades de uso moderado, a cor azul clara torna-a relativamente limpa em um ambiente industrial, e o design vertical tem algum efeito anti-deslizamento.<\/li>\n<\/ul>\n<p>&nbsp;<\/p>\n<p>Ind\u00fastria industrial de pigmentos qu\u00edmicos<\/p>\n<p>&nbsp;<\/p>\n<ul>\n<li>Usado em enchimentos em massa, adesivos para uso em massa, ou enchimentos industriais de uma cor espec\u00edfica. A alta capacidade \u00e9 adequada para opera\u00e7\u00f5es em pequena escala, e as marcas visuais formadas por faixas de petr\u00f3leo brilhantes tornam f\u00e1cil rapidamente identificar diferentes produtos em um armaz\u00e9m ou sala de trabalho.<\/li>\n<\/ul>\n<p>&nbsp;<\/p>\n<p>Caracter\u00edsticas do produto<\/p>\n<p>&nbsp;<\/p>\n<ol>\n<li>O design visual din\u00e2mico \u00fanico: A faixa vertical local de \u00f3leo brilhante quebra inovativamente a monotonia do corpo do tubo de cor puro, criando um efeito visual como o fluxo de luz, e a embalagem est\u00e1tica tem um sentimento din\u00e2mico, que \u00e9 extremamente diferencia\u00e7\u00e3o e modernidade da prateleira.<\/li>\n<li>Paquetes de utilidade de alta capacidade: A capacidade de 230 g\/ml est\u00e1 no &#8220; alta capacidade categoria em sub-tubos de viagem, tornando-o ideal para viagens de m\u00e9dio a longo prazo, compartilhamento de casa ou produtos de alto consumo, oferecendo excelente valor para dinheiro.<\/li>\n<li>Resist\u00eancia excelente de agarramento e glide: A linha vertical do \u00f3leo brilhante n\u00e3o s\u00f3 direciona visualmente a linha vertical, mas tamb\u00e9m proporciona uma ligeira diferencia\u00e7\u00e3o de toque e efeito de prote\u00e7\u00e3o de glide quando na verdade se mant\u00e9m, melhorando a experi\u00eancia de uso.<\/li>\n<li>Clareza da informa\u00e7\u00e3o e est\u00e9tica: impress\u00f5es de seda branca asseguram que o texto funcional \u00e9 claramente leit\u00edvel, enquanto linhas de petr\u00f3leo brilhantes decorativas existem independentemente e n\u00e3o interferem uns com os outros, alcan\u00e7ando uma camada de informa\u00e7\u00e3o clara.<\/li>\n<li>Forte e duradouro: o extremo reta aumenta a resist\u00eancia \u00e0 press\u00e3o do extremo do tubo; Material de PE para assegurar que o preenchimento de grande capacidade ainda pode ser bom rebound, n\u00e3o f\u00e1cil de explodir ou deformar.<\/li>\n<\/ol>","protected":false},"excerpt":{"rendered":"<p>Design corporal<\/p>\n<p>&nbsp;<\/p>\n<ul>\n<li>Nivel de cor e brilho: Um substrato de mat\u00e9 azul claro parejado com linhas verticales transparentes de alto brilho cria um contraste inteligente entre textura e brilho, aumentando a profundidade visual e refinamento da embalagem.<\/li>\n<li>Linha visual orientadora: A linha vertical que se estende de ambos os extremos para o centro produz um visual &#8220; converg\u00eancia  or &#8220; stretch&#8221; o efeito, fazendo o tubo parecer mais longo e mais liso.<\/li>\n<li>Compartimentaliza\u00e7\u00e3o funcional e est\u00e9tica: As principais \u00e1reas da frente e da frente s\u00e3o deixadas com descri\u00e7\u00f5es claras de texto branco (marca, nome do produto, ingredientes, etc.), enquanto as faixas decorativas s\u00e3o concentradas em \u00e1reas n\u00e3o-n\u00facleos para alcan\u00e7ar uma transmiss\u00e3o eficiente de informa\u00e7\u00e3o e uma express\u00e3o estilista forte.<\/li>\n<li>Mistura flex\u00edvel do sistema: A cor do screw electroplated\/flip cover pode ser escolhida de acordo com a marca&#8217; a cor principal, combinando com corpo de tubo azul claro e linhas de \u00f3leo brilhantes para criar um sistema visual moderno harmonioso ou de cor.<\/li>\n<\/ul>\n<p>&nbsp;<\/p>\n<p>Avantagens do produto<\/p>\n<ol>\n<li>Criar pontos de mem\u00f3ria visual fortes: A combina\u00e7\u00e3o de &#8220; corpo de tubo azul claro, \u00f3leo brilhante vertical \u00e9 \u00fanicamente projetado e f\u00e1cil de descrever, ajudando marcas a ser rapidamente lembradas e identificadas pelos consumidores em um mercado altamente competitivo.<\/li>\n<li>Comunicar modernidade e profissionalismo: A luz linear e a linguagem de design sombra s\u00e3o modernas e podem efetivamente melhorar uma marca&#8217; a imagem, tornando-a mais inovadora e profissional, especialmente atraente para os consumidores jovens e urbanos.<\/li>\n<li>Capacidade responde \u00e0 demanda profunda: Objetiva a lacuna de mercado para &#8220; viagem a m\u00e9dia e longa dist\u00e2ncia  and &#8220; suplementos familiares para proporcionar aos consumidores uma escolha mais econ\u00f4mica e duradoura do que roupa de viagem padr\u00e3o.<\/li>\n<li>Melhoria da qualidade percebida: A polifica\u00e7\u00e3o local \u00e9 um meio controlado pelo custo que pode melhorar consideravelmente a apar\u00eancia da embalagem, fazendo o produto parecer mais alto e mais sofisticado.<\/li>\n<li>Aceita\u00e7\u00e3o est\u00e9tica global: A cor azul \u00e9 reconhecida como uma cor popular em todo o mundo, representando confian\u00e7a, limpeza e tecnologia. O design simples e engenhoso se conforma com a est\u00e9tica moderna minimalista dos mercados principais da Europa, Estados Unidos, Jap\u00e3o e Coreia do Sul e \u00c1sia Pac\u00edfica.<\/li>\n<\/ol>\n<p>Xenarios de uso de produtos<\/p>\n<ul>\n<li>Viagens e explora\u00e7\u00f5es de m\u00e9dio a longo prazo: Para viagens, acampamentos ou expedi\u00e7\u00f5es que duram mais de uma semana, uma grande quantidade assegura fornecimentos adequados de produtos de lavagem, prote\u00e7\u00e3o solar ou cremes especializados sem ter que procurar suplementos a meio caminho.<\/li>\n<li>Compartilhar banheiro familiar: Usado como um fato compartilhado da fam\u00edlia para manter grandes quantidades de lavagem corporal, creme de m\u00e3o ou lot\u00e3o corporal no banheiro familiar, \u00e9 est\u00e9tico e pr\u00e1tico.<\/li>\n<li>Sacos de gin\u00e1sio e esporte sempre dispon\u00edveis: Os entusiastas deportivos podem armazenar cremes de massagem e gelos tranquilizantes em grande quantidade em um armaz\u00e9m de gin\u00e1sio ou saco de esporte, e o design de flap \u00e9 conveniente para uso r\u00e1pido ap\u00f3s exerc\u00edcio.<\/li>\n<li>Workshops e lugares de trabalho: Artistas, engenheiros ou entusiastas do DIY s\u00e3o usados para dispensar grandes quantidades de adesivos, pastas de manuten\u00e7\u00e3o ou pigmentos para satisfazer as necessidades de opera\u00e7\u00f5es de cria\u00e7\u00e3o ou manuten\u00e7\u00e3o cont\u00ednuas.<\/li>\n<li>Hotel e B &amp; - Anova\u00e7\u00f5es B: Hotels de alto n\u00edvel ou B &amp; A Bs pode ser embalada como bens de convidados, e sua grande capacidade e design refinado podem melhorar a experi\u00eancia de convidados e n\u00edvel de estabelecimento.<\/li>\n<\/ul>\n<p>&nbsp;<\/p>","protected":false},"featured_media":4068,"comment_status":"closed","ping_status":"closed","template":"","meta":[],"product_brand":[],"product_cat":[29,49],"product_tag":[],"class_list":{"0":"post-4061","1":"product","2":"type-product","3":"status-publish","4":"has-post-thumbnail","6":"product_cat-skin-care-plastic-tube","7":"product_cat-50-pe-plastic-tube","9":"first","10":"instock","11":"shipping-taxable","12":"purchasable","13":"product-type-simple"},"_links":{"self":[{"href":"https:\/\/www.hongyitube.com\/pt\/wp-json\/wp\/v2\/product\/4061","targetHints":{"allow":["GET"]}}],"collection":[{"href":"https:\/\/www.hongyitube.com\/pt\/wp-json\/wp\/v2\/product"}],"about":[{"href":"https:\/\/www.hongyitube.com\/pt\/wp-json\/wp\/v2\/types\/product"}],"replies":[{"embeddable":true,"href":"https:\/\/www.hongyitube.com\/pt\/wp-json\/wp\/v2\/comments?post=4061"}],"wp:featuredmedia":[{"embeddable":true,"href":"https:\/\/www.hongyitube.com\/pt\/wp-json\/wp\/v2\/media\/4068"}],"wp:attachment":[{"href":"https:\/\/www.hongyitube.com\/pt\/wp-json\/wp\/v2\/media?parent=4061"}],"wp:term":[{"taxonomy":"product_brand","embeddable":true,"href":"https:\/\/www.hongyitube.com\/pt\/wp-json\/wp\/v2\/product_brand?post=4061"},{"taxonomy":"product_cat","embeddable":true,"href":"https:\/\/www.hongyitube.com\/pt\/wp-json\/wp\/v2\/product_cat?post=4061"},{"taxonomy":"product_tag","embeddable":true,"href":"https:\/\/www.hongyitube.com\/pt\/wp-json\/wp\/v2\/product_tag?post=4061"}],"curies":[{"name":"wp","href":"https:\/\/api.w.org\/{rel}","templated":true}]}}