{"id":4050,"date":"2026-01-11T16:45:46","date_gmt":"2026-01-11T08:45:46","guid":{"rendered":"https:\/\/www.hongyitube.com\/?post_type=product&#038;p=4050"},"modified":"2026-01-11T16:45:46","modified_gmt":"2026-01-11T08:45:46","slug":"50mm-diameter-200g-ml-holiday-flair-multi-function-dispensing-soft-tube-hongyi-plastic","status":"publish","type":"product","link":"https:\/\/www.hongyitube.com\/pt\/product\/50mm-diameter-200g-ml-holiday-flair-multi-function-dispensing-soft-tube-hongyi-plastic\/","title":{"rendered":"Di\u00e2metro de 50 mm, 200g\/ml, Multi-Function Dispensing Soft Tube- Hongyi Plastic"},"content":{"rendered":"<p>Descri\u00e7\u00e3o do produto<\/p>\n<p>&nbsp;<\/p>\n<p>Este produto \u00e9 uma mangueira PE de alta qualidade com di\u00e2metro de 50 e capacidade de 145 g\/ml, projetada para a busca de est\u00e9tica natural e detalhes exquisitos da cena do consumidor. O corpo apresenta um verde rosa claro \u00fanicamente, misturando a suavidade do rosa com a freshness do verde para criar um sentimento visual calmo e curativo. A frente \u00e9 destacada com marca azul e ouro para sublinhar a identidade da marca, que mostra a luz e a qualidade luxuosa. No lado oposto, a informa\u00e7\u00e3o do produto \u00e9 claramente etiquetada com impress\u00f5es de seda branca para assegurar a pr\u00e1tica e a legibilidade. Os usu\u00e1rios podem escolher o cap\u00edtulo de maniquinho eletropl\u00e1tado com cor de inje\u00e7\u00e3o ou o cap\u00edtulo de um tamanho conveniente, ambos com um delicado brilho eletropl\u00e1tado. Um processo de embalagem direto e frontal confi\u00e1vel \u00e9 usado para garantir a selabilidade e disponibilidade de conte\u00fados. O design geral \u00e9 pequeno e leve, f\u00e1cil de carregar, material de PE flex\u00edvel para suportar extrus\u00e3o repetida sem deforma\u00e7\u00e3o, \u00e9 a escolha ideal para preencher todos os tipos de emuls\u00e3o de alta viscosidade, creme e agente de cuidado.<\/p>\n<p>&nbsp;<\/p>\n<p>&nbsp;<\/p>\n<p>Material do produto<\/p>\n<p>&nbsp;<\/p>\n<ul>\n<li>Material tubo corporal: polietileno de alta qualidade (PE), com excelente flexibilidade e estabilidade qu\u00edmica. O verde rosa claro \u00fanico \u00e9 produzido atrav\u00e9s da combina\u00e7\u00e3o de gr\u00e3os maternos de cor segura, com um tom uniforme e leve que cumpre padr\u00f5es est\u00e9ticos e de seguran\u00e7a.<\/li>\n<li>Decora\u00e7\u00e3o de artesanatos:<\/li>\n<li>Fronte: Usando um processo de impress\u00e3o aquecida ecol\u00f3gico, a camada azul e de metal de ouro est\u00e1 firmemente ligada, luxuosa em cor e resistente ao uso.<\/li>\n<li>O oposto: impress\u00e3o de tinta branca e ecol\u00f3gica, o texto claro e duradouro, e resistente ao arranho.<\/li>\n<li>Sele\u00e7\u00e3o de cobertura:<\/li>\n<li>Electroplatizando um tamp\u00e3o de parafuso de baixo n\u00edvel de dentes: material PP por tratamento de precis\u00e3o eletroplatizando, mostrando um lustro met\u00e1lico de espelho, h\u00e1 uma variedade de cor de fundo para inje\u00e7\u00e3o opcional, e cor perfeita do corpo do tubo.<\/li>\n<li>Uma cobertura eletropl\u00e1trica: Um design todo em um, abertura e abertura f\u00e1cil, prevenindo perda, e a superf\u00edcie eletropl\u00e1trica melhora o refinamento global.<\/li>\n<li>Normas de seguran\u00e7a: Compreendem plenamente com a FDA, a UE 10\/2011 e outros regulamentos internacionais de contato com materiais de alimentos e cosm\u00e9ticos, seguros e n\u00e3o t\u00f3xicos.<\/li>\n<\/ul>\n<p>&nbsp;<\/p>\n<p>&nbsp;<\/p>\n<p>Ind\u00fastria e popula\u00e7\u00f5es recomendadas para uso<\/p>\n<p>&nbsp;<\/p>\n<p>A ind\u00fastria da beleza e do cuidado da pele<\/p>\n<p>&nbsp;<\/p>\n<ul>\n<li>Sra.: Perfeito para plantas de embalagem extra\u00eddos \u00f3leos essenciais, cremes tranquilizantes, m\u00e1scaras de sono ou cremes de m\u00e3o de alto alcance. Rosa e verde luz transmitem emo\u00e7\u00f5es naturais, equilibradas e tranquilizantes, que precisamente encontram mulheres. os consumidores - persegui\u00e7\u00e3o de &#8220; beleza pura  and &#8220; cura sensorial tend\u00eancias. A impress\u00e3o azul e ouro adiciona um sentido necess\u00e1rio de luxo.<\/li>\n<li>Homens: Se voc\u00ea escolhe uma cobertura eletropl\u00e1tada em azul escuro, gris e negro, essa embalagem pode ser usada para separar homens&#8217; \u00e9 o creme para rasar e o umidificador para controlar o petr\u00f3leo. O tom rosa e verde fresco pode diluir a dureza do cuidado tradicional masculino e apelar aos homens modernos que valorizam a qualidade de seu estilo de vida e crescimento.<\/li>\n<li>Crian\u00e7as: A rosa leve em si tem uma mensagem psicol\u00f3gica segura e amig\u00e1vel e pode ser usada em combina\u00e7\u00f5es para crian\u00e7as&#8217; com humidificadores sens\u00edveis da pele, protetores solares tranquilizantes ou balmas de l\u00e1bios. O bom design tamb\u00e9m ganha o favor de pais conscientes de qualidade.<\/li>\n<\/ul>\n<p>&nbsp;<\/p>\n<p>A ind\u00fastria farmac\u00eautica de engrenagens<\/p>\n<p>&nbsp;<\/p>\n<ul>\n<li>Usado em pacotes de cremas de reflex\u00e3o vegetal com altos requisitos de apar\u00eancia (como mosquitos mordidos, cremas leves de escaldagem), gelos nasais ou gelos de assist\u00eancia ocular de alto n\u00edvel. Cores naturais e artesanato sofisticado podem efetivamente melhorar a qualidade do produto, diluir o sentimento m\u00e9dico e aumentar o conforto psicol\u00f3gico ao utilizar.<\/li>\n<\/ul>\n<p>&nbsp;<\/p>\n<p>A ind\u00fastria de agentes de manuten\u00e7\u00e3o mec\u00e2nica<\/p>\n<p>&nbsp;<\/p>\n<ul>\n<li>Aplica\u00e7\u00f5es s\u00e3o relativamente subdivididas, mas podem ser usadas para montar cremes de manuten\u00e7\u00e3o de cadeia de bicicletas de alto alcance, cremes de limpeza para instrumentos \u00f3pticos de precis\u00e3o ou agentes de cuidado de couro de alto alcance. Sua exquisita apar\u00eancia coincide com os itens de alto valor mantidos, melhorando a experi\u00eancia geral do usu\u00e1rio.<\/li>\n<\/ul>\n<p>&nbsp;<\/p>\n<p>Ind\u00fastria industrial de pigmentos qu\u00edmicos<\/p>\n<p>&nbsp;<\/p>\n<ul>\n<li>Pode ser usado para preencher pasta de cores espec\u00edfica, pasta de moldagem ou DIY manual com adesivo de prote\u00e7\u00e3o ambiental. A est\u00e9tica da cor da embalagem pode ressonar com a est\u00e9tica dos trabalhadores criativos.<\/li>\n<\/ul>\n<p>&nbsp;<\/p>\n<p>Caracter\u00edsticas do produto<\/p>\n<p>&nbsp;<\/p>\n<ol>\n<li>Cor \u00fanicamente afetiva: Verde rosa luz \u00e9 uma cor neutra, mais quente do que a vida, com um alto grau de eleg\u00e2ncia que fornece serenidade, natureza e refinamento ao mesmo tempo. \u00c9 \u00fanico em muitos embalagens e f\u00e1cil construir uma mem\u00f3ria de cores de marca.<\/li>\n<li>Multiple processes enhance value: A combination of &#8220; equipamentos de cores suaves \u00b7 marca\u00e7\u00e3o de metales de luxo \u00b7 acess\u00f3rios de brilho eletropl\u00e1tidos&#8221; cria n\u00edveis visuais e t\u00e1ctiles ricos em simplicidade, aumentando significativamente o valor percebido da embalagem.<\/li>\n<li>Excelente pr\u00e1tica: o di\u00e2metro de 50 tubos \u00e9 adequado para manejar e apertar; 145 g\/ml de capacidade atende \u00e0s necessidades de viagem a curto e m\u00e9dio prazo; O selo recto \u00e9 confi\u00e1vel; O corpo do tubo PE \u00e9 flex\u00edvel e anti-fadiga.<\/li>\n<li>Op\u00e7\u00f5es flex\u00edveis de experi\u00eancia do usu\u00e1rio: S\u00e3o dispon\u00edveis duas op\u00e7\u00f5es: uma capa rotante (extremamente selada) e uma capa rotante (extrema conveni\u00eancia) para atender diferentes casos de uso e prefer\u00eancias do consumidor.<\/li>\n<li>Os conte\u00fados s\u00e3o amplamente adequados: um di\u00e2metro moderado e flexibilidade o permitem montar adequadamente uma vasta gama de produtos de liquidos de luz e finos a l\u00edquidos de densidade m\u00e9dia.<\/li>\n<\/ol>\n<p>&nbsp;<\/p>\n<p>&nbsp;<\/p>","protected":false},"excerpt":{"rendered":"<p>Design corporal<\/p>\n<p>&nbsp;<\/p>\n<ul>\n<li>Aplica\u00e7\u00e3o da psicologia de cores: Rosa clara e verde como a cor principal estabelece um tom leve, natural, de alto n\u00edvel para o produto com uma ampla gama de inclus\u00f5es de g\u00eanero e idade.<\/li>\n<li>Elegante disposi\u00e7\u00e3o visual prim\u00e1ria: selos azuis e ouros na frente atuam como foco visual, atraindo fortemente a aten\u00e7\u00e3o e construindo um senso de autoridade da marca; A impress\u00e3o de seda branca no contr\u00e1rio assegura que toda a informa\u00e7\u00e3o necess\u00e1ria \u00e9 transmitida claramente e com baixa voz, alcan\u00e7ando um equil\u00edbrio de est\u00e9tica e fun\u00e7\u00f5es.<\/li>\n<li>Design de acess\u00f3rios integrados: A l\u00e2mpada ou l\u00e2mpada eletropl\u00e1tada n\u00e3o apenas fornece fechamento funcional, seu lustro de metal e a frente de selagem formam uma resposta material, criando conjuntamente um sistema visual leve coordenado.<\/li>\n<li>Estrutura humanizada: o tamanho do corpo \u00e9 otimizado para tornar f\u00e1cil de carregar e carregar; As latas frontais s\u00e3o projetadas para reduzir res\u00edduos; As focas rectangulares aumentam a durabilidade da cauda do tubo.<\/li>\n<\/ul>\n<p>&nbsp;<\/p>\n<p>Avantagens do produto<\/p>\n<p>&nbsp;<\/p>\n<ol>\n<li>Estabelecer uma separa\u00e7\u00e3o distinta das marcas: Uma linha verde p\u00e1lida e verde distinta, que \u00e9 rara no mercado, pode ajudar as marcas a estabelecer rapidamente sua identidade visual e se afastar da concorr\u00eancia homog\u00eanea.<\/li>\n<li>A perfeita fus\u00e3o de &#8220; natureza  and &#8220; sofistica\u00e7\u00e3o : ao mesmo tempo, ela encontra os consumidores&#8217; expectativas de &#8220; naturalmente suave ingredientes de produtos e requisitos de &#8220; embalagens sofisticadas e de alto grau,&#8221; especialmente para a posi\u00e7\u00e3o do mercado de meio a alto n\u00edvel.<\/li>\n<li>Muito em conson\u00e2ncia com a tend\u00eancia global de sustentabilidade e bem-estar: cores naturais e frescas e materiais de PE reciclables, em conson\u00e2ncia com a busca de prote\u00e7\u00e3o ambiental e estilo de vida saud\u00e1vel dos consumidores na Europa e nos Estados Unidos.<\/li>\n<li>Melhor a abertura e utiliza\u00e7\u00e3o da experi\u00eancia: Belo detalhe, de visual a t\u00e1ctil, cria uma experi\u00eancia agrad\u00e1vel de abertura e uso, melhora o reconhecimento das marcas e facilita a compartilhamento social.<\/li>\n<li>Adaptabilidade flex\u00edvel da cadeia de abastecimento: tubos padr\u00e3o se encaixam com formas opcionais de tampa e cores de cobertura, fornecendo marcas com uma riqueza de carteiras para adaptar suas prefer\u00eancias em diferentes linhas de produtos ou mercados regionais.<\/li>\n<\/ol>\n<p>&nbsp;<\/p>\n<p>Xenarios de uso de produtos<\/p>\n<p>&nbsp;<\/p>\n<ul>\n<li>Viagens de luz urbanas e fugas de fim de semana: embalagem uma gama completa de produtos de cuidado da pele passo a passo para viagens curtas. A embalagem sofisticada melhora o ritual e o prazer da viagem inteira, complementando o ambiente do hotel.<\/li>\n<li>Gifts de alto n\u00edvel e Member Giveaways: Como um item correspondente numa caixa de presente marcada ou um membro de alto n\u00edvel dador, a cor \u00fanica e artesanato do presente aumentam significativamente o valor global e a surpresa do presente.<\/li>\n<li>Viagem di\u00e1ria e armazenamento de escrit\u00f3rio: Almacenar cremas de m\u00e3o, balm a de l\u00e1bio ou cremas de olhos em gavetas de escrit\u00f3rio, e projetos elegantes se tornam uma adi\u00e7\u00e3o moda \u00e0 mesa, combinando cuidado \u00edntimo com mostra\u00e7\u00e3o de gosto.<\/li>\n<li>Sal\u00f5es profissionais e experi\u00eancias de venda ao retalho de alto n\u00edvel: Usadas como roupa de convidados ou roupa experimental em sal\u00f5es de beleza, spas ou compradores&#8217; - lojas, a apar\u00eancia refor\u00e7a a marca \u00e9 uma imagem profissional e de alto n\u00edvel.<\/li>\n<li>Momentos de Aten\u00e7\u00e3o Especial: Para os produtos de embalagem por momentos importantes como ser\u00f5es de restaura\u00e7\u00e3o nocturna, cremas intensivas antes do casamento, e mais, a bela embalagem faz o pr\u00f3prio processo de cuidado um prazer.<\/li>\n<\/ul>\n<p>&nbsp;<\/p>\n<p>O produto criou com sucesso uma solu\u00e7\u00e3o de embalagem que combina est\u00e9tica natural, luxo e pr\u00e1tica atrav\u00e9s de rosas p\u00e1lidas calibradas cuidadosamente, uma combina\u00e7\u00e3o camada de artesanato e escolhas funcionais flex\u00edveis. Responde precisamente \u00e0 crescente demand a do mercado mundial, especialmente o mercado de consumidores maduros, por valor emocional embalado, experi\u00eancia sensorial e conceitos sustent\u00e1veis, e \u00e9 um poderoso ve\u00edculo para as marcas entrarem em categorias de cuidados pessoais de meio a alto n\u00edvel e de estilo de vida saud\u00e1vel.<\/p>","protected":false},"featured_media":4052,"comment_status":"closed","ping_status":"closed","template":"","meta":[],"product_brand":[],"product_cat":[29,49],"product_tag":[],"class_list":{"0":"post-4050","1":"product","2":"type-product","3":"status-publish","4":"has-post-thumbnail","6":"product_cat-skin-care-plastic-tube","7":"product_cat-50-pe-plastic-tube","9":"first","10":"instock","11":"shipping-taxable","12":"purchasable","13":"product-type-simple"},"_links":{"self":[{"href":"https:\/\/www.hongyitube.com\/pt\/wp-json\/wp\/v2\/product\/4050","targetHints":{"allow":["GET"]}}],"collection":[{"href":"https:\/\/www.hongyitube.com\/pt\/wp-json\/wp\/v2\/product"}],"about":[{"href":"https:\/\/www.hongyitube.com\/pt\/wp-json\/wp\/v2\/types\/product"}],"replies":[{"embeddable":true,"href":"https:\/\/www.hongyitube.com\/pt\/wp-json\/wp\/v2\/comments?post=4050"}],"wp:featuredmedia":[{"embeddable":true,"href":"https:\/\/www.hongyitube.com\/pt\/wp-json\/wp\/v2\/media\/4052"}],"wp:attachment":[{"href":"https:\/\/www.hongyitube.com\/pt\/wp-json\/wp\/v2\/media?parent=4050"}],"wp:term":[{"taxonomy":"product_brand","embeddable":true,"href":"https:\/\/www.hongyitube.com\/pt\/wp-json\/wp\/v2\/product_brand?post=4050"},{"taxonomy":"product_cat","embeddable":true,"href":"https:\/\/www.hongyitube.com\/pt\/wp-json\/wp\/v2\/product_cat?post=4050"},{"taxonomy":"product_tag","embeddable":true,"href":"https:\/\/www.hongyitube.com\/pt\/wp-json\/wp\/v2\/product_tag?post=4050"}],"curies":[{"name":"wp","href":"https:\/\/api.w.org\/{rel}","templated":true}]}}