{"id":3997,"date":"2026-01-10T15:24:14","date_gmt":"2026-01-10T07:24:14","guid":{"rendered":"https:\/\/www.hongyitube.com\/?post_type=product&#038;p=3997"},"modified":"2026-01-10T15:24:14","modified_gmt":"2026-01-10T07:24:14","slug":"45mm-diameter-150-grams-ml-capacity-blue-cartoon-themed-label-paper-pe-soft-tube-packaging-container-hongyi-plastic","status":"publish","type":"product","link":"https:\/\/www.hongyitube.com\/pt\/product\/45mm-diameter-150-grams-ml-capacity-blue-cartoon-themed-label-paper-pe-soft-tube-packaging-container-hongyi-plastic\/","title":{"rendered":"Di\u00e2metro de 45 mm, capacidade de 150 gramas\/ml, papel azul de etiqueta com tema de cart\u00f5es, recipiente de embalagem de tubos moles PE- Hongyi Plastic"},"content":{"rendered":"<p>Descri\u00e7\u00e3o do produto<\/p>\n<p>Este produto \u00e9 um recipiente especial de mangueiras PE projetado para o cen\u00e1rio de consumo que se foca na combina\u00e7\u00e3o de divertimento e pr\u00e1tica. O corpo do tubo usa um di\u00e2metro de 45 tubos, uma capacidade de 150 g\/ml, e um substrato branco puro semelhante a uma tela. Seu design central consiste na aplica\u00e7\u00e3o de um padr\u00e3o de desenho azul vivo ao adesivo, e o &#8220; adesivo para o fim o processo para garantir que a etiqueta seja suave e segura. Os usu\u00e1rios podem escolher um flap de cor est\u00eancil ou um flap de um tamanho mais conveniente. A tecnologia confi\u00e1vel de embalagem direta e frontal \u00e9 usada para assegurar a selabilidade e efici\u00eancia do produto. O design global \u00e9 pequeno e longo, ligeiro e f\u00e1cil de carregar com voc\u00eas. Material flex\u00edvel de PE assegura extrus\u00e3o repetida sem deforma\u00e7\u00e3o, ideal para dispensa\u00e7\u00e3o segura de todos os tipos de emuls\u00f5es, pastas e adesivos leves.<\/p>\n<p>Material do produto<\/p>\n<ul>\n<li>Material tubo corporal: polietileno branco de alta qualidade (PE), cor pura, fornece o fundo perfeito para o r\u00f3tulo com alto contraste, assegurando que o padr\u00e3o \u00e9 claro e brilhante. O material \u00e9 seguro, flex\u00edvel e tem boa estabilidade qu\u00edmica.<\/li>\n<li>Processo de etiquetagem: usando uma placa de cobre brilhante ou um material sint\u00e9tico para imprimir um padr\u00e3o de desenhos de linha azul de alta precis\u00e3o. The &#8220; papel a fim o processo coloca cuidadosamente a borda do r\u00f3tulo na soldagem final do tubo, melhorando consideravelmente a durabilidade e a sensa\u00e7\u00e3o geral.<\/li>\n<li>Sele\u00e7\u00e3o de cobertura:<\/li>\n<li>Tapa de parafuso de baixo dente: moldura de inje\u00e7\u00e3o PP, uma variedade de cores dispon\u00edveis, cl\u00e1ssica e confi\u00e1vel.<\/li>\n<li>Aplausos: Aplausos integrados de PP, abertura e fechamento mais r\u00e1pido, anti-perda, especialmente adequados para cen\u00e1rios de opera\u00e7\u00e3o de uma m\u00e3o.<\/li>\n<li>Normas de seguran\u00e7a: em conformidade com normas internacionais de seguran\u00e7a dos materiais de embalagem de alimentos e cosm\u00e9ticos (como FDA, regulamentos da UE), n\u00e3o t\u00f3xicos e sem gosto.<\/li>\n<\/ul>\n<p>Ind\u00fastria e popula\u00e7\u00f5es recomendadas para uso<\/p>\n<p>A ind\u00fastria da beleza e do cuidado da pele<\/p>\n<ul>\n<li>Senhoras: \u00c9 \u00e9 adequado para usar um pano divertido, creme corporal, banho de bolhas ou uma funda\u00e7\u00e3o de cor articulada. Esquemas de cores azuis e brancos frescos e padr\u00f5es de desenhos trazem uma experi\u00eancia relaxante e agrad\u00e1vel que apela \u00e0s jovens mulheres que est\u00e3o procurando desenhos bonitos e curadores.<\/li>\n<li>Homens: Se o padr\u00e3o de desenhos \u00e9 simples, engra\u00e7ado ou tecnol\u00f3gicamente inspirado, pode ser usado para embalar homens s gel de refrescamento da pele e refrigerantes esportivos. O design da capa de invers\u00e3o \u00e9 especialmente adequado para acesso r\u00e1pido para homens de aptid\u00e3o.<\/li>\n<li>Crian\u00e7as: O grupo-alvo central deste design. Perfeito para espalhar crian\u00e7as \u00e9 shamp\u00f3, prote\u00e7\u00e3o solar, umidificador ou repelente de mosquito s. Os desenhos amig\u00e1veis podem aliviar efetivamente as crian\u00e7as \u00e9 resist\u00eancia ao cuidado e incentivar o uso ativo.<\/li>\n<\/ul>\n<p>A ind\u00fastria farmac\u00eautica de engrenagens<\/p>\n<ul>\n<li>Adequado para crian\u00e7as s ing\u00eancias t\u00f3picas (como creme de quadril, creme de cuidado de eczema leve), band as de caricatura ou creme de vitamina E. Embalagem amig\u00e1vel pode reduzir as crian\u00e7as tem medo de medicamentos e aumenta a ades\u00e3o aos medicamentos.<\/li>\n<\/ul>\n<p>A ind\u00fastria de agentes de manuten\u00e7\u00e3o mec\u00e2nica<\/p>\n<ul>\n<li>A aplica\u00e7\u00e3o \u00e9 relativamente limitada, mas pode ser usada para repackagar a ferramenta home DIY conjunta no agente lubrificante ou paste de limpeza, para simplificar o sentido profissional na forma de desenhos, atraindo usu\u00e1rios domiciliares ou iniciantes.<\/li>\n<\/ul>\n<p>Ind\u00fastria industrial de pigmentos qu\u00edmicos<\/p>\n<ul>\n<li>Pode ser usado na divis\u00e3o das crian\u00e7as com pigmentos de cor de \u00e1gua seguros, gelatina manuais ou ing\u00eancias cient\u00edficas experimentais educativas. A embalagem \u00e9 parte de estimular crian\u00e7as. s \u00e3o interesses criativos.<\/li>\n<\/ul>\n<p>Caracter\u00edsticas do produto<\/p>\n<ol>\n<li>Conex\u00e3o emocional forte: As ilustra\u00e7\u00f5es de desenhos azuis transmitem diretamente o valor emocional de ser amig\u00e1vel, seguro e divertido, especialmente atraente para crian\u00e7as e consumidores adultos com uma crian\u00e7a&#8217; o cora\u00e7\u00e3o.<\/li>\n<li>Durabilidade da etiqueta superior: O &#8220; papel a fim o processo aborda as margens comuns de produtos etiquetados, permitindo que elas resistam \u00e0s margens de viagem e uso frequente e mant\u00eam sua est\u00e9tica.<\/li>\n<li>Op\u00e7\u00f5es flex\u00edveis de fechamento: S\u00e3o dispon\u00edveis duas op\u00e7\u00f5es para rodar e invertir coberturas para satisfazer diferentes h\u00e1bitos de uso (a cobertura girante \u00e9 mais selada e a cobertura girante \u00e9 mais f\u00e1cil de usar).<\/li>\n<li>Perfeito pr\u00e1tico excelente: 150 g\/ml de capacidade \u00e9 pr\u00e1tica; O selo rectangular \u00e9 bom; As latas frontais reduzem os res\u00edduos; O corpo do tubo PE \u00e9 flex\u00edvel e anti-fadiga.<\/li>\n<li>Grande apelo na prateleira: Em muitas embalagens simples ou monocromas, desenhos claros rapidamente atraem a aten\u00e7\u00e3o dos consumidores, especialmente nas crian\u00e7as&#8217; sec\u00e7\u00f5es de supermercados internacionais ou farmac\u00eauticas.<\/li>\n<\/ol>","protected":false},"excerpt":{"rendered":"<ul>\n<li>Cor e L\u00edngua Gr\u00e1fica: A combina\u00e7\u00e3o de branco e azul \u00e9 fresca e brilhante, e padr\u00f5es de desenhos s\u00e3o o centro absoluto de vis\u00e3o e emo\u00e7\u00e3o, claramente definindo atributos de produto (por exemplo, crian\u00e7a, divertido, gentil).<\/li>\n<li>Design estrutural integrado: O &#8220; adesivo no final Reflete a fineza do processo de fabrica\u00e7\u00e3o, tornando a etiquetagem t\u00e3o suave como a impress\u00e3o. Os tubos longos s\u00e3o mais f\u00e1ceis para as crian\u00e7as.<\/li>\n<li>Design humanizado de cobertura:<\/li>\n<li>Flip Cover: Sublinha a conveni\u00eancia e o r\u00e1pido ritmo, e \u00e9 adequado para situa\u00e7\u00f5es em que o conte\u00fado precisa ser frequentemente recuperado.<\/li>\n<li>Capas espirais coloridas: Voc\u00ea pode adicionar uma camada de design combinando cores com temas de desenhos (como usar capas azuis), ou criando cores correspondentes.<\/li>\n<li>Comunica\u00e7\u00e3o clara de informa\u00e7\u00e3o: Etiquetas de cart\u00e3o podem ser ingeniosamente incorporadas em nomes de produtos, descri\u00e7\u00f5es breves ou sinais de seguran\u00e7a para tornar a mensagem mais suave e aceit\u00e1vel.<\/li>\n<\/ul>\n<p>Avantagens do produto<\/p>\n<ol>\n<li>Objetivo do mercado das crian\u00e7as e da fam\u00edlia: Design atende diretamente \u00e0 demand a global dos pais para comprar produtos de embalagem seguros e amig\u00e1veis para seus filhos, e \u00e9 uma ferramenta poderosa para expandir a linha de cuidado das crian\u00e7as.<\/li>\n<li>Solu\u00e7\u00f5es de personaliza\u00e7\u00e3o de marcas eficazes em custo: Comparado com impress\u00e3o corporal complexa, o processo de etiquetagem pode alcan\u00e7ar personaliza\u00e7\u00e3o colorida e viva de padr\u00e3o com menores quantidades de ordem e custos, adequada para assinatura IP articular ou desenvolvimento em s\u00e9rie.<\/li>\n<li>Aumentar o prazer e compartilhar: embalagens bonitas e divertidas podem aumentar significativamente o ritual e o prazer do cuidado di\u00e1rio, encorajando os usu\u00e1rios a compartilhar na m\u00eddia social (por exemplo Instagram, TikTok) para formar circula\u00e7\u00e3o secund\u00e1ria.<\/li>\n<li>Tanto durabilidade quanto est\u00e9tica: o &#8220; imprimir at\u00e9 terminar o processo assegura uma apar\u00eancia consistente do produto ao longo de seu ciclo de vida, resolvendo a contradi\u00e7\u00e3o entre est\u00e9tica e pr\u00e1tica.<\/li>\n<li>Em conson\u00e2ncia com a seguran\u00e7a global e a consci\u00eancia ambiental: o material PE pode ser reciclado, branco e azul s\u00e3o geralmente associados a &#8220; limpo  and &#8220; seguro,&#8221; em conson\u00e2ncia com as potenciais expectativas psicol\u00f3gicas dos consumidores estrangeiros em embalagens de produtos.<\/li>\n<\/ol>\n<p>Xenarios de uso de produtos<\/p>\n<ul>\n<li>Viagem entre fam\u00edlias e crian\u00e7as: Cada membro da fam\u00edlia, especialmente crian\u00e7as, recebe produtos de limpeza separados. Os padr\u00f5es de cart\u00f5es tornam mais f\u00e1cil para as crian\u00e7as identificar seus itens, adicionando ao divertimento da viagem.<\/li>\n<li>Crian\u00e7as s rituais de cuidado di\u00e1rio: tornar-se uma rotina em uma crian\u00e7a de lavagem ou num saco de escola. Usar creme de m\u00e3o ap\u00f3s lavar a m\u00e3o diariamente, prote\u00e7\u00e3o solar antes da escola, etc. para desenvolver crian\u00e7as os h\u00e1bitos de autocuidado.<\/li>\n<li>Cade\u00e7os e sacos de festa: cheios de surpresa e cuidado como retorno a uma crian\u00e7a a festa de anivers\u00e1rio, um saco de f\u00e9rias ou uma entrega para uma cl\u00ednica pedi\u00e1trica.<\/li>\n<li>Escolas e jardins de inf\u00e2ncia: Crian\u00e7as os saneamentos de m\u00e3o, colas de seguran\u00e7a ou cremes de pele usados em embalagens compartilhados s \u00e3o geridos uniformemente por professores e s\u00e3o mais populares com crian\u00e7a s com um olhar amig\u00e1vel.<\/li>\n<li>Vendas de amostras e ensaios: marcas usam para criar ensaios altamente atrativos de crian\u00e7as os produtos que s \u00e3o distribu\u00eddos em centros comerciais, programas de m\u00e3e e beb\u00ea ou promo\u00e7\u00f5es online para atrair efetivamente clientes dom\u00e9sticos alvo.<\/li>\n<\/ul>\n<p>Com a combina\u00e7\u00e3o cl\u00e1ssica de &#8220; tela branca, desenho azul, Este produto injeta com sucesso um design emocional em uma embalagem pr\u00e1tica. N\u00e3o \u00e9 apenas um recipiente, mas tamb\u00e9m uma ponte para se comunicar com crian\u00e7as e um meio para adultos encontrar tempo para se relaxar. Seu design atende exatamente aos requisitos abrangentes do mercado global de embalagens. s valor emocional, durabilidade pr\u00e1tica, seguran\u00e7a e prote\u00e7\u00e3o ambiental, e \u00e9 um ve\u00edculo de alta qualidade para expandir o dom\u00e9stico e as crian\u00e7as&#8217; o mercado de consumo.<\/p>","protected":false},"featured_media":3999,"comment_status":"closed","ping_status":"closed","template":"","meta":[],"product_brand":[],"product_cat":[29,48],"product_tag":[],"class_list":{"0":"post-3997","1":"product","2":"type-product","3":"status-publish","4":"has-post-thumbnail","6":"product_cat-skin-care-plastic-tube","7":"product_cat-45-pe-plastic-tube","9":"first","10":"instock","11":"shipping-taxable","12":"purchasable","13":"product-type-simple"},"_links":{"self":[{"href":"https:\/\/www.hongyitube.com\/pt\/wp-json\/wp\/v2\/product\/3997","targetHints":{"allow":["GET"]}}],"collection":[{"href":"https:\/\/www.hongyitube.com\/pt\/wp-json\/wp\/v2\/product"}],"about":[{"href":"https:\/\/www.hongyitube.com\/pt\/wp-json\/wp\/v2\/types\/product"}],"replies":[{"embeddable":true,"href":"https:\/\/www.hongyitube.com\/pt\/wp-json\/wp\/v2\/comments?post=3997"}],"wp:featuredmedia":[{"embeddable":true,"href":"https:\/\/www.hongyitube.com\/pt\/wp-json\/wp\/v2\/media\/3999"}],"wp:attachment":[{"href":"https:\/\/www.hongyitube.com\/pt\/wp-json\/wp\/v2\/media?parent=3997"}],"wp:term":[{"taxonomy":"product_brand","embeddable":true,"href":"https:\/\/www.hongyitube.com\/pt\/wp-json\/wp\/v2\/product_brand?post=3997"},{"taxonomy":"product_cat","embeddable":true,"href":"https:\/\/www.hongyitube.com\/pt\/wp-json\/wp\/v2\/product_cat?post=3997"},{"taxonomy":"product_tag","embeddable":true,"href":"https:\/\/www.hongyitube.com\/pt\/wp-json\/wp\/v2\/product_tag?post=3997"}],"curies":[{"name":"wp","href":"https:\/\/api.w.org\/{rel}","templated":true}]}}