{"id":3986,"date":"2026-01-10T15:00:48","date_gmt":"2026-01-10T07:00:48","guid":{"rendered":"https:\/\/www.hongyitube.com\/?post_type=product&#038;p=3986"},"modified":"2026-01-10T15:00:48","modified_gmt":"2026-01-10T07:00:48","slug":"45mm-diameter-160-grams-ml-capacity-red-label-high-density-pe-soft-tube-packaging-material-container-bottlel-hongyi-plastic","status":"publish","type":"product","link":"https:\/\/www.hongyitube.com\/pt\/product\/45mm-diameter-160-grams-ml-capacity-red-label-high-density-pe-soft-tube-packaging-material-container-bottlel-hongyi-plastic\/","title":{"rendered":"Di\u00e2metro de 45 mm, capacidade de 160 gramas\/ml, etiqueta vermelha, embalagem de tubos moles de alta densidade PE\/recipiente\/garrafa. - Hongyi Plastic"},"content":{"rendered":"<p>Descri\u00e7\u00e3o do produto para um di\u00e2metro de 45 mm, capacidade de 160 gramas\/ml, material de embalagem\/recipiente\/garrafa de tubos moles de PE de alta densidade, rotulado vermelho:<\/p>\n<p>Este produto \u00e9 um tubo cl\u00e1ssico, pr\u00e1tico e eficiente de dispens\u00e3o de tipo padr\u00e3o. O corpo do tubo \u00e9 feito de material PE de alta densidade com um di\u00e2metro de 45 mm e uma capacidade de 160 gramas por mililitro. Ela apresenta uma cor vermelha vibrante como a cor de base do tubo. O efeito visual global \u00e9 impressionante e poderoso. O corpo do tubo \u00e9 adornado com t\u00e9cnicas de aplica\u00e7\u00e3o de r\u00f3tulos de alta qualidade, e os r\u00f3tulos podem ser altamente personalizados. - Uma \u201cetiqueta no final\u201d de tratamento fino \u00e9 implementada para garantir que as bordas da etiqueta sejam seguras e n\u00e3o levantam. \u00c9 parejado com um tamp\u00e3o vermelho de baixo perfil que corresponde \u00e0 cor do tubo, criando uma apar\u00eancia global unificada e harmoniosa. O uso de um fim de fechamento com parede reta garante tens\u00e3o a \u00e9rea, enquanto o design de embalagem da frente garante que o conte\u00fado pode ser plenamente utilizado. O design compacto e ligeiro do produto torna f\u00e1cil de carregar. O material PE \u00e9 flex\u00edvel, resistente \u00e0 fadiga, e pode resistir a aperta\u00e7\u00e3o repetida sem deforma\u00e7\u00e3o. \u00c9 uma escolha ideal para dispensar v\u00e1rios tipos de lot\u00f5es de espessura m\u00e9dia, cremas e adesivos.<\/p>\n<p><strong><b>O material de produto para <\/b><\/strong>Di\u00e2metro de 45 mm, capacidade de 160 gramas\/ml, etiqueta vermelha, embalagem de tubos moles de alta densidade PE\/recipiente\/garrafa:<\/p>\n<ul>\n<li>Material corporal: Polietileno de alta densidade (HDPE\/PE). Ela possui excelente rigidez, resist\u00eancia qu\u00edmica e propriedades de barreiras. A reprodu\u00e7\u00e3o de cores \u00e9 excelente, e a cor de base vermelha \u00e9 uniforme e duradoura.<\/li>\n<li>Processo de rotulagem: Utiliza folhas de rotulagem de papel ou material sint\u00e9tico revestido de cobre impresso de alta precis\u00e3o, que podem ser laminados para aumentar a resist\u00eancia \u00e0 \u00e1gua e a abra\u00e7\u00e3o. O processo de \"rotulagem de papel incorporado no final\" incorpora a cauda da rotulagem dentro da dobra do tubo, melhorando significativamente a durabilidade.<\/li>\n<li>Cap Material: Uma capa pl\u00e1stica de baixo perfil feita de polipropileno (PP) que corresponde \u00e0 cor do corpo do tubo. Tem excelentes propriedades de selagem e um sentimento suave quando aberto e fechado.<\/li>\n<li>Seguran\u00e7a e Complian\u00e7a: O material cumpre os padr\u00f5es internacionais de contato com alimentos e materiais farmac\u00eauticos (como os estabelecidos pela FDA). \u00c9 seguro e n\u00e3o t\u00f3xico.<\/li>\n<\/ul>\n<p><strong><b>Aplica\u00e7\u00f5es recomendadas <\/b><\/strong>\"<\/p>\n<p>Utiliza\u00e7\u00e3o recomendada para di\u00e2metro de 45 mm, capacidade de 160 gramas\/ml, rotulagem vermelha, embalagem de tubos moles de alta densidade PE\/recipiente\/garrafa.<\/p>\n<p>A ind\u00fastria da beleza e da pele.<\/p>\n<ul>\n<li>Senhora: Adequado para dispensar creme de m\u00e3o, lot\u00e3o corporal, creme pr\u00e9-maquilhagem, ou cosm\u00e9ticos brilhantemente coloridos (como base de labirintos). O corpo do tubo vermelho exude energia e paix\u00e3o, e o r\u00f3tulo pode apresentar o logotipo da marca ou padr\u00f5es rom\u00e2nticos, atraindo os consumidores femininos.<\/li>\n<li>Para homens: Adequado para embalagem cremes tranquilizantes com temas esportivos, limpezas faciais ou gelos de estilo de cabelo. A cor vermelha simboliza energia e paix\u00e3o, alinhando-se com a posi\u00e7\u00e3o funcional dos produtos de cultivo masculino. O r\u00f3tulo pode transmitir uma imagem de marca simples e din\u00e2mica.<\/li>\n<li>Produtos para Crian\u00e7as: Adequado para embalagem bal\u00f5es leves de l\u00e1bios ou lavagem corporal de pequeno tamanho para crian\u00e7as. A cor vermelha brilhante \u00e9 f\u00e1cil de identificar, e a combina\u00e7\u00e3o de um r\u00f3tulo com tema de desenhos ir\u00e1 apelar \u00e0s crian\u00e7as.<\/li>\n<\/ul>\n<p>Ind\u00fastria farmac\u00eautica de pomadas.<\/p>\n<ul>\n<li>Adequado para a administra\u00e7\u00e3o de ingr\u00e9deas analg\u00e9sicas t\u00f3picas e anti-inflamat\u00f3rias, relaxantes musculares ou cremes de cuidado dos p\u00e9s. O vermelho \u00e9 frequentemente usado para transmitir associa\u00e7\u00f5es com \u201cefeitos poderosos\u201d, \u201ccalor\u201d, ou \u201caumento da circula\u00e7\u00e3o\u201d. O r\u00f3tulo pode claramente imprimir instru\u00e7\u00f5es de uso e uma list a de ingredientes.<\/li>\n<\/ul>\n<p>&nbsp;<\/p>\n<p>A ind\u00fastria de agentes de manuten\u00e7\u00e3o mec\u00e2nica.<\/p>\n<ul>\n<li>Ideal para embalagem lubrificantes de prop\u00f3sito geral, pastas de prote\u00e7\u00e3o de metal, pastas de limpeza multifuncionais, etc. O corpo do tubo vermelho est\u00e1 atraindo os olhos, tornando f\u00e1cil localizar rapidamente numa caixa de ferramentas. Os r\u00f3tulos podem fornecer especifica\u00e7\u00f5es t\u00e9cnicas detalhadas e avisos de seguran\u00e7a.<\/li>\n<\/ul>\n<p>A ind\u00fastria industrial de pigmentos qu\u00edmicos.<\/p>\n<ul>\n<li>Os recipientes podem ser usados para embalar pigmentos relacionados ao vermelho, intermedi\u00e1rios de tintura, adesivos espec\u00edficos ou materiais de preenchimento. A cor do corpo do tubo cria uma conex\u00e3o visual com o conte\u00fado, e os r\u00f3tulos facilitam a marca\u00e7\u00e3o dos n\u00fameros dos produtos, c\u00f3digos de lotes e informa\u00e7\u00f5es de seguran\u00e7a.<\/li>\n<\/ul>\n<p>&nbsp;<\/p>\n<h3>1. <strong><b>Atributos do produto\u00a0<\/b><\/strong><\/h3>\n<p>Caracter\u00edsticas do di\u00e2metro de 45mm, capacidade de 160 gramas\/ml, rotulagem vermelha, embalagem de tubos moles de alta densidade PE\/recipiente\/garrafa<\/p>\n<ol>\n<li>Expressividade de rotulagem excepcional: O processo de rotulagem de papel sustenta projetos gr\u00e1ficos complexos e de cor completa, possibilitando efeitos de padr\u00e3o de qualidade fotogr\u00e1fica. Isso proporciona amplo espa\u00e7o para mostrar marcas e forte impacto visual.<\/li>\n<li>Tecnologia de rotulagem duradoura: O design de \"cart\u00e3o de rotulagem integra-se no final\" aborda as quest\u00f5es comuns da rotulagem tradicional, como facilmente curlar bordas e ser propenso a cortar. Isto \u00e9 particularmente adequado para cen\u00e1rios em que as rotulagens precisam ser frequentemente transportadas e usadas.<\/li>\n<li>Alto valor para dinheiro e flexibilidade: Comparado \u00e0 impress\u00e3o direta, o processo de rotulagem oferece vantagens de custo em pequenos lotes, ordens diversas, permitindo uma produ\u00e7\u00e3o r\u00e1pida de amostras e mudan\u00e7as flex\u00edveis de design.<\/li>\n<li>Focaliza\u00e7\u00e3o e prote\u00e7\u00e3o excepcionais: A tampa texturada e a tampa de screw de baixo perfil fornecem dupla selagem, isolando efetivamente o ar e a umidade, salvaguardando assim a qualidade do conte\u00fado.<\/li>\n<li>Alta Capacidade e Durabilidade: A capacidade de 160 gramas por mililitro \u00e9 pr\u00e1tica e adequada para necessidades de viagem de curto a m\u00e9dio prazo ou por\u00e7\u00e3o di\u00e1ria. O material PE assegura que o tubo mant\u00e9m sua forma mesmo ap\u00f3s compress\u00e3o repetida.<\/li>\n<\/ol>","protected":false},"excerpt":{"rendered":"<ul>\n<li><b><\/b><strong><b>Design de Tube Body<\/b><\/strong>.<\/li>\n<\/ul>\n<p>O design do corpo do tubo para 45mm de di\u00e2metro, 160 gramas\/ml de capacidade, rotulagem vermelha, embalagem de tubo mole de alta densidade PE\/recipiente\/garrafa:<\/p>\n<ul>\n<li>Sistema de reconhecimento de cores: A cor uniforme do corpo do tubo vermelho cria um forte ponto de mem\u00f3ria de cores de marca, tornando-a altamente reconhec\u00edvel em prateleiras ou em ambientes de armazenamento.<\/li>\n<li>Transporte de informa\u00e7\u00e3o modular: Etiquetas servem como m\u00f3dulos de informa\u00e7\u00e3o independentes, permitindo a visualiza\u00e7\u00e3o centralizada das marcas principais, nomes de produtos, pontos de venda funcionais e informa\u00e7\u00e3o textual relacionada aos requisitos regulamentares, todas apresentadas claramente e em ordem.<\/li>\n<li>Est\u00e9tica estrutural integrada: Os capos de cor e corpo correspondentes criam um olhar coerente. O detalhe \"etiqueta integrada no final\" destaca a precis\u00e3o da fabrica\u00e7\u00e3o, melhorando a percep\u00e7\u00e3o da qualidade do produto.<\/li>\n<li>Design pr\u00e1tico orientado para funcionalidade: O montado na frente pode reduzir res\u00edduos; a tampa com parede reta aumenta a for\u00e7a do extremo do tubo; A forma de tubo suave faz com que seja f\u00e1cil agarrar e controlar exatamente a quantidade de material extra\u00eddo.<\/li>\n<\/ul>\n<p>As vantagens de 45mm de di\u00e2metro, 160 gramas\/ml de capacidade, rotulagem vermelha, embalagem de tubos moles de alta densidade PE\/recipiente\/garrafa:<\/p>\n<ol>\n<li>Capacidades robustas de personaliza\u00e7\u00e3o das marcas: Oferecemos uma solu\u00e7\u00e3o visual de personaliza\u00e7\u00e3o abrangente para as marcas, cobrindo tudo de cores a gr\u00e1ficos, tornando-nos uma ferramenta eficaz para construir identidades das marcas.<\/li>\n<li>Durabilidade excepcional e equil\u00edbrio est\u00e9tico: O processo de \u201crotulagem no final\u201d n\u00e3o s\u00f3 assegura uma apar\u00eancia bonita, mas tamb\u00e9m aumenta significativamente a durabilidade f\u00edsica das rotulagens, atendendo aos rigorosos requisitos de uso frequente em viagens e vida di\u00e1ria.<\/li>\n<li>Adaptabilidade a uma ampla gama de mercados de consumo: O vermelho tem connota\u00e7\u00f5es positivas e impressionantes na maioria das culturas do mundo, tornando-o altamente vers\u00e1til e f\u00e1cil para os consumidores em v\u00e1rias regi\u00f5es de aceitar.<\/li>\n<li>Resposta \u00e0 Cadeia de Fornecimento R\u00e1pido: O processo de rotulagem facilita mudan\u00e7as r\u00e1pidas de design, tornando-a adequada para os requisitos de lan\u00e7amento r\u00e1pido do com\u00e9rcio electr\u00f3nico transfronteiri\u00e7o, produtos estacionais, edi\u00e7\u00f5es limitadas ou produtos personalizados regionalmente.<\/li>\n<li>Integra\u00e7\u00e3o do Pragmatismo e da Est\u00e9tica: Ao proporcionar funcionalidades essenciais como alta capacidade, selagem robusta e resist\u00eancia \u00e0 deforma\u00e7\u00e3o, o projeto tem como objetivo aumentar o apelo do produto ao mercado.<\/li>\n<\/ol>\n<p>Escen\u00e1rios em que o di\u00e2metro de 45mm, capacidade de 160 gramas\/ml, rotulagem vermelha, material de embalagem de tubos moles de alta densidade PE\/recipiente\/garrafa podem ser usados:<\/p>\n<ul>\n<li>Viagens a longa dist\u00e2ncia e viagens de neg\u00f3cios: O design de grande capacidade \u00e9 ideal para viagens que duram cerca de uma semana, permitindo a embalagem de quantidades suficientes de produtos de corte de pele, cremes de cuidado pessoal ou medicamentos essenciais.<\/li>\n<li>Campanhas promocionais e amostras de produtos: Uma solu\u00e7\u00e3o de rotulagem econ\u00f4mica que faz com que seja uma escolha ideal para criar pacotes de ensaio, dados ou artigos promocionais conjuntos durante campanhas de marketing.<\/li>\n<li>Organiza\u00e7\u00e3o e categoriza\u00e7\u00e3o di\u00e1ria do domic\u00edlio: Usem tubos de cores diferentes e flex\u00edveis com r\u00f3tulos distintos para separar v\u00e1rios tipos de produtos de limpeza dom\u00e9stica, agentes de cuidado do couro, adesivos de hardware e outros itens, assegurando categoriza\u00e7\u00e3o limpa e acesso f\u00e1cil.<\/li>\n<li>Fitness e aventuras ao ar livre: Carrem individualmente embalados cremes de massagem esportiva, protec\u00e7\u00e3o solar ou cremes de repara\u00e7\u00e3o com voc\u00ea. A embalagem vermelha os torna facilmente identific\u00e1veis em sua mochila.<\/li>\n<li>Local de Trabalho Profissional: Ideal para uso em f\u00e1bricas, laborat\u00f3rios ou est\u00fadios para separar e etiquetar lubricantes, adesivos ou amostras para fins espec\u00edficos, aumentando assim a efici\u00eancia e a seguran\u00e7a.<\/li>\n<\/ul>","protected":false},"featured_media":3988,"comment_status":"closed","ping_status":"closed","template":"","meta":[],"product_brand":[],"product_cat":[29,48],"product_tag":[],"class_list":{"0":"post-3986","1":"product","2":"type-product","3":"status-publish","4":"has-post-thumbnail","6":"product_cat-skin-care-plastic-tube","7":"product_cat-45-pe-plastic-tube","9":"first","10":"instock","11":"shipping-taxable","12":"purchasable","13":"product-type-simple"},"_links":{"self":[{"href":"https:\/\/www.hongyitube.com\/pt\/wp-json\/wp\/v2\/product\/3986","targetHints":{"allow":["GET"]}}],"collection":[{"href":"https:\/\/www.hongyitube.com\/pt\/wp-json\/wp\/v2\/product"}],"about":[{"href":"https:\/\/www.hongyitube.com\/pt\/wp-json\/wp\/v2\/types\/product"}],"replies":[{"embeddable":true,"href":"https:\/\/www.hongyitube.com\/pt\/wp-json\/wp\/v2\/comments?post=3986"}],"wp:featuredmedia":[{"embeddable":true,"href":"https:\/\/www.hongyitube.com\/pt\/wp-json\/wp\/v2\/media\/3988"}],"wp:attachment":[{"href":"https:\/\/www.hongyitube.com\/pt\/wp-json\/wp\/v2\/media?parent=3986"}],"wp:term":[{"taxonomy":"product_brand","embeddable":true,"href":"https:\/\/www.hongyitube.com\/pt\/wp-json\/wp\/v2\/product_brand?post=3986"},{"taxonomy":"product_cat","embeddable":true,"href":"https:\/\/www.hongyitube.com\/pt\/wp-json\/wp\/v2\/product_cat?post=3986"},{"taxonomy":"product_tag","embeddable":true,"href":"https:\/\/www.hongyitube.com\/pt\/wp-json\/wp\/v2\/product_tag?post=3986"}],"curies":[{"name":"wp","href":"https:\/\/api.w.org\/{rel}","templated":true}]}}