{"id":3971,"date":"2026-01-10T14:53:58","date_gmt":"2026-01-10T06:53:58","guid":{"rendered":"https:\/\/www.hongyitube.com\/?post_type=product&#038;p=3971"},"modified":"2026-01-10T14:53:59","modified_gmt":"2026-01-10T06:53:59","slug":"a-small-pe-soft-tube-packaging-container-with-a-45-mm-diameter-100-grams-ml-capacity-and-4-color-printing-hongyi-plastic-2","status":"publish","type":"product","link":"https:\/\/www.hongyitube.com\/pt\/product\/a-small-pe-soft-tube-packaging-container-with-a-45-mm-diameter-100-grams-ml-capacity-and-4-color-printing-hongyi-plastic-2\/","title":{"rendered":"Um pequeno recipiente de embalagem de tubos moles de PE com di\u00e2metro de 45 mm, capacidade de 100 gramas\/ml e impress\u00e3o de 4 cores. - Hongyi Plastic"},"content":{"rendered":"<p>Hongyi[UNK]Plasticsmall PE soft tube packaging container with a 45 mm diameter and a capacity of 100 grams per milliliter. O corpo do tubo \u00e9 feito de um material b\u00e1sico branco, e um processo de impress\u00e3o offset de alta precis\u00e3o \u00e9 usado para criar um padr\u00e3o distinto e duradouro ou logotipo de cores pretas, brancas, vermelhas e azuis no ombro do tubo. Esse design proporciona um impacto visual forte e uma transmiss\u00e3o clara de informa\u00e7\u00e3o. Ela pode ser flex\u00edvel parejada com v\u00e1rios capos de parafuso coloridos com moldura de inje\u00e7\u00e3o para alcan\u00e7ar combina\u00e7\u00f5es de cores personalizadas. Um fim de fechamento com parede reta assegura tens\u00e3o a\u00e9rea, e o design de embalagem da frente permite que o conte\u00fado seja plenamente utilizado. O design global \u00e9 compacto e ligeiro, otimizado para viajar e carregar diariamente. O corpo do tubo \u00e9 flex\u00edvel, duradouro, e pode resistir a aperta\u00e7\u00e3o repetida sem deforma\u00e7\u00e3o, tornando-o uma escolha ideal para embalagem diversos tipos de lot\u00f5es, cremas, gels e l\u00edquidos.<\/p>\n<p>O material do pequeno recipiente de embalagem de tubos moles de PE com di\u00e2metro de 45 mm, capacidade de 100 gramas\/ml e impress\u00e3o de 4 cores<\/p>\n<ul>\n<li>Material corporal: Polietileno de baixa densidade de alta qualidade (PE). O material \u00e9 suave e flex\u00edvel, qu\u00edmicamente est\u00e1vel, seguro para uso humano e compat\u00edvel com uma variedade de conte\u00fados.<\/li>\n<li>Processo de Impress\u00e3o: Utiliza tintas ecol\u00f3gicas para impress\u00e3o de verniz de quatro cores (preto, branco, vermelho, azul). Os projetos s\u00e3o complexos, t\u00eam forte ades\u00e3o, e s\u00e3o resistentes a usar e arranhar.<\/li>\n<li>Material de capa: Polipropileno (PP) moldado por inje\u00e7\u00e3o, dispon\u00edvel em v\u00e1rias cores, pode ser livremente combinado com as cores impressas no corpo do tubo, e abre e fecha suavemente.<\/li>\n<li>Complian\u00e7a global: cumpre padr\u00f5es internacionais de seguran\u00e7a e ambiente como REACH e FDA, e \u00e9 reciclable.<\/li>\n<\/ul>\n<p><strong><b>Aplica\u00e7\u00f5es recomendadas <\/b><\/strong>\"<\/p>\n<p>Utiliza\u00e7\u00e3o recomendada para este pequeno recipiente de embalagem de tubos moles PE com di\u00e2metro de 45 mm, capacidade de 100 gramas\/ml e impress\u00e3o de 4 cores.<\/p>\n<p>A ind\u00fastria da beleza e da pele.<\/p>\n<ul>\n<li>Caixa das senhoras: Ideal para embalagem funda\u00e7\u00e3o l\u00edquido, ess\u00eancia, creme nocturno ou produtos vibrantes pr\u00e9-maquilhagem. A impress\u00e3o de quatro cores completa perfeitamente logos de marca ou designs estilos, atendendo ao desejo das mulheres por reconhecimento de marca e est\u00e9tica.<\/li>\n<li>Para homens: Pode ser embalado em gelas de controle do petr\u00f3leo, \u00f3leos de cuidado de barba, ou cremes funcionais de corte de pele. O simple s design de blocos de cores e op\u00e7\u00f5es de blocos de cores m\u00faltiplas atendem \u00e0 prefer\u00eancia dos homens para efici\u00eancia e qualidade.<\/li>\n<li>Produtos para crian\u00e7as: Adequado para embalagem lot\u00f5es repelentes de mosquito s espec\u00edficos para crian\u00e7as, umidificadores ou produtos de cuidado com projetos com tema de desenhos. Colores brilhantes podem capturar a aten\u00e7\u00e3o das crian\u00e7as, enquanto materiais seguros proporcionam paz mental aos pais.<\/li>\n<\/ul>\n<p>Ind\u00fastria farmac\u00eautica de pomadas.<\/p>\n<ul>\n<li>Adequado para embalagens para al\u00edveos de dor de tamanho de viagem, ing\u00eancias antibacteriais, gelas de refrigera\u00e7\u00e3o f\u00edsica, etc. A impress\u00e3o preta e vermelha \u00e9 frequentemente usada para informa\u00e7\u00f5es cr\u00edticas e instru\u00e7\u00f5es cautelares, aderindo aos padr\u00f5es de rotulagem de produtos farmac\u00eauticos, tornando f\u00e1cil identificar e usar.<\/li>\n<\/ul>\n<p>A ind\u00fastria de agentes de manuten\u00e7\u00e3o mec\u00e2nica.<\/p>\n<ul>\n<li>Ideal para dispensar lubricantes para instrumentos de precis\u00e3o, pastas inibidoras da corros\u00e3o metal, limpezas e mais. O corpo cilindrico branco torna mais f\u00e1cil observar o conte\u00fado restante, enquanto etiquetas coloridas distinguem produtos para diferentes prop\u00f3sitos ou modelos, tornando-os adequados para armazenamento em caixas de ferramentas.<\/li>\n<\/ul>\n<p>A ind\u00fastria industrial de pigmentos qu\u00edmicos.<\/p>\n<ul>\n<li>As amostras podem ser embaladas com pigmentos, adesivos, selantes ou produtos qu\u00edmicos especializados. A impress\u00e3o de quatro cores permite rotulagem clara dos c\u00f3digos de cores, ingredientes ou avisos de perigo, tornando-o pratico e profissional.<\/li>\n<\/ul>\n<p>&nbsp;<\/p>\n<h3>1.<strong><b>Atributos do produto<\/b><\/strong><\/h3>\n<h3><strong><b>Caracter\u00edsticas<\/b><\/strong><strong><b>\u00a0<\/b><\/strong>pequeno recipiente de embalagem de tubos moles de PE com di\u00e2metro de 45 mm, capacidade de 100 gramas\/ml e impress\u00e3o de 4 cores<strong><b>:<\/b><\/strong><\/h3>\n<h3>1. Qualidade excepcional da impress\u00e3o: a impress\u00e3o offset de quatro cores possibilita a cria\u00e7\u00e3o de projetos de marcas complexos, explica\u00e7\u00f5es textuais e c\u00f3digos de cores, aumentando a apar\u00eancia profissional e a distintividade dos produtos.<\/h3>\n<h3>2. Highly customizable: The white base of the tube serves as a \u201ccanvas,\u201d and the color of the screw cap can be varied freely, providing ample opportunities for visual design for the brand.<\/h3>\n<h3>3. Performance excepcional de selagem: A combina\u00e7\u00e3o de um processo de selagem texturado e um tamp\u00e3o de screw de baixo perfil evita efetivamente vazamentos e oxida\u00e7\u00e3o do conte\u00fado.<\/h3>\n<h3>4. Dur\u00e1vel e resistente: O material PE possui excelente elasticidade, tornando-o resistente a deforma\u00e7\u00e3o permanente ou quebra mesmo ap\u00f3s compress\u00e3o repetida.<\/h3>\n<h3>5. Ultima portabilidade: Designada para uso ligeiro, seu tamanho cumpre as regras para carregar itens a bordo de uma aeronave, tornando-a um companheiro ideal para viajar.<\/h3>","protected":false},"excerpt":{"rendered":"<p><b><\/b><strong><b>Design de Tube Body<\/b><\/strong>.<\/p>\n<p>O design do corpo de tubo para o pequeno recipiente de embalagem de tubo mole PE com di\u00e2metro de 45 mm, capacidade de 100 gramas\/ml e impress\u00e3o de 4 cores:<\/p>\n<ul>\n<li>Transporteres de Cores e Informa\u00e7\u00e3o: O corpo do tubo branco assegura cores de impress\u00e3o vibrantes com alto contraste. As \u00e1reas de verniz de quatro cores no ombro est\u00e3o concentradas, tornando a informa\u00e7\u00e3o transmitida prominente e atraente.<\/li>\n<li>Design funcional: O design compacto e capucho \u00e9 f\u00e1cil de funcionar com uma m\u00e3o; o fim de selagem texturado direto aumenta a for\u00e7a do fim do tubo; A embalagem da frente assegura a m\u00e1xima utiliza\u00e7\u00e3o do produto.<\/li>\n<li>Ergonomia: As dimens\u00f5es do tubo s \u00e3o adequadas, fornecendo uma agarrada confort\u00e1vel, tornando mais f\u00e1cil apertar e oferecendo alta precis\u00e3o de controle.<\/li>\n<\/ul>\n<p>As vantagens do pequeno recipiente de embalagem de tubos moles de PE com di\u00e2metro de 45 mm, capacidade de 100 gramas\/ml e impress\u00e3o de 4 cores:<\/p>\n<ol>\n<li>Uma Ferramenta Potencial para Promo\u00e7\u00e3o de Marcas: Com suas capacidades robust as na impress\u00e3o de cores, pequenos tubos de embalagem podem servir como placas de marcas m\u00f3veis, aumentando as impress\u00f5es dos consumidores.<\/li>\n<li>Versabilidade interind\u00fastria: Uma \u00fanica solu\u00e7\u00e3o de embalagem pode atender \u00e0s diversas necessidades, desde produtos de beleza de grado de consumidor at\u00e9 aplica\u00e7\u00f5es industriais especializadas, simplificando assim o aquisi\u00e7\u00e3o e a gest\u00e3o do invent\u00e1rio.<\/li>\n<li>Seguran\u00e7a e Clareza: Aceita aos padr\u00f5es internacionais de seguran\u00e7a. A impress\u00e3o multicolorida assegura que informa\u00e7\u00f5es importantes como instru\u00e7\u00f5es de uso e avisos sejam facilmente vis\u00edveis, reduzindo assim o risco de uso abusivo.<\/li>\n<li>Economia ecol\u00f3gica: Pode ser refinado e reutilizado, reduzindo res\u00edduos de embalagens de uso \u00fanico e alinhando-se com tend\u00eancias globais em dire\u00e7\u00e3o ao consumo sustent\u00e1vel.<\/li>\n<li>Cadeia de abastecimento flex\u00edvel: corpos de garrafa padr\u00e3o parejados com v\u00e1rias op\u00e7\u00f5es de tampa colorida permitem uma resposta r\u00e1pida a lotes de pequeno a m\u00e9dio tamanho e m\u00faltiplos SKUs.<\/li>\n<\/ol>\n<p>Escen\u00e1rios onde o pequeno recipiente de embalagem de tubos moles de PE com di\u00e2metro de 45 mm, capacidade de 100 gramas\/ml e impress\u00e3o de 4 cores:<\/p>\n<ul>\n<li>Viagens e viagens de neg\u00f3cios: Empaquetar perfeitamente todos os itens essenciais para uso di\u00e1rio, bem armazenados em um saco de banheiria ou maleta, para viagens curtas.<\/li>\n<li>Exemplares e Promo\u00e7\u00f5es: Marcas de beleza e materiais de constru\u00e7\u00e3o\/empresas qu\u00edmicas criam conjuntos de ensaios de baixo custo, de alto perfil ou ofertas promocionais para atrair eficazmente clientes.<\/li>\n<li>Almacenamento di\u00e1rio e organiza\u00e7\u00e3o: Dividir grandes embalagens em por\u00e7\u00f5es menores dentro de sua casa ou local de trabalho para prevenir contamina\u00e7\u00e3o, manter a limpeza e possibilitar categoriza\u00e7\u00e3o e gest\u00e3o codificadas por cores (por exemplo, pintura com diferentes n\u00fameros de cores, adesivos com diferentes fun\u00e7\u00f5es).<\/li>\n<li>Actividades no exterior e Emergency Kit: Carrega uma quantidade suficiente de prote\u00e7\u00e3o solar, creme de repara\u00e7\u00e3o, lubrificante, ou poma de primeira ajuda, e luz de viagem.<\/li>\n<li>Gest\u00e3o da crian\u00e7a: Paquete e rotulagem de produtos individuais de carne de pele ou medicamentos t\u00f3picos para crian\u00e7as diferentes, facilitando a diferencia\u00e7\u00e3o entre elas e fomentando h\u00e1bitos pessoais de higiene.<\/li>\n<\/ul>","protected":false},"featured_media":3974,"comment_status":"closed","ping_status":"closed","template":"","meta":[],"product_brand":[],"product_cat":[29,48],"product_tag":[],"class_list":{"0":"post-3971","1":"product","2":"type-product","3":"status-publish","4":"has-post-thumbnail","6":"product_cat-skin-care-plastic-tube","7":"product_cat-45-pe-plastic-tube","9":"first","10":"instock","11":"shipping-taxable","12":"product-type-simple"},"_links":{"self":[{"href":"https:\/\/www.hongyitube.com\/pt\/wp-json\/wp\/v2\/product\/3971","targetHints":{"allow":["GET"]}}],"collection":[{"href":"https:\/\/www.hongyitube.com\/pt\/wp-json\/wp\/v2\/product"}],"about":[{"href":"https:\/\/www.hongyitube.com\/pt\/wp-json\/wp\/v2\/types\/product"}],"replies":[{"embeddable":true,"href":"https:\/\/www.hongyitube.com\/pt\/wp-json\/wp\/v2\/comments?post=3971"}],"wp:featuredmedia":[{"embeddable":true,"href":"https:\/\/www.hongyitube.com\/pt\/wp-json\/wp\/v2\/media\/3974"}],"wp:attachment":[{"href":"https:\/\/www.hongyitube.com\/pt\/wp-json\/wp\/v2\/media?parent=3971"}],"wp:term":[{"taxonomy":"product_brand","embeddable":true,"href":"https:\/\/www.hongyitube.com\/pt\/wp-json\/wp\/v2\/product_brand?post=3971"},{"taxonomy":"product_cat","embeddable":true,"href":"https:\/\/www.hongyitube.com\/pt\/wp-json\/wp\/v2\/product_cat?post=3971"},{"taxonomy":"product_tag","embeddable":true,"href":"https:\/\/www.hongyitube.com\/pt\/wp-json\/wp\/v2\/product_tag?post=3971"}],"curies":[{"name":"wp","href":"https:\/\/api.w.org\/{rel}","templated":true}]}}