{"id":3943,"date":"2026-01-10T14:16:00","date_gmt":"2026-01-10T06:16:00","guid":{"rendered":"https:\/\/www.hongyitube.com\/?post_type=product&#038;p=3943"},"modified":"2026-01-10T14:16:00","modified_gmt":"2026-01-10T06:16:00","slug":"45mm-diameter-135g-ml-red-gray-gradient-color-scheme-pe-soft-tube-container-packaging-material-hongyi-plastic","status":"publish","type":"product","link":"https:\/\/www.hongyitube.com\/pt\/product\/45mm-diameter-135g-ml-red-gray-gradient-color-scheme-pe-soft-tube-container-packaging-material-hongyi-plastic\/","title":{"rendered":"Di\u00e2metro de 45 mm, 135 g\/ml, esquema de cores de gradiente vermelho-gris, material de embalagem de recipientes de tubos moles de PE. - Hongyi Plastic"},"content":{"rendered":"<p>Este produto \u00e9 um recipiente de mangueira PE de 45 di\u00e2metros projetado para necessidades diversificadas de embalagem, o corpo do tubo adota cor de gradiente vermelho e cinzento moda, a superf\u00edcie \u00e9 aplicada com verniz de textura de matte matte matte, delicado e avan\u00e7ado toque. O corpo \u00e9 impresso com um logotipo de impress\u00e3o de seda negra e branca ao contr\u00e1rio, parejado com a mesma coroa de cinza e vermelho com dentes curtos, e o design geral \u00e9 simples e moderno. O processo de selagem rectangular \u00e9 usado para fornecer uma boa selagem, e o design do tanque frontal assegura que os conte\u00fados s\u00e3o apertados de forma uniforme. O tubo \u00e9 ligeiro e port\u00e1til, adequado para viajar e carregar, pode ser repetidamente apertado para usar e n\u00e3o \u00e9 facilmente deformado, e \u00e9 adequado para dividir v\u00e1rias emuls\u00f5es, gelos e l\u00edquidos.<\/p>\n<p>Material do produto<\/p>\n<ul>\n<li>Material principal: polietileno de classe alimentar (PE), em conformidade com padr\u00f5es internacionais de seguran\u00e7a, n\u00e3o t\u00f3xico e sem gosto, alta estabilidade qu\u00edmica, compat\u00edvel com uma variedade de conte\u00fados.<\/li>\n<li>Coating Light Oil: Um \u00f3leo ligeiro ecol\u00f3gico, com mat\u00e9 e areia que n\u00e3o colore as impress\u00f5es digitais e melhora a qualidade da vis\u00e3o e do toque.<\/li>\n<li>Processo de impress\u00e3o: impress\u00f5es de seda branca e negra, resistentes ao uso e f\u00e1ceis de cair.<\/li>\n<li>Material de captura: material PP com a mesma cor do corpo do tubo, abertura e fechamento suaves, forte selagem.<\/li>\n<\/ul>\n<p>Ind\u00fastria e popula\u00e7\u00f5es recomendadas para uso<\/p>\n<p>A ind\u00fastria da beleza e do cuidado da pele<\/p>\n<ul>\n<li>Senhoras: Adequada para embalagem \u00f3leos essenciais, cremes, protetores solares, pr\u00e9-cosm\u00e9ticos, etc. O design progressivo de matte encontra mulheres s duas buscas de est\u00e9tica e pr\u00e1tica.<\/li>\n<li>Homens: Pode ser dividido em creme de rasagem, lot\u00e3o de cuidado da pele, cera de cabelo, etc. O tom cinzento e vermelho n\u00e3o perde car\u00e1ter, conhecendo homens. \u00e9 necessidade de cuidados simple s e eficientes.<\/li>\n<li>Crian\u00e7as: Para crian\u00e7as o material \u00e9 seguro e leve, e o tubo pequeno \u00e9 f\u00e1cil para os pais de carregar.<\/li>\n<\/ul>\n<p>A ind\u00fastria farmac\u00eautica de engrenagens<\/p>\n<ul>\n<li>\u00c9 adequado para viajar ing\u00eancias, agentes de cuidado da pele, gelos t\u00f3picos anti-inflamat\u00f3rios, etc. O selo \u00e9 bom para garantir higiene, e o design port\u00e1til \u00e9 conveniente para uso di\u00e1rio.<\/li>\n<\/ul>\n<p>A ind\u00fastria de agentes de manuten\u00e7\u00e3o mec\u00e2nica<\/p>\n<ul>\n<li>Pode ser dividido em \u00f3leo lubrificante, cola de limpeza, pasta anti-rosa, resist\u00eancia \u00e0 corros\u00e3o qu\u00edmica do material PE, precis\u00e3o da dose de controle da extrus\u00e3o, adequada para a oficina ou para a manuten\u00e7\u00e3o.<\/li>\n<\/ul>\n<p>Ind\u00fastria industrial de pigmentos qu\u00edmicos<\/p>\n<ul>\n<li>Para a montagem de pinturas, adesivos, parches, etc., o corpo do tubo \u00e9 resistente \u00e0 deforma\u00e7\u00e3o e f\u00e1cil de apertar, a superf\u00edcie do mat\u00e9 \u00e9 resistente \u00e0 terra, e \u00e9 adequada para uso de est\u00fadio ou campo.<\/li>\n<\/ul>\n<p>Caracter\u00edsticas do produto<\/p>\n<ol>\n<li>N\u00e3o-deforma\u00e7\u00e3o duradoura: material PE forte dura\u00e7\u00e3o, suporte m\u00faltiplo rebound de extrus\u00e3o, n\u00e3o f\u00e1cil de quebrar ou deformar.<\/li>\n<li>Seal to prevent leakage: The rectangular seal end and the short-tooth screw cover are double sealed to prevent leaks or oxidation.<\/li>\n<li>Controlo de precis\u00e3o da quantidade: O tanque frontal \u00e9 combinado com um design de di\u00e2metro de tubo fino para permitir controle preciso da quantidade de extrus\u00e3o.<\/li>\n<li>Luz e port\u00e1til: O peso pr\u00f3prio \u00e9 apenas alguns gramas, e n\u00e3o h\u00e1 carga para carregar com voc\u00ea para viajar ou uso cotidiano.<\/li>\n<\/ol>\n<p>5. Seguran\u00e7a e prote\u00e7\u00e3o ambiental: em conformidade com o REACH, o FDA e outros padr\u00f5es internacionais, reciclables.<\/p>","protected":false},"excerpt":{"rendered":"<p>Design corporal<\/p>\n<p>\u00b7 Cor progressiva: A cinza vermelha progressivamente cria uma camada visual din\u00e2mica, e a superf\u00edcie macada melhora a textura de alto final.<br \/>\n\u00b7 Marcamento humanizado: O texto impresso negro e branco \u00e9 invertido de modo que o conte\u00fado possa ser claramente identificado independentemente da dire\u00e7\u00e3o da manuten\u00e7\u00e3o.<br \/>\n\u00b7 Estrutura pr\u00e1tica: A cobertura de parafusos de dentes curtos economiza esfor\u00e7o, o selo de bordo reta aumenta a resist\u00eancia \u00e0 compress\u00e3o da cauda, e a linha geral \u00e9 suave e f\u00e1cil de manter.<\/p>\n<p>Avantagens do produto<\/p>\n<p>1. Adapta\u00e7\u00e3o multiprop\u00f3sito: Desde cuidado pessoal a \u00e1reas profissionais, usar um item para uma maior variedade de prop\u00f3sitos e reduzir os res\u00edduos de embalagem.<br \/>\n2. Est\u00e9tica e fun\u00e7\u00e3o combinadas: design de moda encontra est\u00e9tica do consumidor, superf\u00edcies brilhantes s\u00e3o resistentes aos rasgos e duram enquanto s\u00e3o novas.<br \/>\n3. Amigo transfronteiri\u00e7o: O pequeno tamanho cumpre as regras internacionais de embarque de viagens e \u00e9 adequado para os mercados transfronteiri\u00e7os de neg\u00f3cios e donos.<br \/>\n4. Efectivo em custo: Apoia o uso de preenchimento repetido, reduz custos de uso a longo prazo e \u00e9 econ\u00f4mico e econ\u00f4mico.<\/p>\n<p>Xenarios de uso de produtos<\/p>\n<p>\u00b7 Viagem: substituir garrafas e latas originais com produtos de cuidado da pele, ingr\u00e9deas, pigmentos, etc., facilmente embalados em um saco de lavagem ou caixa de ferramentas.<br \/>\n\u00b7 Almacenamento di\u00e1rio: Almacenar pequenas quantidades de adesivos e agentes de manuten\u00e7\u00e3o em casa e est\u00fadio para evitar grande polui\u00e7\u00e3o de embalagens ou secar.<br \/>\n\u00b7 Distribui\u00e7\u00e3o de amostras: Marcas de beleza e empresas qu\u00edmicas podem usar para fazer testes ou conjuntos de amostras para melhorar a imagem da marca.<br \/>\n\u00b7 Atividades no exterior: Carregar cremes protetores e rem\u00e9dios quando acampar ou jogar esportes para acesso f\u00e1cil em qualquer momento.<br \/>\n\u00b7 Cuidado infantil: Os pais distribuem suprimentos exclusivos para seus filhos que s\u00e3o higi\u00e9nicos e f\u00e1ceis de identificar.<\/p>\n<p>&nbsp;<\/p>\n<p>Com seu engenhoso design, materiais seguros e adequa\u00e7\u00e3o vers\u00e1til, este produto proporciona aos consumidores em todo o mundo solu\u00e7\u00f5es de desmontagem eficientes e est\u00e9ticamente agrad\u00e1veis que atendem \u00e0s nuan\u00e7as da vida pessoal e profissional.<\/p>","protected":false},"featured_media":3956,"comment_status":"closed","ping_status":"closed","template":"","meta":[],"product_brand":[],"product_cat":[29,48],"product_tag":[],"class_list":{"0":"post-3943","1":"product","2":"type-product","3":"status-publish","4":"has-post-thumbnail","6":"product_cat-skin-care-plastic-tube","7":"product_cat-45-pe-plastic-tube","9":"first","10":"instock","11":"shipping-taxable","12":"purchasable","13":"product-type-simple"},"_links":{"self":[{"href":"https:\/\/www.hongyitube.com\/pt\/wp-json\/wp\/v2\/product\/3943","targetHints":{"allow":["GET"]}}],"collection":[{"href":"https:\/\/www.hongyitube.com\/pt\/wp-json\/wp\/v2\/product"}],"about":[{"href":"https:\/\/www.hongyitube.com\/pt\/wp-json\/wp\/v2\/types\/product"}],"replies":[{"embeddable":true,"href":"https:\/\/www.hongyitube.com\/pt\/wp-json\/wp\/v2\/comments?post=3943"}],"wp:featuredmedia":[{"embeddable":true,"href":"https:\/\/www.hongyitube.com\/pt\/wp-json\/wp\/v2\/media\/3956"}],"wp:attachment":[{"href":"https:\/\/www.hongyitube.com\/pt\/wp-json\/wp\/v2\/media?parent=3943"}],"wp:term":[{"taxonomy":"product_brand","embeddable":true,"href":"https:\/\/www.hongyitube.com\/pt\/wp-json\/wp\/v2\/product_brand?post=3943"},{"taxonomy":"product_cat","embeddable":true,"href":"https:\/\/www.hongyitube.com\/pt\/wp-json\/wp\/v2\/product_cat?post=3943"},{"taxonomy":"product_tag","embeddable":true,"href":"https:\/\/www.hongyitube.com\/pt\/wp-json\/wp\/v2\/product_tag?post=3943"}],"curies":[{"name":"wp","href":"https:\/\/api.w.org\/{rel}","templated":true}]}}