{"id":3920,"date":"2026-01-10T13:18:33","date_gmt":"2026-01-10T05:18:33","guid":{"rendered":"https:\/\/www.hongyitube.com\/?post_type=product&#038;p=3920"},"modified":"2026-01-10T13:19:57","modified_gmt":"2026-01-10T05:19:57","slug":"80-ml-40mm-inner-diameter-dark-pink-label-paper-high-end-pe-soft-tube-packaging-container-hongyi-plastic","status":"publish","type":"product","link":"https:\/\/www.hongyitube.com\/pt\/product\/80-ml-40mm-inner-diameter-dark-pink-label-paper-high-end-pe-soft-tube-packaging-container-hongyi-plastic\/","title":{"rendered":"80 ml, di\u00e2metro interno de 40 mm, papel de etiqueta rosa escura, embalagem de tubos moles de PE de alto final - Hongyi Plastic"},"content":{"rendered":"<p>Hongyi[UNK]Plastic80 ml, di\u00e2metro interno de 40 mm, papel de etiqueta rosa escura, recipiente de embalagem de tubos moles de PE de alto final \u00e9 uma base brilhante branca com um papel de etiqueta personalizado bem feito aplicado a ele. O corpo principal do papel de etiqueta \u00e9 rosa escura, com duas linhas de ouro englobadas finas definindo sua est\u00e9tica sofisticada: uma localizada no selo da cauda, e uma na borda do ombro, criando limites exatos superiores e inferiores. No centro do lado anterior do papel de etiqueta, h\u00e1 um nome de marca azul impresso, enquanto a informa\u00e7\u00e3o chave \u00e9 suplementada com o ouro emboscado na cauda e ombro do tubo. No lado traseiro, h\u00e1 uma explica\u00e7\u00e3o detalhada azul impressa. A embalagem inclui capas de screw de alta qualidade coloridas em v\u00e1rios fins, combinadas com um processo de selagem de gr\u00e3os retas. Sua estrutura robust a sustenta aperto repetido sem deforma\u00e7\u00e3o, oferecendo portabilidade e durabilidade excepcionais ao mesmo tempo exudando um sentido restrito e pormenorizado de luxo moderno.<\/p>\n<p>O material do di\u00e2metro interior de 80 ml, 40 mm, papel de etiqueta rosa escura, recipiente de embalagem de tubos moles de PE de alto final<\/p>\n<ul>\n<li>Material prim\u00e1rio: alta for\u00e7a de tens\u00e3o, alta elasticidade PE material. Sua resist\u00eancia excepcional \u00e0 fadiga assegura que o tubo pode rapidamente retornar ao seu formato original ap\u00f3s m\u00faltiplas compress\u00f5es, impedindo o tubo de colapsar devido a uma diminui\u00e7\u00e3o de conte\u00fado, servindo assim como base f\u00edsica para cumprir a promessa de \u201cpermanecer inalterado ap\u00f3s compress\u00f5es repetidas\u201d.<\/li>\n<li>Processos essenciais:<\/li>\n<li>Incorpora\u00e7\u00e3o de precis\u00e3o em dupla camada: um padr\u00e3o de filigro de ouro de 0,5 mm de largura \u00e9 impresso em um papel de etiqueta rosa escura. Este processo \u00e9 altamente complexo e serve como obra central para destacar artesanato e luxo excepcionais.<\/li>\n<li>Etiqueta\u00e7\u00e3o personalizada: Utiliza papel revestido de alta qualidade e corte preciso para assegurar um fundo rosa escuro uniforme, misturado de forma uniforme com linhas de folha de ouro e texto impresso.<\/li>\n<li>Estrutura: O fechamento de parede reta e a tampa de parafuso de alto dente fornecem fechamento de longa dura\u00e7\u00e3o e confi\u00e1vel, enquanto o robusto design do corpo do tubo \u00e9 projetado para uso extenso.<\/li>\n<\/ul>\n<p><strong><b>Aplica\u00e7\u00f5es recomendadas <\/b><\/strong>\"<\/p>\n<p>Utiliza\u00e7\u00e3o recomendada para esse di\u00e2metro interior de 80 ml, 40 mm, papel de etiqueta rosa escura, embalagem de tubos moles de PE de alto tamanho:<\/p>\n<p>A ind\u00fastria da beleza e da pele.<\/p>\n<ul>\n<li>Mercado das Damas: S\u00e9rumes antienvelhecimento de alto n\u00edvel, cremes de pr\u00e9-maquilhagem de classe profissional, cremes de m\u00e3o de marca de luxo. A combina\u00e7\u00e3o de ouro rosa e rosa escuro exude calor e sofistica\u00e7\u00e3o, evitando a doce associada ao apelo juvenil e transmitindo mensagens de \u201cluxo racional\u201d e \u201ccorte de pele precis\u00e3o\u201d. Isto apela a mulheres maduras que valorizam qualidade e design.<\/li>\n<li>Mercado masculino: linha de corte de pele de alto n\u00edvel masculino, \u00f3leos de cabelo de sal\u00e3o, marca designer aftershave produtos. Sua est\u00e9tica linear minimalist a, marca azul com tono frio e acentos met\u00e1licos se alinham perfeitamente com a s prefer\u00eancias dos homens modernos para produtos subestimados, precisos e orientados ao design, criando uma imagem calma e refinada. Ind\u00fastria para agentes mec\u00e2nicos de manuten\u00e7\u00e3o baseados em ing\u00eanua.<\/li>\n<li>Mercado de sa\u00fade profissional e consumidor de alto n\u00edvel: s\u00e9ries p\u00f3s-cir\u00fargicos de repara\u00e7\u00e3o, produtos recomendados por dermatologia de alto n\u00edvel de pele, cremes de recupera\u00e7\u00e3o esportiva profissional. Sua apar\u00eancia profissional e limpa (corpo de tubo branco - design linear) fomenta um sentido de confian\u00e7a m\u00e9dica, enquanto as sombras de rosa escura e ouro rosa aumentam a experi\u00eancia de luxo do produto, tornando-o adequado para linhas farmac\u00eauticas de alto alcance.<\/li>\n<\/ul>\n<p>A ind\u00fastria industrial de pigmentos qu\u00edmicos.<\/p>\n<ul>\n<li>O mercado de cuidados de bens de luxo e ferramentas especializadas: equipamentos de limpeza e de limpeza de c\u00e2meras\/lentes de alto n\u00edvel, produtos de manuten\u00e7\u00e3o especializados para bens de couro de luxo e lubrificantes de instrumentos de precis\u00e3o. O design meticuloso desses produtos alinha-se com o alto valor dos itens que eles est\u00e3o destinados a cuidar, e sua durabilidade atende \u00e0s necessidades dos usu\u00e1rios profissionais que requerem uso frequente.<\/li>\n<\/ul>\n<h3><b>1. <\/b><strong><b>Atributos do produto<\/b><\/strong><\/h3>\n<p>Caracter\u00edsticas do di\u00e2metro interior de 80 ml, 40 mm, papel de etiqueta rosa escura, recipiente de embalagem de tubos moles de PE de alto alcance:<\/p>\n<ul>\n<li>A durabilidade f\u00edsica excepcional: \u201cpermanece inalterada mesmo ap\u00f3s compress\u00e3o repetida\u201d \u00e9 a vantagem funcional central que separa este produto da maioria dos itens em embalagem suave. Isso significa que o produto mant\u00e9m sua apar\u00eancia fresca e atraente ao longo de sua vida, aumentando a experi\u00eancia do usu\u00e1rio e o valor do produto.<\/li>\n<li>Detalles excepcionais de artesanato: O selo de linha fina de 0,5 mm de largura \u00e9 um reflexo direto do n\u00edvel de artesanato. Essa aten\u00e7\u00e3o ao detalhe silenciosamente transmite a persegui\u00e7\u00e3o inesperada da marca de excel\u00eancia, o que \u00e9 crucial para estabelecer uma reputa\u00e7\u00e3o de alto n\u00edvel.<\/li>\n<li>Modest a Est\u00e9tica Luxuria Moderna: atrav\u00e9s de uma mistura harmoniosa de cores e materiais com rosa suave (calor sensual), acentos de ouro rosa (luxo exquisito), acentos azuis (calma racional) e uma base branca (modernidade pura), criamos um senso de sofistica\u00e7\u00e3o equilibrado, subestimado e profundamente pensado.<\/li>\n<li>O equil\u00edbrio de qualidade e flexibilidade fornecido pela rotulagem: rotulagem de alta qualidade assegura a apresenta\u00e7\u00e3o visual perfeita, ao mesmo tempo que oferece uma interface flex\u00edvel da cadeia de abastecimento para futuras mudan\u00e7as no design ou lan\u00e7amento de edi\u00e7\u00f5es limitadas pela marca.<\/li>\n<\/ul>","protected":false},"excerpt":{"rendered":"<p><b><\/b><strong><b>Design de Tube Body<\/b><\/strong>.<\/p>\n<p>O design do corpo do tubo para o di\u00e2metro interior de 80 ml, 40 mm, papel de etiqueta rosa escura, recipiente de embalagem de tubos moles de PE de alto final:<\/p>\n<ul>\n<li>A filosofia do design \"L\u00ednea Linear\":<\/li>\n<li>As duas linhas finas de ouro rosa n\u00e3o s\u00e3o meras decora\u00e7\u00f5es, mas sim visualiza\u00e7\u00f5es da funcionalidade e declara\u00e7\u00f5es de ordem. S\u00e3o os contornos dos projetos arquitet\u00f4nicos, definindo claramente os limites das etiquetas e construindo o tubo suave anteriormente com um senso de estrutura rigorosa e precisa. Esse \"quadro linear\" \u00e9 a ess\u00eancia do design modernista.<\/li>\n<li>Uma intera\u00e7\u00e3o racional de cores e materiais.<\/li>\n<li>Base delicada: Isso reduz as connota\u00e7\u00f5es emotivas de rosa, fazendo parecer mais subdu\u00edda, sofisticada (refinada, elegante).<\/li>\n<li>A filigra de ouro rosa: \u00c9 o toque final. N\u00e3o \u00e9 apenas sobre cor, \u00c9 tamb\u00e9m uma exibi\u00e7\u00e3o de material (camadas met\u00e1licas) e artesanato.<\/li>\n<li>Marca azul: Fornece uma ancora visual calm a, equilibra o calor global e aumenta a credibilidade profissional.<\/li>\n<li>A cria\u00e7\u00e3o bem sucedida de um senso de sofistica\u00e7\u00e3o \"neutral em rela\u00e7\u00e3o ao g\u00eanero\": o design eliminava habilmente os s\u00edmbolos de g\u00eanero overte. As mulheres percebem isso como refinado e gentil, enquanto os homens v\u00eaem isso como artesanato preciso. Ao aumentar a complexidade est\u00e9tica, ela atinge um n\u00edvel maior de inclusividade de g\u00eanero.<\/li>\n<\/ul>\n<p>As vantagens do di\u00e2metro interior de 80 ml, 40 mm, papel de etiqueta rosa escura, recipiente de embalagem de tubos moles de PE de alto n\u00edvel :\u00b7 Estabelecer uma marca de identidade como \u201cluxo inferior\u201d: atrav\u00e9s de artesanato meticuloso (linhas finas de ouro) e propriedades f\u00edsicas duradouras, criar uma imagem de qualidade de alto n\u00edvel reservada para identificar os consumidores que apreciam a subtilidade.<\/p>\n<ul>\n<li>Responde aos pontos principais de dor de uso dos usu\u00e1rios de alto n\u00edvel: os usu\u00e1rios de alto n\u00edvel n\u00e3o gostam do sentimento de colapso barato de embalagens. A caracter\u00edstica do produto de \u201cn\u00e3o-deforma\u00e7\u00e3o\u201d preserva seu apelo est\u00e9tico e dignidade ao longo de toda sua vida, alinhando-se com sua psicologia de consumidor.<\/li>\n<li>Obter um amplo apelo em v\u00e1rias categorias e g\u00eaneros: Sua linguagem de design sofisticada e neutra em rela\u00e7\u00e3o ao g\u00eanero lhe permite uma transi\u00e7\u00e3o sem problemas entre produtos de beleza, itens de aten\u00e7\u00e3o pessoal de alto n\u00edvel e ferramentas profissionais, atraindo uma audi\u00eancia diversa que valoriza qualidade e design.<\/li>\n<li>Refor\u00e7ar a narrativa da marca em torno de sua tecnologia e artesanato: frases como \u201clinha de f\u00f3lia de ouro de 0,5 mm\u201d e \u201ccompress\u00e3o repetida sem deforma\u00e7\u00e3o\u201d podem se tornar parte da hist\u00f3ria da marca, destacando o compromisso da marca com tecnologia e experi\u00eancia de usu\u00e1rio.<\/li>\n<\/ul>\n<p><strong><b>Escen\u00e1rios em que o di\u00e2metro interno de 80 ml, 40 mm, papel de etiqueta rosa escura, embalagem de tubos moles de PE de alto final podem ser usados:<\/b><\/strong><\/p>\n<ul>\n<li>Estabelecer uma identidade de marca como \"luxo subestimado\": Ao enfatizar a artesanidade meticulosa (detalhe de folha de ouro) e caracter\u00edsticas f\u00edsicas duradouras, criar uma imagem de qualidade de alto n\u00edvel que seja reservada para distinguir os consumidores que apreciam a subtilidade.<\/li>\n<li>Responde aos pontos principais de dor de uso dos usu\u00e1rios de alto n\u00edvel: os usu\u00e1rios de alto n\u00edvel n\u00e3o gostam do sentimento de colapso barato de embalagens. A caracter\u00edstica do produto de \u201cn\u00e3o-deforma\u00e7\u00e3o\u201d preserva seu apelo est\u00e9tico e dignidade ao longo de toda sua vida, alinhando-se com sua psicologia de consumidor.<\/li>\n<li>Obter um amplo apelo em v\u00e1rias categorias e g\u00eaneros: Sua linguagem de design sofisticada e neutra em rela\u00e7\u00e3o ao g\u00eanero lhe permite uma transi\u00e7\u00e3o sem problemas entre produtos de beleza, itens de aten\u00e7\u00e3o pessoal de alto n\u00edvel e ferramentas profissionais, atraindo uma audi\u00eancia diversa que valoriza qualidade e design.<\/li>\n<li>Refor\u00e7ar a narrativa da marca em torno de sua tecnologia e artesanato: frases como \u201clinha de f\u00f3lia de ouro de 0,5 mm\u201d e \u201ccompress\u00e3o repetida sem deforma\u00e7\u00e3o\u201d podem se tornar parte da hist\u00f3ria da marca, destacando o compromisso da marca com tecnologia e experi\u00eancia de usu\u00e1rio.<\/li>\n<\/ul>","protected":false},"featured_media":3924,"comment_status":"closed","ping_status":"closed","template":"","meta":[],"product_brand":[],"product_cat":[29,47],"product_tag":[],"class_list":{"0":"post-3920","1":"product","2":"type-product","3":"status-publish","4":"has-post-thumbnail","6":"product_cat-skin-care-plastic-tube","7":"product_cat-40-pe-plastic-tube","9":"first","10":"instock","11":"shipping-taxable","12":"purchasable","13":"product-type-simple"},"_links":{"self":[{"href":"https:\/\/www.hongyitube.com\/pt\/wp-json\/wp\/v2\/product\/3920","targetHints":{"allow":["GET"]}}],"collection":[{"href":"https:\/\/www.hongyitube.com\/pt\/wp-json\/wp\/v2\/product"}],"about":[{"href":"https:\/\/www.hongyitube.com\/pt\/wp-json\/wp\/v2\/types\/product"}],"replies":[{"embeddable":true,"href":"https:\/\/www.hongyitube.com\/pt\/wp-json\/wp\/v2\/comments?post=3920"}],"wp:featuredmedia":[{"embeddable":true,"href":"https:\/\/www.hongyitube.com\/pt\/wp-json\/wp\/v2\/media\/3924"}],"wp:attachment":[{"href":"https:\/\/www.hongyitube.com\/pt\/wp-json\/wp\/v2\/media?parent=3920"}],"wp:term":[{"taxonomy":"product_brand","embeddable":true,"href":"https:\/\/www.hongyitube.com\/pt\/wp-json\/wp\/v2\/product_brand?post=3920"},{"taxonomy":"product_cat","embeddable":true,"href":"https:\/\/www.hongyitube.com\/pt\/wp-json\/wp\/v2\/product_cat?post=3920"},{"taxonomy":"product_tag","embeddable":true,"href":"https:\/\/www.hongyitube.com\/pt\/wp-json\/wp\/v2\/product_tag?post=3920"}],"curies":[{"name":"wp","href":"https:\/\/api.w.org\/{rel}","templated":true}]}}