{"id":3892,"date":"2026-01-10T13:02:08","date_gmt":"2026-01-10T05:02:08","guid":{"rendered":"https:\/\/www.hongyitube.com\/?post_type=product&#038;p=3892"},"modified":"2026-01-10T13:02:43","modified_gmt":"2026-01-10T05:02:43","slug":"85-ml-of-retro-luxury-red-gold-in-a-40mm-diameter-high-end-pe-soft-tube-packaging-container-hongyi-plastic","status":"publish","type":"product","link":"https:\/\/www.hongyitube.com\/pt\/product\/85-ml-of-retro-luxury-red-gold-in-a-40mm-diameter-high-end-pe-soft-tube-packaging-container-hongyi-plastic\/","title":{"rendered":"85 ml de \"Retro Luxury Red Gold\" em um recipiente de embalagem de tubos moles PE de di\u00e2metro de 40 mm - Hongyi Plastic"},"content":{"rendered":"<p>Hongyi[UNK]Plastic85 ml de \u201cRetro Luxury Red Gold\u201d em um recipiente de embalagem de tubos moles PE de di\u00e2metro de 40 mm \u00e9 um recipiente de embalagem de tubos moles PE de di\u00e2metro de 40 mm, projetado com os conceitos n\u00facleos de \u201cretro luxury and visual exploration.\u201d Tem uma capacidade de 85 mililitros. O corpo do tubo apresenta uma estrutura inovadora de \"tr\u00eas se\u00e7\u00f5es\": as se\u00e7\u00f5es inferiores e m\u00e9dias do tubo t\u00eam blocos de textura de mat\u00e9 vermelho retro-impressos de 74 mm de largura, criando uma base s\u00f3lida e profunda; imediatamente acima dessas, h\u00e1 uma linha de ouro de 5 mm ampla, marcada em vermelho, servindo como uma linha de demarca\u00e7\u00e3o luxuosa; A parte superior mant\u00e9m a apar\u00eancia original de mat\u00e9, semi-transparente do corpo do tubo sem qualquer tratamento adicional, formando uma \u201cjanela transparente\u201d. Todo o texto funcional \u00e9 claramente impresso em tinta de seda branca em cima dos blocos vermelhos retro. A embalagem inclui uma tampa de screw de alto perfil vermelho e ouro, que contrasta belamente com a linha de ouro, dando ao design geral um ar de mist\u00e9rio e conveni\u00eancia pr\u00e1tica, semelhante a um tesouro cl\u00e1ssico selado de segredos.<\/p>\n<p>O material de 85 ml de \"Retro Luxury Red Gold\" em um recipiente de embalagem de tubos moles de PE de di\u00e2metro de 40 mm<\/p>\n<ul>\n<li>Material prim\u00e1rio: Material composto de matte semi-transparente feito por personalidade. Sua finalidade de mat\u00e9 \u00fanica proporciona um senso de semi-transpar\u00eancia, permitindo que o conte\u00fado pare\u00e7a incomodado ao mesmo tempo que mant\u00e9m a eleg\u00e2ncia e privacidade da base.<\/li>\n<li>Processos essenciais:<\/li>\n<li>Retro Red Matte Embossed Printing: Acha uma cor vermelha uniforme, rica e n\u00e3o reflectiva com uma textura quente.<\/li>\n<li>Fo\u00edlia de ouro localizada: Cria um contraste impressionante de brilho met\u00e1lico em uma base de mat\u00e9, adicionando um toque de eleg\u00e2ncia \u00e0 qualidade do produto.<\/li>\n<li>Tratamento do espa\u00e7o branco: A reten\u00e7\u00e3o deliberada da \u00e1rea transparente na se\u00e7\u00e3o superior reflete a confian\u00e7a do design e considera\u00e7\u00f5es funcionais.<\/li>\n<li>Seguran\u00e7a: Conformidade com regulamentos internacionais para alimentos e materiais de contato farmac\u00eautico.<\/li>\n<\/ul>\n<p><strong><b>Aplica\u00e7\u00f5es recomendadas <\/b><\/strong>\"<\/p>\n<p>Utiliza\u00e7\u00e3o recomendada para este valor de 85 ml de \u201cRetro Luxury Red Gold\u201d em um recipiente de embalagem de tubos moles de PE de di\u00e2metro de 40 mm<\/p>\n<p>A ind\u00fastria da beleza e da pele.<\/p>\n<ul>\n<li>Mercado das senhoras: abrigos de chuva de lipstick de alto n\u00edvel, ess\u00eancias pr\u00e9-maquilhagem, \u00f3leos corporais cheirados, \u00f3leos de pele de edi\u00e7\u00e3o limitada. O esquema de cores vermelha e oura vintage transporta cl\u00e1ssico, luxo e atra\u00e7\u00e3o. A janela transparente mostra as cores douradas da ess\u00eancia ou do petr\u00f3leo essencial, aumentando seu valor e apelando para mulheres maduras que apreciam luxo cl\u00e1ssico e rituais.<\/li>\n<li>Mercado dos homens: \u00f3leo de cabelo de alto n\u00edvel, \u00f3leo de barba, balmo de perfume cheirado de madeira. Uma cor retrovermelha parejada com um final met\u00e1lico cria uma imagem cl\u00e1ssica, rugged e historicamente rica de um cavalheiro. Uma janela transparente mostra a textura do produto, alinhando-se com o desejo racional dos homens de \"o que voc\u00ea v\u00ea \u00e9 o que voc\u00ea consegue.\" Ind\u00fastria de ing\u00eancias farmac\u00eauticas e agentes de manuten\u00e7\u00e3o mec\u00e2nica.<\/li>\n<li>Mercado de assist\u00eancia pessoal de alto n\u00edvel e de repara\u00e7\u00e3o profissional: \u00f3leo de repara\u00e7\u00e3o de alta intensidade, \u00f3leo de massagem esportiva e ser\u00f5es de emerg\u00eancia de marcas de luxo. A embalagem luxuosa e o design \u201cpeek-a-boo\u201d podem transformar produtos de petr\u00f3leo funcionais de alto valor em itens de luxo, com uma janela transparente fornecendo uma vis\u00e3o intuitiva de sua textura pura.<\/li>\n<\/ul>\n<p>A ind\u00fastria industrial de pigmentos qu\u00edmicos.<\/p>\n<ul>\n<li>Maintenance of Luxury Goods and the Professional Collectibles Market: High-end leather\/mahogany care oils, antigos instrument lubricants, and specialized media for art restoration. A apar\u00eancia alinha-se com a opul\u00eancia cl\u00e1ssica dos itens mantidos, com janelas transparentes para uma observa\u00e7\u00e3o f\u00e1cil da condi\u00e7\u00e3o do meio, e linhas vermelhas e ouras que significam especialidade e valor.<\/li>\n<\/ul>\n<h3><b>1.<\/b><strong><b>Atributos do produto\u00a0<\/b><\/strong><\/h3>\n<p>Caracter\u00edsticas do 85 ml de \"Retro Luxury Red Gold\" em um recipiente de embalagem de tubos moles PE de di\u00e2metro de 40 mm:<\/p>\n<ul>\n<li>Design inovador de \"olhar em tr\u00eas partes\": A estrutura em tr\u00eas partes com blocos de cores de matte, linhas de ouro e janelas transparentes cria um ritmo visual e interatividade \u00fanicos. Os consumidores podem observar o conte\u00fado atrav\u00e9s da se\u00e7\u00e3o superior semi-transparente, o que equilibra o mist\u00e9rio com garantia visual funcional.<\/li>\n<li>Um conflito de materiais cl\u00e1ssicos e modernos: o final de mat\u00e9 (retro, quente) combinado com a embosca\u00e7\u00e3o\/eletroplatagem de metal (luxuosos, refinados) e materiais semi-transparentes (modernos, transparentes) cria um design que exude a modernidade dentro de um quadro cl\u00e1ssico.<\/li>\n<li>Strong storytelling and collectibility: The overall design resembles a miniature classical scroll or a gold-edged vial, imbued with narrative elements, easily stimulating consumers\u2019 desire to collect and display it.<\/li>\n<li>O equil\u00edbrio perfeito de portabilidade e funcionalidade: A capacidade de 85 mililitros \u00e9 ideal para conjuntos de viagens de alto n\u00edvel, atendendo \u00e0s necessidades de viagem a curto e m\u00e9dio prazo, mantendo um senso de eleg\u00e2ncia. A tampa de screw de alta qualidade fornece selagem confi\u00e1vel.<\/li>\n<\/ul>","protected":false},"excerpt":{"rendered":"<ul>\n<li><b><\/b><strong><b>Design de Tube Body<\/b><\/strong>.<\/li>\n<\/ul>\n<p>O design do corpo de tubo para 85 ml de \"Retro Luxury Red Gold\" em um recipiente de embalagem de tubos moles de PE de di\u00e2metro de 40 mm:<\/p>\n<p>Met\u00e1foras de cor e estrutura:<\/p>\n<ul>\n<li>Retro Red Matte Base: Simboliza o cl\u00e1ssico, for\u00e7a, paix\u00e3o e eleg\u00e2ncia sem tempo. O final de mat\u00e9 lhe presta uma profundidade subestimada, evitando a frivolidade de vermelho brilhante.<\/li>\n<li>A linha vermelha e de ouro representa uma dupla met\u00e1fora de \"selagem\" e \"pr\u00e9mio\". Parece uma linha selada, indicando o valor do conte\u00fado, e tamb\u00e9m parece um distintivo de honra, destacando a excel\u00eancia da marca e do produto.<\/li>\n<li>Semi-transparente janela: Simboliza \u201ctranspar\u00eancia\u201d e \u201cconvite\u201d. Ele quebra o senso completo de encerramento inerente a embalagens opacas, convidando os consumidores a olhar para dentro e promover um senso de curiosidade e confian\u00e7a sutil.<\/li>\n<li>A filosofia da \u201cCaseta de Gift s de Luxury Window\u201d: O design \u00e9 inspirado por caixas de presente para j\u00f3ias de alto n\u00edvel ou rel\u00f3gios \u2013 o exterior tem embalagens luxuosas e cl\u00e1ssicas (ouro vermelho de matte), mas sempre h\u00e1 uma janela atrav\u00e9s da qual voc\u00ea pode olhar o tesouro dentro. Essa embalagem miniaturiza e pratica esse conceito, tornando o pr\u00f3prio produto a caixa de presente.<\/li>\n<li>Express\u00e3o de luxo inclusiva de g\u00eanero: O ouro vermelho Retro \u00e9 uma das raras combina\u00e7\u00f5es cl\u00e1ssicas de cores de luxo que \u00e9 apreciada tanto pelos mercados masculinos como femininos de alto n\u00edvel. Sua combina\u00e7\u00e3o de for\u00e7a e refinamento \u00e9 perfeitamente equilibrada.<\/li>\n<\/ul>\n<p>As vantagens do 85 ml de \"Retro Luxury Red Gold\" em um recipiente de embalagem de tubos moles de PE de di\u00e2metro de 40 mm:<\/p>\n<p>Estabelecer a identidade da marca de \u201cLuxurio Esclu\u00eddo\u201d: atrav\u00e9s de projetos \u201cparcialmente escondidos e parcialmente revelados\u201d, criam um sentido de exclusividade e mist\u00e9rio que \u00e9 destinado apenas para aqueles que o apreciam, aumentando assim grandemente a posi\u00e7\u00e3o e apelo de alta marca.<\/p>\n<ul>\n<li>Achar unidade entre valor emocional e visibilidade funcional: Apresentando a hist\u00f3ria cl\u00e1ssica do luxo atrav\u00e9s do uso de cores vermelhas e ouras, ao mesmo tempo fornecendo janelas transparentes que tornam pr\u00e1tica para os usu\u00e1rios gerenciar suas quantidades restantes e observar os produtos, atingindo um equil\u00edbrio entre emo\u00e7\u00e3o e raz\u00e3o.<\/li>\n<li>Criar s\u00edmbolos visuais altamente reconhec\u00edveis: A estrutura distintiva de tr\u00eas partes \u00e9 extremamente rara no design de embalagens e pode criar um forte ponto de mem\u00f3ria visual, fazendo a marca destacar em prateleiras de lojas.<\/li>\n<li>Portadora ideal para produtos l\u00edquidos de alto valor: Perfeito para produtos com altos pre\u00e7os unit \u00e1rios, ess\u00eancias concentradas, \u00f3leos essenciais e solu\u00e7\u00f5es de carne de pele. A textura de sua embalagem sustenta efetivamente o pre\u00e7o prim\u00e1rio desses produtos.<\/li>\n<\/ul>\n<p><strong><b>Escen\u00e1rios em que 85 ml de \"Retro Luxury Red Gold\" em um recipiente de embalagem de tubos moles PE de di\u00e2metro de 40 mm pode ser usado:<\/b><\/strong><\/p>\n<ul>\n<li>Os \u201cdetalhes saborosos\u201d do banheiro do clube de cavalheiros: Em clubes ingleses tradicionais, esta embalagem de petr\u00f3leo de cabelo ou aftershave serve como uma declara\u00e7\u00e3o silenciosa do gosto refinado de seus membros.<\/li>\n<li>\u201cAtmosfera props\u201d para barras ou hot\u00e9is com tema antigo: Esses itens, usados como comodidades para convidados, s\u00e3o projetados para se integrar sem problemas com decora\u00e7\u00e3o antiga, melhorando a experi\u00eancia imersiva global.<\/li>\n<li>Uma cole\u00e7\u00e3o de \u201cferramentas profissionais\u201d pertencentes a um artista privado de maquilhagem ou cabelor: Este item \u00e9 usado por profissionais para armazenar produtos de carne de pele de maior qualidade, e sua apar\u00eancia reflete sua meticulosa abordagem \u00e0s ferramentas e materiais.<\/li>\n<li>Um kit de comodidade de primeira classe para voos intercontinentais de long a dist\u00e2ncia: Suas caracter\u00edsticas compactas, luxosas e duradouras o tornam uma adi\u00e7\u00e3o ideal a uma experi\u00eancia de viagem de alto n\u00edvel, assegurando que os passageiros permane\u00e7am refinados durante sua viagem.<\/li>\n<li>Um \u201cpresente de recompensa\u201d para anivers\u00e1rios de ponta ou realiza\u00e7\u00f5es significativas: Seu design cl\u00e1ssico e luxuoso faz com que seja uma escolha ideal para dar talento a um parceiro ou a n\u00f3s mesmos para comemorar momentos especiais.<\/li>\n<\/ul>","protected":false},"featured_media":3899,"comment_status":"closed","ping_status":"closed","template":"","meta":[],"product_brand":[],"product_cat":[47],"product_tag":[],"class_list":{"0":"post-3892","1":"product","2":"type-product","3":"status-publish","4":"has-post-thumbnail","6":"product_cat-40-pe-plastic-tube","8":"first","9":"instock","10":"shipping-taxable","11":"purchasable","12":"product-type-simple"},"_links":{"self":[{"href":"https:\/\/www.hongyitube.com\/pt\/wp-json\/wp\/v2\/product\/3892","targetHints":{"allow":["GET"]}}],"collection":[{"href":"https:\/\/www.hongyitube.com\/pt\/wp-json\/wp\/v2\/product"}],"about":[{"href":"https:\/\/www.hongyitube.com\/pt\/wp-json\/wp\/v2\/types\/product"}],"replies":[{"embeddable":true,"href":"https:\/\/www.hongyitube.com\/pt\/wp-json\/wp\/v2\/comments?post=3892"}],"wp:featuredmedia":[{"embeddable":true,"href":"https:\/\/www.hongyitube.com\/pt\/wp-json\/wp\/v2\/media\/3899"}],"wp:attachment":[{"href":"https:\/\/www.hongyitube.com\/pt\/wp-json\/wp\/v2\/media?parent=3892"}],"wp:term":[{"taxonomy":"product_brand","embeddable":true,"href":"https:\/\/www.hongyitube.com\/pt\/wp-json\/wp\/v2\/product_brand?post=3892"},{"taxonomy":"product_cat","embeddable":true,"href":"https:\/\/www.hongyitube.com\/pt\/wp-json\/wp\/v2\/product_cat?post=3892"},{"taxonomy":"product_tag","embeddable":true,"href":"https:\/\/www.hongyitube.com\/pt\/wp-json\/wp\/v2\/product_tag?post=3892"}],"curies":[{"name":"wp","href":"https:\/\/api.w.org\/{rel}","templated":true}]}}