{"id":3876,"date":"2026-01-10T12:08:45","date_gmt":"2026-01-10T04:08:45","guid":{"rendered":"https:\/\/www.hongyitube.com\/?post_type=product&#038;p=3876"},"modified":"2026-01-10T12:08:46","modified_gmt":"2026-01-10T04:08:46","slug":"120-ml-iridescent-gradient-color-glossy-40-mm-tube-diameter-series-pe-soft-tube-packaging-container-hongyi-plastic","status":"publish","type":"product","link":"https:\/\/www.hongyitube.com\/pt\/product\/120-ml-iridescent-gradient-color-glossy-40-mm-tube-diameter-series-pe-soft-tube-packaging-container-hongyi-plastic\/","title":{"rendered":"120 ml, cor de gradiente iridescente, brilhante, s\u00e9rie de di\u00e2metro de tubos PE embalagem de tubos moles - Hongyi Plastic"},"content":{"rendered":"<p>Hongyi[UNK]Plastic120 ml gradient iridescent color, glossy, 40 mm tube diameter series PE soft tube packaging container \u00e9 uma s\u00e9rie de 40mm diameter de PE soft tube packaging containers centrado em torno de \u201ccores din\u00e2micas e resson\u00e2ncia emocional\u201d, com uma capacidade de 120 mililitros. A s\u00e9rie oferece tr\u00eas esquemas de cores de gradiente captivadores: gradiente azul-verde a rosa-rosa-brilhante, gradiente roxa clara a roxa profunda e gradiente roxa clara a roxa roxa. Cada design apresenta transi\u00e7\u00f5es de cores suaves como ponto focal visual, transmitindo tons emocionais distintos. Todo texto funcional \u00e9 claramente impresso em branco em ambos os lados, assegurando alta leitabilidade mesmo no fundo do gradiente. A embalagem apresenta um design de cap a de screw de alta qualidade que pode ser parejado com v\u00e1rios capos de screw de cor moldado por inje\u00e7\u00e3o, combinado com um final texturado e um processo de preenchimento preciso, resultando em excelentes propriedades de selagem, portabilidade e uma experi\u00eancia de opera\u00e7\u00e3o suave e de uma m\u00e3o.<\/p>\n<p>O material de 120 ml, cor de gradiente iridescente, brilhante, s\u00e9rie de di\u00e2metro de tubo 40 mm PE embalagem de tubo mole &amp;quot;<\/p>\n<ul>\n<li>Material prim\u00e1rio: um substrato baseado em PE com alta representa\u00e7\u00e3o de cores e tens\u00e3o superficial. Sua suavidade excepcional \u00e9 crucial para alcan\u00e7ar efeitos uniformes e sem defeitos de gradiente.<\/li>\n<li>Processo central: Impress\u00e3o gradual de alta precis\u00e3o e revestimento de verniz de superf\u00edcie suave. Primeiro, as transi\u00e7\u00f5es de cores s\u00e3o alcan\u00e7adas atrav\u00e9s de impress\u00e3o excessiva meticulosa para criar um efeito natural de mistura. Ent\u00e3o, um verniz especial de superf\u00edcie suave \u00e9 aplicado uniformemente para dar ao corpo do tubo um sentimento suave, seda ou velvet, combinando fluidez visual com prazer t\u00e1ctil.<\/li>\n<li>Seguran\u00e7a: Tanto a tinta como o revestimento de verniz cumprem os padr\u00f5es internacionais de seguran\u00e7a para materiais em contato com alimentos e farmac\u00eauticos.<\/li>\n<\/ul>\n<p><strong><b>Aplica\u00e7\u00f5es recomendadas <\/b><\/strong>\"<\/p>\n<p>Utiliza\u00e7\u00e3o recomendada para esta cor de gradiente iridescente de 120 ml, brilhante, s\u00e9rie de di\u00e2metro de tubo PE contentor de embalagem de tubos suaves de 40 mm, uma narrativa de emo\u00e7\u00f5es atrav\u00e9s da grada\u00e7\u00e3o de cores:<\/p>\n<ul>\n<li>Blue-Green-Rose: Simboliza o conflito entre o oceano e o p\u00f4r do sol, racionalidade e paix\u00e3o, tecnologia e energia, imbu\u00eddo com tens\u00e3o din\u00e2mica e um sentido de futurismo.<\/li>\n<li>Vermelha clara-Vermelha profunda: Simboliza a profunda jornada do amanhecer ao c\u00e9u noturno, do acordo aos sonhos, e da apar\u00eancia externa \u00e0 introspec\u00e7\u00e3o. Carrega um sentido de mist\u00e9rio e espiritualidade.<\/li>\n<li>Mauva rosa clara: Simboliza a transi\u00e7\u00e3o rom\u00e2ntica da t\u00edmidade de uma jovem menina para a maturidade de uma mulher, da inoc\u00eancia para atra\u00e7\u00e3o. \u00c9 suave e captivante.<\/li>\n<\/ul>\n<p>A filosofia por tr\u00e1s da textura adicionada de \"\u00f3leo brilhante de superf\u00edcie suave\": Dados os elementos visuais intensos, um revestimento brilhante \u00e9 tipicamente usado para aumentar o efeito brilhante. No entanto, esse produto toma uma abordagem diferente usando \u00f3leo brilhante de superf\u00edcie suave. Essa decis\u00e3o \u00e9 altamente sofisticada: usa uma textura suave para \"neutralizar\" e \"absorver\" o impacto visual, tornando o produto sofisticado ainda n\u00e3o frivol, brilhante ainda n\u00e3o barato, estendendo assim o tempo que os consumidores passam brincando com e apreciando.<\/p>\n<ul>\n<li>A sabedoria de \"subtra\u00e7\u00e3o\" na apresenta\u00e7\u00e3o de informa\u00e7\u00e3o: Utilizar apenas a impress\u00e3o de tela de seda branca como m\u00e9todo de apresenta\u00e7\u00e3o de informa\u00e7\u00e3o em um fundo gradiente complexo \u00e9 a solu\u00e7\u00e3o \u00f3ptima para garantir clareza e legibilidade. Essa abordagem evita o clutter causado por texto multicolorido, permitindo \u00e0s cores tomar o palco central enquanto o texto serve como uma anota\u00e7\u00e3o refinada e necess\u00e1ria. Caracter\u00edsticas do recipiente de embalagem de tubos moles PE de 120 ml, cor de gradiente iridescente, brilhante, s\u00e9rie de di\u00e2metro de tubos de 40 mm:\n<ul>\n<li>Comunica\u00e7\u00e3o visual intensa e emotiva: Tr\u00eas esquemas gradientes que correspondem exatamente a diferentes emo\u00e7\u00f5es e estilos (vibrantes\/misteriosos\/rom\u00e2nticos), possibilitando conex\u00f5es emocionais instant\u00e2neas n\u00e3o verbais com os consumidores e reduzindo o custo da escolha.<\/li>\n<li>Dois prazeres sensoriais de toque e vis\u00e3o: Sobreposto de um verniz brilhante no gradiente brilhante cria uma experi\u00eancia composta de \u201cfluidez vis\u00edvel\u201d e \u201csuavidade sens\u00edvel\u201d, aumentando muito o sentido de preenchimento e valor quando o produto \u00e9 mantido em m\u00e3o.<\/li>\n<li>Design excepcional de s\u00e9ries e impacto na prateleira: Os tr\u00eas projetos s\u00e3o distintos e coesos, criando um poderoso array visual atrav\u00e9s de uma linguagem e artesanato gradientes unificados, capazes de monopolizar a aten\u00e7\u00e3o em ambientes de venda ao retalho.<\/li>\n<li>Modernidade e funcionalidade equilibradas: A tampa de screw de alta qualidade assegura selagem confi\u00e1vel mesmo com m\u00e9todos tradicionais de abertura, tornando-a f\u00e1cil de usar para uma opera\u00e7\u00e3o de uma m\u00e3o. Enquanto priorizar a est\u00e9tica de design, n\u00e3o compromete a funcionalidade central.<\/li>\n<\/ul>\n<\/li>\n<\/ul>","protected":false},"excerpt":{"rendered":"<ul>\n<li><b><\/b><strong><b>Design de Tube Body<\/b><\/strong>.<\/li>\n<\/ul>\n<p>O design do corpo de tubo para a cor de gradiente iridescente de 120 ml, brilhante, s\u00e9rie de di\u00e2metro de tubo 40 mm, embalagem de tubo mole PE:<\/p>\n<ul>\n<li>Criar um produto de \u201cmoeda social\u201d a n\u00edvel fen\u00f4meno: um design gradualmente em mudan\u00e7a com alto reconhecimento e valor compartilhado, inerentemente adequado para dissemina\u00e7\u00e3o viral em plataformas sociais visuais como Instagram e TikTok, gerando assim um tr\u00e1fego livre substancial para a marca.<\/li>\n<li>Achar segmenta\u00e7\u00e3o precisa do cliente e domina\u00e7\u00e3o do mercado: Com tr\u00eas estilos distintos em uma \u00fanica cole\u00e7\u00e3o, ela pode atender a uma vasta gama de clientes, incluindo jovens tendentes, mulheres rom\u00e2nticas e m\u00edsticas. A estrat\u00e9gia de marketing \u00e9 flex\u00edvel e altamente eficaz.<\/li>\n<li>Estabelecer uma imagem de marca dirigida pelo design com alto valor percebido: Ao tornar a embalagem em si um ponto de venda central, ela pode efetivamente justificar pre\u00e7os de produtos que ultrapassam muito o custo, atraindo assim consumidores que est\u00e3o dispostos a pagar por design e experi\u00eancias \u00fanicas.<\/li>\n<li>Estabelecimento de fortes barreiras ao processo e ao design: A combina\u00e7\u00e3o de impress\u00e3o gradiente e verniz de toque suave coloca extremamente elevadas demandas nos processos de produ\u00e7\u00e3o, tornando a imita\u00e7\u00e3o custosa, permitindo assim \u00e0s marcas ganhar uma vantagem competitiva a curto prazo.<\/li>\n<\/ul>\n<p>Avan\u00e7as do produto: podem incluir a gama de aplica\u00e7\u00e3o do produto, controle da dose, uso conveniente, ligeiro e duradouro, ampla aplica\u00e7\u00e3o, etc., por exemplo<\/p>\n<p>As vantagens da cor de gradiente iridescente de 120 ml, brilhante, s\u00e9rie de di\u00e2metro de tubo 40 mm, embalagem de tubo mole PE:<\/p>\n<ul>\n<li>Criar um produto de \u201cmoeda social\u201d a n\u00edvel fen\u00f4meno: um design gradualmente em mudan\u00e7a com alto reconhecimento e valor compartilhado, inerentemente adequado para dissemina\u00e7\u00e3o viral em plataformas sociais visuais como Instagram e TikTok, gerando assim um tr\u00e1fego livre substancial para a marca.<\/li>\n<li>Achar segmenta\u00e7\u00e3o precisa do cliente e domina\u00e7\u00e3o do mercado: Com tr\u00eas estilos distintos em uma \u00fanica cole\u00e7\u00e3o, ela pode atender a uma vasta gama de clientes, incluindo jovens tendentes, mulheres rom\u00e2nticas e m\u00edsticas. A estrat\u00e9gia de marketing \u00e9 flex\u00edvel e altamente eficaz.<\/li>\n<li>Estabelecer uma imagem de marca dirigida pelo design com alto valor percebido: Ao tornar a embalagem em si um ponto de venda central, ela pode efetivamente justificar pre\u00e7os de produtos que ultrapassam muito o custo, atraindo assim consumidores que est\u00e3o dispostos a pagar por design e experi\u00eancias \u00fanicas.<\/li>\n<li>Estabelecimento de fortes barreiras ao processo e ao design: A combina\u00e7\u00e3o de impress\u00e3o gradiente e verniz de toque suave coloca extremamente elevadas demandas nos processos de produ\u00e7\u00e3o, tornando a imita\u00e7\u00e3o custosa, permitindo assim \u00e0s marcas ganhar uma vantagem competitiva a curto prazo.<\/li>\n<li><strong><b>Escen\u00e1rios aplic\u00e1veis ao produto: Voc\u00ea pode listar o \u00e2mbito de aplica\u00e7\u00e3o do produto por ponto, por exemplo:<\/b><\/strong><\/li>\n<\/ul>\n<p><strong><b>Escen\u00e1rios onde se pode usar a cor de gradiente iridescente de 120 ml, brilhante, tubo de 40 mm:<\/b><\/strong><\/p>\n<ul>\n<li>\u201cAcess\u00f3rios de captura de olhos\u201d para festivals de m\u00fasica ou exposi\u00e7\u00f5es de moda: Os jovens consumidores frequentemente transportam produtos de cuidado pessoal que correspondem ao estilo de embalagem, com sua apar\u00eancia se tornando parte integrante de sua express\u00e3o de moda.<\/li>\n<li>\"Elementos que melhoram a atmosfera\" para hot\u00e9is de designer ou lojas de boutique: Em ambientes de retalho que priorizam o design espacial, esses produtos se integram sem problemas, servindo como itens que elevam a ambi\u00eancia global.<\/li>\n<li>A \u201cabertura visual\u201d de um v\u00eddeo de blogueiro de beleza: Em um tutorial de beleza ou v\u00eddeo de desboxe, sem qualquer coment\u00e1rio introdutivo, a revis\u00e3o da c\u00e2mara atrav\u00e9s da cole\u00e7\u00e3o de gradientes captiva instantaneamente a aten\u00e7\u00e3o da audi\u00eancia.<\/li>\n<li>Mostrada como uma \u201ccole\u00e7\u00e3o emocional\u201d em uma prateleira de amostragem de banho: Os consumidores podem coletar toda a s\u00e9rie para decorar e gerenciar suas emo\u00e7\u00f5es, impulsionada pela sua prefer\u00eancia para as connota\u00e7\u00f5es emocionais associadas a gradientes espec\u00edficos de cor (por exemplo, usando uma variante roxa durante banhos de noite).<\/li>\n<li>O \"destaque central\" das caixas de presente colaborativas de alto n\u00edvel: Designes gradientes servem como uma tela ideal para mostrar os conceitos art\u00edsticos inerentes a colabora\u00e7\u00f5es com m\u00fasicos, ilustradores ou marcas de moda.<\/li>\n<\/ul>","protected":false},"featured_media":3884,"comment_status":"closed","ping_status":"closed","template":"","meta":[],"product_brand":[],"product_cat":[29,47],"product_tag":[],"class_list":{"0":"post-3876","1":"product","2":"type-product","3":"status-publish","4":"has-post-thumbnail","6":"product_cat-skin-care-plastic-tube","7":"product_cat-40-pe-plastic-tube","9":"first","10":"instock","11":"shipping-taxable","12":"purchasable","13":"product-type-simple"},"_links":{"self":[{"href":"https:\/\/www.hongyitube.com\/pt\/wp-json\/wp\/v2\/product\/3876","targetHints":{"allow":["GET"]}}],"collection":[{"href":"https:\/\/www.hongyitube.com\/pt\/wp-json\/wp\/v2\/product"}],"about":[{"href":"https:\/\/www.hongyitube.com\/pt\/wp-json\/wp\/v2\/types\/product"}],"replies":[{"embeddable":true,"href":"https:\/\/www.hongyitube.com\/pt\/wp-json\/wp\/v2\/comments?post=3876"}],"wp:featuredmedia":[{"embeddable":true,"href":"https:\/\/www.hongyitube.com\/pt\/wp-json\/wp\/v2\/media\/3884"}],"wp:attachment":[{"href":"https:\/\/www.hongyitube.com\/pt\/wp-json\/wp\/v2\/media?parent=3876"}],"wp:term":[{"taxonomy":"product_brand","embeddable":true,"href":"https:\/\/www.hongyitube.com\/pt\/wp-json\/wp\/v2\/product_brand?post=3876"},{"taxonomy":"product_cat","embeddable":true,"href":"https:\/\/www.hongyitube.com\/pt\/wp-json\/wp\/v2\/product_cat?post=3876"},{"taxonomy":"product_tag","embeddable":true,"href":"https:\/\/www.hongyitube.com\/pt\/wp-json\/wp\/v2\/product_tag?post=3876"}],"curies":[{"name":"wp","href":"https:\/\/api.w.org\/{rel}","templated":true}]}}