{"id":3864,"date":"2026-01-10T11:04:27","date_gmt":"2026-01-10T03:04:27","guid":{"rendered":"https:\/\/www.hongyitube.com\/?post_type=product&#038;p=3864"},"modified":"2026-01-10T11:04:27","modified_gmt":"2026-01-10T03:04:27","slug":"120-ml-warm-moist-skin-friendly-cool-pink-40-mm-tube-diameter-high-end-pe-soft-tube-individual-packaging-container-bottle-hongyi-plastic","status":"publish","type":"product","link":"https:\/\/www.hongyitube.com\/pt\/product\/120-ml-warm-moist-skin-friendly-cool-pink-40-mm-tube-diameter-high-end-pe-soft-tube-individual-packaging-container-bottle-hongyi-plastic\/","title":{"rendered":"120 ml quente, h\u00famido, amig\u00e1vel da pele, rosa fria, di\u00e2metro de tubo de 40 mm, tubo mole de PE de alto final, recipiente\/garrafa de embalagem individual- Hongyi Plastic"},"content":{"rendered":"<p>Hongyi Plastic 120 ml de di\u00e2metro de tubo rosa quente, h\u00famido, amig\u00e1vel \u00e0 pele e frio, 40 mm \u00e9 um recipiente de embalagem de tubo mole de PE de alto n\u00edvel com di\u00e2metro de 40 mm, projetado para elevar \u201cprazer sensorial\u201d a um n\u00edvel central de sofistica\u00e7\u00e3o. Tem uma capacidade de 120 ml. O corpo do tubo apresenta uma cor rosa fria elegante como sua base, e \u00e9 uniformemente revestido de verniz de alto n\u00edvel de finais suaves, criando uma sensa\u00e7\u00e3o \u00fanica, velv\u00e9tica, suave e \u00edntima semelhante \u00e0 seda ou pele. A embalagem apresenta um design invertido de baixo perfil, parejado com v\u00e1rias op\u00e7\u00f5es invertido de baixo perfil moldados com inje\u00e7\u00e3o, permitindo opera\u00e7\u00f5es de abertura, fechamento e aperta\u00e7\u00e3o verdadeiramente simples e intuitivas. Combinado com um selo com parede reta e um processo de preenchimento preciso, este produto assegura selagem e portabilidade excepcionais ao mesmo tempo que transforma cada uso em uma experi\u00eancia sensorial agrad\u00e1vel.tubo mole de PE de alto alcance, recipiente\/garrafa de embalagem individual.<\/p>\n<p>O material de 120 ml quente, h\u00famido, amig\u00e1vel da pele, rosa fria, di\u00e2metro de tubo de 40 mm, tubo mole de PE de alto final, recipiente\/garrafa de embalagem individual<\/p>\n<ul>\n<li>Material prim\u00e1rio: substrato PE de alto grau. Sua suavidade e estabilidade excepcionais de superf\u00edcie servem como base para apoiar vernices de superf\u00edcie suave e alcan\u00e7ar uma experi\u00eancia t\u00e1ctil perfeita.<\/li>\n<li>Processo central: revestimento especial de verniz de superf\u00edcie suave. Isto n\u00e3o \u00e9 apenas um final de mat\u00e9 comum; \u00c9 um tratamento de superf\u00edcie alcan\u00e7ado atrav\u00e9s de uma formula\u00e7\u00e3o especial que apresenta um coeficiente extremamente baixo de fric\u00e7\u00e3o e uma textura velv\u00e9tica. Ela possui propriedades como resist\u00eancia \u00e0s impress\u00f5es digitais, resist\u00eancia ao arranho e sensa\u00e7\u00e3o t\u00e1ctil consistente, assegurando uma experi\u00eancia de \"nunca se cansar de tocar\".<\/li>\n<li>Seguran\u00e7a: A formula\u00e7\u00e3o do \u00f3leo ligeiro cumpre os padr\u00f5es internacionais de seguran\u00e7a para os materiais de contato, tornando-o seguro para o contato cut\u00e2neo.<\/li>\n<\/ul>\n<p><strong><b>Aplica\u00e7\u00f5es recomendadas <\/b><\/strong>\"<\/p>\n<p>A ind\u00fastria da beleza e da pele.<\/p>\n<ul>\n<li>O mercado das senhoras: cremes de m\u00e3o de alto alcance, m\u00e1scaras de repara\u00e7\u00e3o de noite, lot\u00f5es de luxo corporal e cremes cheirados. A combina\u00e7\u00e3o de texturas rosas e suaves frias se alinha perfeitamente com a psicologia do consumidor de \"auto-indulgencia\", \"momentos privados\" e \"rituais de cura\", tornando-a uma plataforma ideal para criar produtos emocionalmente valiosos com altos pre\u00e7os prim\u00e1rios.<\/li>\n<li>Mercado masculino: adequado como presente de alto n\u00edvel ou para cole\u00e7\u00f5es espec\u00edficas de nichos. A aceita\u00e7\u00e3o de rosa fria no mercado masculino principal \u00e9 limitada, mas pode ser parejada com coberturas mais escuras (como carv\u00e3o cinzento, azul da marinha) para ser usada em edi\u00e7\u00f5es limitadas ou conjuntos de presentes que enfatizam \u201cexperi\u00eancias sensoriais\u201d e \u201cunicidade\u201d. A ind\u00fastria de pasta farmac\u00eautica e agentes de manuten\u00e7\u00e3o mec\u00e2nica.<\/li>\n<li>Mercado de aromaterapia de alto n\u00edvel e cuidados emocionais: cremes de massagem de luxo de marca de petr\u00f3leo, cremes tranquilizantes que induzem o sono, e produtos de spa projetados especificamente para hot\u00e9is de cinco estrelas. Sua exquisita textura aumenta consideravelmente o valor terap\u00eautico e a experi\u00eancia sensorial dos produtos, transformando itens funcionais em prazeres sensoriais.<\/li>\n<\/ul>\n<p>A ind\u00fastria industrial de pigmentos qu\u00edmicos.<\/p>\n<ul>\n<li>Cuidado de produtos luxuosos e acess\u00f3rios de marca designer: cremes de cuidado de couro\/m\u00f3veis de alto alcance, meios especializados para artistas e kit de material criativo de marcas de luxo. A textura da embalagem deve corresponder ao alto valor dos itens cuidados ou criados, aumentando o sentimento geral luxoso da experi\u00eancia.<\/li>\n<\/ul>\n<p>Utiliza\u00e7\u00e3o recomendada para este n\u00edvel de 120 ml quente, h\u00famido, amig\u00e1vel da pele, rosa fria, di\u00e2metro de tubo de 40 mm, tubo mole de PE de alto final, recipiente\/garrafa de embalagem individual.<\/p>\n<h3>\u00a0<strong><b>Caracter\u00edsticas<\/b><\/strong><strong><b>120 ml de tubo quente, h\u00famido, amig\u00e1vel da pele, rosa fria, di\u00e2metro de tubo de 40 mm, tubo mole PE de alto final, recipiente\/garrafa de embalagem individual<\/b><\/strong><strong><b>: <\/b><\/strong><\/h3>\n<ul>\n<li>Experi\u00eancia t\u00e1ctil revolucion\u00e1ria: A textura de \"\u00f3leo brilhante de toque suave\" \u00e9 a vantagem competitiva principal do produto. Cria um ponto de mem\u00f3ria sensorial impressionante que transcende a percep\u00e7\u00e3o visual, evocando diretamente a resson\u00e2ncia emocional dos consumidores e o desejo de propriedade.<\/li>\n<li>F\u00e1cil de uso n\u00e3o paralelo com uma m\u00e3o: O design compacto de cobertura invertida combinado com um sentimento de toque suave resulta numa experi\u00eancia excepcionalmente suave e confort\u00e1vel ao longo de todo o processo de seguran\u00e7a, abertura e aperta\u00e7\u00e3o, funcionalidade de mistura sem problemas com est\u00e9tica.<\/li>\n<li>Linguagem visual avan\u00e7ada mas restrita: Rosa legal \u00e9 suave, moderna e sofisticada, evitando qualquer sentido de doce. O final de matte exude luxo subestimado, tornando-o \u00fanicamente atraente em prateleiras de lojas.<\/li>\n<li>A qualidade final: \u201cO encanto duradouro\u201d implica que sua superf\u00edcie pode resistir aos rasgos e manchas do uso cotidiano durante um per\u00edodo prolongado, mantendo uma apar\u00eancia fresca e atraente, aumentando assim o valor percebido do produto como uma op\u00e7\u00e3o sustent\u00e1vel.<\/li>\n<\/ul>","protected":false},"excerpt":{"rendered":"<ul>\n<li><b><\/b><strong><b>Design de Tube Body<\/b><\/strong>.<\/li>\n<\/ul>\n<p>O design do corpo de tubo para 120 ml de calor, h\u00famido, amig\u00e1vel da pele, rosa fria, di\u00e2metro de tubo de 40 mm, tubo mole de PE de alto final, recipiente\/garrafa de embalagem individual:<\/p>\n<ul>\n<li>Aplica\u00e7\u00e3o profunda do marketing sensorial:<\/li>\n<li>O design j\u00e1 n\u00e3o est\u00e1 limitado ao dom\u00ednio da \"visualidade\"; Em uma era de sobrecarga de informa\u00e7\u00e3o, uma experi\u00eancia t\u00e1ctil \u00fanica e agrad\u00e1vel pode estabelecer uma conex\u00e3o de marca mais \u00edntima e memor\u00e1vel. Sensa\u00e7\u00f5es suaves e t\u00e1ctiles evocam diretamente sentimentos de \"ser cuidado\", \"suavidade\", \"excel\u00eancia\" e \"aten\u00e7\u00e3o ao detalhe\".<\/li>\n<li>A intera\u00e7\u00e3o psicol\u00f3gica entre cor e textura:<\/li>\n<li>Rosa Cool: Uma sombra racional, moderna e ligeiramente longe da sombra de rosa. Contrariamente ao rosa quente, n\u00e3o \u00e9 doce, mas transmite \"eleg\u00e2ncia calma\", \"gentileza intelectual\" e \"femininidade moderna\".<\/li>\n<li>Finalidade suave e luminosa: transforma a \u201crefrigera\u00e7\u00e3o\u201d visual do rosa gelado em um \u201ccalor\u201d t\u00e1ctil, criando um fascinante contraste sensorial que torna o produto estilo e acess\u00edvel.<\/li>\n<li>Filosofia de design de \u201cqualidades que falam por si mesmos\u201d: O melhor luxo \u00e9 muitas vezes algo que n\u00e3o precisa ser flaunted. Este produto transmite sua qualidade atrav\u00e9s do toque direto pelos dedos do usu\u00e1rio, uma experi\u00eancia muito mais convincente do que qualquer slogan de publicidade. Sugira que a marca se concentra de forma inesperada nos detalhes da experi\u00eancia do usu\u00e1rio.<\/li>\n<\/ul>\n<p>As vantagens do 120 ml de tubo quente, h\u00famido, amig\u00e1vel da pele, rosa frio, di\u00e2metro de tubo de 40 mm, tubo mole de PE de alto final, recipiente\/garrafa de embalagem individual:<\/p>\n<p>Estabelecer um molho de produto dif\u00edcil de replicar: A t\u00e9cnica \u00fanica de processamento de toque suave tem um alto limiar t\u00e9cnico e de custo, que efetivamente diferencia-o de concorrentes e cria uma forte vantagem competitiva.<\/p>\n<ul>\n<li>Significantemente melhora a posi\u00e7\u00e3o do pr\u00e9mio de produto e o valor do presente: A experi\u00eancia sensorial excepcional proporciona uma justifica\u00e7\u00e3o convincente para estabelecer pre\u00e7os elevados, tornando o pr\u00f3prio produto semelhante a uma caixa de j\u00f3ias bem feita, perfeitamente adequada para o mercado de presente de alto n\u00edvel.<\/li>\n<li>Criar uma experi\u00eancia de usu\u00e1rio muito interessante e construir a lealdade das marcas: Texturas agrad\u00e1veis fomentam h\u00e1bitos de uso e apego emocional, levando os usu\u00e1rios a continuar comprando ou conservando produtos devido ao \u201cexcelente sentimento\u201d, resultando em uma lealdade extremamente alta da marca.<\/li>\n<li>Precisamente alvo de clientes de alto valor l\u00edquido, orientados para experi\u00eancias: apelar profundamente aos consumidores maduros que valorizam a qualidade de vida, prestam aten\u00e7\u00e3o aos detalhes e est\u00e3o dispostos a pagar um pr\u00e9mio por experi\u00eancias excepcionais<\/li>\n<\/ul>\n<p><strong><b>Escen\u00e1rios onde podem ser usados 120 ml de calor, h\u00famido, amig\u00e1vel \u00e0 pele, rosa fria, di\u00e2metro de tubo de 40 mm, tubo mole de PE de alto final, recipiente\/garrafa de embalagem individual:<\/b><\/strong><\/p>\n<ul>\n<li>O \"Touch Symphony\" dos rituais de corte de pele antes da cama: enquanto os consumidores se envolvem em cuidados nocturnos, eles pegam este tubo excepcionalmente t\u00e1ctil, instantaneamente entrando em um estado de relaxamento e sendo apertados desde o momento do toque.<\/li>\n<li>Os \"momentos de surpresa\" nos banheiros de alto n\u00edvel do hotel: os convidados descobrem que as m\u00e1quinas de banho t\u00eam texturas t\u00e3o \u00fanicas. Este n\u00edvel inesperado de detalhes pode aumentar grandemente seus sentimentos positivos e mem\u00f3rias da marca do hotel.<\/li>\n<li>A \u201csurpresa central\u201d dentro da caixa de presente boutique: Quando aberta como presente, sua textura far\u00e1 uma forte impress\u00e3o antes de sua apar\u00eancia visual, fazendo o receptor se sentir verdadeiramente valorizado.<\/li>\n<li>\"Prazer Privado\" na Bolsa Comutadora: Depois de lavar as m\u00e3os no escrit\u00f3rio ou caf \u00e9, uma mulher usa este creme de m\u00e3o, e a breve sensa\u00e7\u00e3o se torna um pequeno momento de conforto em meio \u00e0 sua rotina ocupada.<\/li>\n<li>Colocado como um \u201ccolet\u00edvel sensorial\u201d em uma mesa de vestimentos: Mesmo que o conte\u00fado esteja esgotado, os consumidores podem escolher manter a embalagem devido \u00e0 sua vontade pela textura, usando-a para arranjos florais ou como objetos decorativos, estendendo assim a vida da marca.<\/li>\n<\/ul>","protected":false},"featured_media":3867,"comment_status":"closed","ping_status":"closed","template":"","meta":[],"product_brand":[],"product_cat":[29,47],"product_tag":[],"class_list":{"0":"post-3864","1":"product","2":"type-product","3":"status-publish","4":"has-post-thumbnail","6":"product_cat-skin-care-plastic-tube","7":"product_cat-40-pe-plastic-tube","9":"first","10":"instock","11":"shipping-taxable","12":"purchasable","13":"product-type-simple"},"_links":{"self":[{"href":"https:\/\/www.hongyitube.com\/pt\/wp-json\/wp\/v2\/product\/3864","targetHints":{"allow":["GET"]}}],"collection":[{"href":"https:\/\/www.hongyitube.com\/pt\/wp-json\/wp\/v2\/product"}],"about":[{"href":"https:\/\/www.hongyitube.com\/pt\/wp-json\/wp\/v2\/types\/product"}],"replies":[{"embeddable":true,"href":"https:\/\/www.hongyitube.com\/pt\/wp-json\/wp\/v2\/comments?post=3864"}],"wp:featuredmedia":[{"embeddable":true,"href":"https:\/\/www.hongyitube.com\/pt\/wp-json\/wp\/v2\/media\/3867"}],"wp:attachment":[{"href":"https:\/\/www.hongyitube.com\/pt\/wp-json\/wp\/v2\/media?parent=3864"}],"wp:term":[{"taxonomy":"product_brand","embeddable":true,"href":"https:\/\/www.hongyitube.com\/pt\/wp-json\/wp\/v2\/product_brand?post=3864"},{"taxonomy":"product_cat","embeddable":true,"href":"https:\/\/www.hongyitube.com\/pt\/wp-json\/wp\/v2\/product_cat?post=3864"},{"taxonomy":"product_tag","embeddable":true,"href":"https:\/\/www.hongyitube.com\/pt\/wp-json\/wp\/v2\/product_tag?post=3864"}],"curies":[{"name":"wp","href":"https:\/\/api.w.org\/{rel}","templated":true}]}}