{"id":3799,"date":"2026-01-10T09:56:17","date_gmt":"2026-01-10T01:56:17","guid":{"rendered":"https:\/\/www.hongyitube.com\/?post_type=product&#038;p=3799"},"modified":"2026-01-10T10:17:57","modified_gmt":"2026-01-10T02:17:57","slug":"40-mm-diameter-100ml-transparent-glossy-soft-tube-packaging-material-container-bottle-hongyi-plastic","status":"publish","type":"product","link":"https:\/\/www.hongyitube.com\/pt\/product\/40-mm-diameter-100ml-transparent-glossy-soft-tube-packaging-material-container-bottle-hongyi-plastic\/","title":{"rendered":"Di\u00e2metro de 40 mm, material de embalagem de tubos moles transparentes e brilhantes\/recipiente\/garrafa. - Hongyi Plastic"},"content":{"rendered":"<p>Hongyi[UNK]Plastic40 mm diameter, 100 ml transparent, brilhante tubo mole embalagem material\/recipiente\/garrafa \u00e9 um di\u00e2metro de 40 mm, recipiente universal de embalagem de tubo mole PE centrado em torno de \u201cminimalismo, transpar\u00eancia e funcionalidade m\u00e1xima\u201d, com uma capacidade de 100 mililitros. O corpo do tubo apresenta um design de brilho de alta transpar\u00eancia, tornando-o puro e transparente, permitindo a visualiza\u00e7\u00e3o mais direta da cor, textura e quantidade restante do conte\u00fado. A embalagem emprega um design invertido de baixo perfil, que pode ser parejado com v\u00e1rios invertidos de baixo perfil com moldura de inje\u00e7\u00e3o colorida, permitindo opera\u00e7\u00f5es de abertura e apertura de m\u00e3o \u00fanica verdadeiramente suaves e duradouras. Combinado com um selo com parede reta e uma tecnologia precisa de preenchimento da frente, este produto assegura selagem excepcional, resist\u00eancia ao vazamento e resist\u00eancia ao impacto, sendo tamb\u00e9m compacto e ligeiro, tornando-o uma ferramenta de efici\u00eancia m\u00e1xima para viajar, viajar e embalagem di\u00e1ria.<\/p>\n<p>O material de di\u00e2metro de 40 mm, 100 ml transparente e brilhante tubo mole embalagem material\/recipiente\/garrafa.  \uff1a<\/p>\n<ul>\n<li>Material prim\u00e1rio: Material de PE altamente transparente e resistente. Sua pureza excepcional e clareza \u00f3ptica s\u00e3o fundamentais para alcan\u00e7ar um efeito visual \u201csemelhante a cristais\u201d, ao mesmo tempo que possuem excelente estabilidade qu\u00edmica e resist\u00eancia ao impacto.<\/li>\n<li>Caracter\u00edsticas chave: O material \u00e9 flex\u00edvel e f\u00e1cil de comprimir completamente, reduzindo os res\u00edduos; \u00e9 ligeira e resistente ao choque, tornando-a ideal para viagens e cen\u00e1rios de uso frequente.<\/li>\n<li>Seguran\u00e7a: Compreende padr\u00f5es internacionais para materiais utilizados em contato com alimentos e farmac\u00eauticos (por exemplo, FDA), adequados para uma ampla gama de l\u00edquidos e pastas.<\/li>\n<\/ul>\n<p><strong><b>Aplica\u00e7\u00f5es recomendadas <\/b><\/strong>\"<\/p>\n<p>Utiliza\u00e7\u00e3o recomendada para esse di\u00e2metro de 40 mm, material de embalagem\/recipiente\/garrafa de tubos moles transparentes e brilhantes de 100ml<\/p>\n<p>Ind\u00fastria da beleza e da pele<\/p>\n<ul>\n<li>Mulheres s Market: Ess\u00eancia de tamanho de viagem, primo, protetor solar e remover maquilhagem. O design transparente permite uma identifica\u00e7\u00e3o r\u00e1pida durante os controles de seguran\u00e7a, e a opera\u00e7\u00e3o de uma m\u00e3o \u00e9 extremamente conveniente em cen\u00e1rios como banheiros e gin\u00e1sios. As mulheres podem ver visualmente o produto a quantidade restante, facilitando a gest\u00e3o.<\/li>\n<li>Homens mercado s: tamanho de viagem ap\u00f3s a limpeza, cera de cabelo, limpeza de alta viscosidade. O design transparente minimalista n\u00e3o tem vi\u00e9s de g\u00eanero, encontra homens a demanda de efici\u00eancia, pr\u00e1tica e limpeza, opera\u00e7\u00e3o de uma m\u00e3o est\u00e1 em conson\u00e2ncia com seu estilo de vida r\u00e1pido.<\/li>\n<li>Crian\u00e7as mercado s: Gel de banho, shampoo, prote\u00e7\u00e3o solar para crian\u00e7as s viajar. Os pais podem claramente ver a quantidade restante para garantir a seguran\u00e7a; A cor brilhante da cobertura pode atrair crian\u00e7as e a opera\u00e7\u00e3o de uma m\u00e3o torna conveniente para os pais usar.<\/li>\n<\/ul>\n<p>&nbsp;<\/p>\n<p>Ind\u00fastria de agentes de manuten\u00e7\u00e3o mec\u00e2nica do tipo de poma farmac\u00eautica<\/p>\n<ul>\n<li>Aten\u00e7\u00e3o pessoal e mercados profissionais: gel de desinfectante port\u00e1til, poma de repouso esportivo, dispensa\u00e7\u00e3o de agente de acoplamento m\u00e9dico, gordura de instrumentos de precis\u00e3o. O corpo transparente da garrafa facilita a identifica\u00e7\u00e3o r\u00e1pida e precisa dos conte\u00fados, e o design de prova de vazamento e caracter\u00edsticas robustas asseguram carregamento seguro.<\/li>\n<li>Professional outdoor and first aid: Outdoor first aid ointment, tool maintenance oil filling. Sua confiabilidade e visibilidade s\u00e3o particularmente importantes nas cenas do ar livre.<\/li>\n<\/ul>\n<p>Industrial Chemical Pigments Industry<\/p>\n<ul>\n<li>Mercados criativos, educativos e de repara\u00e7\u00e3o: preenchimento de cola DIY feita \u00e0 m\u00e3o, pintura modelo, amostras de pintura, pasta condutiva para repara\u00e7\u00f5es eletr\u00f4nicas. O corpo transparente da garrafa \u00e9 a maneira mais direta de identificar o conte\u00fado, e o design de prova de vazamento evita contaminar o kit, tornando-o uma escolha pr\u00e1tica para trabalhadores e t\u00e9cnicos criativos.<\/li>\n<\/ul>","protected":false},"excerpt":{"rendered":"<ul>\n<li><b><\/b><strong><b>Design de Tube Body<\/b><\/strong>.<\/li>\n<\/ul>\n<p>O design do corpo do tubo para o di\u00e2metro de 40 mm, 100 ml transparente e brilhante material de embalagem de tubos moles\/recipiente\/garrafa.  :<\/p>\n<ul>\n<li>A filosofia de \"fun\u00e7\u00e3o \u00e9 igual \u00e0 est\u00e9tica\": Essa filosofia de design deriva do funcionalismo de Bauhaus na Alemanha e do respeito pela ess\u00eancia de materiais na est\u00e9tica japonesa \"wabi-sabi\". Elimina toda a ornamenta\u00e7\u00e3o, permitindo a transpar\u00eancia dos materiais, a precis\u00e3o das estruturas e a facilidade de uso para se tornar as fontes prim\u00e1rias da beleza. A transpar\u00eancia aqui representa \"aus\u00eancia de escondido\", \"redund\u00e2ncia zero\" e \"efici\u00eancia absoluta\".<\/li>\n<li>Design de intera\u00e7\u00e3o centrado em cen\u00e1rios de usu\u00e1rio: Cada detalhe foi otimizado para o cen\u00e1rio de \"viagem e uso frequente\".<\/li>\n<li>Completamente Transparente: Activar posicionamento visual instant \u00e2neo dentro de bagagem ou caixas de ferramentas.<\/li>\n<li>Design compacto e invertido: Ideal para situa\u00e7\u00f5es em que \u00e9 necess\u00e1rio usar r\u00e1pido e de m\u00e3o \u00fanica, como ap\u00f3s verifica\u00e7\u00f5es de seguran\u00e7a no aeroporto, em banheiros p\u00fablicos, ou enquanto trabalha fora.<\/li>\n<li>Compacto e robusto: maximiza o uso do espa\u00e7o dispon\u00edvel enquanto aguenta os picos da viagem.<\/li>\n<li>Estrat\u00e9gias neutras e universalmente aplic\u00e1veis: transpar\u00eancia e funcionalidade s\u00e3o l\u00ednguas universais que transcendem g\u00eanero e idade. Ao oferecer as solu\u00e7\u00f5es mais fundamentais (vis\u00edveis, facilmente acess\u00edveis e provas de derrame), elas asseguram uma ampla aceita\u00e7\u00e3o entre diversos segmentos de clientes.<\/li>\n<\/ul>\n<p>&nbsp;<\/p>\n<p>As vantagens do di\u00e2metro de 40 mm, 100 ml transparente e brilhante tubo mole embalagem material\/recipiente\/garrafa:<\/p>\n<ul>\n<li>Endere\u00e7ar os pontos b\u00e1sicos de viagem e uso de dor: Ao diretamente focar os tr\u00eas principais problemas de \u201cdificuldade em encontrar armazenamento l\u00edquido, vazamento e abertura inconveniente\u201d, fornecemos uma solu\u00e7\u00e3o integrada e definitiva. Isso \u00e9 inevitavelmente o \"assassino de pontos de dor\".<\/li>\n<li>Estabelecer uma forte confian\u00e7a e seguran\u00e7a dos consumidores: design transparente implica \u201cnada escondido\u201d, dando aos consumidores controle total sobre o estado e quantidades restantes do conte\u00fado. Isso \u00e9 particularmente crucial em campos como farmac\u00eauticos e qu\u00edmicos, onde os requisitos de seguran\u00e7a s\u00e3o elevados.<\/li>\n<li>Empoderar marcas e reduzir os custos de marketing: A embalagem minimalist a for\u00e7a as marcas a focar na qualidade de seus produtos (como o conte\u00fado \u00e9 imediatamente aparente), enquanto as marcas podem diferenciar suas linhas de produtos mudando facilmente a cor da cobertura do flip a baixo custo, oferecendo grande flexibilidade.<\/li>\n<li>Promover a protec\u00e7\u00e3o ambiental e pr\u00e1ticas de consumo sustent\u00e1veis: Encorajar a reutiliza\u00e7\u00e3o de produtos e substituir embalagens pl\u00e1sticos de uso \u00fanico, que s\u00e3o inerentemente sustent\u00e1veis devido \u00e0 sua natureza robusta e duradoura, alinhando-se com as tend\u00eancias do consumo global.<\/li>\n<\/ul>\n<p><strong><b>Escen\u00e1rios onde o di\u00e2metro de 40 mm, 100 ml transparente, brilhante tubo mole embalagem material\/recipiente\/garrafa. - pode ser usado:<\/b><\/strong><\/p>\n<ul>\n<li>\u201cEssenciais favor\u00e1veis \u00e0 seguran\u00e7a\u201d para viajantes internacionais: Viajantes frequentes que tenham sofrido rigorosos controles de seguran\u00e7a l\u00edquida dependem da transpar\u00eancia e fiabilidade de 100% deste produto para separar todos os l\u00edquidos conformes, permitindo-lhes passar os controles de seguran\u00e7a eficientemente.<\/li>\n<li>O \u201crei da efici\u00eancia\u201d em centros de fitness ou \u00e1reas de chuveiro de piscina: Os usu\u00e1rios podem operar com uma m\u00e3o enquanto se ducham, completamente n\u00e3o afetados pela umidade. O design invertido impede que a tampa desliza da m\u00e3o.<\/li>\n<li>Uma \u201cesta\u00e7\u00e3o de gest\u00e3o unificada\u201d para sa\u00eddas familiares: os pais usam recipientes padronizados para embalar itens de cuidado pessoal para toda a fam\u00edlia. As garrafas transparentes facilitam a distin\u00e7\u00e3o entre itens, e o design permite uma opera\u00e7\u00e3o de uma m\u00e3o, tornando conveniente usar enquanto cuida das crian\u00e7as.<\/li>\n<li>\u201cEsta\u00e7\u00f5es de trabalho m\u00f3veis\u201d para artistas ou engenheiros: Seja um meio de cor de pintor ou o preciso limpeza eletr\u00f4nica de um programador, tudo pode ser seguro, limpo e facilmente armazenado em um kit de ferramentas port\u00e1til.<\/li>\n<li>** A \u201cEscolha Pura\u201d da mesa de vanidade minimalista**: Os consumidores que valorizam a simplicidade em suas vidas apreciam a funcionalidade n\u00e3o dormida desta pe\u00e7a, que permite a mesa de vanidade abrigar apenas os itens mais essenciais.<\/li>\n<\/ul>","protected":false},"featured_media":3803,"comment_status":"closed","ping_status":"closed","template":"","meta":[],"product_brand":[],"product_cat":[29,47],"product_tag":[],"class_list":{"0":"post-3799","1":"product","2":"type-product","3":"status-publish","4":"has-post-thumbnail","6":"product_cat-skin-care-plastic-tube","7":"product_cat-40-pe-plastic-tube","9":"first","10":"instock","11":"shipping-taxable","12":"purchasable","13":"product-type-simple"},"_links":{"self":[{"href":"https:\/\/www.hongyitube.com\/pt\/wp-json\/wp\/v2\/product\/3799","targetHints":{"allow":["GET"]}}],"collection":[{"href":"https:\/\/www.hongyitube.com\/pt\/wp-json\/wp\/v2\/product"}],"about":[{"href":"https:\/\/www.hongyitube.com\/pt\/wp-json\/wp\/v2\/types\/product"}],"replies":[{"embeddable":true,"href":"https:\/\/www.hongyitube.com\/pt\/wp-json\/wp\/v2\/comments?post=3799"}],"wp:featuredmedia":[{"embeddable":true,"href":"https:\/\/www.hongyitube.com\/pt\/wp-json\/wp\/v2\/media\/3803"}],"wp:attachment":[{"href":"https:\/\/www.hongyitube.com\/pt\/wp-json\/wp\/v2\/media?parent=3799"}],"wp:term":[{"taxonomy":"product_brand","embeddable":true,"href":"https:\/\/www.hongyitube.com\/pt\/wp-json\/wp\/v2\/product_brand?post=3799"},{"taxonomy":"product_cat","embeddable":true,"href":"https:\/\/www.hongyitube.com\/pt\/wp-json\/wp\/v2\/product_cat?post=3799"},{"taxonomy":"product_tag","embeddable":true,"href":"https:\/\/www.hongyitube.com\/pt\/wp-json\/wp\/v2\/product_tag?post=3799"}],"curies":[{"name":"wp","href":"https:\/\/api.w.org\/{rel}","templated":true}]}}