{"id":3788,"date":"2026-01-09T21:48:29","date_gmt":"2026-01-09T13:48:29","guid":{"rendered":"https:\/\/www.hongyitube.com\/?post_type=product&#038;p=3788"},"modified":"2026-01-09T21:48:29","modified_gmt":"2026-01-09T13:48:29","slug":"35mm-diameter-50ml-capacity-pearl-finish-vintage-gold-pe-soft-tube-packaging-material-individual-packaging-bottle-hongyi-plastic","status":"publish","type":"product","link":"https:\/\/www.hongyitube.com\/pt\/product\/35mm-diameter-50ml-capacity-pearl-finish-vintage-gold-pe-soft-tube-packaging-material-individual-packaging-bottle-hongyi-plastic\/","title":{"rendered":"Di\u00e2metro de 35 mm, capacidade de 50 ml, fini\u00e7\u00e3o de perlas, material de embalagem de tubos moles de PE de ouro vintage, embalagem individual - Hongyi Plastic"},"content":{"rendered":"<p>Hongyi[UNK]Plastic35mm diameter, 50 ml capacity, pearl-finish, vintage gold PE soft tube packaging material, individual packaging bottle is a high-end PE soft tube packaging container with a 35mm diameter, characterized by its use of \u201cclassic, authoritative, and timeless values\u201d as its core communication language. Tem uma capacidade de 50 mililitros. O corpo do tubo apresenta ouro de velho luxuoso e pouco brilhante, dando-lhe um brilho quente e profundo que ultrapassa muito a coragem do ouro brilhante comum. Toda informa\u00e7\u00e3o sobre produtos \u00e9 claramente mostrada em impress\u00e3o negra de alto contraste, criando uma combina\u00e7\u00e3o visual cl\u00e1ssica, autorit\u00e1ria e altamente reconhec\u00edvel com a base de ouro. A embalagem apresenta um projeto de fios de alto perfil, com uma tampa crom\u00e1tica que brilha brilhantemente, em contraste com o final de brilho de perlas do corpo do tubo. Isto cria uma textura rica dentro de um tema de ouro unificado. Combinado com um processo de selagem de gr\u00e3os retas, o produto assegura integridade excepcional de selagem e confiabilidade de portabilidade, tornando-o um peda\u00e7o refinado que incorpora<\/p>\n<p>O material de di\u00e2metro de 35 mm, capacidade de 50 ml, final de perlas, material de embalagem de tubos moles de PE de ouro vintage, garrafa de embalagem individual<\/p>\n<ul>\n<li>Material prim\u00e1rio: Material composto PE de ouro de alta lustra. atrav\u00e9s da mistura cuidadosa de pigmentos especiales de perlas e aditivos de cores, este material alcan\u00e7a um fim de ouro uniforme, de corpo completo e subtilmente texturado com uma apar\u00eancia sofisticada e duradoura.<\/li>\n<li>Surface Finish: A textura de perlas elimina reflex\u00f5es r\u00edgidas t\u00edpicas de cores met\u00e1licas padr\u00f5es, ao inv\u00e9s de mostrar uma apar\u00eancia met\u00e1lica suave, quente e matte com uma textura suave.<\/li>\n<li>Processo chave: O processo de fechamento de tampa de ouro eletropladado assegura o alto brilho e durabilidade da tampa como espelho, criando uma delicada intera\u00e7\u00e3o de texturas com o corpo do tubo.<\/li>\n<\/ul>\n<p><strong><b>Aplica\u00e7\u00f5es recomendadas <\/b><\/strong>\"<\/p>\n<p>Utiliza\u00e7\u00e3o recomendada para esse di\u00e2metro de 35mm, capacidade de 50ml, final de perlas, material de embalagem de tubos moles de PE de ouro vintage, garrafa de embalagem individual<\/p>\n<p>A ind\u00fastria da beleza e da pele.<\/p>\n<p>&nbsp;<\/p>\n<ul>\n<li>O Mercado das Mulheres: S\u00e9rumes antienvelhecimento de alto n\u00edvel, balmas aromatizados de edi\u00e7\u00e3o limitada, e cremes de m\u00e3o profissionais. O design de ouro vintage transmite mensagens poderosas de \u201crecompensas de luxo\u201d, \u201celeg\u00e2ncia sem tempo\u201d e \u201cf\u00f3rmulas cl\u00e1ssicas\u201d, atraindo mulheres maduras que valorizam experi\u00eancias rituais e de qualidade duradouras, bem como coletores.<\/li>\n<li>Mercado dos Homens: Colec\u00e7\u00e3o Gentleman Grooming (balm ap\u00f3s rasar, petr\u00f3leo de cabelo), shampoo de alta linha de sal\u00e3o, lot\u00e3o aromatizada de madeira. A combina\u00e7\u00e3o de ouro baixo saturado e negro cria uma imagem cl\u00e1ssica, composta, bem sucedida, orientada para detalhes e subestimada de um homem, evitando femininidade ou frivolidade. Ind\u00fastria de ing\u00eancias farmac\u00eauticas e agentes de manuten\u00e7\u00e3o mec\u00e2nica.<\/li>\n<\/ul>\n<p>&nbsp;<\/p>\n<ul>\n<li>Mercado de assist\u00eancia pessoal de alto n\u00edvel e restaura\u00e7\u00e3o profissional: gel de repara\u00e7\u00e3o de cicatrizes de alto n\u00edvel, creme de massagem de reabilita\u00e7\u00e3o esportiva profissional e produtos de emerg\u00eancia de marcas de luxo. A embalagem transmite um sentido de autoridade profissional com frases como \u201cartesanato\u201d, \u201cefic\u00e1cia\u201d e \u201cconfi\u00e1vel\u201d, que sustentam a posi\u00e7\u00e3o de alto n\u00edvel do produto e o compromisso profissional.<\/li>\n<\/ul>\n<h3><b>1.\u00a0 <\/b><strong><b>Atributos do produto<\/b><\/strong><\/h3>\n<p>Caracter\u00edsticas do di\u00e2metro de 35mm, capacidade de 50ml, final de perlas, material de embalagem de tubos moles de PE de ouro vintage, garrafa de embalagem individual:<\/p>\n<ul>\n<li>Autoridade de cores \u201cretro ouro\u201d \u00fanica: O retro ouro iridescente cria um sentido de \u201cluxo de narra\u00e7\u00e3o\u201d, caracterizado por sua qualidade subestimada, quente e rico, que se encontra em estreito contraste com o ouro brilhante comumente usado nas celebra\u00e7\u00f5es tradicionais e acrescenta um ar de sofistica\u00e7\u00e3o e refinamento.<\/li>\n<li>S\u00edmbolos visuais sem tempo e ic\u00f4nicos: O esquema de cores negra e ouro \u00e9 uma combina\u00e7\u00e3o de cores cl\u00e1ssica e autorit\u00e1ria que transcende tempo, culturas e ind\u00fastrias, simbolizando qualidade, confiabilidade e valor. Isso instantaneamente estabelece uma identidade de marca profissional de alto n\u00edvel e requer um esfor\u00e7o m\u00ednimo de comunica\u00e7\u00e3o.<\/li>\n<li>Profundidade excepcional da textura e design geral: O contraste na textura entre o corpo do tubo de perlas e a tampa brilhante eletropladada, tudo em um esquema de cores unificado, demonstra considera\u00e7\u00f5es meticulosas de design, tornando o produto rico em detalhes ao mesmo tempo que mant\u00e9m uma apar\u00eancia suave e coesa.<\/li>\n<li>Dormir e projeto port\u00e1til: A capacidade de 50 mililitros faz com que seja perfeita para ser usada como um conjunto de viagens, amostragem, ou ess\u00eancia di\u00e1ria para produtos de alto n\u00edvel. \u00c9 compacto, port\u00e1til e ainda se sente substancial.<\/li>\n<\/ul>","protected":false},"excerpt":{"rendered":"<ul>\n<li><b><\/b><strong><b>Design de Tube Body<\/b><\/strong>.<\/li>\n<\/ul>\n<p>O design do corpo de tubo para o di\u00e2metro de 35 mm, capacidade de 50 ml, fini\u00e7\u00e3o de perlas, material de embalagem de tubo mole de PE de ouro vintage, garrafa de embalagem individual:<\/p>\n<ul>\n<li>O Valor Eterno de Cores e S\u00edmbolos:<\/li>\n<li>Ouro de velho brilho de perlas: Ele evita a ostent\u00e2ncia de \"novidade\" em favor do valor que foi provado ao longo do tempo. Ela evoca imagens de eleg\u00e2ncia sem tempo, j\u00f3ias de herdeira e embalagens cl\u00e1ssicos de luxo, transmitindo um senso de confian\u00e7a, confiabilidade e sofistica\u00e7\u00e3o tranquila.<\/li>\n<li>Impress\u00e3o de Pantalla Negra: Em uma base de ouro, o negro \u00e9 a escolha mais autorit\u00e1ria e clara. Ela transmite solemnidade, precis\u00e3o e informa\u00e7\u00e3o essencial, aumentando assim o profissionalismo e credibilidade do produto.<\/li>\n<li>A filosofia do design do \"Manifesto Unificado\": O tema dourado que corre do corpo at\u00e9 o tapete de screw \u00e9 uma poderosa declara\u00e7\u00e3o de integridade da marca. Indica que a marca procura harmonia perfeita em todos os detalhes, e essa pr\u00f3pria \u201cintegridade\u201d \u00e9 uma manifesta\u00e7\u00e3o de luxo.<\/li>\n<li>Est\u00e9tica cl\u00e1ssica sem vi\u00e9s de g\u00eanero: Este design elimina com sucesso r\u00f3tulos expl\u00edcitos de g\u00eanero. Para mulheres, representa luxo e recompensa; para homens, ela incorpora subst\u00e2ncia e autoridade. Ela captiva consumidores que ressonam com sua proposta de valor atrav\u00e9s do poder da est\u00e9tica cl\u00e1ssica.<\/li>\n<\/ul>\n<p>As vantagens do di\u00e2metro de 35 mm, capacidade de 50 ml, final de perlas, material de embalagem de tubos moles de PE de ouro vintage, garrafa de embalagem individual:<\/p>\n<ul>\n<li>Estabelecer uma autoridade e confian\u00e7a de marcas inequ\u00edvocas: Os efeitos psicol\u00f3gicos do esquema de cores de ouro negro podem rapidamente criar impress\u00f5es ancoradas de \"pr\u00e9mio\", \"especializa\u00e7\u00e3o\" e \"confiabilidade\" nas mentes dos consumidores, proporcionando um atalho para a escalifica\u00e7\u00e3o das marcas.<\/li>\n<li>Atira clientes maduros com alto valor l\u00edquido e lealdade: Seu design cl\u00e1ssico e subestimado apela efetivamente a consumidores discernidos que priorizam qualidade, desgostam do marketing overte e buscam valor a longo prazo. Esses clientes t\u00eam um alto valor ao longo da vida.<\/li>\n<li>Achar valor unificado e melhorado em diferentes categorias: Essa embalagem pode impartir um atributo consistente \"profissional de alto n\u00edvel\" a produtos que v\u00e3o de produtos de corte de pele e engrenagens especializadas a agentes de cuidado de luxo, facilitando extens\u00f5es de categorias seguras para marcas.<\/li>\n<li>Finalizar o valor est\u00e9tico e comercial: Ao evitar o ciclo de vida flutuante de cores tendentes, os projetos negros e ouros permanecem sem tempo e podem servir como um ativo de marca a longo prazo, reduzindo os custos associados \u00e0s mudan\u00e7as de embalagem devido \u00e0s tend\u00eancias em mudan\u00e7a.<\/li>\n<\/ul>\n<p><strong><b>Escen\u00e1rios em que o di\u00e2metro de 35 mm, capacidade de 50 ml, final de perlas, material de embalagem de tubos moles de PE de ouro vintage, garrafa de embalagem individual podem ser usados:<\/b><\/strong><\/p>\n<ul>\n<li>O quarto de banho de uma suite executiva em um hotel de 5 estrelas: Como parte das comodidades internas, sua eleg\u00e2ncia subestimada se mistura sem problemas com o ambiente do hotel, subtilmente melhorando a experi\u00eancia de estadia do convidado.<\/li>\n<li>\"Professionalismo em Cl\u00ednicas Privadas ou Sal\u00f5es de Beauty High-End\": Mostrado na sala de recep\u00e7\u00e3o ou em salas de tratamento, essa apar\u00eancia profissional e autorit\u00e1ria imediatamente aumenta a confian\u00e7a dos clientes na experi\u00eancia da institui\u00e7\u00e3o.<\/li>\n<li>\"Aten\u00e7\u00e3o ao detalhe\" em clubes de cavalheiros ou lojas de barbeira de escala superior: Em lojas tradicionais de barbeira de homens, esses elementos, como cadeiras de barbeira vintage e s of \u00e1s de couro, servem como s \u00edmbolos visuais de tradi\u00e7\u00e3o e qualidade.<\/li>\n<li>\u201cServi\u00e7os de valor acrescentado ap\u00f3s vendas\u201d para contadores de bens de luxo: Como kit de cuidados especializados para bens e rel\u00f3gios de couro de luxo, sua qualidade de embalagem se alinha com o prest\u00edgio dos principais produtos, aumentando assim o valor global da marca.<\/li>\n<li>O \"C\u00f3digo de Sabor\" numa bolsa essencial de viagem de neg\u00f3cios: profissionais de neg\u00f3cios internacionais usam os produtos de corte de pele embalados ou os produtos de cabelo dentro dessa bolsa, e a embalagem se torna uma extens\u00e3o de seu sabor pessoal e estilo meticuloso.<\/li>\n<\/ul>","protected":false},"featured_media":3794,"comment_status":"closed","ping_status":"closed","template":"","meta":[],"product_brand":[],"product_cat":[29,46],"product_tag":[],"class_list":{"0":"post-3788","1":"product","2":"type-product","3":"status-publish","4":"has-post-thumbnail","6":"product_cat-skin-care-plastic-tube","7":"product_cat-35-pe-plastic-tube","9":"first","10":"instock","11":"shipping-taxable","12":"purchasable","13":"product-type-simple"},"_links":{"self":[{"href":"https:\/\/www.hongyitube.com\/pt\/wp-json\/wp\/v2\/product\/3788","targetHints":{"allow":["GET"]}}],"collection":[{"href":"https:\/\/www.hongyitube.com\/pt\/wp-json\/wp\/v2\/product"}],"about":[{"href":"https:\/\/www.hongyitube.com\/pt\/wp-json\/wp\/v2\/types\/product"}],"replies":[{"embeddable":true,"href":"https:\/\/www.hongyitube.com\/pt\/wp-json\/wp\/v2\/comments?post=3788"}],"wp:featuredmedia":[{"embeddable":true,"href":"https:\/\/www.hongyitube.com\/pt\/wp-json\/wp\/v2\/media\/3794"}],"wp:attachment":[{"href":"https:\/\/www.hongyitube.com\/pt\/wp-json\/wp\/v2\/media?parent=3788"}],"wp:term":[{"taxonomy":"product_brand","embeddable":true,"href":"https:\/\/www.hongyitube.com\/pt\/wp-json\/wp\/v2\/product_brand?post=3788"},{"taxonomy":"product_cat","embeddable":true,"href":"https:\/\/www.hongyitube.com\/pt\/wp-json\/wp\/v2\/product_cat?post=3788"},{"taxonomy":"product_tag","embeddable":true,"href":"https:\/\/www.hongyitube.com\/pt\/wp-json\/wp\/v2\/product_tag?post=3788"}],"curies":[{"name":"wp","href":"https:\/\/api.w.org\/{rel}","templated":true}]}}