{"id":3764,"date":"2026-01-09T21:38:48","date_gmt":"2026-01-09T13:38:48","guid":{"rendered":"https:\/\/www.hongyitube.com\/?post_type=product&#038;p=3764"},"modified":"2026-01-09T21:38:48","modified_gmt":"2026-01-09T13:38:48","slug":"35mm-diameter-delicate-purple-sorrel-leaf-color-100-ml-pe-soft-tube-packaging-container-bottle-hongyi-plastic","status":"publish","type":"product","link":"https:\/\/www.hongyitube.com\/pt\/product\/35mm-diameter-delicate-purple-sorrel-leaf-color-100-ml-pe-soft-tube-packaging-container-bottle-hongyi-plastic\/","title":{"rendered":"Di\u00e2metro 35 mm, delicada cor de folha de sorrel roxa, embalagem de 100 ml de PE tubo mole frasco - Hongyi Plastic"},"content":{"rendered":"<p>Hongyi[UNK]Plastic35mm diameter, delicate purple sorrel leaf color, 100 ml PE soft tube container container packaging container is a 35mm diameter PE soft tube packaging container that seamlessly blends \u201cnatural healing aesthetics\u201d with \u201cextreme travel functionality.\u201d It has a capacity of 100 millilitres. O corpo do tubo apresenta uma sombra suave e elegante de sorrel roxa, com um final brilhante aplicado \u00e0 superf\u00edcie, dando-lhe a apar\u00eancia e vitalidade de folhas de plant a s frescas. O lado de frente do tubo apresenta linhas delicadas impressas de seda de sorrel roxa e flores em cinza clara, dando-lhe um olhar fresco e natural. Todo texto funcional \u00e9 claramente impresso em seda branca para garantir a leitabilidade. O n\u00facleo da embalagem consiste em uma combina\u00e7\u00e3o de design ergon\u00f4mico de baixo perfil e um tamp\u00e3o branco brilhante, permitindo opera\u00e7\u00f5es de abertura e aperta\u00e7\u00e3o de uma m\u00e3o verdadeiramente suaves e duradouras. Associado com uma tampa de parede reta e uma tecnologia de preenchimento da frente precisa, este produto oferece propriedades excepcionais de selagem, resist\u00eancia ao vazamento e resist\u00eancia ao choque, tornando-a uma solu\u00e7\u00e3o ideal para viagem e embalagem di\u00e1ria que prioriza tanto eleg\u00e2ncia quanto conveni\u00eancia.<\/p>\n<p>O material de di\u00e2metro de 35 mm, delicada cor de folha de sorrel roxa, embalagem de 100 ml de PE tubo mole frasco.<\/p>\n<ul>\n<li>Material prim\u00e1rio: material de PE com alta dura\u00e7\u00e3o e fidelidade de cores, assegurando que as folhas de sorrel roxa permane\u00e7am vibrantes e duradouras, ao mesmo tempo que possuem excelentes capacidades de resist\u00eancia ao impacto e absor\u00e7\u00e3o de choque.<\/li>\n<li>Tratamento de superf\u00edcie: revestimento de verniz de alto brilho para aumentar a satura\u00e7\u00e3o de cores e a durabilidade da superf\u00edcie, fornecendo uma textura suave e superf\u00edcie f\u00e1cil de limpar.<\/li>\n<li>Processo de Impress\u00e3o: Tecnologia de impress\u00e3o de tela de seda de alta precis\u00e3o assegura que os padr\u00f5es das linhas bot\u00e2nicas grises leves sejam detalhados e claros, misturados de forma uniforme com a cor de fundo, enquanto o texto branco se destaca fortemente.<\/li>\n<li>Caracter\u00edsticas chave: O sistema compacto de topo dental tem sido desenvolvido melhor para assegurar confiabilidade e propriedades de selagem durante per\u00edodos prolongados de uso repetido. O processo de fechamento de cabe\u00e7a reta garante um selo seguro no final do tubo.<\/li>\n<\/ul>\n<p><strong><b>Aplica\u00e7\u00f5es recomendadas <\/b><\/strong>\"<\/p>\n<p>Utiliza\u00e7\u00e3o recomendada para esse di\u00e2metro de 35mm, delicada cor de folha de sorrel roxa, embalagem de 100 ml de PE tubo mole garrafa \".<\/p>\n<p>A ind\u00fastria da beleza e da pele.<\/p>\n<p>&nbsp;<\/p>\n<ul>\n<li>Mercado das Mulheres: shampoos de tamanho de viagem, lavagem corporal, cremes de ess\u00eancia facial e produtos protetores solares que cont\u00eam ingredientes naturais de plantas. Como um bem conhecido componente de plant a tranquilizante e antibacterial, os s \u00edmbolos visuais de mugwort podem evocar diretamente associa\u00e7\u00f5es com produtos \"naturais\", \"tranquilizantes\" e \"efetivos\", apelando aos entusiastas de ingredientes e amantes da natureza.<\/li>\n<li>Mercado masculino: limpeza controlante de petr\u00f3leo de conceito herbal, lot\u00e3o tranquilizante de p\u00f3s-rasagem e lavagem corporal focada no esporte. As cores bot\u00e2nicas refrescantes e linhas de design minimalistas atendem \u00e0s prefer\u00eancias dos homens para fresca, efic\u00e1cia e est\u00e9tica moderna, evitando qualquer connota\u00e7\u00e3o feminina ou infantil.<\/li>\n<li>Mercado das Crian\u00e7as: Formula\u00e7\u00f5es leves baseadas em plantas para sab\u00f5es de banho para crian\u00e7as, shampoos e protetores solares. As cores suaves e os motivos vegetais s \u00e3o amig\u00e1veis para crian\u00e7as, e os pais se sentem tranquilos com a \u00eanfase da marca em \"gentileza natural\".<\/li>\n<\/ul>\n<p>&nbsp;<\/p>\n<p>A ind\u00fastria de agentes mec\u00e2nicos de manuten\u00e7\u00e3o para produtos farmac\u00eauticos de engrenagem.<\/p>\n<p>&nbsp;<\/p>\n<ul>\n<li>Mercado de Sa\u00fade Pessoal e Aromaterapia: cremes de massagem tranquilizantes contendo mugwort ou extratos vegetais semelhantes, ingr\u00e9deas t\u00f3picas para mordidos de mosquitos para aliviar a comida, aromaterapia lot\u00f5es essenciais de \u00f3leo em recipientes individuais, gels port\u00e1tiis de desinfectante. A embalagem com temas vegetais se alinha perfeitamente com o aspecto natural de cura dos produtos.<\/li>\n<li>Mercado Externo Profissional: Vers\u00f5es compactas de cremes tranquilizantes e repelentes de insetos baseados em natureza para atividades externas. - Peso ligeiro e forte, projetado para encaixar no ambiente exterior.<\/li>\n<\/ul>\n<p>&nbsp;<\/p>\n<p>A ind\u00fastria industrial de pigmentos qu\u00edmicos.<\/p>\n<p>&nbsp;<\/p>\n<ul>\n<li>Mercado Criativo e Educacional: adesivos de artesanato seguros e n\u00e3o t\u00f3xicos, pigmentos de pintura dos dedos das crian\u00e7as, colorantes pr\u00e9-embalados de plantas e revestimentos ecol\u00f3gicos para modelos. Sua apar\u00eancia segura e fresca os torna ideales para uso em casas, escolas e est\u00fadios criativos.<\/li>\n<\/ul>\n<h3><b>1. <\/b><strong><b>Atributos do produto<\/b><\/strong><\/h3>\n<p>Caracter\u00edsticas do di\u00e2metro de 35mm, cor delicada de folha de sorrel p\u00farpura, garrafa de embalagem de tubos moles de 100 ml PE: [UNK]\u00b7 Comunica\u00e7\u00e3o eficiente de ingredientes naturais: Utilize cores e padr\u00f5es para visualizar o ingrediente vegetal amplamente reconhecido e funcional, \u201coregano\u201d, proporcionando assim educa\u00e7\u00e3o de mercado livre de custos com o princ\u00edpio de \u201co que voc\u00ea v\u00ea \u00e9 o que voc\u00ea obt\u00e9m\u201d.<\/p>\n<ul>\n<li>Opera\u00e7\u00e3o excepcional de uma m\u00e3o e durabilidade: A cobertura compacta, de baixo perfil, otimizada para cen\u00e1rios din\u00e2micos, oferece uma experi\u00eancia de uma m\u00e3o sem esfor\u00e7o. A robusta constru\u00e7\u00e3o do dispositivo atende \u00e0s exig\u00eancias rigorosas de viagens frequentes e uso di\u00e1rio.<\/li>\n<li>Fresco visual excepcional e sofistica\u00e7\u00e3o: A combina\u00e7\u00e3o de folhas de sorrel roxa e brilho cria um sentido vibrante e ainda sofisticado de limpeza. padr\u00f5es de linhas cinzentas leves acrescentam detalhes art\u00edsticos, evitando a monotonia.<\/li>\n<li>Adequabilidade de viagem global: A capacidade de 100 mililitros se alinha perfeitamente com as restri\u00e7\u00f5es das companhias a\u00e9reas em l\u00edquidos de transporte. Seu design ligeiro, aperto ao ar e resistente ao choque aborda compreensivamente os desafios essenciais de viajar com l\u00edquidos.<\/li>\n<\/ul>","protected":false},"excerpt":{"rendered":"<p>As vantagens do di\u00e2metro de 35 mm, delicada cor de folha de sorrel roxa, garrafa de embalagem de tubos moles de 100 ml PE:<\/p>\n<ul>\n<li>Psicologia e Marketing of Colors and Patterns:<\/li>\n<li>Cor da folha de sorrel p\u00farpura: Esta \u00e9 uma cor curadora derivada da natureza. \u00c9 estreitamente associado a conceitos como \u201cpuro\u201d, \u201ctranquilizante\u201d, \u201cantibacterial\u201d e \u201cnatural\u201d nos setores mundiais de sa\u00fade e beleza. Ela rapidamente atrai consumidores que priorizam a origem dos ingredientes e buscam equil\u00edbrio entre seu bem-estar f\u00edsico e mental.<\/li>\n<li>Linhas bot\u00e2nicas cinzentas claras: Empregando um estilo de arte simples e modern a, este design evita o sentimento tradicional ou obsoleto que pode estar associado a padr\u00f5es realistas. Ela transmite mensagens de \"extra\u00e7\u00e3o cient\u00edfica\", \"naturalismo moderno\" e \"simplicidade e refinamento\", alinhando-se com a est\u00e9tica contempor\u00e2nea.<\/li>\n<li>Integra\u00e7\u00e3o simples da funcionalidade e est\u00e9tica.<\/li>\n<li>O design combina uniformemente o valor emocional da \u201cinspira\u00e7\u00e3o vegetal\u201d com o valor pr\u00e1tico da \u201copera\u00e7\u00e3o de uma m\u00e3o\u201d. A cobertura branca brilhante e a cor do tubo criam um contraste refrescante, embora permane\u00e7a n\u00e3o abrus\u00edvel como componente funcional.<\/li>\n<li>O texto de seda branca em um fundo escuro garante uma leiturabilidade excepcional, refletindo a import\u00e2ncia colocada nos detalhes da experi\u00eancia do usu\u00e1rio.<\/li>\n<li>Posi\u00e7\u00e3o contextual clara: De cor e capacidade para m\u00e9todos de funcionamento, cada decis\u00e3o de design aponta para o cen\u00e1rio de uso central de \u201cum estilo de vida atual, saud\u00e1vel e moderno em movimento\u201d.<\/li>\n<\/ul>\n<p><strong><b>Escen\u00e1rios em que o di\u00e2metro de 35 mm, cor delicada de folha de sorrel roxa, embalagem de 100 ml de PE tubo mole garrafa pode ser usado:<\/b><\/strong><\/p>\n<ul>\n<li>\"Produtos Estelares\" dos mercados de fins de semana de agricultores ou lojas de alimentos de s a \u00fade: Em um ambiente de retalho que valoriza a vida org\u00e2nica, sua embalagem e armazenamento atmosfera se alinham naturalmente, tornando mais prov\u00e1veis que sejam escolhidos pelos consumidores que priorizam o estilo de vida.<\/li>\n<li>\"Retail Displays\" em Yoga Studios ou Pilates Studios: Na \u00e1rea de retalho de instala\u00e7\u00f5es de bem-estar f\u00edsico e mental, esta embalagem de lot\u00e3o ou creme de massagem \u00e9 uma escolha l\u00f3gica para os alunos comprar ap\u00f3s suas aulas.<\/li>\n<li>\"Equipamento verde\" para camping familiar ou picnics de parque: Este item, que promove uma conex\u00e3o com a natureza, \u00e9 perfeito para fam\u00edlias em sa\u00eddas, permitindo que elas embalem todos os seus itens de cuidado pessoal em um recipiente conveniente. Seu design complementa o ambiente ao ar livre.<\/li>\n<li>\u201cEssenciais Compartidos\u201d em Dormit\u00f3rios Universit\u00e1rios: O design fresco, neutro e funcionalidade pr\u00e1tica dos itens encontrados nos banheiros comunit\u00e1rios da universidade ou nos dormit\u00f3rios podem facilmente se tornar produtos de cuidado pessoal que os alunos est\u00e3o dispostos a compartilhar e discutir.<\/li>\n<li>\u201cEmergency Kit\u201d para voos de long a dist\u00e2ncia: Ap\u00f3s chegar em um ambiente seco ou desconhecido, os viajantes podem usar os produtos embalados tranquilizantes e umidores dentro do kit. O conceito baseado em plantas fornece um senso de conforto psicol\u00f3gico.<\/li>\n<\/ul>","protected":false},"featured_media":3774,"comment_status":"closed","ping_status":"closed","template":"","meta":[],"product_brand":[],"product_cat":[29,46],"product_tag":[],"class_list":{"0":"post-3764","1":"product","2":"type-product","3":"status-publish","4":"has-post-thumbnail","6":"product_cat-skin-care-plastic-tube","7":"product_cat-35-pe-plastic-tube","9":"first","10":"instock","11":"shipping-taxable","12":"purchasable","13":"product-type-simple"},"_links":{"self":[{"href":"https:\/\/www.hongyitube.com\/pt\/wp-json\/wp\/v2\/product\/3764","targetHints":{"allow":["GET"]}}],"collection":[{"href":"https:\/\/www.hongyitube.com\/pt\/wp-json\/wp\/v2\/product"}],"about":[{"href":"https:\/\/www.hongyitube.com\/pt\/wp-json\/wp\/v2\/types\/product"}],"replies":[{"embeddable":true,"href":"https:\/\/www.hongyitube.com\/pt\/wp-json\/wp\/v2\/comments?post=3764"}],"wp:featuredmedia":[{"embeddable":true,"href":"https:\/\/www.hongyitube.com\/pt\/wp-json\/wp\/v2\/media\/3774"}],"wp:attachment":[{"href":"https:\/\/www.hongyitube.com\/pt\/wp-json\/wp\/v2\/media?parent=3764"}],"wp:term":[{"taxonomy":"product_brand","embeddable":true,"href":"https:\/\/www.hongyitube.com\/pt\/wp-json\/wp\/v2\/product_brand?post=3764"},{"taxonomy":"product_cat","embeddable":true,"href":"https:\/\/www.hongyitube.com\/pt\/wp-json\/wp\/v2\/product_cat?post=3764"},{"taxonomy":"product_tag","embeddable":true,"href":"https:\/\/www.hongyitube.com\/pt\/wp-json\/wp\/v2\/product_tag?post=3764"}],"curies":[{"name":"wp","href":"https:\/\/api.w.org\/{rel}","templated":true}]}}