{"id":3747,"date":"2026-01-09T21:30:59","date_gmt":"2026-01-09T13:30:59","guid":{"rendered":"https:\/\/www.hongyitube.com\/?post_type=product&#038;p=3747"},"modified":"2026-01-09T21:30:59","modified_gmt":"2026-01-09T13:30:59","slug":"35mm-diameter-100ml-capacity-transparent-matte-finish-universal-functional-packaging-tube-hongyi-plastic","status":"publish","type":"product","link":"https:\/\/www.hongyitube.com\/pt\/product\/35mm-diameter-100ml-capacity-transparent-matte-finish-universal-functional-packaging-tube-hongyi-plastic\/","title":{"rendered":"Di\u00e2metro de 35 mm, capacidade de 100 ml, transparente, termina\u00e7\u00e3o de mat\u00e9, tubo de embalagem funcional universal- Hongyi Plastic"},"content":{"rendered":"<p>Hongyi[UNK]Plastic35mm diameter, 100ml capacity, transparent, matte finish, universal functional packaging tube.<\/p>\n<ol>\n<li>Descri\u00e7\u00e3o do di\u00e2metro de 35 mm, capacidade de 100 ml, transparente, fini\u00e7\u00e3o de mat\u00e9, tubo de embalagem funcional universal:<\/li>\n<\/ol>\n<p>O tubo de embalagem funcional de mat\u00e9 transparente de di\u00e2metro de 35 mm de 100 ml \u00e9 um recipiente de tubo mole de PE de di\u00e2metro de 35 mm centrado em torno dos princ\u00edpios de \u201cminimalismo, transpar\u00eancia e funcionalidade m\u00e1xima\u201d. Ele tem uma capacidade de 100 ml. O corpo do tubo apresenta um design transparente de mat\u00e9, com um final de mat\u00e9 texturado aplicado \u00e0 superf\u00edcie, dando-lhe uma sensa\u00e7\u00e3o suave, parecida com vidro e uma experi\u00eancia t\u00e1ctil luxuosa. Ao mesmo tempo, permite aos usu\u00e1rios observar claramente o conte\u00fado restante. A embalagem utiliza um design de baixo perfil com um tamp\u00e3o transparente e brilhante, possibilitando opera\u00e7\u00f5es de abertura e apertura suaves, de uma m\u00e3o. A estrutura \u00e9 duradoura e duradoura. Utiliza um fim de selagem de costelas e um processo preciso de preenchimento de peda\u00e7os de boca para assegurar selagem excepcional, resist\u00eancia ao vazamento e resist\u00eancia ao choque. Sua natureza compacta e ligeira, combinada com suas caracter\u00edsticas robustas e duradouras, faz com que seja uma escolha ideal para viajar, viajar e embalagem cotidiana.<\/p>\n<p>2.O material de di\u00e2metro de 35 mm, capacidade de 100 ml, transparente, fini\u00e7\u00e3o de mat\u00e9, tubo de embalagem funcional universal.<\/p>\n<ul>\n<li>Material prim\u00e1rio: Material PE de alta transpar\u00eancia e fortaleza assegura excelente flexibilidade e resist\u00eancia ao impacto, tornando-o duradouro e resistente ao quebramento.<\/li>\n<li>Tratamento de superf\u00edcie: termina\u00e7\u00e3o de mat\u00e9 com uma textura semelhante \u00e0 areia, fornecendo uma sensa\u00e7\u00e3o de pele, anti-deslizamento e propriedades resistentes \u00e0s impress\u00f5es digitais, ao mesmo tempo que tamb\u00e9m d\u00e1 ao corpo do tubo transparente uma apar\u00eancia sofisticada e brusca.<\/li>\n<li>Estruturas chave:<\/li>\n<li>Sistema de cobertura de dentes compacto: articula\u00e7\u00f5es e fechos de pivoto cuidadosamente projetados asseguram que o mecanismo permanece funcional mesmo ap\u00f3s milhares de ciclos de abertura e fechamento. - As selas proporcionam prote\u00e7\u00e3o confi\u00e1vel contra vazamentos.<\/li>\n<li>Fechar a tampa com parede direta: Aumenta a for\u00e7a do fecho da tampa para evitar fuga do extremo da cauda.<\/li>\n<li>Seguran\u00e7a: Compreende padr\u00f5es internacionais para materiais utilizados em contato com alimentos e farmac\u00eauticos, adequados para uma ampla gama de l\u00edquidos e pastas.<\/li>\n<\/ul>\n<p>&nbsp;<\/p>\n<p><strong><b>Aplica\u00e7\u00f5es recomendadas <\/b><\/strong>\"<\/p>\n<p>uso combinado para esse di\u00e2metro de 35mm, capacidade de 100ml, transparente, fini\u00e7\u00e3o de mat\u00e9, tubo de embalagem funcional universal:<\/p>\n<p>A ind\u00fastria da beleza e da pele.<\/p>\n<ul>\n<li>Mercado feminino: shampoos de tamanho de viagem, lavagem de corpo, protec\u00e7\u00e3o solar e removedores de maquilhagem. O design transparente torna f\u00e1cil identific\u00e1-los rapidamente durante os controles de seguran\u00e7a, enquanto o final de mat\u00e9 adiciona um toque de sofistica\u00e7\u00e3o. A habilidade de operar com uma m\u00e3o \u00e9 particularmente conveniente em ambientes de banho.<\/li>\n<li>Mercado masculino: Travel kits com lot\u00e3o ap\u00f3s rasar, cera de cabelo e limpeza facial de alta viscosidade. O design minimalista e transparente \u00e9 neutral em rela\u00e7\u00e3o ao g\u00eanero, atendendo \u00e0s exig\u00eancias dos consumidores masculinos de efici\u00eancia, pr\u00e1tica e limpeza.<\/li>\n<li>Mercado infantil: banho e produtos de prote\u00e7\u00e3o solar para crian\u00e7as em viagens. Os pais podem facilmente ver a quantidade restante, e a facilidade de utiliza\u00e7\u00e3o do produto com uma m\u00e3o torna conveniente para os pais aplic\u00e1-la aos seus filhos. Suas propriedades robustas e resistentes ao choque reduzem o risco de danos acidentais.<\/li>\n<\/ul>\n<p>A ind\u00fastria de agentes mec\u00e2nicos de manuten\u00e7\u00e3o para produtos farmac\u00eauticos de engrenagem.<\/p>\n<ul>\n<li>Aten\u00e7\u00e3o pessoal e mercado exterior: Geles port\u00e1tiis de desinfectante, cremes de relaxamento esportivo, embalagem individualizada de agentes m\u00e9dicos de acoplamento, pomadas de primeira ajuda no exterior. Excelentes propriedades de selagem impedem a perda de efic\u00e1cia ou contamina\u00e7\u00e3o, e garrafas transparentes tornam f\u00e1cil localizar rapidamente os itens desejados.<\/li>\n<li>Mercados Especiais: Disposi\u00e7\u00e3o de lubrificantes de instrumentos de precis\u00e3o, \u00f3leos de manuten\u00e7\u00e3o de pequenos equipamentos. Conveniente para engenheiros ou t\u00e9cnicos carregar em seus kit de ferramentas pessoais para acesso f\u00e1cil em qualquer momento.<\/li>\n<\/ul>\n<p>A ind\u00fastria industrial de pigmentos qu\u00edmicos.<\/p>\n<ul>\n<li>Mercados criativos, educativos e de manuten\u00e7\u00e3o: conjuntos manuais de distribui\u00e7\u00e3o de adesivos DIY, pintura modelo, amostras de pintura e pasta condutiva para repara\u00e7\u00f5es eletr\u00f4nicas. O design transparente da garrafa facilita a identifica\u00e7\u00e3o do conte\u00fado, e o design de prova de vazamento evita contamina\u00e7\u00e3o do kit de ferramentas, tornando-o uma escolha pr\u00e1tica para profissionais criativos e pessoal de manuten\u00e7\u00e3o.<\/li>\n<\/ul>\n<h3>1.\u00a0 <strong><b>Atributos do produto<\/b><\/strong><\/h3>\n<p>Caracter\u00edsticas do di\u00e2metro de 35mm, capacidade de 100ml, transparente, final de mat\u00e9, tubo de embalagem funcional universal:<\/p>\n<ul>\n<li>Experi\u00eancia revolucion\u00e1ria de opera\u00e7\u00e3o de uma m\u00e3o: O design compacto de capa inversa foi otimizado para ergonomia, realmente permitindo a \u201copera\u00e7\u00e3o de uma m\u00e3o e abertura instant \u00e2nea e fechamento\u201d, libertando a outra m\u00e3o. \u00c9 particularmente apropriado para ser usado enquanto se move, quando as m\u00e3os est\u00e3o molhadas, ou quando mant\u00eam itens.<\/li>\n<li>Durabilidade excepcional e capacidades de selagem: A estrutura tem sido submetida a testes de fadiga para assegurar que permanece sem preju\u00edzo mesmo ap\u00f3s uso repetido. Multiple sealing designs have passed tilt and inverted tests, making travel and transport effortless.<\/li>\n<li>Est\u00e9tica Pragm\u00e1tica Transparente: O final de mat\u00e9 elimina a apar\u00eancia barata t\u00edpica de pl\u00e1sticos transparentes comuns, mantendo a visibilidade funcional e incorporando-a com um valor est\u00e9tico simples, calmo e moderno.<\/li>\n<li>Compatibilidade ampla com v\u00e1rios conte\u00fados: adequada para embalagem uma ampla gama de subst\u00e2ncias, desde emuls\u00f5es baseadas em \u00e1gua at\u00e9 pastas grossas, com boa estabilidade qu\u00edmica.<\/li>\n<\/ul>","protected":false},"excerpt":{"rendered":"<ul>\n<li><b><\/b><strong><b>Design de Tube Body<\/b><\/strong>.<\/li>\n<\/ul>\n<p>O projeto do corpo de tubo para o di\u00e2metro de 35 mm, capacidade de 100 ml, transparente, termina\u00e7\u00e3o de mat\u00e9, tubo de embalagem funcional universal.<\/p>\n<ul>\n<li>O estilo \"Muji\" da est\u00e9tica funcional: caracterizado por projetos minimalistas e funcionais que removem todos os elementos decorativos, tornando o material, estrutura e pr\u00e1tica a pr\u00f3pria fonte de beleza. A finalidade transparente do matte transmite um sentido de \"honestidade\", \"clareza\" e \"ordem\".<\/li>\n<li>Design de intera\u00e7\u00e3o centrado em cen\u00e1rios de usu\u00e1rio: Cada detalhe de design \u00e9 adaptado ao cen\u00e1rio de \"viagem e uso\".<\/li>\n<li>Finaliza\u00e7\u00e3o transparente do mat\u00e9: Identifique r\u00e1pido o conte\u00fado do recipiente sem ter que procurar atrav\u00e9s da bagagem.<\/li>\n<li>Design compacto e invertido: Ideal para situa\u00e7\u00f5es em que \u00e9 necess\u00e1rio acesso r\u00e1pido, como ap\u00f3s verifica\u00e7\u00f5es de seguran\u00e7a no aeroporto, em banheiros de hotel ou em campos ao ar livre.<\/li>\n<li>Compacto e robusto: maximiza o uso do espa\u00e7o de bagagem de carregamento e resiste aos picos da viagem.<\/li>\n<li>Neutraliza\u00e7\u00e3o da cor e textura: Finaliza\u00e7\u00f5es transparentes e de mat\u00e9 s\u00e3o neutras em rela\u00e7\u00e3o ao g\u00eanero e \u00e0 idade, assegurando que os produtos sejam aceit\u00e1veis para uma ampla gama de clientes. Esse foco assegura que a \u00eanfase prim\u00e1ria \u00e9 na transmiss\u00e3o de seus atributos funcionais.<\/li>\n<\/ul>\n<p>As vantagens do di\u00e2metro de 35mm, capacidade de 100ml, transparente, termina\u00e7\u00e3o de mat\u00e9, tubo de embalagem funcional universal:<\/p>\n<ul>\n<li>Endere\u00e7ar os pontos b\u00e1sicos de dor de viagem: Ao diretamente focar as tr\u00eas principais quest\u00f5es de \u201cdificuldade de encontrar, vazar e abertura inconveniente de l\u00edquidos\u201d durante a viagem, fornecemos uma solu\u00e7\u00e3o abrangente, tornando-a um verdadeiro produto \u201canalg\u00e9sico de pontos de dor\u201d.<\/li>\n<li>Simplifica o processo de tomada de decis\u00f5es para os consumidores: seu design minimalist a, neutral e claro foco funcional permitem tanto homens com mente pr\u00e1tica como mulheres orientadas para detalhes rapidamente entender seu valor e desenvolver um desejo de compr\u00e1-lo.<\/li>\n<li>Promover consumo sustent\u00e1vel: Encorajar os consumidores a reutilizar produtos e substituir garrafas de embalagens pl\u00e1sticas de uso \u00fanico, alinhando-se com tend\u00eancias ambientais globais. As marcas podem usar essa oportunidade para contar uma hist\u00f3ria sobre sustentabilidade.<\/li>\n<li>Como uma tela em branco perfeita: A embalagem minimalist a proporciona amplo espa\u00e7o para personaliza\u00e7\u00e3o (como logos de tela de seda), enquanto sua funcionalidade inerente melhora a imagem profissional da marca<\/li>\n<\/ul>\n<p><strong><b>Escen\u00e1rios onde o di\u00e2metro de 35mm, capacidade de 100ml, transpar\u00eancia, termina\u00e7\u00e3o de mat\u00e9, tubo de embalagem funcional universal podem ser usados:<\/b><\/strong><\/p>\n<ul>\n<li>Kit comodidade padr\u00e3o para voos internacionais: Viajantes frequentes que tenham sido submetidos a rigorosos controles de seguran\u00e7a l\u00edquida dependem da confiabilidade e conveni\u00eancia deste kit para armazenar todos os l\u00edquidos conformes de forma organizada.<\/li>\n<li>\"Companheiros de Efici\u00eancia\" para a \u00e1rea do chuveiro do gin\u00e1sio: Os entusiastas de fitness podem usar shampoo e lavar corpos com uma m\u00e3o enquanto se ducham, prevenindo deslizamento de m\u00e3o e cair garrafas, aumentando assim a efici\u00eancia.<\/li>\n<li>Uma \u201cesta\u00e7\u00e3o de embalagem universal\u201d para camping ou caminhada no fim de semana: entusiastas do ar livre a usam para embalar detergente de limpeza, repelente de insetos, poma de primeira ajuda e lubricante de ferramentas em formato padronizado, economizando assim espa\u00e7o em mochilas.<\/li>\n<li>O \u201cSaco de Essenciais Pac\u00edficos\u201d para sa\u00eddas da fam\u00edlia: Os pais usam este saco uniforme para armazenar produtos da pele de crian\u00e7as, saneamentos de m\u00e3o e outros itens. \u00c9 forte e resistente \u00e0s gotas, reduzindo problemas durante viagens.<\/li>\n<li>\u201cAcess\u00f3rios de esta\u00e7\u00f5es de trabalho m\u00f3veis\u201d para profissionais ou engenheiros criativos: seja um meio de ilustra\u00e7\u00e3o para pintura ou um preciso limpeza eletr\u00f4nica de um programador, tudo pode ser armazenado de forma segura e limpa em um saco port\u00e1til.<\/li>\n<\/ul>","protected":false},"featured_media":3756,"comment_status":"closed","ping_status":"closed","template":"","meta":[],"product_brand":[],"product_cat":[29,46],"product_tag":[],"class_list":{"0":"post-3747","1":"product","2":"type-product","3":"status-publish","4":"has-post-thumbnail","6":"product_cat-skin-care-plastic-tube","7":"product_cat-35-pe-plastic-tube","9":"first","10":"instock","11":"shipping-taxable","12":"purchasable","13":"product-type-simple"},"_links":{"self":[{"href":"https:\/\/www.hongyitube.com\/pt\/wp-json\/wp\/v2\/product\/3747","targetHints":{"allow":["GET"]}}],"collection":[{"href":"https:\/\/www.hongyitube.com\/pt\/wp-json\/wp\/v2\/product"}],"about":[{"href":"https:\/\/www.hongyitube.com\/pt\/wp-json\/wp\/v2\/types\/product"}],"replies":[{"embeddable":true,"href":"https:\/\/www.hongyitube.com\/pt\/wp-json\/wp\/v2\/comments?post=3747"}],"wp:featuredmedia":[{"embeddable":true,"href":"https:\/\/www.hongyitube.com\/pt\/wp-json\/wp\/v2\/media\/3756"}],"wp:attachment":[{"href":"https:\/\/www.hongyitube.com\/pt\/wp-json\/wp\/v2\/media?parent=3747"}],"wp:term":[{"taxonomy":"product_brand","embeddable":true,"href":"https:\/\/www.hongyitube.com\/pt\/wp-json\/wp\/v2\/product_brand?post=3747"},{"taxonomy":"product_cat","embeddable":true,"href":"https:\/\/www.hongyitube.com\/pt\/wp-json\/wp\/v2\/product_cat?post=3747"},{"taxonomy":"product_tag","embeddable":true,"href":"https:\/\/www.hongyitube.com\/pt\/wp-json\/wp\/v2\/product_tag?post=3747"}],"curies":[{"name":"wp","href":"https:\/\/api.w.org\/{rel}","templated":true}]}}