{"id":3710,"date":"2026-01-09T21:08:52","date_gmt":"2026-01-09T13:08:52","guid":{"rendered":"https:\/\/www.hongyitube.com\/?post_type=product&#038;p=3710"},"modified":"2026-01-09T21:08:52","modified_gmt":"2026-01-09T13:08:52","slug":"35mm-diameter-75ml-capacity-milky-white-matte-pe-soft-tube-hongyi-plastic","status":"publish","type":"product","link":"https:\/\/www.hongyitube.com\/pt\/product\/35mm-diameter-75ml-capacity-milky-white-matte-pe-soft-tube-hongyi-plastic\/","title":{"rendered":"Di\u00e2metro de 35 mm, capacidade de 75 ml, \"Materia Branca L\u00e1ctea\" tubo mole PE. - Hongyi Plastic"},"content":{"rendered":"<p>Hongyi[UNK]Plastic35mm diameter, 75ml capacity, \u201cMilky White Matte\u201d PE soft tube.<\/p>\n<p>&nbsp;<\/p>\n<p>1.Descri\u00e7\u00e3o do di\u00e2metro de 35mm, capacidade de 75ml, \u201cMateria Branca L\u00e1ctea\u201d tubo mole PE:Esta garrafa de preenchimento de mat\u00e9 de cor de marfim \u00e9 um recipiente de embalagem de tubos moles PE de di\u00e2metro de 35mm com a filosofia central de \u201cTranquilidade, Natureza e Sa\u00fade Avan\u00e7ado\u201d. Tem uma capacidade de 75 mililitros. O corpo do tubo apresenta uma base de marfim de mat\u00e9 suave e elegante, criando um sentimento quente e conforto visual semelhante ao casmo ou argila natural. Toda informa\u00e7\u00e3o do produto \u00e9 claramente mostrada em ambos os lados em verde claro atrav\u00e9s da impress\u00e3o de tela de seda, formando um contraste suave e estilo. O destaque do design \u00e9 a combina\u00e7\u00e3o de um chap\u00e9u verde claro e brilhante de alto perfil \u2013 a textura brilhante do chap\u00e9u contrasta com a termina\u00e7\u00e3o de mat\u00e9 do tubo, enquanto o alto grau de uniformidade de cores (verde claro) assegura harmonia visual geral e completidade, criando um senso de profundidade com \u201ccores semelhantes, texturas diferentes\u201d.<\/p>\n<p>2.O material com di\u00e2metro de 35 mm, capacidade de 75 ml, \u201cMateria Branca L\u00e1ctea\u201d tubo mole PE.<\/p>\n<ul>\n<li>Material prim\u00e1rio: Material composto de PE branco feito personalizado. atrav\u00e9s do uso de masterbatches especializados de mat\u00e9rifica\u00e7\u00e3o e de preenchimentos minerais de alta pureza, este material atinge uma finalidade ultra-mat\u00e9ria caracterizada por uniformidade, fineza e falta de brilho completa, mantendo excelente for\u00e7a e flexibilidade de tens\u00e3o.<\/li>\n<li>Propriedades chave: Mostra excelente resist\u00eancia \u00e0s manchas e amarelo, assegurando que a cor branca crema permane\u00e7a limpa durante um per\u00edodo prolongado de uso. A tinta cinza-verde tem forte ades\u00e3o e excelente durabilidade contra roupa e rasgos.<\/li>\n<li>Seguran\u00e7a: Conformidade com regulamentos rigorosos que regem materiais de contato alimentar e farmac\u00eautico na Uni\u00e3o Europeia e na Am\u00e9rica do Norte. O material \u00e9 puro e est\u00e1vel.<\/li>\n<\/ul>\n<p><strong><b>Aplica\u00e7\u00f5es recomendadas <\/b><\/strong>\"<\/p>\n<p>Utiliza\u00e7\u00e3o recomendada para esse di\u00e2metro de 35 mm, capacidade de 75 ml, \"Materia Branca L\u00e1ctea\" tubo mole PE:<\/p>\n<p>A ind\u00fastria da beleza e da pele.<\/p>\n<ul>\n<li>O mercado feminino: cremas de repara\u00e7\u00e3o especializados para pele sens\u00edvel, lot\u00f5es corporais tranquilizantes e redutores de estresse, m\u00e1scaras de sono vegetais, produtos de corte de pele com conceitos de \u201cminerales\u201d ou \u201c\u00e1gua glacial\u201d. As combina\u00e7\u00f5es de cores transmitem uma mensagem de pureza, seguran\u00e7a e \"cura\" tranquilizante, profundamente atraente para consumidores femininos que buscam tranquilidade f\u00edsica e emocional.<\/li>\n<li>Mercado masculino: Lo\u00e7\u00e3o humilhante de homens, fragran\u00e7a inspirada pela floresta depois de ter \u00e1gua, shampoo de alto n\u00edvel. As sombras de cinza-verde e mat\u00e9 terminam transmitem um sentido de calma, racionalidade e sofistica\u00e7\u00e3o natural, atraindo particularmente indiv\u00edduos influenciados pela est\u00e9tica de design n\u00f3rdico ou japon\u00eas. O setor farmac\u00eautico para agentes de manuten\u00e7\u00e3o mec\u00e2nica para ing\u00eancias.<\/li>\n<\/ul>\n<p>&nbsp;<\/p>\n<ul>\n<li>Mercado de Restaura\u00e7\u00e3o e Aromaterapia de alto n\u00edvel: Ointes que cont\u00eam ingredientes como Centella Asiatica e ch\u00e1 verde para restaura\u00e7\u00e3o, cremes de base de massagem de aromaterapia e gelas profundamente relaxantes p\u00f3s-exerc\u00edcio. A embalagem transmite uma dupla ess\u00eancia de \"cura natural\" e \"calma profissional\", tornando-a altamente adequada para cuidados pessoais de alto n\u00edvel e produtos m\u00e9dicos que combinam terapias bot\u00e2nicas com ci\u00eancia moderna.<\/li>\n<\/ul>\n<p>A ind\u00fastria industrial de pigmentos qu\u00edmicos.<\/p>\n<ul>\n<li>Designers and the high-end professional market: advanced paper\/fabric repair adhesives, micro-architectural model bonding agents, specialized watercolor pigment pastes. Suas cores de baixa satura\u00e7\u00e3o e termina\u00e7\u00e3o de alta qualidade se integram sem problemas no ambiente de trabalho de designers, arquitetos ou artistas, mostrando o gosto refinado do usu\u00e1rio.<\/li>\n<\/ul>\n<p>&nbsp;<\/p>\n<h3>1. <strong><b>Atributos do produto<\/b><\/strong><\/h3>\n<p>Caracter\u00edsticas do di\u00e2metro de 35mm, capacidade de 75ml, \u201cMateria Branca L\u00e1ctea\u201d tubo mole PE:<\/p>\n<ul>\n<li>Uma colis\u00e3o de alto n\u00edvel de texturas de \"matte-gloss\": A combina\u00e7\u00e3o de um corpo de tubo de matte beige e um tamp\u00e3o de cinza-verde brilhante brilhante \u00e9 uma abordagem de design sofisticada. Evita a monotonia dos acabamentos inteiramente madeira ou a barateza dos completamente brilhantes, criando uma profundidade visual rica, refinada e est\u00e9ticamente agrad\u00e1vel atrav\u00e9s do contraste de textura dentro de um esquema de cores unificado.<\/li>\n<li>Sistemas de cores com efeitos tranquilizantes: Off-White e Sage Green s\u00e3o entre os mais considerados \u201cesquemas de cores de cura\u201d em design interior contempor\u00e2neo e marcas de consumo de alto n\u00edvel. Eles reduzem efetivamente o ru\u00eddo visual, promovendo calma, estabilidade e um senso de seguran\u00e7a.<\/li>\n<li>Experi\u00eancia t\u00e1ctil excepcional: O corpo do tubo de mat\u00e9 oferece um sentimento velvo, suave e seco semelhante \u00e0 pele human a, ao mesmo tempo proporcionando um certo n\u00edvel de gripe; A tampa de screw de alta qualidade assegura um sentimento suave e preciso ao abrir e fechar.<\/li>\n<li>Strong brand stylization: This color scheme and texture combination are highly distinctive, helping the brand quickly establish a unique visual identity and create a clear image of \u201ccalmness, luxury, and naturalness\u201d on the market.<\/li>\n<\/ul>","protected":false},"excerpt":{"rendered":"<ul>\n<li><b><\/b><strong><b>Design de Tube Body<\/b><\/strong>.<\/li>\n<\/ul>\n<p>O projeto do corpo de tubo para o di\u00e2metro de 35 mm, capacidade de 75 ml, \u201cMata Branca L\u00e1ctea\u201d tubo mole PE.<\/p>\n<ul>\n<li>Psicologia de cores e tend\u00eancias est\u00e9ticas:<\/li>\n<li>Mata beige suave: Simboliza autenticidade, simplicidade, inclusividade e eternidade. \u00c9 mais quente e mais centrado em humanos do que branco puro, e mais limpo do que cinza. \u00c9 uma cor neutra ideal que liga a natureza e a vida moderna.<\/li>\n<li>Gris-verde: Considerado como a \u201ccor da sabedoria\u201d, simboliza crescimento, recupera\u00e7\u00e3o, equil\u00edbrio e harmonia interna. \u00c9 derivado de troncos e folhas de plantas, mas tem sua satura\u00e7\u00e3o reduzida, dando-lhe uma apar\u00eancia mais nuanciada, sofisticada, calm a e moderna.<\/li>\n<li>L\u00f3gica compositiva: A combina\u00e7\u00e3o dos dois elementos \u00e9 semelhante \u00e0s rochas cobertas por moss numa floresta n\u00f3rdica tranquil a ou a rela\u00e7\u00e3o entre moss cinzentos e moss num jardim japon\u00eas. Exuda uma beleza serena que combina o naturalismo com a est\u00e9tica do Zen Oriental.<\/li>\n<li>A Filosofia Unificada da \u201cHeterogeneidade Homog\u00eanea\u201d: O design evita o uso do contraste de cores para criar pontos focais, ao inv\u00e9s de optar por construir profundidade dentro de uma paleta de cores extremamente restrita usando as diferen\u00e7as de luminosidade dos materiais (matte vs. glossy). Essa \u00e9 uma linguagem de design mais subestimada, confiante e mais cara.<\/li>\n<li>Presenta\u00e7\u00e3o elegante da informa\u00e7\u00e3o funcional: A impress\u00e3o gris-verde \u00e9 clara e f\u00e1cil de ler em um fundo branco, mas n\u00e3o parece chateada ou abrumadora, assegurando que a informa\u00e7\u00e3o funcional se integra sem problemas no design geral sem perturbar a atmosfera visual tranquila.<\/li>\n<\/ul>\n<p>&nbsp;<\/p>\n<p><strong>Avantagens dos produtos<\/strong><\/p>\n<p>As vantagens do di\u00e2metro de 35 mm, capacidade de 75 ml, \"Materia Branca L\u00e1ctea\" tubo mole PE:<\/p>\n<ul>\n<li>Estabelecer a identidade da marca de \u201cLuxurio Pens\u00e1vel\u201d: Este design apela a consumidores discernidores que est\u00e3o cansados de ornamenta\u00e7\u00e3o excessiva e buscam uma mistura harmoniosa de cumprimento espiritual e qualidade material. Ela transmite uma filosofia da vida, em vez de apenas destacar caracter\u00edsticas do produto.<\/li>\n<li>Sofistica\u00e7\u00e3o n\u00e3o paralela e singularidade das prateleiras: No meio de exibi\u00e7\u00f5es coloridas, a est\u00e9tica de baixa satura\u00e7\u00e3o \"minimalista\" cria uma oase visual, atraindo indiv\u00edduos com um gosto espec\u00edfico, e o ambiente competitivo \u00e9 relativamente relaxado.<\/li>\n<li>Robust a expans\u00e3o de categorias cruzadas e capacidades de unifica\u00e7\u00e3o de marcas: Este sistema de cores pode proporcionar uma fam\u00edlia de marcas altamente unificada, serena e profissional se sente atrav\u00e9s de v\u00e1rias linhas de produtos, variando de produtos de corte de pele a ing\u00eancias at\u00e9 adesivos especializados.<\/li>\n<li>Profundamente alinhados com estilos de vida saud\u00e1veis e sustent\u00e1veis: Cor e textura est\u00e3o inerentemente ligados \u00e0 \"natureza\", \"org\u00e2nica\", \"vida lenta\", perfeitamente sincronizadas com a tend\u00eancia global para priorizar bem-estar f\u00edsico e mental, bem como sustentabilidade ambiental.<\/li>\n<li>Criar um ritual imersivo de desboxe e uso: O design geral, de visual a t\u00e1ctil, pode elevar comportamentos simples de aplica\u00e7\u00e3o em um ritual focado de autocuidado ou trabalho profissional, aumentando a experi\u00eancia e lealdade dos usu\u00e1rios.<\/li>\n<\/ul>\n<p><strong><b>Escen\u00e1rios onde<\/b><\/strong>Di\u00e2metro de 35 mm, capacidade de 75 ml, \u201cMata Branca L\u00e1ctea\u201d tubo PE mole <strong><b>pode ser usada:<\/b><\/strong><\/p>\n<ul>\n<li>\"Enfermagem Imersiva\" nos Centros de Spa de Alto final: Em centros de spa conhecidos por suas terapias naturais, usando produtos de cuidado embalados desta forma, as cores e texturas melhoram perfeitamente o ambiente de cura sereno e profissional.<\/li>\n<li>\u201cBathroom Artwork\u201d para a s Casas dos Designers: Em banheiros de fam\u00edlia que abra\u00e7am est\u00e9tica escandinava ou wabi-sabi, pode servir como uma pe\u00e7a decorativa silenciosa colocada no lavabo, mostrando o senso est\u00e9tico refinado do dono.<\/li>\n<li>\u201cQualidade compartilhada\u201d em espa\u00e7os de colabora\u00e7\u00e3o: Nos banheiros de espa\u00e7os de colabora\u00e7\u00e3o de alto n\u00edvel como WeWork, este creme de m\u00e3o embalado serve como um testemunho silencioso da dedica\u00e7\u00e3o do espa\u00e7o a detalhes de qualidade e vida est\u00e9tica.<\/li>\n<li>\u201cCanais de confian\u00e7a\u201d em salas de reabilita\u00e7\u00e3o profissional: A apar\u00eancia calma e profissional do espa\u00e7o de trabalho de um fisioterapeuta ou aromaterapista pode rapidamente fomentar a confian\u00e7a dos clientes na seguran\u00e7a e efic\u00e1cia dos produtos utilizados.<\/li>\n<li>\"Companhia Tranquil a\" para voos de longa dist\u00e2ncia: Os tons tranquilos encontrados nos kit de comodidade para classe de neg\u00f3cios em voos internacionais podem ajudar os viajantes a desventar e relaxar durante sua jornada, tornando-os um companheiro de viagem pensado.<\/li>\n<\/ul>\n<p><strong><b>\u00a0<\/b><\/strong><\/p>","protected":false},"featured_media":3711,"comment_status":"closed","ping_status":"closed","template":"","meta":[],"product_brand":[],"product_cat":[29,46],"product_tag":[],"class_list":{"0":"post-3710","1":"product","2":"type-product","3":"status-publish","4":"has-post-thumbnail","6":"product_cat-skin-care-plastic-tube","7":"product_cat-35-pe-plastic-tube","9":"first","10":"instock","11":"shipping-taxable","12":"purchasable","13":"product-type-simple"},"_links":{"self":[{"href":"https:\/\/www.hongyitube.com\/pt\/wp-json\/wp\/v2\/product\/3710","targetHints":{"allow":["GET"]}}],"collection":[{"href":"https:\/\/www.hongyitube.com\/pt\/wp-json\/wp\/v2\/product"}],"about":[{"href":"https:\/\/www.hongyitube.com\/pt\/wp-json\/wp\/v2\/types\/product"}],"replies":[{"embeddable":true,"href":"https:\/\/www.hongyitube.com\/pt\/wp-json\/wp\/v2\/comments?post=3710"}],"wp:featuredmedia":[{"embeddable":true,"href":"https:\/\/www.hongyitube.com\/pt\/wp-json\/wp\/v2\/media\/3711"}],"wp:attachment":[{"href":"https:\/\/www.hongyitube.com\/pt\/wp-json\/wp\/v2\/media?parent=3710"}],"wp:term":[{"taxonomy":"product_brand","embeddable":true,"href":"https:\/\/www.hongyitube.com\/pt\/wp-json\/wp\/v2\/product_brand?post=3710"},{"taxonomy":"product_cat","embeddable":true,"href":"https:\/\/www.hongyitube.com\/pt\/wp-json\/wp\/v2\/product_cat?post=3710"},{"taxonomy":"product_tag","embeddable":true,"href":"https:\/\/www.hongyitube.com\/pt\/wp-json\/wp\/v2\/product_tag?post=3710"}],"curies":[{"name":"wp","href":"https:\/\/api.w.org\/{rel}","templated":true}]}}